{"id":16557407,"date":"2024-07-08T00:07:24","date_gmt":"2024-07-07T22:07:24","guid":{"rendered":"https:\/\/myallmeeting.com\/congres\/"},"modified":"2024-11-19T16:28:55","modified_gmt":"2024-11-19T15:28:55","slug":"congres","status":"publish","type":"page","link":"https:\/\/www.myallmeeting.com\/pl\/congres\/","title":{"rendered":"Moja konferencja"},"content":{"rendered":"<!-- START OF : Composant : block-periscope-theme-section-composant-30-texte-image-citation.php -->\n<div class=\"tic position-relative fs-wysiwyg pt-9 mb-5 mb-lg-22\" data-component=\"30-texte-image-citation\">\n\t<div class=\"container-fluid\" style=\"--bs-gutter-x: 0\">\n\t\t<div class=\"row\" style=\"--bs-gutter-x: 0\">\n\t\t\t<div class=\"col-lg-6 offset-lg-1\"> \n\t\t\t\t<div class=\"tic__top__img position-relative me-2 me-lg-0\">\n\t\t\t\t\t\t\t\t\t\t<img decoding=\"async\" src=\"https:\/\/www.myallmeeting.com\/wp-content\/uploads\/2024\/07\/5611-98-932x645.jpg\" alt=\"congr\u00e8s espace de conf\u00e9rence, grand auditorium\" width=\"932\" height=\"562\" loading=\"lazy\" class=\"w-100\" \/>\n\t\t\t\t\t\t\t\t\t\t<div class=\"position-absolute text-white z-1 text-center t-0 l-0 w-100 p-4 pt-lg-8 pe-lg-20\">\n\t\t\t\t\t\t\t\t\t\t\t\t<div class=\"fw-medium fs-14 fs-xl-18 ls-20 lh-xs text-uppercase\">My\u015bl o swojej konferencji <\/div>\n\t\t\t\t\t\t\t\t\t\t\t\t\t\t\t\t\t\t<div class=\"unna fs-italic fs-32 fs-lg-46 fs-xl-60 ls-20 lh-1\">na wielk\u0105 skal\u0119<\/div>\n\t\t\t\t\t\t\t\t\t\t\t<\/div>\n\t\t\t\t<\/div>\n\t\t\t<\/div>\n\t\t\t<div class=\"col-lg-4\">\n\t\t\t\t<div class=\"tic__content position-relative bg-white pt-2 pb-0 px-2 py-lg-7 py-xl-9 px-lg-5 px-xl-10 pt-lg-9\">\n\t\t\t\t\t\t\t\t\t\t<div class=\"tic__surtitre position-lg-absolute t-0 l-0 mb-2 mx-lg-3 mt-lg-2 text-primary fw-semibold text-uppercase fs-10 fs-lg-12 fs-xl-18 lh-xs\">Odpowiednie przestrzenie i us\u0142ugi<\/div>\n\t\t\t\t\t\t\t\t\t\t\t\t\t\t\t<div class=\"tic__content__titre unna fs-32 fs-xl-60 text-primary lh-xs mb-2 mb-lg-3 mb-xl-5\">Organizujesz konferencj\u0119?<\/div>\n\t\t\t\t\t\t\t\t\t\t\t\t\t\t\t<div class=\"fs-lg-13 fs-xl-18 mb-4 mb-xl-7 lh-sm\"><p><span>Odpowiadasz za znalezienie miejsca na swoj\u0105 konferencj\u0119? Nie szukaj dalej. Grupa Accor dysponuje zespo\u0142em ekspert\u00f3w i sieci\u0105 hoteli w wielu krajach pozostaj\u0105cych do Twojej dyspozycji.<\/span><\/p>\n<p><span>Nasi eksperci ds. spotka\u0144 i wydarze\u0144 <strong>pomog\u0105 Ci znale\u017a\u0107 idealne rozwi\u0105zanie<\/strong> niezale\u017cnie od liczby uczestnik\u00f3w, rodzaju wymaganych pomieszcze\u0144, czasu trwania, lokalizacji, pokoi itp.<\/span><\/p>\n<\/div>\n\t\t\t\t\t\t\t\t\t\t\t\t\t\t<\/div>\n\t\t\t<\/div>\n\t\t<\/div>\n\t<\/div>\n\t<div class=\"tic__blank bg-white pt-8 pt-lg-0\">\t\t\n\t\t<div class=\"container-fluid\" style=\"--bs-gutter-x: 0\">\n\t\t\t<div class=\"row\" style=\"--bs-gutter-x: 0\">\n\t\t\t\t<div class=\"col-lg-6\">\n\t\t\t\t\t<div class=\"tic__bottom position-relative bg-primary text-secondary pt-4 pb-5\">\n\t\t\t\t\t\t<div class=\"d-flex gap-1 gap-md-4\">\n\t\t\t\t\t\t\t<div class=\"tic__bottom__imgs d-flex flex-shrink-0 align-items-center\">\n\t\t\t\t\t\t\t\t\t\t\t\t\t\t\t\t<img decoding=\"async\" src=\"https:\/\/www.myallmeeting.com\/wp-content\/uploads\/2024\/07\/Congres-temoignage-2.png\" class=\"tic__bottom__img tic__bottom__img--1 of-cover rounded-3 opacity-50\" alt=\"congr\u00e8s grand auditorium\" width=\"192\" height=\"346\" loading=\"lazy\" \/>\n\t\t\t\t\t\t\t\t\t\t\t\t\t\t\t\t\t\t\t\t\t\t\t\t<img decoding=\"async\" src=\"https:\/\/www.myallmeeting.com\/wp-content\/uploads\/2024\/07\/Congres-temoignage-1.png\" class=\"tic__bottom__img tic__bottom__img--2 of-cover rounded-3 z-1\" alt=\"\" width=\"192\" height=\"346\" loading=\"lazy\" \/>\n\t\t\t\t\t\t\t\t\t\t\t\t\t\t\t<\/div>\n\t\t\t\t\t\t\t<div class=\"tic__bottom__quote text-secondary lh-xs\">\n\t\t\t\t\t\t\t\t\t\t\t\t\t\t\t\t\t\t\t\t\t\t\t\t\t\t\t\t\t\t\t<\/div>\n\t\t\t\t\t\t<\/div>\n\t\t\t\t\t\t\t\t\t\t\t<\/div>\n\t\t\t\t<\/div>\n\t\t\t<\/div>\n\t\t<\/div>\n\t<\/div>\n<\/div>\n<!-- END OF : Composant : block-periscope-theme-section-composant-30-texte-image-citation.php -->\n\n\n<!-- START OF : Composant : block-periscope-theme-section-composant-31-bloc-image-cta.php -->\n\t<div class=\"icta position-relative fs-wysiwyg icta--reverse\" data-component=\"31-bloc-image-cta\" data-reverse=\"oui\">\n\t\t<div class=\"container-fluid\">\n\t\t\t<div class=\"row\">\n\t\t\t\t<div class=\"col-lg-5 offset-lg-1 d-lg-flex\"> \n\t\t\t\t\t<div class=\"icta__content position-relative bg-white pt-2 pb-2 px-2 pb-lg-0 pt-lg-7 pt-xl-9 px-lg-7 px-xl-10 mt-lg-9 z-1\">\n\t\t\t\t\t\t\t\t\t\t\t\t\t\t\t\t\t\t<div class=\"unna fs-32 fs-lg-39 fs-xl-60 text-primary lh-xs mb-2 mb-xl-5\">Jakie us\u0142ugi b\u0119d\u0119 mie\u0107 do dyspozycji?<\/div>\n\t\t\t\t\t\t\t\t\t\t\t\t\t\t\t\t\t\t\t<div class=\"fs-lg-15 fs-xl-18 lh-sm \"><p><strong><span>Gwarantujemy dost\u0119pno\u015b\u0107 us\u0142ug<\/span><\/strong><span> bez wzgl\u0119du na wybrane rozwi\u0105zanie, liczb\u0119 uczestnik\u00f3w i czas trwania wydarzenia. Nale\u017c\u0105 do nich:<\/span><\/p>\n<ul>\n<li><strong><span>Sala konferencyjna<\/span><\/strong><span>, obejmuj\u0105ca sal\u0119 plenarn\u0105, przestrze\u0144 ekspozycyjn\u0105 i strefy relaksu.<\/span><\/li>\n<li><strong><span>Catering<\/span><\/strong><span> obejmuj\u0105cy dwie przerwy kawowe, lunch, zapas wody mineralnej i kawy.<\/span><\/li>\n<li><strong><span>Sprz\u0119t audiowizualny<\/span><\/strong><span>, w tym projektor, ekran i pomoc techniczn\u0105.<\/span><\/li>\n<li><strong><span>R\u00f3\u017cne us\u0142ugi<\/span><\/strong><span>, takie jak <strong>szybkie Wi\u2011Fi<\/strong>, oznakowanie i <strong>dedykowany zesp\u00f3\u0142 powitalny<\/strong>.<\/span><\/li>\n<\/ul>\n<p>&nbsp;<\/p>\n<p><span>Hotele Accor oferuj\u0105 w jednym miejscu wszystko, czego potrzebujesz, aby skutecznie zorganizowa\u0107 wydarzenie. Nasza oferta obejmuje:<\/span><\/p>\n<ul>\n<li><strong><span>Wyb\u00f3r lokalizacji i hotelu.<\/span><\/strong><\/li>\n<li><span>Zakwaterowanie <strong>wysokiej jako\u015bci<\/strong> spe\u0142niaj\u0105ce standardy grupy.<\/span><\/li>\n<li><strong><span>Wyb\u00f3r pomieszcze\u0144 na wydarzenia<\/span><\/strong><span>, od du\u017cych audytori\u00f3w po ma\u0142e sale dla podkomisji.<\/span><\/li>\n<\/ul>\n<\/div>\n\t\t\t\t\t\t\t\t\t\t\t\t\t\t\t\t\t<\/div>\n\t\t\t\t<\/div>\n\t\t\t\t\t\t\t\t<div class=\"col-lg-5 order-first order-lg-last\">\n\t\t\t\t\t<div class=\"icta__top__img h-100 position-relative me-2 me-lg-0\">\n\t\t\t\t\t\t<img decoding=\"async\" src=\"https:\/\/www.myallmeeting.com\/wp-content\/uploads\/2024\/07\/7201-86-932x645.jpg\" alt=\"congr\u00e8s salle de congr\u00e8s\" width=\"932\" height=\"562\" loading=\"lazy\" \/>\n\t\t\t\t\t\t<div class=\"position-absolute text-white z-1 text-center t-0 l-0 w-100 pt-4 pt-lg-8\">\n\t\t\t\t\t\t\t\t\t\t\t\t\t\t\t\t\t\t<\/div>\n\t\t\t\t\t<\/div>\n\t\t\t\t<\/div>\n\t\t\t\t\t\t\t<\/div>\n\t\t<\/div>\n\t<\/div>\n<!-- END OF : Composant : block-periscope-theme-section-composant-31-bloc-image-cta.php -->\n\n\n<!-- START OF : Composant : block-periscope-theme-section-composant-31-bloc-image-cta.php -->\n\t<div class=\"icta position-relative fs-wysiwyg\" data-component=\"31-bloc-image-cta\" data-reverse=\"non\">\n\t\t<div class=\"container-fluid\">\n\t\t\t<div class=\"row\">\n\t\t\t\t\t\t\t\t<div class=\"col-lg-6 offset-lg-1\"> \n\t\t\t\t\t<div class=\"icta__top__img h-100 position-relative me-2 me-lg-0\">\n\t\t\t\t\t\t<img decoding=\"async\" src=\"https:\/\/www.myallmeeting.com\/wp-content\/uploads\/2024\/07\/1921-30-932x645.jpg\" alt=\"\" width=\"932\" height=\"562\" loading=\"lazy\" \/>\n\t\t\t\t\t\t<div class=\"position-absolute text-white z-1 text-center t-0 l-0 w-100 pt-4 pt-lg-8\">\n\t\t\t\t\t\t\t\t\t\t\t\t\t\t\t\t\t\t<\/div>\n\t\t\t\t\t<\/div>\n\t\t\t\t<\/div>\n\t\t\t\t\t\t\t\t<div class=\"col-lg-4 d-lg-flex\">\n\t\t\t\t\t<div class=\"icta__content position-relative bg-white pt-2 pb-2 px-2 pb-lg-0 pt-lg-7 pt-xl-9 px-lg-7 px-xl-10 mt-lg-9\">\n\t\t\t\t\t\t\t\t\t\t\t\t\t\t\t\t\t\t<div class=\"unna fs-32 fs-lg-39 fs-xl-60 text-primary lh-xs mb-2 mb-xl-5\">Gdzie mog\u0119 zorganizowa\u0107 konferencj\u0119?<\/div>\n\t\t\t\t\t\t\t\t\t\t\t\t\t\t\t\t\t\t<div class=\"fs-lg-15 fs-xl-18 lh-sm \"><p><span>Oferujemy sie\u0107 <strong>310 hoteli konferencyjnych<\/strong>:<\/span><\/p>\n<ul>\n<li><strong><span>Nasza oferta obejmuje Francj\u0119 i inne pa\u0144stwa<\/span><\/strong><span> (Barcelona, Berlin, Londyn&#8230;)<\/span><\/li>\n<li><strong><span>\u0141atwo dost\u0119pne obiekty, blisko atrakcji<\/span><\/strong><span> (Pary\u017c-Porte-de-Versailles, Pary\u017c-Villepinte&#8230;)<\/span><\/li>\n<li><strong><span>Mo\u017cliwo\u015b\u0107 pomieszczenia ponad 250 os\u00f3b<\/span><\/strong><\/li>\n<li><strong><span>Zapewniamy niezb\u0119dne us\u0142ugi i technologie gwarantuj\u0105ce<\/span><\/strong><span> jako\u015b\u0107 i sukces Twojego wydarzenia.<\/span><\/li>\n<\/ul>\n<p>&nbsp;<\/p>\n<p><em>(obrazy: <a href=\"https:\/\/myallmeeting.com\/pl\/hotel\/b4s4-swissotel-kursaal-berne\/\" target=\"_blank\" rel=\"noopener\">Swiss\u00f4tel Kursaal Bern &#8211; Suisse<\/a>, <a href=\"https:\/\/myallmeeting.com\/pl\/hotel\/0511-novotel-budapest-city\/\" target=\"_blank\" rel=\"noopener\">Novotel Budapest City &#8211; Hongrie<\/a>, <a href=\"https:\/\/myallmeeting.com\/pl\/hotel\/0737-novotel-london-west\/\" target=\"_blank\" rel=\"noopener\">Novotel London West &#8211; Londres &#8211; Royaume Uni<\/a>, <a href=\"https:\/\/myallmeeting.com\/pl\/hotel\/1742-atria-novotel-belfort-centre\/\" target=\"_blank\" rel=\"noopener\">Novotel Belfort Centre Atria &#8211; France<\/a>)<\/em><\/p>\n<\/div>\n\t\t\t\t\t\t\t\t\t\t\t\t\t\t\t\t\t<\/div>\n\t\t\t\t<\/div>\n\t\t\t<\/div>\n\t\t<\/div>\n\t<\/div>\n<!-- END OF : Composant : block-periscope-theme-section-composant-31-bloc-image-cta.php -->\n\n\n<!-- START OF : Composant : block-periscope-theme-section-composant-31-bloc-image-cta.php -->\n\t<div class=\"icta position-relative fs-wysiwyg icta--reverse\" data-component=\"31-bloc-image-cta\" data-reverse=\"oui\">\n\t\t<div class=\"container-fluid\">\n\t\t\t<div class=\"row\">\n\t\t\t\t<div class=\"col-lg-5 offset-lg-1 d-lg-flex\"> \n\t\t\t\t\t<div class=\"icta__content position-relative bg-white pt-2 pb-2 px-2 pb-lg-0 pt-lg-7 pt-xl-9 px-lg-7 px-xl-10 mt-lg-9 z-1\">\n\t\t\t\t\t\t\t\t\t\t\t\t\t\t\t\t\t\t<div class=\"unna fs-32 fs-lg-39 fs-xl-60 text-primary lh-xs mb-2 mb-xl-5\">Jakie wsparcie otrzymam przy organizacji wydarzenia?<\/div>\n\t\t\t\t\t\t\t\t\t\t\t\t\t\t\t\t\t\t\t<div class=\"fs-lg-15 fs-xl-18 lh-sm \"><p><strong><span>Accor oferuje wsparcie od A do Z w realizacji projektu.<\/span><\/strong><span> Nasze zespo\u0142y nie tylko znajd\u0105 dla Ciebie idealn\u0105 lokalizacj\u0119, ale tak\u017ce b\u0119d\u0105 do Twojej dyspozycji w dniu projektu i pomog\u0105 w obs\u0142udze narz\u0119dzi.<\/span><\/p>\n<p><span>Mo\u017cemy r\u00f3wnie\u017c pom\u00f3c w zakresie <strong>sk\u0142adania wniosk\u00f3w<\/strong> do biur kongresowych i w\u0142adz lokalnych.<\/span><\/p>\n<p><span>Czy prowadzisz organizacj\u0119 non-profit? Nasz program <em>Success in Congress<\/em> zosta\u0142 zaprojektowany specjalnie <strong>z my\u015bl\u0105 o potrzebach wolontariuszy<\/strong>. Razem z lokalnymi biurami kongresowymi mo\u017cemy zapewni\u0107 us\u0142ugi <strong>najlepszych lokalnych partner\u00f3w<\/strong>.<\/span><\/p>\n<\/div>\n\t\t\t\t\t\t\t\t\t\t\t\t\t\t\t\t\t<\/div>\n\t\t\t\t<\/div>\n\t\t\t\t\t\t\t\t<div class=\"col-lg-5 order-first order-lg-last\">\n\t\t\t\t\t<div class=\"icta__top__img h-100 position-relative me-2 me-lg-0\">\n\t\t\t\t\t\t<img decoding=\"async\" src=\"https:\/\/www.myallmeeting.com\/wp-content\/uploads\/2024\/07\/3097-04-932x645.jpg\" alt=\"congr\u00e8s salle de congr\u00e8s auditorium\" width=\"932\" height=\"562\" loading=\"lazy\" \/>\n\t\t\t\t\t\t<div class=\"position-absolute text-white z-1 text-center t-0 l-0 w-100 pt-4 pt-lg-8\">\n\t\t\t\t\t\t\t\t\t\t\t\t\t\t\t\t\t\t<\/div>\n\t\t\t\t\t<\/div>\n\t\t\t\t<\/div>\n\t\t\t\t\t\t\t<\/div>\n\t\t<\/div>\n\t<\/div>\n<!-- END OF : Composant : block-periscope-theme-section-composant-31-bloc-image-cta.php -->\n\n\n<!-- START OF : Composant : block-periscope-theme-section-composant-05-moteur.php -->\n\n\n<input type=\"hidden\" id=\"search-engine.search_url\" value=\"https:\/\/www.myallmeeting.com\/pl\/votre-projet\/#search-engine\" \/>\n<input type=\"hidden\" id=\"search-engine.anchor\" value=\"search-engine\" \/>\n<input type=\"hidden\" id=\"search-engine.gmaps_token\" value=\"AIzaSyDB40FZ7x-OURCjwxt35ll3WogU24K_hyE\" \/>\n<input type=\"hidden\" id=\"search-engine.language_code\" value=\"pl,en\" \/>\n<input type=\"hidden\" id=\"search-engine.language_code_2\" value=\"pl\" \/>\n<input type=\"hidden\" id=\"search-engine.filter_ids\" value=\"B0L8,B0M9,B2Q7,B2L8,B385,B4A1,B2R0,B2J3,B4C3,B2Q4,B2C6,B2C7,B2U6,B3F9,B1R3,B4T0,B636,B7M3,B4T2,B5E7,B895,B1Z1,B825,B2R8,B2R9,B816,B3F7,B660,B6A5,B7Q1,B7H3,B5L3,B5K2,B773,B8H6,B940,B6T3,B9S9,B2Q8,B8Z2,B6E2,B6E3,C096,B9R3,B4S4,B919,B542,B364,B6A9,B147,B8Q6,C1N1,B9T8,C284,C1E1,C0V5,C033,C030,B9U8,2192,9703,B637,B3X8,B0N4,B0X1,B146,B480,B4U5,B4Y6,B537,B538,B539,B540,B541,7431,8565,5425,B9Q4,B870,B814,B9E9,B857,B9E8,C0W3,0450,0449,A598,7325,1103,1546,1227,7014,A011,1230,0652,1055,0341,1098,0802,1099,0873,7236,1810,1187,5712,0869,1190,1622,1951,7386,1623,7286,1621,1508,7385,A5D1,B4I2,B4I4,8894,8954,8996,8999,9057,9131,9227,9298,9299,9347,9389,9547,9617,9619,9627,9663,9834,A073,A8M4,7332,7341,7830,7935,8017,8018,8089,8159,8321,8325,8327,8329,8331,8334,8335,8336,8342,8343,8344,8350,8353,8468,8516,5413,5396,5555,5558,5560,5562,5563,6351,6443,6515,6734,7060,3405,3408,3417,5141,3458,5282,5309,3667,5347,5366,5374,5379,3383,3385,3390,3393,C0F8,C0I0,B8W6,1540,2967,6599,3303,3306,3307,A219,3374,3375,0527,3346,3376,3347,3377,3378,2783,2906,2922,2924,2996,3167,3172,3210,3269,0771,2189,1743,0959,3724,2004,2109,2126,7427,8189,A0D3,A5D5,A5I1,A8Q1,A4C2,B1F0,A5T2,0711,0663,8612,A038,9375,A086,1169,1282,1742,1357,7575,A1B9,8988,8582,8474,0728,3740,9887,1193,2944,2748,0397,3450,8717,8951,0408,7974,9907,0349,0654,9012,0399,0434,8957,1986,2738,9084,0368,0400,0445,B1E1,7019,1560,5681,0952,1978,9920,1430,1212,5546,A593,1213,0348,2095,1217,2945,8011,0453,7076,0644,1537,1952,1675,0350,0668,9922,9593,5921,A9E9,B4I1,A7Z0,6813,A1F1,B971,1113,0530,0371,0542,5275,B8S1,C0F7,0747,0387,3546,1075,1571,0432,0390,1735,0392,1168,7383,1834,4987,3013,0587,0386,0906,1549,0380,0443,0669,0428,1294,0935,6306,0785,1609,1300,1596,7229,0389,1177,0985,5418,5650,0427,0383,1302,0385,0394,2182,0736,0994,0911,0395,0431,0444,0965,1624,0384,1175,0413,1536,0436,0403,2217,8816,0577,6188,0581,1269,1273,1037,1245,0363,0549,1298,1788,1160,1985,3225,1982,1122,2773,8817,1131,2175,1249,1572,0370,1585,0369,2904,9800,3004,2057,3448,1263,1132,3043,1233,1544,1148,9319\" \/>\n<input type=\"hidden\" id=\"search-engine.display_mode\" value=\"pre-filtered\" \/>\n\n<input type=\"hidden\" id=\"search-engine.aid\" value=\"\" \/>\n<input type=\"hidden\" id=\"search-engine.address\" value=\"\" \/>\n<input type=\"hidden\" id=\"search-engine.distance\" value=\"\" \/>\n<input type=\"hidden\" id=\"search-engine.nb_persons\" value=\"\" \/>\n<input type=\"hidden\" id=\"search-engine.nb_meeting\" value=\"\" \/>\n<input type=\"hidden\" id=\"search-engine.nb_rooms\" value=\"\" \/>\n<input type=\"hidden\" id=\"search-engine.date\" value=\"\" \/>\n<input type=\"hidden\" id=\"search-engine.duration\" value=\"\" \/>\n\n<div id=\"search\" class=\"eventsearch\" data-component=\"05-moteur-recherche-event\">\n\t<div class=\"container\">\n\t\t<div class=\"row\">\n\t\t\t<div class=\"px-0 ms-auto me-auto\" style=\"max-width:1546px\">\n\t\t\t\t<div class=\"bg-primary mb-2 rounded-5 py-2 px-3 pt-lg-3 pb-lg-2 px-lg-4\">\n\t\t\t\t\t<div id=\"search-engine\" class =\"pre-filtered\"><\/div>\n\t\t\t\t<\/div>\n\t\t\t<\/div>\n\t\t<\/div>\n\t<\/div>\n<\/div>\n<!--<div>PHP processing Time: 0.071938037872314<\/div>!-->\n<!-- END OF : Composant : block-periscope-theme-section-composant-05-moteur.php -->\n\n\n<!-- START OF : Composant : block-periscope-theme-section-composant-14-carte-resultats.php -->\n<input type=\"hidden\" id=\"map.data-map-key\" value=\"AIzaSyDB40FZ7x-OURCjwxt35ll3WogU24K_hyE\">\n<input type=\"hidden\" id=\"map.data-map-language\" value=\"pl,en\">\n<div id=\"search-map-results\" data-load-mode=\"synchronous\"><\/div>\n<div class=\"modal fade\" id=\"hotel-popin\">\n\t<div class=\"modal-dialog\">\n\t\t<div class=\"modal-inner\">\n\t\t\t<div class=\"modal-header\">\n\t\t\t\t<button type=\"button\" class=\"close\" data-bs-dismiss=\"modal\">\n\t\t\t\t\t<svg width=\"16\" height=\"16\" aria-hidden=\"true\">\n\t\t\t\t\t\t<use xlink:href=\"https:\/\/www.myallmeeting.com\/wp-content\/themes\/accor\/assets\/images\/sprite.svg#btn-close-white\"><\/use>\n\t\t\t\t\t<\/svg>\n\t\t\t\t\t<span>Fermer<\/span>\n\t\t\t\t<\/button>\n\t\t\t<\/div>\n\t\t\t<div class=\"modal-body\"><\/div>\n\t\t<\/div>\n\t<\/div>\n<\/div>\n<!-- END OF : Composant : block-periscope-theme-section-composant-14-carte-resultats.php -->\n","protected":false},"excerpt":{"rendered":"","protected":false},"author":24,"featured_media":16557408,"parent":0,"menu_order":0,"comment_status":"closed","ping_status":"closed","template":"","meta":{"_acf_changed":true,"footnotes":""},"class_list":["post-16557407","page","type-page","status-publish","has-post-thumbnail","hentry"],"acf":[],"yoast_head":"<title>Moja konferencja - Accor MyAllMeeting.com<\/title>\n<meta name=\"description\" content=\"Planifiez votre prochain congr\u00e8s et d\u00e9couvrez nos espaces exceptionnels. Profitez de l&#039;expertise d&#039;Accor pour un \u00e9v\u00e9nement r\u00e9ussi, dot\u00e9 d&#039;installations modernes et accessibles.\" \/>\n<meta name=\"robots\" content=\"index, follow, max-snippet:-1, max-image-preview:large, max-video-preview:-1\" \/>\n<link rel=\"canonical\" href=\"https:\/\/www.myallmeeting.com\/pl\/wp-json\/wp\/v2\/pages\/16557407\" \/>\n<meta property=\"og:locale\" content=\"fr_FR\" \/>\n<meta property=\"og:type\" content=\"article\" \/>\n<meta property=\"og:title\" content=\"Moja konferencja - Accor MyAllMeeting.com\" \/>\n<meta property=\"og:description\" content=\"Planifiez votre prochain congr\u00e8s et d\u00e9couvrez nos espaces exceptionnels. Profitez de l&#039;expertise d&#039;Accor pour un \u00e9v\u00e9nement r\u00e9ussi, dot\u00e9 d&#039;installations modernes et accessibles.\" \/>\n<meta property=\"og:url\" content=\"https:\/\/www.myallmeeting.com\/pl\/congres\/\" \/>\n<meta property=\"og:site_name\" content=\"Accor MyAllMeeting.com\" \/>\n<meta property=\"article:modified_time\" content=\"2024-11-19T15:28:55+00:00\" \/>\n<meta property=\"og:image\" content=\"https:\/\/www.myallmeeting.com\/wp-content\/uploads\/2024\/07\/5607-72.jpg\" \/>\n\t<meta property=\"og:image:width\" content=\"2048\" \/>\n\t<meta property=\"og:image:height\" content=\"914\" \/>\n\t<meta property=\"og:image:type\" content=\"image\/jpeg\" \/>\n<meta name=\"twitter:card\" content=\"summary_large_image\" \/>\n<meta name=\"twitter:label1\" content=\"Dur\u00e9e de lecture estim\u00e9e\" \/>\n\t<meta name=\"twitter:data1\" content=\"2 minutes\" \/>\n<script type=\"application\/ld+json\" class=\"yoast-schema-graph\">{\"@context\":\"https:\/\/schema.org\",\"@graph\":[{\"@type\":\"WebPage\",\"@id\":\"https:\/\/www.myallmeeting.com\/pl\/congres\/\",\"url\":\"https:\/\/www.myallmeeting.com\/pl\/congres\/\",\"name\":\"Moja konferencja - Accor MyAllMeeting.com\",\"isPartOf\":{\"@id\":\"https:\/\/www.myallmeeting.com\/fr\/#website\"},\"primaryImageOfPage\":{\"@id\":\"https:\/\/www.myallmeeting.com\/pl\/congres\/#primaryimage\"},\"image\":{\"@id\":\"https:\/\/www.myallmeeting.com\/pl\/congres\/#primaryimage\"},\"thumbnailUrl\":\"https:\/\/www.myallmeeting.com\/wp-content\/uploads\/2024\/07\/5607-72.jpg\",\"datePublished\":\"2024-07-07T22:07:24+00:00\",\"dateModified\":\"2024-11-19T15:28:55+00:00\",\"description\":\"Planifiez votre prochain congr\u00e8s et d\u00e9couvrez nos espaces exceptionnels. Profitez de l'expertise d'Accor pour un \u00e9v\u00e9nement r\u00e9ussi, dot\u00e9 d'installations modernes et accessibles.\",\"breadcrumb\":{\"@id\":\"https:\/\/www.myallmeeting.com\/pl\/congres\/#breadcrumb\"},\"inLanguage\":\"fr-FR\",\"potentialAction\":[{\"@type\":\"ReadAction\",\"target\":[\"https:\/\/www.myallmeeting.com\/pl\/congres\/\"]}]},{\"@type\":\"ImageObject\",\"inLanguage\":\"fr-FR\",\"@id\":\"https:\/\/www.myallmeeting.com\/pl\/congres\/#primaryimage\",\"url\":\"https:\/\/www.myallmeeting.com\/wp-content\/uploads\/2024\/07\/5607-72.jpg\",\"contentUrl\":\"https:\/\/www.myallmeeting.com\/wp-content\/uploads\/2024\/07\/5607-72.jpg\",\"width\":2048,\"height\":914},{\"@type\":\"BreadcrumbList\",\"@id\":\"https:\/\/www.myallmeeting.com\/pl\/congres\/#breadcrumb\",\"itemListElement\":[{\"@type\":\"ListItem\",\"position\":1,\"name\":\"Accueil\",\"item\":\"https:\/\/myallmeeting.com\/fr\/\"},{\"@type\":\"ListItem\",\"position\":2,\"name\":\"Moja konferencja\"}]},{\"@type\":\"WebSite\",\"@id\":\"https:\/\/www.myallmeeting.com\/fr\/#website\",\"url\":\"https:\/\/www.myallmeeting.com\/fr\/\",\"name\":\"Accor MyAllMeeting.com\",\"description\":\"Les Meilleurs lieux pour vos Ev\u00e9nements Professionnels\",\"publisher\":{\"@id\":\"https:\/\/www.myallmeeting.com\/fr\/#organization\"},\"potentialAction\":[{\"@type\":\"SearchAction\",\"target\":{\"@type\":\"EntryPoint\",\"urlTemplate\":\"https:\/\/www.myallmeeting.com\/fr\/?s={search_term_string}\"},\"query-input\":{\"@type\":\"PropertyValueSpecification\",\"valueRequired\":true,\"valueName\":\"search_term_string\"}}],\"inLanguage\":\"fr-FR\"},{\"@type\":\"Organization\",\"@id\":\"https:\/\/www.myallmeeting.com\/fr\/#organization\",\"name\":\"ACCOR\",\"url\":\"https:\/\/www.myallmeeting.com\/fr\/\",\"logo\":{\"@type\":\"ImageObject\",\"inLanguage\":\"fr-FR\",\"@id\":\"https:\/\/www.myallmeeting.com\/fr\/#\/schema\/logo\/image\/\",\"url\":\"\",\"contentUrl\":\"\",\"caption\":\"ACCOR\"},\"image\":{\"@id\":\"https:\/\/www.myallmeeting.com\/fr\/#\/schema\/logo\/image\/\"}}]}<\/script>","yoast_head_json":{"title":"Moja konferencja - Accor MyAllMeeting.com","description":"Planifiez votre prochain congr\u00e8s et d\u00e9couvrez nos espaces exceptionnels. Profitez de l'expertise d'Accor pour un \u00e9v\u00e9nement r\u00e9ussi, dot\u00e9 d'installations modernes et accessibles.","robots":{"index":"index","follow":"follow","max-snippet":"max-snippet:-1","max-image-preview":"max-image-preview:large","max-video-preview":"max-video-preview:-1"},"canonical":"https:\/\/www.myallmeeting.com\/pl\/wp-json\/wp\/v2\/pages\/16557407","og_locale":"fr_FR","og_type":"article","og_title":"Moja konferencja - Accor MyAllMeeting.com","og_description":"Planifiez votre prochain congr\u00e8s et d\u00e9couvrez nos espaces exceptionnels. Profitez de l'expertise d'Accor pour un \u00e9v\u00e9nement r\u00e9ussi, dot\u00e9 d'installations modernes et accessibles.","og_url":"https:\/\/www.myallmeeting.com\/pl\/congres\/","og_site_name":"Accor MyAllMeeting.com","article_modified_time":"2024-11-19T15:28:55+00:00","og_image":[{"width":2048,"height":914,"url":"https:\/\/www.myallmeeting.com\/wp-content\/uploads\/2024\/07\/5607-72.jpg","type":"image\/jpeg"}],"twitter_card":"summary_large_image","twitter_misc":{"Dur\u00e9e de lecture estim\u00e9e":"2 minutes"},"schema":{"@context":"https:\/\/schema.org","@graph":[{"@type":"WebPage","@id":"https:\/\/www.myallmeeting.com\/pl\/congres\/","url":"https:\/\/www.myallmeeting.com\/pl\/congres\/","name":"Moja konferencja - Accor MyAllMeeting.com","isPartOf":{"@id":"https:\/\/www.myallmeeting.com\/fr\/#website"},"primaryImageOfPage":{"@id":"https:\/\/www.myallmeeting.com\/pl\/congres\/#primaryimage"},"image":{"@id":"https:\/\/www.myallmeeting.com\/pl\/congres\/#primaryimage"},"thumbnailUrl":"https:\/\/www.myallmeeting.com\/wp-content\/uploads\/2024\/07\/5607-72.jpg","datePublished":"2024-07-07T22:07:24+00:00","dateModified":"2024-11-19T15:28:55+00:00","description":"Planifiez votre prochain congr\u00e8s et d\u00e9couvrez nos espaces exceptionnels. Profitez de l'expertise d'Accor pour un \u00e9v\u00e9nement r\u00e9ussi, dot\u00e9 d'installations modernes et accessibles.","breadcrumb":{"@id":"https:\/\/www.myallmeeting.com\/pl\/congres\/#breadcrumb"},"inLanguage":"fr-FR","potentialAction":[{"@type":"ReadAction","target":["https:\/\/www.myallmeeting.com\/pl\/congres\/"]}]},{"@type":"ImageObject","inLanguage":"fr-FR","@id":"https:\/\/www.myallmeeting.com\/pl\/congres\/#primaryimage","url":"https:\/\/www.myallmeeting.com\/wp-content\/uploads\/2024\/07\/5607-72.jpg","contentUrl":"https:\/\/www.myallmeeting.com\/wp-content\/uploads\/2024\/07\/5607-72.jpg","width":2048,"height":914},{"@type":"BreadcrumbList","@id":"https:\/\/www.myallmeeting.com\/pl\/congres\/#breadcrumb","itemListElement":[{"@type":"ListItem","position":1,"name":"Accueil","item":"https:\/\/myallmeeting.com\/fr\/"},{"@type":"ListItem","position":2,"name":"Moja konferencja"}]},{"@type":"WebSite","@id":"https:\/\/www.myallmeeting.com\/fr\/#website","url":"https:\/\/www.myallmeeting.com\/fr\/","name":"Accor MyAllMeeting.com","description":"Les Meilleurs lieux pour vos Ev\u00e9nements Professionnels","publisher":{"@id":"https:\/\/www.myallmeeting.com\/fr\/#organization"},"potentialAction":[{"@type":"SearchAction","target":{"@type":"EntryPoint","urlTemplate":"https:\/\/www.myallmeeting.com\/fr\/?s={search_term_string}"},"query-input":{"@type":"PropertyValueSpecification","valueRequired":true,"valueName":"search_term_string"}}],"inLanguage":"fr-FR"},{"@type":"Organization","@id":"https:\/\/www.myallmeeting.com\/fr\/#organization","name":"ACCOR","url":"https:\/\/www.myallmeeting.com\/fr\/","logo":{"@type":"ImageObject","inLanguage":"fr-FR","@id":"https:\/\/www.myallmeeting.com\/fr\/#\/schema\/logo\/image\/","url":"","contentUrl":"","caption":"ACCOR"},"image":{"@id":"https:\/\/www.myallmeeting.com\/fr\/#\/schema\/logo\/image\/"}}]}},"_links":{"self":[{"href":"https:\/\/www.myallmeeting.com\/fr\/wp-json\/wp\/v2\/pages\/16557407","targetHints":{"allow":["GET"]}}],"collection":[{"href":"https:\/\/www.myallmeeting.com\/fr\/wp-json\/wp\/v2\/pages"}],"about":[{"href":"https:\/\/www.myallmeeting.com\/fr\/wp-json\/wp\/v2\/types\/page"}],"author":[{"embeddable":true,"href":"https:\/\/www.myallmeeting.com\/fr\/wp-json\/wp\/v2\/users\/24"}],"replies":[{"embeddable":true,"href":"https:\/\/www.myallmeeting.com\/fr\/wp-json\/wp\/v2\/comments?post=16557407"}],"version-history":[{"count":0,"href":"https:\/\/www.myallmeeting.com\/fr\/wp-json\/wp\/v2\/pages\/16557407\/revisions"}],"wp:featuredmedia":[{"embeddable":true,"href":"https:\/\/www.myallmeeting.com\/fr\/wp-json\/wp\/v2\/media\/16557408"}],"wp:attachment":[{"href":"https:\/\/www.myallmeeting.com\/fr\/wp-json\/wp\/v2\/media?parent=16557407"}],"curies":[{"name":"wp","href":"https:\/\/api.w.org\/{rel}","templated":true}]}}