{"id":16557404,"date":"2016-02-27T16:53:26","date_gmt":"2016-02-27T15:53:26","guid":{"rendered":"https:\/\/myallmeeting.com\/lancement-produit\/"},"modified":"2024-11-19T16:17:54","modified_gmt":"2024-11-19T15:17:54","slug":"lancement-produit","status":"publish","type":"page","link":"https:\/\/www.myallmeeting.com\/pl\/lancement-produit\/","title":{"rendered":"Premiera produktu \/ Pokaz mody \/ Realizacja materia\u0142u premierowego"},"content":{"rendered":"<!-- START OF : Composant : block-periscope-theme-section-composant-30-texte-image-citation.php -->\n<div class=\"tic position-relative fs-wysiwyg pt-9 mb-5 mb-lg-22\" data-component=\"30-texte-image-citation\">\n\t<div class=\"container-fluid\" style=\"--bs-gutter-x: 0\">\n\t\t<div class=\"row\" style=\"--bs-gutter-x: 0\">\n\t\t\t<div class=\"col-lg-6 offset-lg-1\"> \n\t\t\t\t<div class=\"tic__top__img position-relative me-2 me-lg-0\">\n\t\t\t\t\t\t\t\t\t\t<img decoding=\"async\" src=\"https:\/\/www.myallmeeting.com\/wp-content\/uploads\/2024\/07\/iStock-1332140803-932x645.jpg\" alt=\"Lancement de produit espace\" width=\"932\" height=\"562\" loading=\"lazy\" class=\"w-100\" \/>\n\t\t\t\t\t\t\t\t\t\t<div class=\"position-absolute text-white z-1 text-center t-0 l-0 w-100 p-4 pt-lg-8 pe-lg-20\">\n\t\t\t\t\t\t\t\t\t\t\t\t<div class=\"fw-medium fs-14 fs-xl-18 ls-20 lh-xs text-uppercase\">Sublimacja <\/div>\n\t\t\t\t\t\t\t\t\t\t\t\t\t\t\t\t\t\t<div class=\"unna fs-italic fs-32 fs-lg-46 fs-xl-60 ls-20 lh-1\">chwili<\/div>\n\t\t\t\t\t\t\t\t\t\t\t<\/div>\n\t\t\t\t<\/div>\n\t\t\t<\/div>\n\t\t\t<div class=\"col-lg-4\">\n\t\t\t\t<div class=\"tic__content position-relative bg-white pt-2 pb-0 px-2 py-lg-7 py-xl-9 px-lg-5 px-xl-10 pt-lg-9\">\n\t\t\t\t\t\t\t\t\t\t<div class=\"tic__surtitre position-lg-absolute t-0 l-0 mb-2 mx-lg-3 mt-lg-2 text-primary fw-semibold text-uppercase fs-10 fs-lg-12 fs-xl-18 lh-xs\">Zorganizuj idealne wydarzenie<\/div>\n\t\t\t\t\t\t\t\t\t\t\t\t\t\t\t<div class=\"tic__content__titre unna fs-32 fs-xl-60 text-primary lh-xs mb-2 mb-lg-3 mb-xl-5\">Chcesz wywrze\u0107 du\u017ce wra\u017cenie przy premierze nowego produktu?<\/div>\n\t\t\t\t\t\t\t\t\t\t\t\t\t\t\t<div class=\"fs-lg-13 fs-xl-18 mb-4 mb-xl-7 lh-sm\"><h3 style=\"text-align: left;\">Wyb\u00f3r miejsc dostosowanych do Twoich potrzeb<\/h3>\n<p><span>Accor oferuje wyb\u00f3r wyj\u0105tkowych i niezwyk\u0142ych miejsc na premier\u0119 produktu, w tym:<\/span><\/p>\n<ul>\n<li><span>prezentacj\u0119 nowego samochodu,<\/span><\/li>\n<li><span>premier\u0119 nowej linii ubra\u0144,<\/span><\/li>\n<li><span>wprowadzenie najnowszego telefonu.<\/span><\/li>\n<\/ul>\n<p><span>Naszym celem jest <strong>zaprezentowanie Twojego produktu<\/strong>! Nasze modu\u0142owe, wyposa\u017cone przestrzenie spe\u0142ni\u0105 wszystkie Twoje potrzeby: mamy powierzchnie magazynowe, windy towarowe, biura techniczne, re\u017cyserki itp.<\/span><\/p>\n<\/div>\n\t\t\t\t\t\t\t\t\t\t\t\t\t\t<\/div>\n\t\t\t<\/div>\n\t\t<\/div>\n\t<\/div>\n\t<div class=\"tic__blank bg-white pt-8 pt-lg-0\">\t\t\n\t\t<div class=\"container-fluid\" style=\"--bs-gutter-x: 0\">\n\t\t\t<div class=\"row\" style=\"--bs-gutter-x: 0\">\n\t\t\t\t<div class=\"col-lg-6\">\n\t\t\t\t\t<div class=\"tic__bottom position-relative bg-primary text-secondary pt-4 pb-5\">\n\t\t\t\t\t\t<div class=\"d-flex gap-1 gap-md-4\">\n\t\t\t\t\t\t\t<div class=\"tic__bottom__imgs d-flex flex-shrink-0 align-items-center\">\n\t\t\t\t\t\t\t\t\t\t\t\t\t\t\t\t<img decoding=\"async\" src=\"https:\/\/www.myallmeeting.com\/wp-content\/uploads\/2024\/07\/Lancement-de-produit-1.png\" class=\"tic__bottom__img tic__bottom__img--1 of-cover rounded-3 opacity-50\" alt=\"\" width=\"192\" height=\"346\" loading=\"lazy\" \/>\n\t\t\t\t\t\t\t\t\t\t\t\t\t\t\t\t\t\t\t\t\t\t\t\t<img decoding=\"async\" src=\"https:\/\/www.myallmeeting.com\/wp-content\/uploads\/2024\/07\/Lancement-de-produit-2.png\" class=\"tic__bottom__img tic__bottom__img--2 of-cover rounded-3 z-1\" alt=\"\" width=\"192\" height=\"346\" loading=\"lazy\" \/>\n\t\t\t\t\t\t\t\t\t\t\t\t\t\t\t<\/div>\n\t\t\t\t\t\t\t<div class=\"tic__bottom__quote text-secondary lh-xs\">\n\t\t\t\t\t\t\t\t\t\t\t\t\t\t\t\t\t\t\t\t\t\t\t\t\t\t\t\t\t\t\t<\/div>\n\t\t\t\t\t\t<\/div>\n\t\t\t\t\t\t\t\t\t\t\t<\/div>\n\t\t\t\t<\/div>\n\t\t\t<\/div>\n\t\t<\/div>\n\t<\/div>\n<\/div>\n<!-- END OF : Composant : block-periscope-theme-section-composant-30-texte-image-citation.php -->\n\n\n<!-- START OF : Composant : block-periscope-theme-section-composant-31-bloc-image-cta.php -->\n\t<div class=\"icta position-relative fs-wysiwyg icta--reverse\" data-component=\"31-bloc-image-cta\" data-reverse=\"oui\">\n\t\t<div class=\"container-fluid\">\n\t\t\t<div class=\"row\">\n\t\t\t\t<div class=\"col-lg-5 offset-lg-1 d-lg-flex\"> \n\t\t\t\t\t<div class=\"icta__content position-relative bg-white pt-2 pb-2 px-2 pb-lg-0 pt-lg-7 pt-xl-9 px-lg-7 px-xl-10 mt-lg-9 z-1\">\n\t\t\t\t\t\t\t\t\t\t\t\t\t\t\t\t\t\t<div class=\"unna fs-32 fs-lg-39 fs-xl-60 text-primary lh-xs mb-2 mb-xl-5\">Szukasz porad i wsparcia w zakresie organizacji swojego wydarzenia?<\/div>\n\t\t\t\t\t\t\t\t\t\t\t\t\t\t\t\t\t\t\t<div class=\"fs-lg-15 fs-xl-18 lh-sm \"><h3 style=\"text-align: left;\">Najwi\u0119ksze do\u015bwiadczenie naszych zespo\u0142\u00f3w<\/h3>\n<p><span>Nasze zespo\u0142y maj\u0105 wiedz\u0119 i do\u015bwiadczenie wymagane do wsparcia w zaplanowaniu wydarzenia i promocji produktu.<br \/>\nMo\u017cemy r\u00f3wnie\u017c poleci\u0107 dostawc\u00f3w i us\u0142ugodawc\u00f3w, kt\u00f3rzy:<\/span><\/p>\n<ul>\n<li><span>maj\u0105 doskona\u0142\u0105 wiedz\u0119 na temat naszych przestrzeni,<\/span><\/li>\n<li><span>s\u0105 specjalistami w swoich dziedzinach.<\/span><\/li>\n<\/ul>\n<\/div>\n\t\t\t\t\t\t\t\t\t\t\t\t\t\t\t\t\t<\/div>\n\t\t\t\t<\/div>\n\t\t\t\t\t\t\t\t<div class=\"col-lg-5 order-first order-lg-last\">\n\t\t\t\t\t<div class=\"icta__top__img h-100 position-relative me-2 me-lg-0\">\n\t\t\t\t\t\t<img decoding=\"async\" src=\"https:\/\/www.myallmeeting.com\/wp-content\/uploads\/2024\/07\/6568-72-932x645.jpg\" alt=\"organisation lancement de produit\" width=\"932\" height=\"562\" loading=\"lazy\" \/>\n\t\t\t\t\t\t<div class=\"position-absolute text-white z-1 text-center t-0 l-0 w-100 pt-4 pt-lg-8\">\n\t\t\t\t\t\t\t\t\t\t\t\t\t\t\t\t\t\t<\/div>\n\t\t\t\t\t<\/div>\n\t\t\t\t<\/div>\n\t\t\t\t\t\t\t<\/div>\n\t\t<\/div>\n\t<\/div>\n<!-- END OF : Composant : block-periscope-theme-section-composant-31-bloc-image-cta.php -->\n\n\n<!-- START OF : Composant : block-periscope-theme-section-composant-31-bloc-image-cta.php -->\n\t<div class=\"icta position-relative fs-wysiwyg\" data-component=\"31-bloc-image-cta\" data-reverse=\"non\">\n\t\t<div class=\"container-fluid\">\n\t\t\t<div class=\"row\">\n\t\t\t\t\t\t\t\t<div class=\"col-lg-6 offset-lg-1\"> \n\t\t\t\t\t<div class=\"icta__top__img h-100 position-relative me-2 me-lg-0\">\n\t\t\t\t\t\t<img decoding=\"async\" src=\"https:\/\/www.myallmeeting.com\/wp-content\/uploads\/2024\/07\/6174-48-932x645.jpg\" alt=\"\" width=\"932\" height=\"562\" loading=\"lazy\" \/>\n\t\t\t\t\t\t<div class=\"position-absolute text-white z-1 text-center t-0 l-0 w-100 pt-4 pt-lg-8\">\n\t\t\t\t\t\t\t\t\t\t\t\t\t\t\t\t\t\t<\/div>\n\t\t\t\t\t<\/div>\n\t\t\t\t<\/div>\n\t\t\t\t\t\t\t\t<div class=\"col-lg-4 d-lg-flex\">\n\t\t\t\t\t<div class=\"icta__content position-relative bg-white pt-2 pb-2 px-2 pb-lg-0 pt-lg-7 pt-xl-9 px-lg-7 px-xl-10 mt-lg-9\">\n\t\t\t\t\t\t\t\t\t\t\t\t\t\t\t\t\t\t<div class=\"unna fs-32 fs-lg-39 fs-xl-60 text-primary lh-xs mb-2 mb-xl-5\">Szukasz doskona\u0142ej technologii?<\/div>\n\t\t\t\t\t\t\t\t\t\t\t\t\t\t\t\t\t\t<div class=\"fs-lg-15 fs-xl-18 lh-sm \"><h3 style=\"text-align: left;\">Technologia dopasowana do Twojego produktu<\/h3>\n<p><span>Nasze obiekty s\u0105 wyposa\u017cone w <strong>najnowsz\u0105 technologi\u0119<\/strong>, dzi\u0119ki czemu Twoje wydarzenie b\u0119dzie naprawd\u0119 niezapomniany i pozostawi trwa\u0142e wra\u017cenie na wszystkich uczestnikach.<br \/>\nNasze zespo\u0142y techniczne udziel\u0105 wszelkich <strong>porad i sugestii<\/strong>, kt\u00f3rych potrzebujesz, aby zorganizowa\u0107 idealn\u0105 premier\u0119.<\/span><\/p>\n<\/div>\n\t\t\t\t\t\t\t\t\t\t\t\t\t\t\t\t\t<\/div>\n\t\t\t\t<\/div>\n\t\t\t<\/div>\n\t\t<\/div>\n\t<\/div>\n<!-- END OF : Composant : block-periscope-theme-section-composant-31-bloc-image-cta.php -->\n\n\n<!-- START OF : Composant : block-periscope-theme-section-composant-31-bloc-image-cta.php -->\n\t<div class=\"icta position-relative fs-wysiwyg icta--reverse\" data-component=\"31-bloc-image-cta\" data-reverse=\"oui\">\n\t\t<div class=\"container-fluid\">\n\t\t\t<div class=\"row\">\n\t\t\t\t<div class=\"col-lg-5 offset-lg-1 d-lg-flex\"> \n\t\t\t\t\t<div class=\"icta__content position-relative bg-white pt-2 pb-2 px-2 pb-lg-0 pt-lg-7 pt-xl-9 px-lg-7 px-xl-10 mt-lg-9 z-1\">\n\t\t\t\t\t\t\t\t\t\t\t\t\t\t\t\t\t\t<div class=\"unna fs-32 fs-lg-39 fs-xl-60 text-primary lh-xs mb-2 mb-xl-5\">Czy chcesz zaprezentowa\u0107 samoch\u00f3d?<\/div>\n\t\t\t\t\t\t\t\t\t\t\t\t\t\t\t\t\t\t\t<div class=\"fs-lg-15 fs-xl-18 lh-sm \"><h3 style=\"text-align: left;\">Rozwi\u0105zanie szyte na miar\u0119 dla wydarze\u0144 motoryzacyjnych<\/h3>\n<p><span>W Accor mamy ogromne do\u015bwiadczenie w organizacji event\u00f3w motoryzacyjnych nad morzem, w mie\u015bcie, w lesie i w g\u00f3rach. Oferujemy <strong>idealne warunki dostosowane do Twoich potrzeb<\/strong>, niezale\u017cnie od tego, czy chodzi o premier\u0119 nowego pojazdu, testy dla dziennikarzy czy te\u017c organizacj\u0119 konferencji handlowych.<\/span><\/p>\n<p><span>\u00a0<\/span><\/p>\n<p><span>Nasi eksperci techniczni i eventowi <strong>udziel\u0105 niezb\u0119dnego wsparcia i doradztwa<\/strong> stosownie do projektu. Chcesz zorganizowa\u0107 testy nowego samochodu? Wybierz hotel po\u0142o\u017cony blisko toru. Czy chcesz wprowadzi\u0107 nowy samoch\u00f3d miejski? Wybierz hotel w mie\u015bcie.<\/span><\/p>\n<p><span>Organizujemy r\u00f3\u017cnorodne wydarzenia motoryzacyjne, we Francji\u00a0i innych krajach.<\/span><\/p>\n<p><strong><span>Chcesz wykorzysta\u0107 nasze do\u015bwiadczenie?<\/span><\/strong><span> To naprawd\u0119 proste: <a href=\"https:\/\/myallmeeting.com\/pl\/lancement-et-evenement-automobile\/\">odwied\u017a nasz\u0105 specjaln\u0105 stron\u0119 <\/a>i odpowiedz na kilka pyta\u0144. Nasi eksperci niezw\u0142ocznie skontaktuj\u0105 si\u0119 z Tob\u0105.<\/span><\/p>\n<p>&nbsp;<\/p>\n<p><strong><span>Odkryj wyb\u00f3r miejsc, w kt\u00f3rych mo\u017cesz zorganizowa\u0107 premier\u0119 swojego produktu razem z My ALL Meeting!<\/span><\/strong><\/p>\n<\/div>\n\t\t\t\t\t\t\t\t\t\t\t\t\t\t\t\t\t<\/div>\n\t\t\t\t<\/div>\n\t\t\t\t\t\t\t\t<div class=\"col-lg-5 order-first order-lg-last\">\n\t\t\t\t\t<div class=\"icta__top__img h-100 position-relative me-2 me-lg-0\">\n\t\t\t\t\t\t<img decoding=\"async\" src=\"https:\/\/www.myallmeeting.com\/wp-content\/uploads\/2024\/07\/6452-96-932x645.jpg\" alt=\"\" width=\"932\" height=\"562\" loading=\"lazy\" \/>\n\t\t\t\t\t\t<div class=\"position-absolute text-white z-1 text-center t-0 l-0 w-100 pt-4 pt-lg-8\">\n\t\t\t\t\t\t\t\t\t\t\t\t\t\t\t\t\t\t<\/div>\n\t\t\t\t\t<\/div>\n\t\t\t\t<\/div>\n\t\t\t\t\t\t\t<\/div>\n\t\t<\/div>\n\t<\/div>\n<!-- END OF : Composant : block-periscope-theme-section-composant-31-bloc-image-cta.php -->\n\n\n<!-- START OF : Composant : block-periscope-theme-section-composant-05-moteur.php -->\n\n\n<input type=\"hidden\" id=\"search-engine.search_url\" value=\"https:\/\/www.myallmeeting.com\/pl\/votre-projet\/#search-engine\" \/>\n<input type=\"hidden\" id=\"search-engine.anchor\" value=\"search-engine\" \/>\n<input type=\"hidden\" id=\"search-engine.gmaps_token\" value=\"AIzaSyDB40FZ7x-OURCjwxt35ll3WogU24K_hyE\" \/>\n<input type=\"hidden\" id=\"search-engine.language_code\" value=\"pl,en\" \/>\n<input type=\"hidden\" id=\"search-engine.language_code_2\" value=\"pl\" \/>\n<input type=\"hidden\" id=\"search-engine.filter_ids\" value=\"B0L8,B0M9,B1R5,B2Q7,B261,B0R3,B2L8,B2C8,B385,B2R0,B2J3,B4C3,B4D0,B5V9,B3F9,B9K7,B4T0,B5V7,B636,B7D0,B711,B7M3,B2S9,B4T2,B5E7,B834,B895,B1Y6,B1Z1,B825,B7S9,B2M0,B5V4,B7T4,B8T4,B5J1,B7R6,B660,B579,B580,B991,B6A5,B7Q1,B5L3,B5K2,B879,B773,B8H6,B5E1,B5I8,B9F2,B9F3,B9F4,B940,B899,B8A5,B6T3,B772,B9S9,B8Z2,B7W1,B3G0,B8Z4,B6E2,B6E3,C058,B4U6,C007,B815,C096,B9R3,B2T3,B4S4,B145,B144,B9Q7,B9Q0,B9D3,B919,B875,B854,B831,B827,B5I7,B542,B364,B0X8,C091,B6A9,B147,B6X6,B2T4,B8Q6,C1N1,B949,B941,B9T8,C319,C284,C1F8,C1E1,C160,C0W4,C0V5,C030,B9U8,2192,9703,B666,B797,B6F6,B667,B637,B3X8,B0N4,B0R2,B0X1,B138,B143,B146,B367,B4U5,B4U7,B4Y6,B537,B538,B539,B540,B541,7431,8565,5425,B561,B5M6,B6V6,B692,B9Q4,B870,B599,B9E9,B857,B9E8,C139,C1Q4,C0W3,C177,B6S6,B6T9,B4Y9,B8G6,1975,6660,0450,0449,0456,0912,A598,7325,1103,1227,A011,0831,9244,1230,6644,0652,1055,5692,0341,5641,1078,1098,9735,1099,7951,5445,1810,1187,1888,5712,0869,1284,1190,1622,1951,1541,7386,7363,1623,3503,6365,7286,1508,1281,7385,A9P4,A9P7,B0C7,B0C9,B4G0,B1H9,A5D1,B4I2,B4I4,8876,8954,8996,9057,9062,9131,9227,9298,9299,9300,9301,9347,9389,9547,9548,9551,9553,9554,9595,9617,9619,9627,9663,A073,A8M4,7242,7332,7341,7552,7830,7935,7943,8018,8030,8062,8159,8308,8320,8321,8322,8323,8325,8327,8329,8331,8334,8335,8336,8342,8343,8344,8350,8351,8353,8468,8516,8521,8523,5413,5396,5555,5556,5558,5560,5563,6141,6410,6443,6515,6616,6734,7060,7125,3404,3405,3408,3417,3419,5008,3440,5258,5270,5282,5309,3667,5347,5366,5374,5379,3383,3384,3385,3390,3393,C0F8,B8W6,1540,2960,2967,5364,6599,7942,3280,3289,3303,3306,3307,A7L5,B943,A219,3372,3374,3375,0527,3346,3376,3377,3378,2203,2783,2814,2906,2922,2924,2940,2996,3096,3128,3136,3144,3167,3210,3227,3269,3270,1414,3437,0900,2189,1743,5478,0628,1987,2109,2117,2126,8196,1172,7240,0890,6546,8189,A9V5,B524,A0D3,A5D5,A8Q1,A4C2,A780,A9V4,7327,B1F0,A5T2,B2W9,9172,3576,0711,6232,0663,A064,8612,A038,9375,8613,A086,1169,1282,1293,1742,1357,7575,2789,8232,6796,8984,8362,1399,8582,8474,0728,3740,9887,1045,2944,0689,0640,0637,0797,0397,3450,6030,6550,1423,8717,7009,6916,8466,8951,0408,7054,9907,0349,8769,7011,7572,5167,1996,7864,9493,0399,0434,6923,1986,9344,A0A9,9084,0442,0400,7369,0445,B1E1,5440,7019,5681,1215,1292,1264,0934,0905,0952,0446,1978,9920,1212,5546,A1L2,A593,1213,0348,2095,1217,A0A2,0402,2952,2945,5060,0453,7496,7076,1537,0350,0668,9922,7476,5921,A9E9,A0G3,B4I1,A7Z0,A094,6813,A1F1,B971,2487,1113,1296,0530,0371,3133,0542,0553,B8N6,C1Z6,5275,0568,B8S1,C0F7,0747,0387,3546,7296,1075,1571,0382,0424,0398,0433,1979,0390,1735,0414,0392,1168,7383,0421,1834,3013,0587,0386,0906,1549,0380,0669,0565,1294,0935,6306,0439,0785,0419,1139,1609,1300,1596,7229,8505,0389,1177,0985,5418,7326,5650,0427,0418,0383,1302,0396,0385,0393,0394,2182,0994,0911,0395,0431,0444,8576,0965,1624,0384,1175,9013,0440,0405,1536,0436,0403,0918,0438,2190,2217,8816,0577,0903,6188,1269,1273,1037,1056,1245,0363,1298,1788,1160,0374,0375,2186,1627,1301,1985,0376,1176,1191,1122,6357,2773,1814,0977,1072,8817,A072,1131,1249,1572,5954,8244,1585,0369,2904,3004,2057,2951,1068,3448,1535,1625,1132,0345,3043,1148\" \/>\n<input type=\"hidden\" id=\"search-engine.display_mode\" value=\"pre-filtered\" \/>\n\n<input type=\"hidden\" id=\"search-engine.aid\" value=\"\" \/>\n<input type=\"hidden\" id=\"search-engine.address\" value=\"\" \/>\n<input type=\"hidden\" id=\"search-engine.distance\" value=\"\" \/>\n<input type=\"hidden\" id=\"search-engine.nb_persons\" value=\"\" \/>\n<input type=\"hidden\" id=\"search-engine.nb_meeting\" value=\"\" \/>\n<input type=\"hidden\" id=\"search-engine.nb_rooms\" value=\"\" \/>\n<input type=\"hidden\" id=\"search-engine.date\" value=\"\" \/>\n<input type=\"hidden\" id=\"search-engine.duration\" value=\"\" \/>\n\n<div id=\"search\" class=\"eventsearch\" data-component=\"05-moteur-recherche-event\">\n\t<div class=\"container\">\n\t\t<div class=\"row\">\n\t\t\t<div class=\"px-0 ms-auto me-auto\" style=\"max-width:1546px\">\n\t\t\t\t<div class=\"bg-primary mb-2 rounded-5 py-2 px-3 pt-lg-3 pb-lg-2 px-lg-4\">\n\t\t\t\t\t<div id=\"search-engine\" class =\"pre-filtered\"><\/div>\n\t\t\t\t<\/div>\n\t\t\t<\/div>\n\t\t<\/div>\n\t<\/div>\n<\/div>\n<!--<div>PHP processing Time: 0.074460983276367<\/div>!-->\n<!-- END OF : Composant : block-periscope-theme-section-composant-05-moteur.php -->\n\n\n<!-- START OF : Composant : block-periscope-theme-section-composant-14-carte-resultats.php -->\n<input type=\"hidden\" id=\"map.data-map-key\" value=\"AIzaSyDB40FZ7x-OURCjwxt35ll3WogU24K_hyE\">\n<input type=\"hidden\" id=\"map.data-map-language\" value=\"pl,en\">\n<div id=\"search-map-results\" data-load-mode=\"synchronous\"><\/div>\n<div class=\"modal fade\" id=\"hotel-popin\">\n\t<div class=\"modal-dialog\">\n\t\t<div class=\"modal-inner\">\n\t\t\t<div class=\"modal-header\">\n\t\t\t\t<button type=\"button\" class=\"close\" data-bs-dismiss=\"modal\">\n\t\t\t\t\t<svg width=\"16\" height=\"16\" aria-hidden=\"true\">\n\t\t\t\t\t\t<use xlink:href=\"https:\/\/www.myallmeeting.com\/wp-content\/themes\/accor\/assets\/images\/sprite.svg#btn-close-white\"><\/use>\n\t\t\t\t\t<\/svg>\n\t\t\t\t\t<span>Fermer<\/span>\n\t\t\t\t<\/button>\n\t\t\t<\/div>\n\t\t\t<div class=\"modal-body\"><\/div>\n\t\t<\/div>\n\t<\/div>\n<\/div>\n<!-- END OF : Composant : block-periscope-theme-section-composant-14-carte-resultats.php -->\n","protected":false},"excerpt":{"rendered":"","protected":false},"author":1,"featured_media":16557406,"parent":0,"menu_order":0,"comment_status":"closed","ping_status":"closed","template":"","meta":{"_acf_changed":true,"footnotes":""},"class_list":["post-16557404","page","type-page","status-publish","has-post-thumbnail","hentry"],"acf":[],"yoast_head":"<title>Organisez un lancement de produit original avec Accor<\/title>\n<meta name=\"description\" content=\"Laissez ACCOR transformer le lancement de votre produit en un \u00e9v\u00e9nement spectaculaire. D\u00e9couvrez nos sites uniques pour une pr\u00e9sentation qui marquera les esprits et valorisera votre innovation.\" \/>\n<meta name=\"robots\" content=\"index, follow, max-snippet:-1, max-image-preview:large, max-video-preview:-1\" \/>\n<link rel=\"canonical\" href=\"https:\/\/www.myallmeeting.com\/pl\/wp-json\/wp\/v2\/pages\/16557404\" \/>\n<meta property=\"og:locale\" content=\"fr_FR\" \/>\n<meta property=\"og:type\" content=\"article\" \/>\n<meta property=\"og:title\" content=\"Organisez un lancement de produit original avec Accor\" \/>\n<meta property=\"og:description\" content=\"Laissez ACCOR transformer le lancement de votre produit en un \u00e9v\u00e9nement spectaculaire. D\u00e9couvrez nos sites uniques pour une pr\u00e9sentation qui marquera les esprits et valorisera votre innovation.\" \/>\n<meta property=\"og:url\" content=\"https:\/\/www.myallmeeting.com\/pl\/lancement-produit\/\" \/>\n<meta property=\"og:site_name\" content=\"Accor MyAllMeeting.com\" \/>\n<meta property=\"article:modified_time\" content=\"2024-11-19T15:17:54+00:00\" \/>\n<meta property=\"og:image\" content=\"http:\/\/myallmeeting.com\/wp-content\/uploads\/2024\/07\/Lancement-de-produit.png\" \/>\n\t<meta property=\"og:image:width\" content=\"1920\" \/>\n\t<meta property=\"og:image:height\" content=\"570\" \/>\n\t<meta property=\"og:image:type\" content=\"image\/png\" \/>\n<meta name=\"twitter:card\" content=\"summary_large_image\" \/>\n<meta name=\"twitter:label1\" content=\"Dur\u00e9e de lecture estim\u00e9e\" \/>\n\t<meta name=\"twitter:data1\" content=\"2 minutes\" \/>\n<script type=\"application\/ld+json\" class=\"yoast-schema-graph\">{\"@context\":\"https:\/\/schema.org\",\"@graph\":[{\"@type\":\"WebPage\",\"@id\":\"https:\/\/www.myallmeeting.com\/pl\/lancement-produit\/\",\"url\":\"https:\/\/www.myallmeeting.com\/pl\/lancement-produit\/\",\"name\":\"Organisez un lancement de produit original avec Accor\",\"isPartOf\":{\"@id\":\"https:\/\/www.myallmeeting.com\/fr\/#website\"},\"primaryImageOfPage\":{\"@id\":\"https:\/\/www.myallmeeting.com\/pl\/lancement-produit\/#primaryimage\"},\"image\":{\"@id\":\"https:\/\/www.myallmeeting.com\/pl\/lancement-produit\/#primaryimage\"},\"thumbnailUrl\":\"https:\/\/www.myallmeeting.com\/wp-content\/uploads\/2024\/07\/Lancement-de-produit.png\",\"datePublished\":\"2016-02-27T15:53:26+00:00\",\"dateModified\":\"2024-11-19T15:17:54+00:00\",\"description\":\"Laissez ACCOR transformer le lancement de votre produit en un \u00e9v\u00e9nement spectaculaire. D\u00e9couvrez nos sites uniques pour une pr\u00e9sentation qui marquera les esprits et valorisera votre innovation.\",\"breadcrumb\":{\"@id\":\"https:\/\/www.myallmeeting.com\/pl\/lancement-produit\/#breadcrumb\"},\"inLanguage\":\"fr-FR\",\"potentialAction\":[{\"@type\":\"ReadAction\",\"target\":[\"https:\/\/www.myallmeeting.com\/pl\/lancement-produit\/\"]}]},{\"@type\":\"ImageObject\",\"inLanguage\":\"fr-FR\",\"@id\":\"https:\/\/www.myallmeeting.com\/pl\/lancement-produit\/#primaryimage\",\"url\":\"https:\/\/www.myallmeeting.com\/wp-content\/uploads\/2024\/07\/Lancement-de-produit.png\",\"contentUrl\":\"https:\/\/www.myallmeeting.com\/wp-content\/uploads\/2024\/07\/Lancement-de-produit.png\",\"width\":1920,\"height\":570},{\"@type\":\"BreadcrumbList\",\"@id\":\"https:\/\/www.myallmeeting.com\/pl\/lancement-produit\/#breadcrumb\",\"itemListElement\":[{\"@type\":\"ListItem\",\"position\":1,\"name\":\"Accueil\",\"item\":\"https:\/\/myallmeeting.com\/fr\/\"},{\"@type\":\"ListItem\",\"position\":2,\"name\":\"Premiera produktu \/ Pokaz mody \/ Realizacja materia\u0142u premierowego\"}]},{\"@type\":\"WebSite\",\"@id\":\"https:\/\/www.myallmeeting.com\/fr\/#website\",\"url\":\"https:\/\/www.myallmeeting.com\/fr\/\",\"name\":\"Accor MyAllMeeting.com\",\"description\":\"Les Meilleurs lieux pour vos Ev\u00e9nements Professionnels\",\"publisher\":{\"@id\":\"https:\/\/www.myallmeeting.com\/fr\/#organization\"},\"potentialAction\":[{\"@type\":\"SearchAction\",\"target\":{\"@type\":\"EntryPoint\",\"urlTemplate\":\"https:\/\/www.myallmeeting.com\/fr\/?s={search_term_string}\"},\"query-input\":{\"@type\":\"PropertyValueSpecification\",\"valueRequired\":true,\"valueName\":\"search_term_string\"}}],\"inLanguage\":\"fr-FR\"},{\"@type\":\"Organization\",\"@id\":\"https:\/\/www.myallmeeting.com\/fr\/#organization\",\"name\":\"ACCOR\",\"url\":\"https:\/\/www.myallmeeting.com\/fr\/\",\"logo\":{\"@type\":\"ImageObject\",\"inLanguage\":\"fr-FR\",\"@id\":\"https:\/\/www.myallmeeting.com\/fr\/#\/schema\/logo\/image\/\",\"url\":\"\",\"contentUrl\":\"\",\"caption\":\"ACCOR\"},\"image\":{\"@id\":\"https:\/\/www.myallmeeting.com\/fr\/#\/schema\/logo\/image\/\"}}]}<\/script>","yoast_head_json":{"title":"Organisez un lancement de produit original avec Accor","description":"Laissez ACCOR transformer le lancement de votre produit en un \u00e9v\u00e9nement spectaculaire. D\u00e9couvrez nos sites uniques pour une pr\u00e9sentation qui marquera les esprits et valorisera votre innovation.","robots":{"index":"index","follow":"follow","max-snippet":"max-snippet:-1","max-image-preview":"max-image-preview:large","max-video-preview":"max-video-preview:-1"},"canonical":"https:\/\/www.myallmeeting.com\/pl\/wp-json\/wp\/v2\/pages\/16557404","og_locale":"fr_FR","og_type":"article","og_title":"Organisez un lancement de produit original avec Accor","og_description":"Laissez ACCOR transformer le lancement de votre produit en un \u00e9v\u00e9nement spectaculaire. D\u00e9couvrez nos sites uniques pour une pr\u00e9sentation qui marquera les esprits et valorisera votre innovation.","og_url":"https:\/\/www.myallmeeting.com\/pl\/lancement-produit\/","og_site_name":"Accor MyAllMeeting.com","article_modified_time":"2024-11-19T15:17:54+00:00","og_image":[{"width":1920,"height":570,"url":"http:\/\/myallmeeting.com\/wp-content\/uploads\/2024\/07\/Lancement-de-produit.png","type":"image\/png"}],"twitter_card":"summary_large_image","twitter_misc":{"Dur\u00e9e de lecture estim\u00e9e":"2 minutes"},"schema":{"@context":"https:\/\/schema.org","@graph":[{"@type":"WebPage","@id":"https:\/\/www.myallmeeting.com\/pl\/lancement-produit\/","url":"https:\/\/www.myallmeeting.com\/pl\/lancement-produit\/","name":"Organisez un lancement de produit original avec Accor","isPartOf":{"@id":"https:\/\/www.myallmeeting.com\/fr\/#website"},"primaryImageOfPage":{"@id":"https:\/\/www.myallmeeting.com\/pl\/lancement-produit\/#primaryimage"},"image":{"@id":"https:\/\/www.myallmeeting.com\/pl\/lancement-produit\/#primaryimage"},"thumbnailUrl":"https:\/\/www.myallmeeting.com\/wp-content\/uploads\/2024\/07\/Lancement-de-produit.png","datePublished":"2016-02-27T15:53:26+00:00","dateModified":"2024-11-19T15:17:54+00:00","description":"Laissez ACCOR transformer le lancement de votre produit en un \u00e9v\u00e9nement spectaculaire. D\u00e9couvrez nos sites uniques pour une pr\u00e9sentation qui marquera les esprits et valorisera votre innovation.","breadcrumb":{"@id":"https:\/\/www.myallmeeting.com\/pl\/lancement-produit\/#breadcrumb"},"inLanguage":"fr-FR","potentialAction":[{"@type":"ReadAction","target":["https:\/\/www.myallmeeting.com\/pl\/lancement-produit\/"]}]},{"@type":"ImageObject","inLanguage":"fr-FR","@id":"https:\/\/www.myallmeeting.com\/pl\/lancement-produit\/#primaryimage","url":"https:\/\/www.myallmeeting.com\/wp-content\/uploads\/2024\/07\/Lancement-de-produit.png","contentUrl":"https:\/\/www.myallmeeting.com\/wp-content\/uploads\/2024\/07\/Lancement-de-produit.png","width":1920,"height":570},{"@type":"BreadcrumbList","@id":"https:\/\/www.myallmeeting.com\/pl\/lancement-produit\/#breadcrumb","itemListElement":[{"@type":"ListItem","position":1,"name":"Accueil","item":"https:\/\/myallmeeting.com\/fr\/"},{"@type":"ListItem","position":2,"name":"Premiera produktu \/ Pokaz mody \/ Realizacja materia\u0142u premierowego"}]},{"@type":"WebSite","@id":"https:\/\/www.myallmeeting.com\/fr\/#website","url":"https:\/\/www.myallmeeting.com\/fr\/","name":"Accor MyAllMeeting.com","description":"Les Meilleurs lieux pour vos Ev\u00e9nements Professionnels","publisher":{"@id":"https:\/\/www.myallmeeting.com\/fr\/#organization"},"potentialAction":[{"@type":"SearchAction","target":{"@type":"EntryPoint","urlTemplate":"https:\/\/www.myallmeeting.com\/fr\/?s={search_term_string}"},"query-input":{"@type":"PropertyValueSpecification","valueRequired":true,"valueName":"search_term_string"}}],"inLanguage":"fr-FR"},{"@type":"Organization","@id":"https:\/\/www.myallmeeting.com\/fr\/#organization","name":"ACCOR","url":"https:\/\/www.myallmeeting.com\/fr\/","logo":{"@type":"ImageObject","inLanguage":"fr-FR","@id":"https:\/\/www.myallmeeting.com\/fr\/#\/schema\/logo\/image\/","url":"","contentUrl":"","caption":"ACCOR"},"image":{"@id":"https:\/\/www.myallmeeting.com\/fr\/#\/schema\/logo\/image\/"}}]}},"_links":{"self":[{"href":"https:\/\/www.myallmeeting.com\/fr\/wp-json\/wp\/v2\/pages\/16557404","targetHints":{"allow":["GET"]}}],"collection":[{"href":"https:\/\/www.myallmeeting.com\/fr\/wp-json\/wp\/v2\/pages"}],"about":[{"href":"https:\/\/www.myallmeeting.com\/fr\/wp-json\/wp\/v2\/types\/page"}],"author":[{"embeddable":true,"href":"https:\/\/www.myallmeeting.com\/fr\/wp-json\/wp\/v2\/users\/1"}],"replies":[{"embeddable":true,"href":"https:\/\/www.myallmeeting.com\/fr\/wp-json\/wp\/v2\/comments?post=16557404"}],"version-history":[{"count":0,"href":"https:\/\/www.myallmeeting.com\/fr\/wp-json\/wp\/v2\/pages\/16557404\/revisions"}],"wp:featuredmedia":[{"embeddable":true,"href":"https:\/\/www.myallmeeting.com\/fr\/wp-json\/wp\/v2\/media\/16557406"}],"wp:attachment":[{"href":"https:\/\/www.myallmeeting.com\/fr\/wp-json\/wp\/v2\/media?parent=16557404"}],"curies":[{"name":"wp","href":"https:\/\/api.w.org\/{rel}","templated":true}]}}