{"id":16557280,"date":"2016-02-27T16:50:20","date_gmt":"2016-02-27T15:50:20","guid":{"rendered":"https:\/\/myallmeeting.com\/meeting-incentive\/"},"modified":"2024-11-19T15:36:34","modified_gmt":"2024-11-19T14:36:34","slug":"meeting-incentive","status":"publish","type":"page","link":"https:\/\/www.myallmeeting.com\/pl\/meeting-incentive\/","title":{"rendered":"Spotkania motywacyjne"},"content":{"rendered":"<!-- START OF : Composant : block-periscope-theme-section-composant-30-texte-image-citation.php -->\n<div class=\"tic position-relative fs-wysiwyg pt-9 mb-5 mb-lg-22\" data-component=\"30-texte-image-citation\">\n\t<div class=\"container-fluid\" style=\"--bs-gutter-x: 0\">\n\t\t<div class=\"row\" style=\"--bs-gutter-x: 0\">\n\t\t\t<div class=\"col-lg-6 offset-lg-1\"> \n\t\t\t\t<div class=\"tic__top__img position-relative me-2 me-lg-0\">\n\t\t\t\t\t\t\t\t\t\t<img decoding=\"async\" src=\"https:\/\/www.myallmeeting.com\/wp-content\/uploads\/2024\/07\/INCENTIVE-resized-932x645.jpg\" alt=\"\" width=\"932\" height=\"562\" loading=\"lazy\" class=\"w-100\" \/>\n\t\t\t\t\t\t\t\t\t\t<div class=\"position-absolute text-white z-1 text-center t-0 l-0 w-100 p-4 pt-lg-8 pe-lg-20\">\n\t\t\t\t\t\t\t\t\t\t\t\t<div class=\"fw-medium fs-14 fs-xl-18 ls-20 lh-xs text-uppercase\">Nagr\u00f3d\u017a zesp\u00f3\u0142<\/div>\n\t\t\t\t\t\t\t\t\t\t\t\t\t\t\t\t\t\t<div class=\"unna fs-italic fs-32 fs-lg-46 fs-xl-60 ls-20 lh-1\">Spotkania motywacyjne<\/div>\n\t\t\t\t\t\t\t\t\t\t\t<\/div>\n\t\t\t\t<\/div>\n\t\t\t<\/div>\n\t\t\t<div class=\"col-lg-4\">\n\t\t\t\t<div class=\"tic__content position-relative bg-white pt-2 pb-0 px-2 py-lg-7 py-xl-9 px-lg-5 px-xl-10 pt-lg-9\">\n\t\t\t\t\t\t\t\t\t\t<div class=\"tic__surtitre position-lg-absolute t-0 l-0 mb-2 mx-lg-3 mt-lg-2 text-primary fw-semibold text-uppercase fs-10 fs-lg-12 fs-xl-18 lh-xs\">Bogate mo\u017cliwo\u015bci<\/div>\n\t\t\t\t\t\t\t\t\t\t\t\t\t\t\t<div class=\"tic__content__titre unna fs-32 fs-xl-60 text-primary lh-xs mb-2 mb-lg-3 mb-xl-5\">Szukasz czego\u015b nowego?<\/div>\n\t\t\t\t\t\t\t\t\t\t\t\t\t\t\t<div class=\"fs-lg-13 fs-xl-18 mb-4 mb-xl-7 lh-sm\"><h3 style=\"text-align: left;\"><span>Szeroki wyb\u00f3r destynacji<\/span><\/h3>\n<p><span>Tereny zielone, morze czy g\u00f3ry&#8230; w Accor mamy r\u00f3\u017cne miejsca na spotkania motywacyjne! Wzmocnij ducha i sp\u00f3jno\u015b\u0107 zespo\u0142u poprzez r\u00f3\u017cnorodne, oryginalne aktywno\u015bci&#8230;<\/span><\/p>\n<p><strong><span>Mamy ponad 25 marek od luksusowych do ekonomicznych i ponad 3000 hoteli w Europie i Afryce P\u00f3\u0142nocnej<\/span><\/strong><span>. Accor zaspokoi wszystkie Twoje potrzeby.<br \/>\nSzukasz czego\u015b na \u0142onie natury? Nasze zielone hotele, takie jak <a href=\"https:\/\/myallmeeting.com\/pl\/hotel\/b1f0-hotel-mercure-orleans-portes-de-sologne\/\" target=\"_blank\" rel=\"noopener\">Mercure de Porte de Sologne<\/a>, zadowol\u0105 Ci\u0119!<br \/>\nSzukasz o\u015bnie\u017conych szczyt\u00f3w? Do\u0142\u0105cz do nas w r\u00f3\u017cnych pasmach g\u00f3rskich Europy! Mo\u017ce na przyk\u0142ad wybierzesz hotel <a href=\"https:\/\/myallmeeting.com\/pl\/hotel\/8983-hotel-royal-st-georges-interlaken-mgallery\/\" target=\"_blank\" rel=\"noopener\">Royal Saint-Georges Interlaken &#8211; MGallery<\/a> w Szwajcarii?<br \/>\nMasz ochot\u0119 wybra\u0107 si\u0119 na otwarte morze? Odkryj nasze nadmorskie adresy! Czy kusi Ci\u0119 <a href=\"https:\/\/myallmeeting.com\/pl\/hotel\/b1k1-rixos-sungate\/\" target=\"_blank\" rel=\"noopener\">Rixos Sungate<\/a> w Turcji?<\/span><\/p>\n<\/div>\n\t\t\t\t\t\t\t\t\t\t\t\t\t\t<\/div>\n\t\t\t<\/div>\n\t\t<\/div>\n\t<\/div>\n\t<div class=\"tic__blank bg-white pt-8 pt-lg-0\">\t\t\n\t\t<div class=\"container-fluid\" style=\"--bs-gutter-x: 0\">\n\t\t\t<div class=\"row\" style=\"--bs-gutter-x: 0\">\n\t\t\t\t<div class=\"col-lg-6\">\n\t\t\t\t\t<div class=\"tic__bottom position-relative bg-primary text-secondary pt-4 pb-5\">\n\t\t\t\t\t\t<div class=\"d-flex gap-1 gap-md-4\">\n\t\t\t\t\t\t\t<div class=\"tic__bottom__imgs d-flex flex-shrink-0 align-items-center\">\n\t\t\t\t\t\t\t\t\t\t\t\t\t\t\t\t<img decoding=\"async\" src=\"https:\/\/www.myallmeeting.com\/wp-content\/uploads\/2024\/07\/1-1.png\" class=\"tic__bottom__img tic__bottom__img--1 of-cover rounded-3 opacity-50\" alt=\"\" width=\"192\" height=\"346\" loading=\"lazy\" \/>\n\t\t\t\t\t\t\t\t\t\t\t\t\t\t\t\t\t\t\t\t\t\t\t\t<img decoding=\"async\" src=\"https:\/\/www.myallmeeting.com\/wp-content\/uploads\/2024\/07\/2-1.png\" class=\"tic__bottom__img tic__bottom__img--2 of-cover rounded-3 z-1\" alt=\"\" width=\"192\" height=\"346\" loading=\"lazy\" \/>\n\t\t\t\t\t\t\t\t\t\t\t\t\t\t\t<\/div>\n\t\t\t\t\t\t\t<div class=\"tic__bottom__quote text-secondary lh-xs\">\n\t\t\t\t\t\t\t\t\t\t\t\t\t\t\t\t\t\t\t\t\t\t\t\t\t\t\t\t\t\t\t<\/div>\n\t\t\t\t\t\t<\/div>\n\t\t\t\t\t\t\t\t\t\t\t<\/div>\n\t\t\t\t<\/div>\n\t\t\t<\/div>\n\t\t<\/div>\n\t<\/div>\n<\/div>\n<!-- END OF : Composant : block-periscope-theme-section-composant-30-texte-image-citation.php -->\n\n\n<!-- START OF : Composant : block-periscope-theme-section-composant-31-bloc-image-cta.php -->\n\t<div class=\"icta position-relative fs-wysiwyg icta--reverse\" data-component=\"31-bloc-image-cta\" data-reverse=\"oui\">\n\t\t<div class=\"container-fluid\">\n\t\t\t<div class=\"row\">\n\t\t\t\t<div class=\"col-lg-5 offset-lg-1 d-lg-flex\"> \n\t\t\t\t\t<div class=\"icta__content position-relative bg-white pt-2 pb-2 px-2 pb-lg-0 pt-lg-7 pt-xl-9 px-lg-7 px-xl-10 mt-lg-9 z-1\">\n\t\t\t\t\t\t\t\t\t\t\t\t\t\t\t\t\t\t<div class=\"unna fs-32 fs-lg-39 fs-xl-60 text-primary lh-xs mb-2 mb-xl-5\">Chcesz zaskoczy\u0107 swoje zespo\u0142y?<\/div>\n\t\t\t\t\t\t\t\t\t\t\t\t\t\t\t\t\t\t\t<div class=\"fs-lg-15 fs-xl-18 lh-sm \"><h3><span>Sport, kultura, dobre samopoczucie: nasze odpowiedzi na Twoje wyzwanie<\/span><\/h3>\n<p><span>Skorzystaj z naszych obiekt\u00f3w i sieci us\u0142ugodawc\u00f3w, dzi\u0119ki kt\u00f3rym zespo\u0142y prze\u017cyj\u0105 niezapomniane do\u015bwiadczenie&#8230;<br \/>\nSlalom gigant, zaj\u0119cia kulinarne, poszukiwanie skarb\u00f3w, wy\u015bcigi \u0142\u00f3dek z wios\u0142ami, kolacja w jurcie: powiedz nam, na co masz ochot\u0119, a my to zrobimy!<\/span><\/p>\n<\/div>\n\t\t\t\t\t\t\t\t\t\t\t\t\t\t\t\t\t<\/div>\n\t\t\t\t<\/div>\n\t\t\t\t\t\t\t\t<div class=\"col-lg-5 order-first order-lg-last\">\n\t\t\t\t\t<div class=\"icta__top__img h-100 position-relative me-2 me-lg-0\">\n\t\t\t\t\t\t<img decoding=\"async\" src=\"https:\/\/www.myallmeeting.com\/wp-content\/uploads\/2024\/07\/5032-18-932x645.jpg\" alt=\"\" width=\"932\" height=\"562\" loading=\"lazy\" \/>\n\t\t\t\t\t\t<div class=\"position-absolute text-white z-1 text-center t-0 l-0 w-100 pt-4 pt-lg-8\">\n\t\t\t\t\t\t\t\t\t\t\t\t\t\t\t\t\t\t<\/div>\n\t\t\t\t\t<\/div>\n\t\t\t\t<\/div>\n\t\t\t\t\t\t\t<\/div>\n\t\t<\/div>\n\t<\/div>\n<!-- END OF : Composant : block-periscope-theme-section-composant-31-bloc-image-cta.php -->\n\n\n<!-- START OF : Composant : block-periscope-theme-section-composant-31-bloc-image-cta.php -->\n\t<div class=\"icta position-relative fs-wysiwyg\" data-component=\"31-bloc-image-cta\" data-reverse=\"non\">\n\t\t<div class=\"container-fluid\">\n\t\t\t<div class=\"row\">\n\t\t\t\t\t\t\t\t<div class=\"col-lg-6 offset-lg-1\"> \n\t\t\t\t\t<div class=\"icta__top__img h-100 position-relative me-2 me-lg-0\">\n\t\t\t\t\t\t<img decoding=\"async\" src=\"https:\/\/www.myallmeeting.com\/wp-content\/uploads\/2024\/07\/sologne-1-932x645.jpg\" alt=\"\" width=\"932\" height=\"562\" loading=\"lazy\" \/>\n\t\t\t\t\t\t<div class=\"position-absolute text-white z-1 text-center t-0 l-0 w-100 pt-4 pt-lg-8\">\n\t\t\t\t\t\t\t\t\t\t\t\t\t\t\t\t\t\t<\/div>\n\t\t\t\t\t<\/div>\n\t\t\t\t<\/div>\n\t\t\t\t\t\t\t\t<div class=\"col-lg-4 d-lg-flex\">\n\t\t\t\t\t<div class=\"icta__content position-relative bg-white pt-2 pb-2 px-2 pb-lg-0 pt-lg-7 pt-xl-9 px-lg-7 px-xl-10 mt-lg-9\">\n\t\t\t\t\t\t\t\t\t\t\t\t\t\t\t\t\t\t<div class=\"unna fs-32 fs-lg-39 fs-xl-60 text-primary lh-xs mb-2 mb-xl-5\">Chcesz przekaza\u0107 wa\u017cne informacje?<\/div>\n\t\t\t\t\t\t\t\t\t\t\t\t\t\t\t\t\t\t<div class=\"fs-lg-15 fs-xl-18 lh-sm \"><h3 style=\"text-align: left;\"><span>\u0141\u0105czenie pracy i przyjemno\u015bci<\/span><\/h3>\n<p><span><strong>Nasze \u201chotele motywacyjne\u201d oferuj\u0105<\/strong> <strong>pakiety spotka\u0144 dostosowane do Twoich potrzeb:<\/strong><\/span><\/p>\n<p><span>\u2013 przestronne, w pe\u0142ni wyposa\u017cone sale konferencyjne,<\/span><\/p>\n<p><span>\u2013 zespo\u0142y, kt\u00f3re dostosowuj\u0105 si\u0119 do Twojego harmonogramu,<\/span><\/p>\n<p><span>\u2013 catering dostosowany do Twojego programu.<\/span><\/p>\n<p>&nbsp;<\/p>\n<p><strong>Odkryj nasz wyb\u00f3r obiekt\u00f3w na przysz\u0142e spotkania motywacyjne z MY ALL MEETING!<\/strong><\/p>\n<\/div>\n\t\t\t\t\t\t\t\t\t\t\t\t\t\t\t\t\t<\/div>\n\t\t\t\t<\/div>\n\t\t\t<\/div>\n\t\t<\/div>\n\t<\/div>\n<!-- END OF : Composant : block-periscope-theme-section-composant-31-bloc-image-cta.php -->\n\n\n<!-- START OF : Composant : block-periscope-theme-section-composant-05-moteur.php -->\n\n\n<input type=\"hidden\" id=\"search-engine.search_url\" value=\"https:\/\/www.myallmeeting.com\/pl\/votre-projet\/#search-engine\" \/>\n<input type=\"hidden\" id=\"search-engine.anchor\" value=\"search-engine\" \/>\n<input type=\"hidden\" id=\"search-engine.gmaps_token\" value=\"AIzaSyDB40FZ7x-OURCjwxt35ll3WogU24K_hyE\" \/>\n<input type=\"hidden\" id=\"search-engine.language_code\" value=\"pl,en\" \/>\n<input type=\"hidden\" id=\"search-engine.language_code_2\" value=\"pl\" \/>\n<input type=\"hidden\" id=\"search-engine.filter_ids\" value=\"B0L8,B0M9,B1R5,B2Q7,B261,B0R3,B2C8,B385,B2R0,B2J3,B3B1,B4C3,B4D0,B2C7,B2U6,B1K8,B5V9,B3F9,B9P8,B9K7,B1B8,B5R0,B5V7,B636,B7D0,B711,B7M3,B5X9,B4T2,B5E7,B895,B1Y6,B1Z1,B7S9,B5V4,B7T4,B3F7,B5J1,B7R6,B660,B579,B580,B6A5,B7Q1,B7H3,B5L3,B5E8,B5K2,B6I8,B773,B8H6,B5E1,B5I8,B9F3,B9F4,B940,B6T3,B772,B9S9,B2Q8,B8Z2,B7W1,B8Z4,B6E2,B6E3,B6A0,C058,B4U6,C013,C007,B815,C096,B9R3,B2T3,B4S4,B145,B144,B9Q7,B9Q0,B9G2,B9D3,B919,B8K9,B875,B854,B831,B827,B6Z1,B5I7,B542,B364,B0X8,C091,B6A9,B147,B2T4,B8Q6,C1N1,B949,B941,B9T8,C319,C2F2,C284,C1F8,C160,C0W4,C0V5,C033,C030,B9U8,2192,9703,B666,B6F6,B667,B2L7,B637,B7R5,B3X8,B0N4,B0R2,B0X1,B138,B4U5,B4Y6,B537,B538,B539,B540,B541,7431,8564,8565,5425,B355,B561,B6V6,B692,B897,B9Z7,B9Q4,B870,C056,C089,B9E9,B857,B9E8,C0W3,C177,B6T9,B4Y9,1975,6660,0450,0459,0449,0456,0912,A598,7325,1103,1546,1227,7014,A011,0831,1968,9244,1230,6644,0652,1055,5692,0341,5641,1078,1098,9735,1099,7951,1725,0873,5445,1810,6648,1187,1888,5712,0869,1284,1190,1622,1951,3452,1541,9622,9171,0978,1623,2876,6768,6595,6596,7286,1621,1281,B0C9,B4G0,B1H9,A5D1,B4I2,8894,8954,8996,8999,9057,9062,9076,9123,9131,9227,9267,9298,9347,9389,9441,9547,9548,9551,9553,9554,9617,9618,9619,9627,9663,9716,9752,9834,9835,A073,A7X1,A8G3,A8M4,7332,7341,7552,7830,7935,7943,8017,8018,8030,8052,8062,8089,8091,8092,8159,8301,8320,8321,8322,8323,8325,8327,8329,8331,8334,8335,8336,8342,8343,8344,8350,8351,8353,8468,8516,5413,5396,5555,5556,5558,5560,5562,5563,6141,6351,6443,6515,6616,6617,6631,6734,6818,6819,7060,3404,3405,3697,3408,3417,3419,3753,5008,3429,3440,5170,5236,5258,5282,5309,1453,3667,5347,5366,5374,5379,3383,3384,3385,3390,3391,3393,3403,C0F8,C0I0,B8W6,1540,2960,2967,6444,6599,7216,7942,3289,3303,3304,3306,3307,3320,A7L5,B943,A219,3372,3374,3375,0527,3346,3376,3347,3377,3378,2783,2814,2906,2940,2996,3128,3136,3144,3167,3172,3200,3208,3210,3220,3227,3230,3269,1414,3437,0771,2189,1743,0959,5478,1987,2109,2126,1171,8196,1172,0707,8189,A9V5,A0D3,A5D5,A7F3,A6Q0,A6Q5,A5I1,A4C1,A0Y1,7392,A8Q1,A4C2,A312,A9F1,A0D8,A9P2,B1F0,B2W9,9172,B2W8,3576,0711,0663,8612,A038,9375,9736,8613,A086,1169,1202,1282,1742,1357,7575,0538,6234,2789,8232,A1B8,A0B4,A4A5,A1B9,6796,8984,8436,1399,8582,8474,0728,3740,1588,9887,2944,1428,0640,2748,0397,3450,6030,6550,8717,6916,8820,8951,0408,7373,9907,8714,0349,8174,7572,0914,9493,9012,0399,0434,0416,1986,9344,2738,A0A9,0442,0368,9659,0400,0445,A8F2,B1E1,7019,1560,5230,5681,1215,1292,1264,0934,0905,0952,1559,0446,0828,9920,1212,A1L2,A593,1213,1211,0348,3535,2095,1217,A0A2,1431,0402,2952,1429,2945,8011,5060,0453,7496,7076,1952,0668,9922,5921,7039,5654,7143,A9E9,A0G3,B4I1,A7Z0,A094,6813,A1F1,B971,1113,1296,0530,0371,3133,0542,0553,B8N6,C1Z6,2183,5275,0568,B8S1,C0F7,C1V8,0747,3546,7296,1075,1571,0382,0424,0433,0432,1979,0390,0589,1735,0414,0392,1168,7383,0421,1628,1834,3013,0587,0386,0906,1549,0380,0443,5240,0669,0428,0565,1294,0935,0412,0439,0785,0419,1139,1609,1300,1596,7229,0389,1177,0985,5418,7326,5650,0423,0427,0418,0383,1302,0396,0385,0393,0394,2182,0736,0994,0911,0395,0444,0379,0965,1624,0384,1175,0413,9013,0440,1536,0436,0403,0918,0438,2190,1246,2217,8816,0577,0903,6188,0581,1269,1273,1037,1245,0363,0549,1298,1788,6752,0374,0375,2186,1627,1301,1985,0376,1176,1982,1122,2773,1814,0977,1072,8817,A072,1131,1249,1572,5954,0370,8244,1585,0369,2904,9800,3004,5934,2057,3448,7360,1625,1132,0345,3043,1148,9319\" \/>\n<input type=\"hidden\" id=\"search-engine.display_mode\" value=\"pre-filtered\" \/>\n\n<input type=\"hidden\" id=\"search-engine.aid\" value=\"\" \/>\n<input type=\"hidden\" id=\"search-engine.address\" value=\"\" \/>\n<input type=\"hidden\" id=\"search-engine.distance\" value=\"\" \/>\n<input type=\"hidden\" id=\"search-engine.nb_persons\" value=\"\" \/>\n<input type=\"hidden\" id=\"search-engine.nb_meeting\" value=\"\" \/>\n<input type=\"hidden\" id=\"search-engine.nb_rooms\" value=\"\" \/>\n<input type=\"hidden\" id=\"search-engine.date\" value=\"\" \/>\n<input type=\"hidden\" id=\"search-engine.duration\" value=\"\" \/>\n\n<div id=\"search\" class=\"eventsearch\" data-component=\"05-moteur-recherche-event\">\n\t<div class=\"container\">\n\t\t<div class=\"row\">\n\t\t\t<div class=\"px-0 ms-auto me-auto\" style=\"max-width:1546px\">\n\t\t\t\t<div class=\"bg-primary mb-2 rounded-5 py-2 px-3 pt-lg-3 pb-lg-2 px-lg-4\">\n\t\t\t\t\t<div id=\"search-engine\" class =\"pre-filtered\"><\/div>\n\t\t\t\t<\/div>\n\t\t\t<\/div>\n\t\t<\/div>\n\t<\/div>\n<\/div>\n<!--<div>PHP processing Time: 0.089043855667114<\/div>!-->\n<!-- END OF : Composant : block-periscope-theme-section-composant-05-moteur.php -->\n\n\n<!-- START OF : Composant : block-periscope-theme-section-composant-14-carte-resultats.php -->\n<input type=\"hidden\" id=\"map.data-map-key\" value=\"AIzaSyDB40FZ7x-OURCjwxt35ll3WogU24K_hyE\">\n<input type=\"hidden\" id=\"map.data-map-language\" value=\"pl,en\">\n<div id=\"search-map-results\" data-load-mode=\"synchronous\"><\/div>\n<div class=\"modal fade\" id=\"hotel-popin\">\n\t<div class=\"modal-dialog\">\n\t\t<div class=\"modal-inner\">\n\t\t\t<div class=\"modal-header\">\n\t\t\t\t<button type=\"button\" class=\"close\" data-bs-dismiss=\"modal\">\n\t\t\t\t\t<svg width=\"16\" height=\"16\" aria-hidden=\"true\">\n\t\t\t\t\t\t<use xlink:href=\"https:\/\/www.myallmeeting.com\/wp-content\/themes\/accor\/assets\/images\/sprite.svg#btn-close-white\"><\/use>\n\t\t\t\t\t<\/svg>\n\t\t\t\t\t<span>Fermer<\/span>\n\t\t\t\t<\/button>\n\t\t\t<\/div>\n\t\t\t<div class=\"modal-body\"><\/div>\n\t\t<\/div>\n\t<\/div>\n<\/div>\n<!-- END OF : Composant : block-periscope-theme-section-composant-14-carte-resultats.php -->\n\n","protected":false},"excerpt":{"rendered":"","protected":false},"author":1,"featured_media":16557282,"parent":0,"menu_order":0,"comment_status":"closed","ping_status":"closed","template":"","meta":{"_acf_changed":false,"footnotes":""},"class_list":["post-16557280","page","type-page","status-publish","has-post-thumbnail","hentry"],"acf":[],"yoast_head":"<title>Organisez votre incentive id\u00e9ale avec les h\u00f4tels Accor<\/title>\n<meta name=\"description\" content=\"Boostez la coh\u00e9sion de votre \u00e9quipe avec nos incentives personnalis\u00e9es. D\u00e9couvrez une large s\u00e9lection de destinations et d&#039;activit\u00e9s dans nos h\u00f4tels, de la mer \u00e0 la montagne, pour un \u00e9v\u00e9nement m\u00e9morable.\" \/>\n<meta name=\"robots\" content=\"index, follow, max-snippet:-1, max-image-preview:large, max-video-preview:-1\" \/>\n<link rel=\"canonical\" href=\"https:\/\/www.myallmeeting.com\/pl\/wp-json\/wp\/v2\/pages\/16557280\" \/>\n<meta property=\"og:locale\" content=\"fr_FR\" \/>\n<meta property=\"og:type\" content=\"article\" \/>\n<meta property=\"og:title\" content=\"Organisez votre incentive id\u00e9ale avec les h\u00f4tels Accor\" \/>\n<meta property=\"og:description\" content=\"Boostez la coh\u00e9sion de votre \u00e9quipe avec nos incentives personnalis\u00e9es. D\u00e9couvrez une large s\u00e9lection de destinations et d&#039;activit\u00e9s dans nos h\u00f4tels, de la mer \u00e0 la montagne, pour un \u00e9v\u00e9nement m\u00e9morable.\" \/>\n<meta property=\"og:url\" content=\"https:\/\/www.myallmeeting.com\/pl\/meeting-incentive\/\" \/>\n<meta property=\"og:site_name\" content=\"Accor MyAllMeeting.com\" \/>\n<meta property=\"article:modified_time\" content=\"2024-11-19T14:36:34+00:00\" \/>\n<meta property=\"og:image\" content=\"https:\/\/myallmeeting.com\/wp-content\/uploads\/2016\/02\/2384-55-e1457442720970.jpg\" \/>\n<meta name=\"twitter:card\" content=\"summary_large_image\" \/>\n<meta name=\"twitter:image\" content=\"https:\/\/myallmeeting.com\/wp-content\/uploads\/2016\/02\/2384-55-e1457442720970.jpg\" \/>\n<meta name=\"twitter:label1\" content=\"Dur\u00e9e de lecture estim\u00e9e\" \/>\n\t<meta name=\"twitter:data1\" content=\"1 minute\" \/>\n<script type=\"application\/ld+json\" class=\"yoast-schema-graph\">{\"@context\":\"https:\/\/schema.org\",\"@graph\":[{\"@type\":\"WebPage\",\"@id\":\"https:\/\/www.myallmeeting.com\/pl\/meeting-incentive\/\",\"url\":\"https:\/\/www.myallmeeting.com\/pl\/meeting-incentive\/\",\"name\":\"Organisez votre incentive id\u00e9ale avec les h\u00f4tels Accor\",\"isPartOf\":{\"@id\":\"https:\/\/www.myallmeeting.com\/fr\/#website\"},\"primaryImageOfPage\":{\"@id\":\"https:\/\/www.myallmeeting.com\/pl\/meeting-incentive\/#primaryimage\"},\"image\":{\"@id\":\"https:\/\/www.myallmeeting.com\/pl\/meeting-incentive\/#primaryimage\"},\"thumbnailUrl\":\"https:\/\/www.myallmeeting.com\/wp-content\/uploads\/2024\/07\/Incentive-Accor.png\",\"datePublished\":\"2016-02-27T15:50:20+00:00\",\"dateModified\":\"2024-11-19T14:36:34+00:00\",\"description\":\"Boostez la coh\u00e9sion de votre \u00e9quipe avec nos incentives personnalis\u00e9es. D\u00e9couvrez une large s\u00e9lection de destinations et d'activit\u00e9s dans nos h\u00f4tels, de la mer \u00e0 la montagne, pour un \u00e9v\u00e9nement m\u00e9morable.\",\"breadcrumb\":{\"@id\":\"https:\/\/www.myallmeeting.com\/pl\/meeting-incentive\/#breadcrumb\"},\"inLanguage\":\"fr-FR\",\"potentialAction\":[{\"@type\":\"ReadAction\",\"target\":[\"https:\/\/www.myallmeeting.com\/pl\/meeting-incentive\/\"]}]},{\"@type\":\"ImageObject\",\"inLanguage\":\"fr-FR\",\"@id\":\"https:\/\/www.myallmeeting.com\/pl\/meeting-incentive\/#primaryimage\",\"url\":\"https:\/\/www.myallmeeting.com\/wp-content\/uploads\/2024\/07\/Incentive-Accor.png\",\"contentUrl\":\"https:\/\/www.myallmeeting.com\/wp-content\/uploads\/2024\/07\/Incentive-Accor.png\",\"width\":1920,\"height\":570},{\"@type\":\"BreadcrumbList\",\"@id\":\"https:\/\/www.myallmeeting.com\/pl\/meeting-incentive\/#breadcrumb\",\"itemListElement\":[{\"@type\":\"ListItem\",\"position\":1,\"name\":\"Accueil\",\"item\":\"https:\/\/myallmeeting.com\/fr\/\"},{\"@type\":\"ListItem\",\"position\":2,\"name\":\"Spotkania motywacyjne\"}]},{\"@type\":\"WebSite\",\"@id\":\"https:\/\/www.myallmeeting.com\/fr\/#website\",\"url\":\"https:\/\/www.myallmeeting.com\/fr\/\",\"name\":\"Accor MyAllMeeting.com\",\"description\":\"Les Meilleurs lieux pour vos Ev\u00e9nements Professionnels\",\"publisher\":{\"@id\":\"https:\/\/www.myallmeeting.com\/fr\/#organization\"},\"potentialAction\":[{\"@type\":\"SearchAction\",\"target\":{\"@type\":\"EntryPoint\",\"urlTemplate\":\"https:\/\/www.myallmeeting.com\/fr\/?s={search_term_string}\"},\"query-input\":{\"@type\":\"PropertyValueSpecification\",\"valueRequired\":true,\"valueName\":\"search_term_string\"}}],\"inLanguage\":\"fr-FR\"},{\"@type\":\"Organization\",\"@id\":\"https:\/\/www.myallmeeting.com\/fr\/#organization\",\"name\":\"ACCOR\",\"url\":\"https:\/\/www.myallmeeting.com\/fr\/\",\"logo\":{\"@type\":\"ImageObject\",\"inLanguage\":\"fr-FR\",\"@id\":\"https:\/\/www.myallmeeting.com\/fr\/#\/schema\/logo\/image\/\",\"url\":\"\",\"contentUrl\":\"\",\"caption\":\"ACCOR\"},\"image\":{\"@id\":\"https:\/\/www.myallmeeting.com\/fr\/#\/schema\/logo\/image\/\"}}]}<\/script>","yoast_head_json":{"title":"Organisez votre incentive id\u00e9ale avec les h\u00f4tels Accor","description":"Boostez la coh\u00e9sion de votre \u00e9quipe avec nos incentives personnalis\u00e9es. D\u00e9couvrez une large s\u00e9lection de destinations et d'activit\u00e9s dans nos h\u00f4tels, de la mer \u00e0 la montagne, pour un \u00e9v\u00e9nement m\u00e9morable.","robots":{"index":"index","follow":"follow","max-snippet":"max-snippet:-1","max-image-preview":"max-image-preview:large","max-video-preview":"max-video-preview:-1"},"canonical":"https:\/\/www.myallmeeting.com\/pl\/wp-json\/wp\/v2\/pages\/16557280","og_locale":"fr_FR","og_type":"article","og_title":"Organisez votre incentive id\u00e9ale avec les h\u00f4tels Accor","og_description":"Boostez la coh\u00e9sion de votre \u00e9quipe avec nos incentives personnalis\u00e9es. D\u00e9couvrez une large s\u00e9lection de destinations et d'activit\u00e9s dans nos h\u00f4tels, de la mer \u00e0 la montagne, pour un \u00e9v\u00e9nement m\u00e9morable.","og_url":"https:\/\/www.myallmeeting.com\/pl\/meeting-incentive\/","og_site_name":"Accor MyAllMeeting.com","article_modified_time":"2024-11-19T14:36:34+00:00","og_image":[{"url":"https:\/\/myallmeeting.com\/wp-content\/uploads\/2016\/02\/2384-55-e1457442720970.jpg","type":"","width":"","height":""}],"twitter_card":"summary_large_image","twitter_image":"https:\/\/myallmeeting.com\/wp-content\/uploads\/2016\/02\/2384-55-e1457442720970.jpg","twitter_misc":{"Dur\u00e9e de lecture estim\u00e9e":"1 minute"},"schema":{"@context":"https:\/\/schema.org","@graph":[{"@type":"WebPage","@id":"https:\/\/www.myallmeeting.com\/pl\/meeting-incentive\/","url":"https:\/\/www.myallmeeting.com\/pl\/meeting-incentive\/","name":"Organisez votre incentive id\u00e9ale avec les h\u00f4tels Accor","isPartOf":{"@id":"https:\/\/www.myallmeeting.com\/fr\/#website"},"primaryImageOfPage":{"@id":"https:\/\/www.myallmeeting.com\/pl\/meeting-incentive\/#primaryimage"},"image":{"@id":"https:\/\/www.myallmeeting.com\/pl\/meeting-incentive\/#primaryimage"},"thumbnailUrl":"https:\/\/www.myallmeeting.com\/wp-content\/uploads\/2024\/07\/Incentive-Accor.png","datePublished":"2016-02-27T15:50:20+00:00","dateModified":"2024-11-19T14:36:34+00:00","description":"Boostez la coh\u00e9sion de votre \u00e9quipe avec nos incentives personnalis\u00e9es. D\u00e9couvrez une large s\u00e9lection de destinations et d'activit\u00e9s dans nos h\u00f4tels, de la mer \u00e0 la montagne, pour un \u00e9v\u00e9nement m\u00e9morable.","breadcrumb":{"@id":"https:\/\/www.myallmeeting.com\/pl\/meeting-incentive\/#breadcrumb"},"inLanguage":"fr-FR","potentialAction":[{"@type":"ReadAction","target":["https:\/\/www.myallmeeting.com\/pl\/meeting-incentive\/"]}]},{"@type":"ImageObject","inLanguage":"fr-FR","@id":"https:\/\/www.myallmeeting.com\/pl\/meeting-incentive\/#primaryimage","url":"https:\/\/www.myallmeeting.com\/wp-content\/uploads\/2024\/07\/Incentive-Accor.png","contentUrl":"https:\/\/www.myallmeeting.com\/wp-content\/uploads\/2024\/07\/Incentive-Accor.png","width":1920,"height":570},{"@type":"BreadcrumbList","@id":"https:\/\/www.myallmeeting.com\/pl\/meeting-incentive\/#breadcrumb","itemListElement":[{"@type":"ListItem","position":1,"name":"Accueil","item":"https:\/\/myallmeeting.com\/fr\/"},{"@type":"ListItem","position":2,"name":"Spotkania motywacyjne"}]},{"@type":"WebSite","@id":"https:\/\/www.myallmeeting.com\/fr\/#website","url":"https:\/\/www.myallmeeting.com\/fr\/","name":"Accor MyAllMeeting.com","description":"Les Meilleurs lieux pour vos Ev\u00e9nements Professionnels","publisher":{"@id":"https:\/\/www.myallmeeting.com\/fr\/#organization"},"potentialAction":[{"@type":"SearchAction","target":{"@type":"EntryPoint","urlTemplate":"https:\/\/www.myallmeeting.com\/fr\/?s={search_term_string}"},"query-input":{"@type":"PropertyValueSpecification","valueRequired":true,"valueName":"search_term_string"}}],"inLanguage":"fr-FR"},{"@type":"Organization","@id":"https:\/\/www.myallmeeting.com\/fr\/#organization","name":"ACCOR","url":"https:\/\/www.myallmeeting.com\/fr\/","logo":{"@type":"ImageObject","inLanguage":"fr-FR","@id":"https:\/\/www.myallmeeting.com\/fr\/#\/schema\/logo\/image\/","url":"","contentUrl":"","caption":"ACCOR"},"image":{"@id":"https:\/\/www.myallmeeting.com\/fr\/#\/schema\/logo\/image\/"}}]}},"_links":{"self":[{"href":"https:\/\/www.myallmeeting.com\/fr\/wp-json\/wp\/v2\/pages\/16557280","targetHints":{"allow":["GET"]}}],"collection":[{"href":"https:\/\/www.myallmeeting.com\/fr\/wp-json\/wp\/v2\/pages"}],"about":[{"href":"https:\/\/www.myallmeeting.com\/fr\/wp-json\/wp\/v2\/types\/page"}],"author":[{"embeddable":true,"href":"https:\/\/www.myallmeeting.com\/fr\/wp-json\/wp\/v2\/users\/1"}],"replies":[{"embeddable":true,"href":"https:\/\/www.myallmeeting.com\/fr\/wp-json\/wp\/v2\/comments?post=16557280"}],"version-history":[{"count":0,"href":"https:\/\/www.myallmeeting.com\/fr\/wp-json\/wp\/v2\/pages\/16557280\/revisions"}],"wp:featuredmedia":[{"embeddable":true,"href":"https:\/\/www.myallmeeting.com\/fr\/wp-json\/wp\/v2\/media\/16557282"}],"wp:attachment":[{"href":"https:\/\/www.myallmeeting.com\/fr\/wp-json\/wp\/v2\/media?parent=16557280"}],"curies":[{"name":"wp","href":"https:\/\/api.w.org\/{rel}","templated":true}]}}