{"id":16557275,"date":"2021-02-19T11:10:58","date_gmt":"2021-02-19T10:10:58","guid":{"rendered":"https:\/\/myallmeeting.com\/all-connect-pour-vos-reunions-hybrides\/"},"modified":"2024-11-19T13:57:30","modified_gmt":"2024-11-19T12:57:30","slug":"all-connect-pour-vos-reunions-hybrides","status":"publish","type":"page","link":"https:\/\/www.myallmeeting.com\/pl\/all-connect-pour-vos-reunions-hybrides\/","title":{"rendered":"ALL Connect dla twoich spotka\u0144 hybrydowych"},"content":{"rendered":"<!-- START OF : Composant : block-periscope-theme-section-composant-30-texte-image-citation.php -->\n<div class=\"tic position-relative fs-wysiwyg pt-9 mb-5 mb-lg-22\" data-component=\"30-texte-image-citation\">\n\t<div class=\"container-fluid\" style=\"--bs-gutter-x: 0\">\n\t\t<div class=\"row\" style=\"--bs-gutter-x: 0\">\n\t\t\t<div class=\"col-lg-6 offset-lg-1\"> \n\t\t\t\t<div class=\"tic__top__img position-relative me-2 me-lg-0\">\n\t\t\t\t\t\t\t\t\t\t<img decoding=\"async\" src=\"https:\/\/www.myallmeeting.com\/wp-content\/uploads\/2024\/06\/4842-09-932x645.jpg\" alt=\"salle de r\u00e9union connect\u00e9e\" width=\"932\" height=\"562\" loading=\"lazy\" class=\"w-100\" \/>\n\t\t\t\t\t\t\t\t\t\t<div class=\"position-absolute text-white z-1 text-center t-0 l-0 w-100 p-4 pt-lg-8 pe-lg-20\">\n\t\t\t\t\t\t\t\t\t\t\t\t<div class=\"fw-medium fs-14 fs-xl-18 ls-20 lh-xs text-uppercase\">Pozosta\u0144 <\/div>\n\t\t\t\t\t\t\t\t\t\t\t\t\t\t\t\t\t\t<div class=\"unna fs-italic fs-32 fs-lg-46 fs-xl-60 ls-20 lh-1\">w kontakcie<\/div>\n\t\t\t\t\t\t\t\t\t\t\t<\/div>\n\t\t\t\t<\/div>\n\t\t\t<\/div>\n\t\t\t<div class=\"col-lg-4\">\n\t\t\t\t<div class=\"tic__content position-relative bg-white pt-2 pb-0 px-2 py-lg-7 py-xl-9 px-lg-5 px-xl-10 pt-lg-9\">\n\t\t\t\t\t\t\t\t\t\t<div class=\"tic__surtitre position-lg-absolute t-0 l-0 mb-2 mx-lg-3 mt-lg-2 text-primary fw-semibold text-uppercase fs-10 fs-lg-12 fs-xl-18 lh-xs\">W\u0142a\u015bciwe narz\u0119dzia<\/div>\n\t\t\t\t\t\t\t\t\t\t\t\t\t\t\t<div class=\"tic__content__titre unna fs-32 fs-xl-60 text-primary lh-xs mb-2 mb-lg-3 mb-xl-5\">Organizuj spotkania hybrydowe<\/div>\n\t\t\t\t\t\t\t\t\t\t\t\t\t\t\t<div class=\"fs-lg-13 fs-xl-18 mb-4 mb-xl-7 lh-sm\"><h3><span>Organizujesz spotkanie, na kt\u00f3re nie wszyscy mog\u0105 przyj\u015b\u0107? Odkryj hybrydowe rozwi\u0105zanie konferencyjne Accor All Connect.<\/span><\/h3>\n<\/div>\n\t\t\t\t\t\t\t\t\t\t\t\t\t\t<\/div>\n\t\t\t<\/div>\n\t\t<\/div>\n\t<\/div>\n\t<div class=\"tic__blank bg-white pt-8 pt-lg-0\">\t\t\n\t\t<div class=\"container-fluid\" style=\"--bs-gutter-x: 0\">\n\t\t\t<div class=\"row\" style=\"--bs-gutter-x: 0\">\n\t\t\t\t<div class=\"col-lg-6\">\n\t\t\t\t\t<div class=\"tic__bottom position-relative bg-primary text-secondary pt-4 pb-5\">\n\t\t\t\t\t\t<div class=\"d-flex gap-1 gap-md-4\">\n\t\t\t\t\t\t\t<div class=\"tic__bottom__imgs d-flex flex-shrink-0 align-items-center\">\n\t\t\t\t\t\t\t\t\t\t\t\t\t\t\t\t<img decoding=\"async\" src=\"https:\/\/www.myallmeeting.com\/wp-content\/uploads\/2024\/07\/reunion-hybride-temoignage-2-1.png\" class=\"tic__bottom__img tic__bottom__img--1 of-cover rounded-3 opacity-50\" alt=\"\" width=\"192\" height=\"346\" loading=\"lazy\" \/>\n\t\t\t\t\t\t\t\t\t\t\t\t\t\t\t\t\t\t\t\t\t\t\t\t<img decoding=\"async\" src=\"https:\/\/www.myallmeeting.com\/wp-content\/uploads\/2024\/07\/reunion-hybride-temoignage-1-1.png\" class=\"tic__bottom__img tic__bottom__img--2 of-cover rounded-3 z-1\" alt=\"\" width=\"192\" height=\"346\" loading=\"lazy\" \/>\n\t\t\t\t\t\t\t\t\t\t\t\t\t\t\t<\/div>\n\t\t\t\t\t\t\t<div class=\"tic__bottom__quote text-secondary lh-xs\">\n\t\t\t\t\t\t\t\t\t\t\t\t\t\t\t\t\t\t\t\t\t\t\t\t\t\t\t\t\t\t\t<\/div>\n\t\t\t\t\t\t<\/div>\n\t\t\t\t\t\t\t\t\t\t\t<\/div>\n\t\t\t\t<\/div>\n\t\t\t<\/div>\n\t\t<\/div>\n\t<\/div>\n<\/div>\n<!-- END OF : Composant : block-periscope-theme-section-composant-30-texte-image-citation.php -->\n\n\n<!-- START OF : Composant : block-periscope-theme-section-composant-31-bloc-image-cta.php -->\n\t<div class=\"icta position-relative fs-wysiwyg icta--reverse\" data-component=\"31-bloc-image-cta\" data-reverse=\"oui\">\n\t\t<div class=\"container-fluid\">\n\t\t\t<div class=\"row\">\n\t\t\t\t<div class=\"col-lg-5 offset-lg-1 d-lg-flex\"> \n\t\t\t\t\t<div class=\"icta__content position-relative bg-white pt-2 pb-2 px-2 pb-lg-0 pt-lg-7 pt-xl-9 px-lg-7 px-xl-10 mt-lg-9 z-1\">\n\t\t\t\t\t\t\t\t\t\t\t\t\t\t\t\t\t\t<div class=\"unna fs-32 fs-lg-39 fs-xl-60 text-primary lh-xs mb-2 mb-xl-5\">Czym jest spotkanie hybrydowe?<\/div>\n\t\t\t\t\t\t\t\t\t\t\t\t\t\t\t\t\t\t\t<div class=\"fs-lg-15 fs-xl-18 lh-sm \"><p><span>Aby sprosta\u0107 oczekiwaniom wszystkich naszych klient\u00f3w, przygotowali\u015bmy w Accor <strong>rozwi\u0105zanie ulepszaj\u0105ce spotkania hybrydowe.<\/strong><br \/>\nNasz cel? Uznanie ze strony <strong>organizator\u00f3w spotka\u0144 jako NAJLEPSZE rozwi\u0105zanie tego typu<\/strong>.<\/span><\/p>\n<p><span>Spotkania hybrydowe odbywaj\u0105 si\u0119 w specjalnie wyposa\u017conych przestrzeniach, kt\u00f3re <strong>umo\u017cliwiaj\u0105 jako\u015bciowe interakcje, zapewniaj\u0105 pe\u0142ne bezpiecze\u0144stwo i buduj\u0105 relacj\u0119 mi\u0119dzy pracownikami i\/lub klientami<\/strong> znajduj\u0105cymi si\u0119 w jednym lub kilku r\u00f3\u017cnych obiektach lub w jednym lub kilku r\u00f3\u017cnych hotelach Accor.<\/span><\/p>\n<\/div>\n\t\t\t\t\t\t\t\t\t\t\t\t\t\t\t\t\t<\/div>\n\t\t\t\t<\/div>\n\t\t\t\t\t\t\t\t<div class=\"col-lg-5 order-first order-lg-last\">\n\t\t\t\t\t<div class=\"icta__top__img h-100 position-relative me-2 me-lg-0\">\n\t\t\t\t\t\t<img decoding=\"async\" src=\"https:\/\/www.myallmeeting.com\/wp-content\/uploads\/2024\/06\/4692-57-932x645.jpg\" alt=\"r\u00e9unions connect\u00e9es\" width=\"932\" height=\"562\" loading=\"lazy\" \/>\n\t\t\t\t\t\t<div class=\"position-absolute text-white z-1 text-center t-0 l-0 w-100 pt-4 pt-lg-8\">\n\t\t\t\t\t\t\t\t\t\t\t\t\t\t\t\t\t\t<\/div>\n\t\t\t\t\t<\/div>\n\t\t\t\t<\/div>\n\t\t\t\t\t\t\t<\/div>\n\t\t<\/div>\n\t<\/div>\n<!-- END OF : Composant : block-periscope-theme-section-composant-31-bloc-image-cta.php -->\n\n\n<!-- START OF : Composant : block-periscope-theme-section-composant-31-bloc-image-cta.php -->\n\t<div class=\"icta position-relative fs-wysiwyg\" data-component=\"31-bloc-image-cta\" data-reverse=\"non\">\n\t\t<div class=\"container-fluid\">\n\t\t\t<div class=\"row\">\n\t\t\t\t\t\t\t\t<div class=\"col-lg-6 offset-lg-1\"> \n\t\t\t\t\t<div class=\"icta__top__img h-100 position-relative me-2 me-lg-0\">\n\t\t\t\t\t\t<img decoding=\"async\" src=\"https:\/\/www.myallmeeting.com\/wp-content\/uploads\/2024\/07\/iStock-1532619578-932x645.jpg\" alt=\"\" width=\"932\" height=\"562\" loading=\"lazy\" \/>\n\t\t\t\t\t\t<div class=\"position-absolute text-white z-1 text-center t-0 l-0 w-100 pt-4 pt-lg-8\">\n\t\t\t\t\t\t\t\t\t\t\t\t\t\t\t\t\t\t<\/div>\n\t\t\t\t\t<\/div>\n\t\t\t\t<\/div>\n\t\t\t\t\t\t\t\t<div class=\"col-lg-4 d-lg-flex\">\n\t\t\t\t\t<div class=\"icta__content position-relative bg-white pt-2 pb-2 px-2 pb-lg-0 pt-lg-7 pt-xl-9 px-lg-7 px-xl-10 mt-lg-9\">\n\t\t\t\t\t\t\t\t\t\t\t\t\t\t\t\t\t\t<div class=\"unna fs-32 fs-lg-39 fs-xl-60 text-primary lh-xs mb-2 mb-xl-5\">Dlaczego warto wybra\u0107 Accor?<\/div>\n\t\t\t\t\t\t\t\t\t\t\t\t\t\t\t\t\t\t<div class=\"fs-lg-15 fs-xl-18 lh-sm \"><ul>\n<li><span>Prosty spos\u00f3b na znalezienie miejsc, w kt\u00f3rych mo\u017cna organizowa\u0107 spotkania hybrydowe, i wysy\u0142anie wniosk\u00f3w o rezerwacj\u0119.<\/span><\/li>\n<li>Szeroka gama osprz\u0119tu, kt\u00f3ra spe\u0142ni potrzeby ka\u017cdego, w tym oprogramowania i urz\u0105dze\u0144.<\/li>\n<li>Wiedza i do\u015bwiadczenie firmy Accor oraz zespo\u0142\u00f3w MyALLMeeting.com w zakresie organizacji i obs\u0142ugi wydarze\u0144 biznesowych zgodnie z zasadami sanitarnymi ALLSAFE.<\/li>\n<\/ul>\n<\/div>\n\t\t\t\t\t\t\t\t\t\t\t\t\t\t\t\t\t<\/div>\n\t\t\t\t<\/div>\n\t\t\t<\/div>\n\t\t<\/div>\n\t<\/div>\n<!-- END OF : Composant : block-periscope-theme-section-composant-31-bloc-image-cta.php -->\n","protected":false},"excerpt":{"rendered":"","protected":false},"author":2,"featured_media":16557277,"parent":0,"menu_order":0,"comment_status":"closed","ping_status":"closed","template":"","meta":{"_acf_changed":true,"footnotes":""},"class_list":["post-16557275","page","type-page","status-publish","has-post-thumbnail","hentry"],"acf":[],"yoast_head":"<title>All Connect : r\u00e9inventez vos r\u00e9unions avec le format hybride<\/title>\n<meta name=\"description\" content=\"ALL CONNECT by ACCOR pour organiser et r\u00e9ussir votre prochaine r\u00e9union hybride avec une gamme d\u2019\u00e9quipements digitaux derni\u00e8re g\u00e9n\u00e9ration !\" \/>\n<meta name=\"robots\" content=\"index, follow, max-snippet:-1, max-image-preview:large, max-video-preview:-1\" \/>\n<link rel=\"canonical\" href=\"https:\/\/www.myallmeeting.com\/pl\/wp-json\/wp\/v2\/pages\/16557275\" \/>\n<meta property=\"og:locale\" content=\"pl_PL\" \/>\n<meta property=\"og:type\" content=\"article\" \/>\n<meta property=\"og:title\" content=\"All Connect : r\u00e9inventez vos r\u00e9unions avec le format hybride\" \/>\n<meta property=\"og:description\" content=\"ALL CONNECT by ACCOR pour organiser et r\u00e9ussir votre prochaine r\u00e9union hybride avec une gamme d\u2019\u00e9quipements digitaux derni\u00e8re g\u00e9n\u00e9ration !\" \/>\n<meta property=\"og:url\" content=\"https:\/\/www.myallmeeting.com\/pl\/all-connect-pour-vos-reunions-hybrides\/\" \/>\n<meta property=\"og:site_name\" content=\"Accor MyAllMeeting.com\" \/>\n<meta property=\"article:modified_time\" content=\"2024-11-19T12:57:30+00:00\" \/>\n<meta property=\"og:image\" content=\"http:\/\/myallmeeting.com\/wp-content\/uploads\/2024\/07\/reunion-hybride.png\" \/>\n\t<meta property=\"og:image:width\" content=\"1920\" \/>\n\t<meta property=\"og:image:height\" content=\"570\" \/>\n\t<meta property=\"og:image:type\" content=\"image\/png\" \/>\n<meta name=\"twitter:card\" content=\"summary_large_image\" \/>\n<meta name=\"twitter:label1\" content=\"Est. reading time\" \/>\n\t<meta name=\"twitter:data1\" content=\"1 minute\" \/>\n<script type=\"application\/ld+json\" class=\"yoast-schema-graph\">{\"@context\":\"https:\/\/schema.org\",\"@graph\":[{\"@type\":\"WebPage\",\"@id\":\"https:\/\/www.myallmeeting.com\/pl\/all-connect-pour-vos-reunions-hybrides\/\",\"url\":\"https:\/\/www.myallmeeting.com\/pl\/all-connect-pour-vos-reunions-hybrides\/\",\"name\":\"All Connect : r\u00e9inventez vos r\u00e9unions avec le format hybride\",\"isPartOf\":{\"@id\":\"https:\/\/www.myallmeeting.com\/pl\/#website\"},\"primaryImageOfPage\":{\"@id\":\"https:\/\/www.myallmeeting.com\/pl\/all-connect-pour-vos-reunions-hybrides\/#primaryimage\"},\"image\":{\"@id\":\"https:\/\/www.myallmeeting.com\/pl\/all-connect-pour-vos-reunions-hybrides\/#primaryimage\"},\"thumbnailUrl\":\"https:\/\/www.myallmeeting.com\/wp-content\/uploads\/2024\/07\/reunion-hybride.png\",\"datePublished\":\"2021-02-19T10:10:58+00:00\",\"dateModified\":\"2024-11-19T12:57:30+00:00\",\"description\":\"ALL CONNECT by ACCOR pour organiser et r\u00e9ussir votre prochaine r\u00e9union hybride avec une gamme d\u2019\u00e9quipements digitaux derni\u00e8re g\u00e9n\u00e9ration !\",\"breadcrumb\":{\"@id\":\"https:\/\/www.myallmeeting.com\/pl\/all-connect-pour-vos-reunions-hybrides\/#breadcrumb\"},\"inLanguage\":\"pl-PL\",\"potentialAction\":[{\"@type\":\"ReadAction\",\"target\":[\"https:\/\/www.myallmeeting.com\/pl\/all-connect-pour-vos-reunions-hybrides\/\"]}]},{\"@type\":\"ImageObject\",\"inLanguage\":\"pl-PL\",\"@id\":\"https:\/\/www.myallmeeting.com\/pl\/all-connect-pour-vos-reunions-hybrides\/#primaryimage\",\"url\":\"https:\/\/www.myallmeeting.com\/wp-content\/uploads\/2024\/07\/reunion-hybride.png\",\"contentUrl\":\"https:\/\/www.myallmeeting.com\/wp-content\/uploads\/2024\/07\/reunion-hybride.png\",\"width\":1920,\"height\":570},{\"@type\":\"BreadcrumbList\",\"@id\":\"https:\/\/www.myallmeeting.com\/pl\/all-connect-pour-vos-reunions-hybrides\/#breadcrumb\",\"itemListElement\":[{\"@type\":\"ListItem\",\"position\":1,\"name\":\"Accueil\",\"item\":\"https:\/\/myallmeeting.com\/pl\/\"},{\"@type\":\"ListItem\",\"position\":2,\"name\":\"ALL Connect dla twoich spotka\u0144 hybrydowych\"}]},{\"@type\":\"WebSite\",\"@id\":\"https:\/\/www.myallmeeting.com\/pl\/#website\",\"url\":\"https:\/\/www.myallmeeting.com\/pl\/\",\"name\":\"Accor MyAllMeeting.com\",\"description\":\"Les Meilleurs lieux pour vos Ev\u00e9nements Professionnels\",\"publisher\":{\"@id\":\"https:\/\/www.myallmeeting.com\/pl\/#organization\"},\"potentialAction\":[{\"@type\":\"SearchAction\",\"target\":{\"@type\":\"EntryPoint\",\"urlTemplate\":\"https:\/\/www.myallmeeting.com\/pl\/?s={search_term_string}\"},\"query-input\":{\"@type\":\"PropertyValueSpecification\",\"valueRequired\":true,\"valueName\":\"search_term_string\"}}],\"inLanguage\":\"pl-PL\"},{\"@type\":\"Organization\",\"@id\":\"https:\/\/www.myallmeeting.com\/pl\/#organization\",\"name\":\"ACCOR\",\"url\":\"https:\/\/www.myallmeeting.com\/pl\/\",\"logo\":{\"@type\":\"ImageObject\",\"inLanguage\":\"pl-PL\",\"@id\":\"https:\/\/www.myallmeeting.com\/pl\/#\/schema\/logo\/image\/\",\"url\":\"\",\"contentUrl\":\"\",\"caption\":\"ACCOR\"},\"image\":{\"@id\":\"https:\/\/www.myallmeeting.com\/pl\/#\/schema\/logo\/image\/\"}}]}<\/script>","yoast_head_json":{"title":"All Connect : r\u00e9inventez vos r\u00e9unions avec le format hybride","description":"ALL CONNECT by ACCOR pour organiser et r\u00e9ussir votre prochaine r\u00e9union hybride avec une gamme d\u2019\u00e9quipements digitaux derni\u00e8re g\u00e9n\u00e9ration !","robots":{"index":"index","follow":"follow","max-snippet":"max-snippet:-1","max-image-preview":"max-image-preview:large","max-video-preview":"max-video-preview:-1"},"canonical":"https:\/\/www.myallmeeting.com\/pl\/wp-json\/wp\/v2\/pages\/16557275","og_locale":"pl_PL","og_type":"article","og_title":"All Connect : r\u00e9inventez vos r\u00e9unions avec le format hybride","og_description":"ALL CONNECT by ACCOR pour organiser et r\u00e9ussir votre prochaine r\u00e9union hybride avec une gamme d\u2019\u00e9quipements digitaux derni\u00e8re g\u00e9n\u00e9ration !","og_url":"https:\/\/www.myallmeeting.com\/pl\/all-connect-pour-vos-reunions-hybrides\/","og_site_name":"Accor MyAllMeeting.com","article_modified_time":"2024-11-19T12:57:30+00:00","og_image":[{"width":1920,"height":570,"url":"http:\/\/myallmeeting.com\/wp-content\/uploads\/2024\/07\/reunion-hybride.png","type":"image\/png"}],"twitter_card":"summary_large_image","twitter_misc":{"Est. reading time":"1 minute"},"schema":{"@context":"https:\/\/schema.org","@graph":[{"@type":"WebPage","@id":"https:\/\/www.myallmeeting.com\/pl\/all-connect-pour-vos-reunions-hybrides\/","url":"https:\/\/www.myallmeeting.com\/pl\/all-connect-pour-vos-reunions-hybrides\/","name":"All Connect : r\u00e9inventez vos r\u00e9unions avec le format hybride","isPartOf":{"@id":"https:\/\/www.myallmeeting.com\/pl\/#website"},"primaryImageOfPage":{"@id":"https:\/\/www.myallmeeting.com\/pl\/all-connect-pour-vos-reunions-hybrides\/#primaryimage"},"image":{"@id":"https:\/\/www.myallmeeting.com\/pl\/all-connect-pour-vos-reunions-hybrides\/#primaryimage"},"thumbnailUrl":"https:\/\/www.myallmeeting.com\/wp-content\/uploads\/2024\/07\/reunion-hybride.png","datePublished":"2021-02-19T10:10:58+00:00","dateModified":"2024-11-19T12:57:30+00:00","description":"ALL CONNECT by ACCOR pour organiser et r\u00e9ussir votre prochaine r\u00e9union hybride avec une gamme d\u2019\u00e9quipements digitaux derni\u00e8re g\u00e9n\u00e9ration !","breadcrumb":{"@id":"https:\/\/www.myallmeeting.com\/pl\/all-connect-pour-vos-reunions-hybrides\/#breadcrumb"},"inLanguage":"pl-PL","potentialAction":[{"@type":"ReadAction","target":["https:\/\/www.myallmeeting.com\/pl\/all-connect-pour-vos-reunions-hybrides\/"]}]},{"@type":"ImageObject","inLanguage":"pl-PL","@id":"https:\/\/www.myallmeeting.com\/pl\/all-connect-pour-vos-reunions-hybrides\/#primaryimage","url":"https:\/\/www.myallmeeting.com\/wp-content\/uploads\/2024\/07\/reunion-hybride.png","contentUrl":"https:\/\/www.myallmeeting.com\/wp-content\/uploads\/2024\/07\/reunion-hybride.png","width":1920,"height":570},{"@type":"BreadcrumbList","@id":"https:\/\/www.myallmeeting.com\/pl\/all-connect-pour-vos-reunions-hybrides\/#breadcrumb","itemListElement":[{"@type":"ListItem","position":1,"name":"Accueil","item":"https:\/\/myallmeeting.com\/pl\/"},{"@type":"ListItem","position":2,"name":"ALL Connect dla twoich spotka\u0144 hybrydowych"}]},{"@type":"WebSite","@id":"https:\/\/www.myallmeeting.com\/pl\/#website","url":"https:\/\/www.myallmeeting.com\/pl\/","name":"Accor MyAllMeeting.com","description":"Les Meilleurs lieux pour vos Ev\u00e9nements Professionnels","publisher":{"@id":"https:\/\/www.myallmeeting.com\/pl\/#organization"},"potentialAction":[{"@type":"SearchAction","target":{"@type":"EntryPoint","urlTemplate":"https:\/\/www.myallmeeting.com\/pl\/?s={search_term_string}"},"query-input":{"@type":"PropertyValueSpecification","valueRequired":true,"valueName":"search_term_string"}}],"inLanguage":"pl-PL"},{"@type":"Organization","@id":"https:\/\/www.myallmeeting.com\/pl\/#organization","name":"ACCOR","url":"https:\/\/www.myallmeeting.com\/pl\/","logo":{"@type":"ImageObject","inLanguage":"pl-PL","@id":"https:\/\/www.myallmeeting.com\/pl\/#\/schema\/logo\/image\/","url":"","contentUrl":"","caption":"ACCOR"},"image":{"@id":"https:\/\/www.myallmeeting.com\/pl\/#\/schema\/logo\/image\/"}}]}},"_links":{"self":[{"href":"https:\/\/www.myallmeeting.com\/pl\/wp-json\/wp\/v2\/pages\/16557275","targetHints":{"allow":["GET"]}}],"collection":[{"href":"https:\/\/www.myallmeeting.com\/pl\/wp-json\/wp\/v2\/pages"}],"about":[{"href":"https:\/\/www.myallmeeting.com\/pl\/wp-json\/wp\/v2\/types\/page"}],"author":[{"embeddable":true,"href":"https:\/\/www.myallmeeting.com\/pl\/wp-json\/wp\/v2\/users\/2"}],"replies":[{"embeddable":true,"href":"https:\/\/www.myallmeeting.com\/pl\/wp-json\/wp\/v2\/comments?post=16557275"}],"version-history":[{"count":0,"href":"https:\/\/www.myallmeeting.com\/pl\/wp-json\/wp\/v2\/pages\/16557275\/revisions"}],"wp:featuredmedia":[{"embeddable":true,"href":"https:\/\/www.myallmeeting.com\/pl\/wp-json\/wp\/v2\/media\/16557277"}],"wp:attachment":[{"href":"https:\/\/www.myallmeeting.com\/pl\/wp-json\/wp\/v2\/media?parent=16557275"}],"curies":[{"name":"wp","href":"https:\/\/api.w.org\/{rel}","templated":true}]}}