{"id":16148915,"date":"2021-02-19T11:10:58","date_gmt":"2021-02-19T10:10:58","guid":{"rendered":"https:\/\/myallmeeting.com\/all-connect-pour-vos-reunions-hybrides\/"},"modified":"2024-07-18T16:21:33","modified_gmt":"2024-07-18T14:21:33","slug":"le-riunioni-ibride-con-accor","status":"publish","type":"page","link":"https:\/\/www.myallmeeting.com\/it\/le-riunioni-ibride-con-accor\/","title":{"rendered":"Le riunioni ibride con Accor"},"content":{"rendered":"<!-- START OF : Composant : block-periscope-theme-section-composant-30-texte-image-citation.php -->\n<div class=\"tic position-relative fs-wysiwyg pt-9 mb-5 mb-lg-22\" data-component=\"30-texte-image-citation\">\n\t<div class=\"container-fluid\" style=\"--bs-gutter-x: 0\">\n\t\t<div class=\"row\" style=\"--bs-gutter-x: 0\">\n\t\t\t<div class=\"col-lg-6 offset-lg-1\"> \n\t\t\t\t<div class=\"tic__top__img position-relative me-2 me-lg-0\">\n\t\t\t\t\t\t\t\t\t\t<img decoding=\"async\" src=\"https:\/\/www.myallmeeting.com\/wp-content\/uploads\/2024\/06\/4842-09-932x645.jpg\" alt=\"salle de r\u00e9union connect\u00e9e\" width=\"932\" height=\"562\" loading=\"lazy\" class=\"w-100\" \/>\n\t\t\t\t\t\t\t\t\t\t<div class=\"position-absolute text-white z-1 text-center t-0 l-0 w-100 p-4 pt-lg-8 pe-lg-20\">\n\t\t\t\t\t\t\t\t\t\t\t\t\t\t\t\t\t<\/div>\n\t\t\t\t<\/div>\n\t\t\t<\/div>\n\t\t\t<div class=\"col-lg-4\">\n\t\t\t\t<div class=\"tic__content position-relative bg-white pt-2 pb-0 px-2 py-lg-7 py-xl-9 px-lg-5 px-xl-10 pt-lg-9\">\n\t\t\t\t\t\t\t\t\t\t\t\t\t\t\t<div class=\"tic__content__titre unna fs-32 fs-xl-60 text-primary lh-xs mb-2 mb-lg-3 mb-xl-5\">Organizzare riunioni ibride<\/div>\n\t\t\t\t\t\t\t\t\t\t\t\t\t\t\t<div class=\"fs-lg-13 fs-xl-18 mb-4 mb-xl-7 lh-sm\"><h3 style=\"text-align: left;\"><span data-contrast=\"none\" xml:lang=\"IT-IT\" lang=\"IT-IT\" class=\"TextRun Highlight SCXW128127287 BCX0\"><span class=\"NormalTextRun SCXW128127287 BCX0\">I dipendenti non possono essere fisicamente presenti alla tua riunione? Scopri il dispositivo per riunioni ibrid<\/span><span class=\"NormalTextRun SCXW128127287 BCX0\">e<\/span><span class=\"NormalTextRun SCXW128127287 BCX0\"> <\/span><span class=\"NormalTextRun SpellingErrorV2Themed SCXW128127287 BCX0\">All<\/span><span class=\"NormalTextRun SCXW128127287 BCX0\"> Connect di Accor.<\/span><\/span><span class=\"EOP SCXW128127287 BCX0\" data-ccp-props=\"{&quot;201341983&quot;:0,&quot;335559739&quot;:160,&quot;335559740&quot;:259}\">\u00a0<\/span><\/h3>\n<\/div>\n\t\t\t\t\t\t\t\t\t\t\t\t\t\t<\/div>\n\t\t\t<\/div>\n\t\t<\/div>\n\t<\/div>\n\t<div class=\"tic__blank bg-white pt-8 pt-lg-0\">\t\t\n\t\t<div class=\"container-fluid\" style=\"--bs-gutter-x: 0\">\n\t\t\t<div class=\"row\" style=\"--bs-gutter-x: 0\">\n\t\t\t\t<div class=\"col-lg-6\">\n\t\t\t\t\t<div class=\"tic__bottom position-relative bg-primary text-secondary pt-4 pb-5\">\n\t\t\t\t\t\t<div class=\"d-flex gap-1 gap-md-4\">\n\t\t\t\t\t\t\t<div class=\"tic__bottom__imgs d-flex flex-shrink-0 align-items-center\">\n\t\t\t\t\t\t\t\t\t\t\t\t\t\t\t\t<img decoding=\"async\" src=\"https:\/\/www.myallmeeting.com\/wp-content\/uploads\/2024\/07\/reunion-hybride-temoignage-2-1.png\" class=\"tic__bottom__img tic__bottom__img--1 of-cover rounded-3 opacity-50\" alt=\"\" width=\"192\" height=\"346\" loading=\"lazy\" \/>\n\t\t\t\t\t\t\t\t\t\t\t\t\t\t\t\t\t\t\t\t\t\t\t\t<img decoding=\"async\" src=\"https:\/\/www.myallmeeting.com\/wp-content\/uploads\/2024\/07\/reunion-hybride-temoignage-1-1.png\" class=\"tic__bottom__img tic__bottom__img--2 of-cover rounded-3 z-1\" alt=\"\" width=\"192\" height=\"346\" loading=\"lazy\" \/>\n\t\t\t\t\t\t\t\t\t\t\t\t\t\t\t<\/div>\n\t\t\t\t\t\t\t<div class=\"tic__bottom__quote text-secondary lh-xs\">\n\t\t\t\t\t\t\t\t\t\t\t\t\t\t\t\t\t\t\t\t\t\t\t\t\t\t\t\t\t\t\t<\/div>\n\t\t\t\t\t\t<\/div>\n\t\t\t\t\t\t\t\t\t\t\t<\/div>\n\t\t\t\t<\/div>\n\t\t\t<\/div>\n\t\t<\/div>\n\t<\/div>\n<\/div>\n<!-- END OF : Composant : block-periscope-theme-section-composant-30-texte-image-citation.php -->\n\n\n<!-- START OF : Composant : block-periscope-theme-section-composant-31-bloc-image-cta.php -->\n\t<div class=\"icta position-relative fs-wysiwyg icta--reverse\" data-component=\"31-bloc-image-cta\" data-reverse=\"oui\">\n\t\t<div class=\"container-fluid\">\n\t\t\t<div class=\"row\">\n\t\t\t\t<div class=\"col-lg-5 offset-lg-1 d-lg-flex\"> \n\t\t\t\t\t<div class=\"icta__content position-relative bg-white pt-2 pb-2 px-2 pb-lg-0 pt-lg-7 pt-xl-9 px-lg-7 px-xl-10 mt-lg-9 z-1\">\n\t\t\t\t\t\t\t\t\t\t\t\t\t\t\t\t\t\t<div class=\"unna fs-32 fs-lg-39 fs-xl-60 text-primary lh-xs mb-2 mb-xl-5\">Cos&#039;\u00e8 una riunione ibrida? <\/div>\n\t\t\t\t\t\t\t\t\t\t\t\t\t\t\t\t\t\t\t<div class=\"fs-lg-15 fs-xl-18 lh-sm \"><p aria-level=\"4\"><span data-contrast=\"none\">Per soddisfare le aspettative di tutti i nostri clienti, Accor offre<\/span><b><span data-contrast=\"none\"> un dispositivo che offre un&#8217;esperienza di riunione ibrida arricchita<\/span><\/b><span data-contrast=\"none\">.<\/span><span data-ccp-props=\"{&quot;134245418&quot;:true,&quot;134245529&quot;:true,&quot;201341983&quot;:0,&quot;335551550&quot;:6,&quot;335551620&quot;:6,&quot;335557856&quot;:16119028,&quot;335559738&quot;:165,&quot;335559739&quot;:165,&quot;335559740&quot;:259}\">\u00a0<\/span><\/p>\n<p aria-level=\"4\"><span data-contrast=\"none\">La nostra ambizione?\u202f<\/span><b><span data-contrast=\"none\">Fatti riconoscere dagli organizzatori della riunione come IL miglior servizio di riunione ibrido<\/span><\/b><span data-ccp-props=\"{&quot;134245418&quot;:true,&quot;134245529&quot;:true,&quot;201341983&quot;:0,&quot;335551550&quot;:6,&quot;335551620&quot;:6,&quot;335557856&quot;:16119028,&quot;335559738&quot;:165,&quot;335559739&quot;:165,&quot;335559740&quot;:259}\">\u00a0<\/span><\/p>\n<p aria-level=\"4\"><span data-contrast=\"none\">Un meeting ibrido \u00e8 un format di incontro che si svolge in uno spazio appositamente attrezzato\u202f<\/span><b><span data-contrast=\"none\"> permettendoti di organizzare scambi di qualit\u00e0, in tutta sicurezza, e di mantenere un legame tra i tuoi colleghi e\/o con i tuoi clienti situati<\/span><\/b><span data-contrast=\"none\">\u202fin una o pi\u00f9 localit\u00e0 o in uno o pi\u00f9 hotel Accor.<\/span><span data-ccp-props=\"{&quot;134245418&quot;:true,&quot;134245529&quot;:true,&quot;201341983&quot;:0,&quot;335551550&quot;:6,&quot;335551620&quot;:6,&quot;335557856&quot;:16119028,&quot;335559738&quot;:165,&quot;335559739&quot;:165,&quot;335559740&quot;:259}\">\u00a0<\/span><\/p>\n<\/div>\n\t\t\t\t\t\t\t\t\t\t\t\t\t\t\t\t\t<\/div>\n\t\t\t\t<\/div>\n\t\t\t\t\t\t\t\t<div class=\"col-lg-5 order-first order-lg-last\">\n\t\t\t\t\t<div class=\"icta__top__img h-100 position-relative me-2 me-lg-0\">\n\t\t\t\t\t\t<img decoding=\"async\" src=\"https:\/\/www.myallmeeting.com\/wp-content\/uploads\/2024\/06\/4692-57-932x645.jpg\" alt=\"r\u00e9unions connect\u00e9es\" width=\"932\" height=\"562\" loading=\"lazy\" \/>\n\t\t\t\t\t\t<div class=\"position-absolute text-white z-1 text-center t-0 l-0 w-100 pt-4 pt-lg-8\">\n\t\t\t\t\t\t\t\t\t\t\t\t\t\t\t\t\t\t<\/div>\n\t\t\t\t\t<\/div>\n\t\t\t\t<\/div>\n\t\t\t\t\t\t\t<\/div>\n\t\t<\/div>\n\t<\/div>\n<!-- END OF : Composant : block-periscope-theme-section-composant-31-bloc-image-cta.php -->\n\n\n<!-- START OF : Composant : block-periscope-theme-section-composant-31-bloc-image-cta.php -->\n\t<div class=\"icta position-relative fs-wysiwyg\" data-component=\"31-bloc-image-cta\" data-reverse=\"non\">\n\t\t<div class=\"container-fluid\">\n\t\t\t<div class=\"row\">\n\t\t\t\t\t\t\t\t<div class=\"col-lg-6 offset-lg-1\"> \n\t\t\t\t\t<div class=\"icta__top__img h-100 position-relative me-2 me-lg-0\">\n\t\t\t\t\t\t<img decoding=\"async\" src=\"https:\/\/www.myallmeeting.com\/wp-content\/uploads\/2024\/07\/iStock-1532619578-932x645.jpg\" alt=\"r\u00e9union hybride\" width=\"932\" height=\"562\" loading=\"lazy\" \/>\n\t\t\t\t\t\t<div class=\"position-absolute text-white z-1 text-center t-0 l-0 w-100 pt-4 pt-lg-8\">\n\t\t\t\t\t\t\t\t\t\t\t\t\t\t\t\t\t\t<\/div>\n\t\t\t\t\t<\/div>\n\t\t\t\t<\/div>\n\t\t\t\t\t\t\t\t<div class=\"col-lg-4 d-lg-flex\">\n\t\t\t\t\t<div class=\"icta__content position-relative bg-white pt-2 pb-2 px-2 pb-lg-0 pt-lg-7 pt-xl-9 px-lg-7 px-xl-10 mt-lg-9\">\n\t\t\t\t\t\t\t\t\t\t\t\t\t\t\t\t\t\t<div class=\"unna fs-32 fs-lg-39 fs-xl-60 text-primary lh-xs mb-2 mb-xl-5\">Perch\u00e9 scegliere Accor? <\/div>\n\t\t\t\t\t\t\t\t\t\t\t\t\t\t\t\t\t\t<div class=\"fs-lg-15 fs-xl-18 lh-sm \"><p aria-level=\"4\"><i><span data-contrast=\"none\">\u200b<\/span><\/i><span aria-label=\"Rich text content control\"><i><span data-contrast=\"none\">\u200b<\/span><\/i><span data-contrast=\"none\">\u2666<\/span><i><span data-contrast=\"none\">\u200b<\/span><\/i><\/span><span data-contrast=\"none\"> Un\u202f<\/span><b><span data-contrast=\"none\">modo semplice per cercare spazi\u202f<\/span><\/b><span data-contrast=\"none\">in grado di ospitare riunioni ibride e inviare una richiesta di prenotazione.\u00a0<\/span><span data-ccp-props=\"{&quot;134245418&quot;:true,&quot;134245529&quot;:true,&quot;201341983&quot;:0,&quot;335551550&quot;:6,&quot;335551620&quot;:6,&quot;335557856&quot;:16119028,&quot;335559738&quot;:165,&quot;335559739&quot;:165,&quot;335559740&quot;:259}\">\u00a0<\/span><\/p>\n<p data-ccp-border-between=\"0px none #000000\" data-ccp-padding-between=\"0px\"><span data-contrast=\"none\">\u202f<\/span><span data-ccp-props=\"{&quot;201341983&quot;:0,&quot;335557856&quot;:16119028,&quot;335559739&quot;:165,&quot;335559740&quot;:240,&quot;335572071&quot;:0,&quot;335572072&quot;:0,&quot;335572073&quot;:0,&quot;335572075&quot;:0,&quot;335572076&quot;:0,&quot;335572077&quot;:0,&quot;335572079&quot;:0,&quot;335572080&quot;:0,&quot;335572081&quot;:0,&quot;335572083&quot;:0,&quot;335572084&quot;:0,&quot;335572085&quot;:0,&quot;335572087&quot;:0,&quot;335572088&quot;:0,&quot;335572089&quot;:0,&quot;469789798&quot;:&quot;nil&quot;,&quot;469789802&quot;:&quot;nil&quot;,&quot;469789806&quot;:&quot;nil&quot;,&quot;469789810&quot;:&quot;nil&quot;,&quot;469789814&quot;:&quot;nil&quot;}\">\u00a0<\/span><\/p>\n<p aria-level=\"4\"><i><span data-contrast=\"none\">\u200b<\/span><\/i><span aria-label=\"Rich text content control\"><i><span data-contrast=\"none\">\u200b<\/span><\/i><span data-contrast=\"none\">\u2666<\/span><i><span data-contrast=\"none\">\u200b<\/span><\/i><\/span><span data-contrast=\"none\"> Una gamma di attrezzature per soddisfare le esigenze del cliente, dal software all&#8217;hardware.<\/span><span data-ccp-props=\"{&quot;134245418&quot;:true,&quot;134245529&quot;:true,&quot;201341983&quot;:0,&quot;335551550&quot;:6,&quot;335551620&quot;:6,&quot;335557856&quot;:16119028,&quot;335559738&quot;:165,&quot;335559739&quot;:165,&quot;335559740&quot;:259}\">\u00a0<\/span><\/p>\n<p data-ccp-border-between=\"0px none #000000\" data-ccp-padding-between=\"0px\"><span data-contrast=\"none\">\u202f<\/span><span data-ccp-props=\"{&quot;201341983&quot;:0,&quot;335557856&quot;:16119028,&quot;335559739&quot;:165,&quot;335559740&quot;:240,&quot;335572071&quot;:0,&quot;335572072&quot;:0,&quot;335572073&quot;:0,&quot;335572075&quot;:0,&quot;335572076&quot;:0,&quot;335572077&quot;:0,&quot;335572079&quot;:0,&quot;335572080&quot;:0,&quot;335572081&quot;:0,&quot;335572083&quot;:0,&quot;335572084&quot;:0,&quot;335572085&quot;:0,&quot;335572087&quot;:0,&quot;335572088&quot;:0,&quot;335572089&quot;:0,&quot;469789798&quot;:&quot;nil&quot;,&quot;469789802&quot;:&quot;nil&quot;,&quot;469789806&quot;:&quot;nil&quot;,&quot;469789810&quot;:&quot;nil&quot;,&quot;469789814&quot;:&quot;nil&quot;}\">\u00a0<\/span><\/p>\n<p aria-level=\"4\"><i><span data-contrast=\"none\">\u200b<\/span><\/i><span aria-label=\"Rich text content control\"><i><span data-contrast=\"none\">\u200b<\/span><\/i><span data-contrast=\"none\">\u2666<\/span><i><span data-contrast=\"none\">\u200b<\/span><\/i><\/span><span data-contrast=\"none\">\u202f<\/span><b><span data-contrast=\"none\">L&#8217;esperienza gi\u00e0 esistente e riconosciuta dei team Accor e di MyALLMeeting.com<\/span><\/b><span data-contrast=\"none\">\u202fnell\u2019organizzazione e nel supporto di eventi professionali\u202f<\/span><b><span data-contrast=\"none\">nel rispetto delle misure sanitarie ALLSAFE.<\/span><\/b><span data-ccp-props=\"{&quot;134245418&quot;:true,&quot;134245529&quot;:true,&quot;201341983&quot;:0,&quot;335551550&quot;:6,&quot;335551620&quot;:6,&quot;335557856&quot;:16119028,&quot;335559738&quot;:165,&quot;335559739&quot;:165,&quot;335559740&quot;:259}\">\u00a0<\/span><\/p>\n<p><span data-ccp-props=\"{&quot;201341983&quot;:0,&quot;335559739&quot;:160,&quot;335559740&quot;:259}\">\u00a0<\/span><\/p>\n<\/div>\n\t\t\t\t\t\t\t\t\t\t\t\t\t\t\t\t\t<\/div>\n\t\t\t\t<\/div>\n\t\t\t<\/div>\n\t\t<\/div>\n\t<\/div>\n<!-- END OF : Composant : block-periscope-theme-section-composant-31-bloc-image-cta.php -->\n","protected":false},"excerpt":{"rendered":"<p>Riunioni con tecnologia all\u2019avanguardia che incoraggiano una maggiore interazione<\/p>\n","protected":false},"author":2,"featured_media":16038636,"parent":0,"menu_order":0,"comment_status":"closed","ping_status":"closed","template":"","meta":{"_acf_changed":false,"footnotes":""},"class_list":["post-16148915","page","type-page","status-publish","has-post-thumbnail","hentry"],"acf":[],"yoast_head":"<title>All Connect : r\u00e9inventez vos r\u00e9unions avec le format hybride<\/title>\n<meta name=\"description\" content=\"ALL CONNECT by ACCOR pour organiser et r\u00e9ussir votre prochaine r\u00e9union hybride avec une gamme d\u2019\u00e9quipements digitaux derni\u00e8re g\u00e9n\u00e9ration !\" \/>\n<meta name=\"robots\" content=\"index, follow, max-snippet:-1, max-image-preview:large, max-video-preview:-1\" \/>\n<link rel=\"canonical\" href=\"https:\/\/www.myallmeeting.com\/it\/wp-json\/wp\/v2\/pages\/16148915\" \/>\n<meta property=\"og:locale\" content=\"it_IT\" \/>\n<meta property=\"og:type\" content=\"article\" \/>\n<meta property=\"og:title\" content=\"All Connect : r\u00e9inventez vos r\u00e9unions avec le format hybride\" \/>\n<meta property=\"og:description\" content=\"ALL CONNECT by ACCOR pour organiser et r\u00e9ussir votre prochaine r\u00e9union hybride avec une gamme d\u2019\u00e9quipements digitaux derni\u00e8re g\u00e9n\u00e9ration !\" \/>\n<meta property=\"og:url\" content=\"https:\/\/www.myallmeeting.com\/it\/le-riunioni-ibride-con-accor\/\" \/>\n<meta property=\"og:site_name\" content=\"Accor MyAllMeeting.com\" \/>\n<meta property=\"article:modified_time\" content=\"2024-07-18T14:21:33+00:00\" \/>\n<meta property=\"og:image\" content=\"https:\/\/myallmeeting.com\/wp-content\/uploads\/2024\/07\/reunion-hybride.png\" \/>\n\t<meta property=\"og:image:width\" content=\"1920\" \/>\n\t<meta property=\"og:image:height\" content=\"570\" \/>\n\t<meta property=\"og:image:type\" content=\"image\/png\" \/>\n<meta name=\"twitter:card\" content=\"summary_large_image\" \/>\n<meta name=\"twitter:label1\" content=\"Est. reading time\" \/>\n\t<meta name=\"twitter:data1\" content=\"3 minutes\" \/>\n<script type=\"application\/ld+json\" class=\"yoast-schema-graph\">{\"@context\":\"https:\/\/schema.org\",\"@graph\":[{\"@type\":\"WebPage\",\"@id\":\"https:\/\/www.myallmeeting.com\/it\/le-riunioni-ibride-con-accor\/\",\"url\":\"https:\/\/www.myallmeeting.com\/it\/le-riunioni-ibride-con-accor\/\",\"name\":\"All Connect : r\u00e9inventez vos r\u00e9unions avec le format hybride\",\"isPartOf\":{\"@id\":\"https:\/\/www.myallmeeting.com\/it\/#website\"},\"primaryImageOfPage\":{\"@id\":\"https:\/\/www.myallmeeting.com\/it\/le-riunioni-ibride-con-accor\/#primaryimage\"},\"image\":{\"@id\":\"https:\/\/www.myallmeeting.com\/it\/le-riunioni-ibride-con-accor\/#primaryimage\"},\"thumbnailUrl\":\"https:\/\/www.myallmeeting.com\/wp-content\/uploads\/2024\/07\/reunion-hybride.png\",\"datePublished\":\"2021-02-19T10:10:58+00:00\",\"dateModified\":\"2024-07-18T14:21:33+00:00\",\"description\":\"ALL CONNECT by ACCOR pour organiser et r\u00e9ussir votre prochaine r\u00e9union hybride avec une gamme d\u2019\u00e9quipements digitaux derni\u00e8re g\u00e9n\u00e9ration !\",\"breadcrumb\":{\"@id\":\"https:\/\/www.myallmeeting.com\/it\/le-riunioni-ibride-con-accor\/#breadcrumb\"},\"inLanguage\":\"it-IT\",\"potentialAction\":[{\"@type\":\"ReadAction\",\"target\":[\"https:\/\/www.myallmeeting.com\/it\/le-riunioni-ibride-con-accor\/\"]}]},{\"@type\":\"ImageObject\",\"inLanguage\":\"it-IT\",\"@id\":\"https:\/\/www.myallmeeting.com\/it\/le-riunioni-ibride-con-accor\/#primaryimage\",\"url\":\"https:\/\/www.myallmeeting.com\/wp-content\/uploads\/2024\/07\/reunion-hybride.png\",\"contentUrl\":\"https:\/\/www.myallmeeting.com\/wp-content\/uploads\/2024\/07\/reunion-hybride.png\",\"width\":1920,\"height\":570,\"caption\":\"r\u00e9union hybride\"},{\"@type\":\"BreadcrumbList\",\"@id\":\"https:\/\/www.myallmeeting.com\/it\/le-riunioni-ibride-con-accor\/#breadcrumb\",\"itemListElement\":[{\"@type\":\"ListItem\",\"position\":1,\"name\":\"Pagina iniziale\",\"item\":\"https:\/\/myallmeeting.com\/it\/\"},{\"@type\":\"ListItem\",\"position\":2,\"name\":\"Le riunioni ibride con Accor\"}]},{\"@type\":\"WebSite\",\"@id\":\"https:\/\/www.myallmeeting.com\/it\/#website\",\"url\":\"https:\/\/www.myallmeeting.com\/it\/\",\"name\":\"Accor MyAllMeeting.com\",\"description\":\"Les Meilleurs lieux pour vos Ev\u00e9nements Professionnels\",\"publisher\":{\"@id\":\"https:\/\/www.myallmeeting.com\/it\/#organization\"},\"potentialAction\":[{\"@type\":\"SearchAction\",\"target\":{\"@type\":\"EntryPoint\",\"urlTemplate\":\"https:\/\/www.myallmeeting.com\/it\/?s={search_term_string}\"},\"query-input\":{\"@type\":\"PropertyValueSpecification\",\"valueRequired\":true,\"valueName\":\"search_term_string\"}}],\"inLanguage\":\"it-IT\"},{\"@type\":\"Organization\",\"@id\":\"https:\/\/www.myallmeeting.com\/it\/#organization\",\"name\":\"ACCOR\",\"url\":\"https:\/\/www.myallmeeting.com\/it\/\",\"logo\":{\"@type\":\"ImageObject\",\"inLanguage\":\"it-IT\",\"@id\":\"https:\/\/www.myallmeeting.com\/it\/#\/schema\/logo\/image\/\",\"url\":\"\",\"contentUrl\":\"\",\"caption\":\"ACCOR\"},\"image\":{\"@id\":\"https:\/\/www.myallmeeting.com\/it\/#\/schema\/logo\/image\/\"}}]}<\/script>","yoast_head_json":{"title":"All Connect : r\u00e9inventez vos r\u00e9unions avec le format hybride","description":"ALL CONNECT by ACCOR pour organiser et r\u00e9ussir votre prochaine r\u00e9union hybride avec une gamme d\u2019\u00e9quipements digitaux derni\u00e8re g\u00e9n\u00e9ration !","robots":{"index":"index","follow":"follow","max-snippet":"max-snippet:-1","max-image-preview":"max-image-preview:large","max-video-preview":"max-video-preview:-1"},"canonical":"https:\/\/www.myallmeeting.com\/it\/wp-json\/wp\/v2\/pages\/16148915","og_locale":"it_IT","og_type":"article","og_title":"All Connect : r\u00e9inventez vos r\u00e9unions avec le format hybride","og_description":"ALL CONNECT by ACCOR pour organiser et r\u00e9ussir votre prochaine r\u00e9union hybride avec une gamme d\u2019\u00e9quipements digitaux derni\u00e8re g\u00e9n\u00e9ration !","og_url":"https:\/\/www.myallmeeting.com\/it\/le-riunioni-ibride-con-accor\/","og_site_name":"Accor MyAllMeeting.com","article_modified_time":"2024-07-18T14:21:33+00:00","og_image":[{"width":1920,"height":570,"url":"https:\/\/myallmeeting.com\/wp-content\/uploads\/2024\/07\/reunion-hybride.png","type":"image\/png"}],"twitter_card":"summary_large_image","twitter_misc":{"Est. reading time":"3 minutes"},"schema":{"@context":"https:\/\/schema.org","@graph":[{"@type":"WebPage","@id":"https:\/\/www.myallmeeting.com\/it\/le-riunioni-ibride-con-accor\/","url":"https:\/\/www.myallmeeting.com\/it\/le-riunioni-ibride-con-accor\/","name":"All Connect : r\u00e9inventez vos r\u00e9unions avec le format hybride","isPartOf":{"@id":"https:\/\/www.myallmeeting.com\/it\/#website"},"primaryImageOfPage":{"@id":"https:\/\/www.myallmeeting.com\/it\/le-riunioni-ibride-con-accor\/#primaryimage"},"image":{"@id":"https:\/\/www.myallmeeting.com\/it\/le-riunioni-ibride-con-accor\/#primaryimage"},"thumbnailUrl":"https:\/\/www.myallmeeting.com\/wp-content\/uploads\/2024\/07\/reunion-hybride.png","datePublished":"2021-02-19T10:10:58+00:00","dateModified":"2024-07-18T14:21:33+00:00","description":"ALL CONNECT by ACCOR pour organiser et r\u00e9ussir votre prochaine r\u00e9union hybride avec une gamme d\u2019\u00e9quipements digitaux derni\u00e8re g\u00e9n\u00e9ration !","breadcrumb":{"@id":"https:\/\/www.myallmeeting.com\/it\/le-riunioni-ibride-con-accor\/#breadcrumb"},"inLanguage":"it-IT","potentialAction":[{"@type":"ReadAction","target":["https:\/\/www.myallmeeting.com\/it\/le-riunioni-ibride-con-accor\/"]}]},{"@type":"ImageObject","inLanguage":"it-IT","@id":"https:\/\/www.myallmeeting.com\/it\/le-riunioni-ibride-con-accor\/#primaryimage","url":"https:\/\/www.myallmeeting.com\/wp-content\/uploads\/2024\/07\/reunion-hybride.png","contentUrl":"https:\/\/www.myallmeeting.com\/wp-content\/uploads\/2024\/07\/reunion-hybride.png","width":1920,"height":570,"caption":"r\u00e9union hybride"},{"@type":"BreadcrumbList","@id":"https:\/\/www.myallmeeting.com\/it\/le-riunioni-ibride-con-accor\/#breadcrumb","itemListElement":[{"@type":"ListItem","position":1,"name":"Pagina iniziale","item":"https:\/\/myallmeeting.com\/it\/"},{"@type":"ListItem","position":2,"name":"Le riunioni ibride con Accor"}]},{"@type":"WebSite","@id":"https:\/\/www.myallmeeting.com\/it\/#website","url":"https:\/\/www.myallmeeting.com\/it\/","name":"Accor MyAllMeeting.com","description":"Les Meilleurs lieux pour vos Ev\u00e9nements Professionnels","publisher":{"@id":"https:\/\/www.myallmeeting.com\/it\/#organization"},"potentialAction":[{"@type":"SearchAction","target":{"@type":"EntryPoint","urlTemplate":"https:\/\/www.myallmeeting.com\/it\/?s={search_term_string}"},"query-input":{"@type":"PropertyValueSpecification","valueRequired":true,"valueName":"search_term_string"}}],"inLanguage":"it-IT"},{"@type":"Organization","@id":"https:\/\/www.myallmeeting.com\/it\/#organization","name":"ACCOR","url":"https:\/\/www.myallmeeting.com\/it\/","logo":{"@type":"ImageObject","inLanguage":"it-IT","@id":"https:\/\/www.myallmeeting.com\/it\/#\/schema\/logo\/image\/","url":"","contentUrl":"","caption":"ACCOR"},"image":{"@id":"https:\/\/www.myallmeeting.com\/it\/#\/schema\/logo\/image\/"}}]}},"_links":{"self":[{"href":"https:\/\/www.myallmeeting.com\/it\/wp-json\/wp\/v2\/pages\/16148915","targetHints":{"allow":["GET"]}}],"collection":[{"href":"https:\/\/www.myallmeeting.com\/it\/wp-json\/wp\/v2\/pages"}],"about":[{"href":"https:\/\/www.myallmeeting.com\/it\/wp-json\/wp\/v2\/types\/page"}],"author":[{"embeddable":true,"href":"https:\/\/www.myallmeeting.com\/it\/wp-json\/wp\/v2\/users\/2"}],"replies":[{"embeddable":true,"href":"https:\/\/www.myallmeeting.com\/it\/wp-json\/wp\/v2\/comments?post=16148915"}],"version-history":[{"count":0,"href":"https:\/\/www.myallmeeting.com\/it\/wp-json\/wp\/v2\/pages\/16148915\/revisions"}],"wp:featuredmedia":[{"embeddable":true,"href":"https:\/\/www.myallmeeting.com\/it\/wp-json\/wp\/v2\/media\/16038636"}],"wp:attachment":[{"href":"https:\/\/www.myallmeeting.com\/it\/wp-json\/wp\/v2\/media?parent=16148915"}],"curies":[{"name":"wp","href":"https:\/\/api.w.org\/{rel}","templated":true}]}}