{"id":16055126,"date":"2017-03-28T15:46:09","date_gmt":"2017-03-28T13:46:09","guid":{"rendered":"https:\/\/myallmeeting.com\/coworking\/"},"modified":"2024-07-17T10:42:45","modified_gmt":"2024-07-17T08:42:45","slug":"coworking","status":"publish","type":"page","link":"https:\/\/www.myallmeeting.com\/it\/coworking\/","title":{"rendered":"Coworking"},"content":{"rendered":"<!-- START OF : Composant : block-periscope-theme-section-composant-30-texte-image-citation.php -->\n<div class=\"tic position-relative fs-wysiwyg pt-9 mb-5 mb-lg-22\" data-component=\"30-texte-image-citation\">\n\t<div class=\"container-fluid\" style=\"--bs-gutter-x: 0\">\n\t\t<div class=\"row\" style=\"--bs-gutter-x: 0\">\n\t\t\t<div class=\"col-lg-6 offset-lg-1\"> \n\t\t\t\t<div class=\"tic__top__img position-relative me-2 me-lg-0\">\n\t\t\t\t\t\t\t\t\t\t<img decoding=\"async\" src=\"https:\/\/www.myallmeeting.com\/wp-content\/uploads\/2024\/07\/6351-26-932x645.jpg\" alt=\"espace de coworking\" width=\"932\" height=\"562\" loading=\"lazy\" class=\"w-100\" \/>\n\t\t\t\t\t\t\t\t\t\t<div class=\"position-absolute text-white z-1 text-center t-0 l-0 w-100 p-4 pt-lg-8 pe-lg-20\">\n\t\t\t\t\t\t\t\t\t\t\t\t\t\t\t\t\t<\/div>\n\t\t\t\t<\/div>\n\t\t\t<\/div>\n\t\t\t<div class=\"col-lg-4\">\n\t\t\t\t<div class=\"tic__content position-relative bg-white pt-2 pb-0 px-2 py-lg-7 py-xl-9 px-lg-5 px-xl-10 pt-lg-9\">\n\t\t\t\t\t\t\t\t\t\t<div class=\"tic__surtitre position-lg-absolute t-0 l-0 mb-2 mx-lg-3 mt-lg-2 text-primary fw-semibold text-uppercase fs-10 fs-lg-12 fs-xl-18 lh-xs\">Venite a scoprire i nostri nuovi spazi di coworking e lavorate in modo diverso! <\/div>\n\t\t\t\t\t\t\t\t\t\t\t\t\t\t\t<div class=\"tic__content__titre unna fs-32 fs-xl-60 text-primary lh-xs mb-2 mb-lg-3 mb-xl-5\">Siete un lavoratore mobile che cerca una scrivania lontano dall&#039;ufficio? <\/div>\n\t\t\t\t\t\t\t\t\t\t\t\t\t\t\t<div class=\"fs-lg-13 fs-xl-18 mb-4 mb-xl-7 lh-sm\"><h3 style=\"text-align: left;\"><span data-contrast=\"none\" xml:lang=\"IT\" lang=\"IT\" class=\"TextRun SCXW8540432 BCX0\"><span class=\"NormalTextRun SCXW8540432 BCX0\" data-ccp-parastyle=\"heading 3\">Perch\u00e9 non provare il coworking presso Accor?<\/span><\/span><span class=\"EOP SCXW8540432 BCX0\" data-ccp-props=\"{&quot;134245418&quot;:true,&quot;134245529&quot;:true,&quot;201341983&quot;:0,&quot;335557856&quot;:16119028,&quot;335559738&quot;:525,&quot;335559739&quot;:525,&quot;335559740&quot;:259}\">\u00a0<\/span><\/h3>\n<p aria-level=\"4\"><span data-contrast=\"none\">Siete invitati a utilizzare i <\/span><b><span data-contrast=\"none\">nostri spazi di coworking, tranquilli e accoglienti<\/span><\/b><span data-contrast=\"none\">, per lavorare, studiare o organizzare una riunione.<\/span><span data-ccp-props=\"{&quot;134245418&quot;:true,&quot;134245529&quot;:true,&quot;201341983&quot;:0,&quot;335551550&quot;:6,&quot;335551620&quot;:6,&quot;335557856&quot;:16119028,&quot;335559738&quot;:165,&quot;335559739&quot;:165,&quot;335559740&quot;:259}\">\u00a0<\/span><\/p>\n<p aria-level=\"4\"><span data-contrast=\"none\">Spazi che incoraggiano la creativit\u00e0, lo scambio e la condivisione, pur rimanendo connessi.<\/span><span data-ccp-props=\"{&quot;134245418&quot;:true,&quot;134245529&quot;:true,&quot;201341983&quot;:0,&quot;335551550&quot;:6,&quot;335551620&quot;:6,&quot;335557856&quot;:16119028,&quot;335559738&quot;:165,&quot;335559739&quot;:165,&quot;335559740&quot;:259}\">\u00a0<\/span><\/p>\n<\/div>\n\t\t\t\t\t\t\t\t\t\t\t\t\t\t<\/div>\n\t\t\t<\/div>\n\t\t<\/div>\n\t<\/div>\n\t<div class=\"tic__blank bg-white pt-8 pt-lg-0\">\t\t\n\t\t<div class=\"container-fluid\" style=\"--bs-gutter-x: 0\">\n\t\t\t<div class=\"row\" style=\"--bs-gutter-x: 0\">\n\t\t\t\t<div class=\"col-lg-6\">\n\t\t\t\t\t<div class=\"tic__bottom position-relative bg-primary text-secondary pt-4 pb-5\">\n\t\t\t\t\t\t<div class=\"d-flex gap-1 gap-md-4\">\n\t\t\t\t\t\t\t<div class=\"tic__bottom__imgs d-flex flex-shrink-0 align-items-center\">\n\t\t\t\t\t\t\t\t\t\t\t\t\t\t\t\t<img decoding=\"async\" src=\"https:\/\/www.myallmeeting.com\/wp-content\/uploads\/2024\/07\/coworking-temoignage-1.png\" class=\"tic__bottom__img tic__bottom__img--1 of-cover rounded-3 opacity-50\" alt=\"\" width=\"192\" height=\"346\" loading=\"lazy\" \/>\n\t\t\t\t\t\t\t\t\t\t\t\t\t\t\t\t\t\t\t\t\t\t\t\t<img decoding=\"async\" src=\"https:\/\/www.myallmeeting.com\/wp-content\/uploads\/2024\/07\/coworking-temoignage-2.png\" class=\"tic__bottom__img tic__bottom__img--2 of-cover rounded-3 z-1\" alt=\"\" width=\"192\" height=\"346\" loading=\"lazy\" \/>\n\t\t\t\t\t\t\t\t\t\t\t\t\t\t\t<\/div>\n\t\t\t\t\t\t\t<div class=\"tic__bottom__quote text-secondary lh-xs\">\n\t\t\t\t\t\t\t\t\t\t\t\t\t\t\t\t\t\t\t\t\t\t\t\t\t\t\t\t\t\t\t<\/div>\n\t\t\t\t\t\t<\/div>\n\t\t\t\t\t\t\t\t\t\t\t<\/div>\n\t\t\t\t<\/div>\n\t\t\t<\/div>\n\t\t<\/div>\n\t<\/div>\n<\/div>\n<!-- END OF : Composant : block-periscope-theme-section-composant-30-texte-image-citation.php -->\n\n\n<!-- START OF : Composant : block-periscope-theme-section-composant-31-bloc-image-cta.php -->\n\t<div class=\"icta position-relative fs-wysiwyg icta--reverse\" data-component=\"31-bloc-image-cta\" data-reverse=\"oui\">\n\t\t<div class=\"container-fluid\">\n\t\t\t<div class=\"row\">\n\t\t\t\t<div class=\"col-lg-5 offset-lg-1 d-lg-flex\"> \n\t\t\t\t\t<div class=\"icta__content position-relative bg-white pt-2 pb-2 px-2 pb-lg-0 pt-lg-7 pt-xl-9 px-lg-7 px-xl-10 mt-lg-9 z-1\">\n\t\t\t\t\t\t\t\t\t\t\t\t\t\t\t\t\t\t<div class=\"unna fs-32 fs-lg-39 fs-xl-60 text-primary lh-xs mb-2 mb-xl-5\">Siete alla ricerca di un pacchetto flessibile e adatto alle vostre esigenze? <\/div>\n\t\t\t\t\t\t\t\t\t\t\t\t\t\t\t\t\t\t\t<div class=\"fs-lg-15 fs-xl-18 lh-sm \"><h3 style=\"text-align: left;\"><span data-contrast=\"none\" xml:lang=\"IT\" lang=\"IT\" class=\"TextRun SCXW189788502 BCX0\"><span class=\"NormalTextRun SCXW189788502 BCX0\" data-ccp-parastyle=\"heading 3\">Pagate al momento, e il resto \u00e8 gratis!<\/span><\/span><span class=\"EOP SCXW189788502 BCX0\" data-ccp-props=\"{&quot;134245418&quot;:true,&quot;134245529&quot;:true,&quot;201341983&quot;:0,&quot;335551550&quot;:6,&quot;335551620&quot;:6,&quot;335557856&quot;:16119028,&quot;335559738&quot;:525,&quot;335559739&quot;:525,&quot;335559740&quot;:259}\">\u00a0<\/span><\/h3>\n<p aria-level=\"4\"><span data-contrast=\"none\">Allestite a ore, mezza giornata o giornata intera, su un tavolo condiviso o in un&#8217; apposita alcova per una maggiore privacy.<\/span><span data-ccp-props=\"{&quot;134245418&quot;:true,&quot;134245529&quot;:true,&quot;201341983&quot;:0,&quot;335551550&quot;:6,&quot;335551620&quot;:6,&quot;335557856&quot;:16119028,&quot;335559738&quot;:165,&quot;335559739&quot;:165,&quot;335559740&quot;:259}\">\u00a0<\/span><\/p>\n<p aria-level=\"4\"><span data-contrast=\"none\">Le nostre offerte includono wifi ad alta velocit\u00e0, prese di corrente e stampante, oltre a bevande calde e acqua minerale illimitate.<\/span><span data-ccp-props=\"{&quot;134245418&quot;:true,&quot;134245529&quot;:true,&quot;201341983&quot;:0,&quot;335551550&quot;:6,&quot;335551620&quot;:6,&quot;335557856&quot;:16119028,&quot;335559738&quot;:165,&quot;335559739&quot;:165,&quot;335559740&quot;:259}\">\u00a0<\/span><\/p>\n<\/div>\n\t\t\t\t\t\t\t\t\t\t\t\t\t\t\t\t\t<\/div>\n\t\t\t\t<\/div>\n\t\t\t\t\t\t\t\t<div class=\"col-lg-5 order-first order-lg-last\">\n\t\t\t\t\t<div class=\"icta__top__img h-100 position-relative me-2 me-lg-0\">\n\t\t\t\t\t\t<img decoding=\"async\" src=\"https:\/\/www.myallmeeting.com\/wp-content\/uploads\/2024\/07\/6410-47-932x645.jpg\" alt=\"coworking\" width=\"932\" height=\"562\" loading=\"lazy\" \/>\n\t\t\t\t\t\t<div class=\"position-absolute text-white z-1 text-center t-0 l-0 w-100 pt-4 pt-lg-8\">\n\t\t\t\t\t\t\t\t\t\t\t\t\t\t\t\t\t\t<\/div>\n\t\t\t\t\t<\/div>\n\t\t\t\t<\/div>\n\t\t\t\t\t\t\t<\/div>\n\t\t<\/div>\n\t<\/div>\n<!-- END OF : Composant : block-periscope-theme-section-composant-31-bloc-image-cta.php -->\n\n\n<!-- START OF : Composant : block-periscope-theme-section-composant-31-bloc-image-cta.php -->\n\t<div class=\"icta position-relative fs-wysiwyg\" data-component=\"31-bloc-image-cta\" data-reverse=\"non\">\n\t\t<div class=\"container-fluid\">\n\t\t\t<div class=\"row\">\n\t\t\t\t\t\t\t\t<div class=\"col-lg-6 offset-lg-1\"> \n\t\t\t\t\t<div class=\"icta__top__img h-100 position-relative me-2 me-lg-0\">\n\t\t\t\t\t\t<img decoding=\"async\" src=\"https:\/\/www.myallmeeting.com\/wp-content\/uploads\/2024\/07\/7106-15-932x645.jpg\" alt=\"espace de coworking\" width=\"932\" height=\"562\" loading=\"lazy\" \/>\n\t\t\t\t\t\t<div class=\"position-absolute text-white z-1 text-center t-0 l-0 w-100 pt-4 pt-lg-8\">\n\t\t\t\t\t\t\t\t\t\t\t\t\t\t\t\t\t\t<\/div>\n\t\t\t\t\t<\/div>\n\t\t\t\t<\/div>\n\t\t\t\t\t\t\t\t<div class=\"col-lg-4 d-lg-flex\">\n\t\t\t\t\t<div class=\"icta__content position-relative bg-white pt-2 pb-2 px-2 pb-lg-0 pt-lg-7 pt-xl-9 px-lg-7 px-xl-10 mt-lg-9\">\n\t\t\t\t\t\t\t\t\t\t\t\t\t\t\t\t\t\t<div class=\"unna fs-32 fs-lg-39 fs-xl-60 text-primary lh-xs mb-2 mb-xl-5\">Wojo, supporto personalizzato sulla strada verso un ufficio flessibile <\/div>\n\t\t\t\t\t\t\t\t\t\t\t\t\t\t\t\t\t\t<div class=\"fs-lg-15 fs-xl-18 lh-sm \"><h3 style=\"text-align: left;\"><span data-contrast=\"none\" xml:lang=\"IT\" lang=\"IT\" class=\"TextRun SCXW10710452 BCX0\"><span class=\"NormalTextRun SCXW10710452 BCX0\" data-ccp-parastyle=\"heading 3\">Una rete ampliata grazie alla partnership con <\/span><span class=\"NormalTextRun SpellingErrorV2Themed SCXW10710452 BCX0\" data-ccp-parastyle=\"heading 3\">Wojo<\/span><span class=\"NormalTextRun SCXW10710452 BCX0\" data-ccp-parastyle=\"heading 3\">\u00a0<\/span><\/span><span class=\"EOP SCXW10710452 BCX0\" data-ccp-props=\"{&quot;134245418&quot;:true,&quot;134245529&quot;:true,&quot;201341983&quot;:0,&quot;335551550&quot;:6,&quot;335551620&quot;:6,&quot;335557856&quot;:16119028,&quot;335559738&quot;:525,&quot;335559739&quot;:525,&quot;335559740&quot;:259}\">\u00a0<\/span><\/h3>\n<p aria-level=\"4\"><span data-contrast=\"none\">Passare da un contratto di locazione commerciale<\/span><b><span data-contrast=\"none\"> a un ambiente pi\u00f9 flessibile&#8230;<\/span><\/b><span data-contrast=\"none\"> Un progetto enorme! Per <\/span><b><span data-contrast=\"none\">sostenervi in questa transizione<\/span><\/b><span data-contrast=\"none\"> e offrirvi <\/span><b><span data-contrast=\"none\">una soluzione su <\/span><\/b><span data-contrast=\"none\">misura per le vostre esigenze, Accor<\/span><span data-contrast=\"none\"> e Wojo,<\/span><span data-contrast=\"none\"> l&#8217;operatore esperto di aree di lavoro, hanno unito le forze per darvi accesso <\/span><b><span data-contrast=\"none\">a una vasta rete di 800 indirizzi in 100 citt\u00e0, sia in Francia che all&#8217;estero.<\/span><\/b><span data-ccp-props=\"{&quot;134245418&quot;:true,&quot;134245529&quot;:true,&quot;201341983&quot;:0,&quot;335551550&quot;:6,&quot;335551620&quot;:6,&quot;335557856&quot;:16119028,&quot;335559738&quot;:165,&quot;335559739&quot;:165,&quot;335559740&quot;:259}\">\u00a0<\/span><\/p>\n<p><span data-ccp-props=\"{&quot;201341983&quot;:0,&quot;335559739&quot;:160,&quot;335559740&quot;:259}\">\u00a0<\/span><\/p>\n<\/div>\n\t\t\t\t\t\t\t\t\t\t\t\t\t\t\t\t\t<\/div>\n\t\t\t\t<\/div>\n\t\t\t<\/div>\n\t\t<\/div>\n\t<\/div>\n<!-- END OF : Composant : block-periscope-theme-section-composant-31-bloc-image-cta.php -->\n\n\n<!-- START OF : Composant : block-periscope-theme-section-composant-31-bloc-image-cta.php -->\n\t<div class=\"icta position-relative fs-wysiwyg icta--reverse\" data-component=\"31-bloc-image-cta\" data-reverse=\"oui\">\n\t\t<div class=\"container-fluid\">\n\t\t\t<div class=\"row\">\n\t\t\t\t<div class=\"col-lg-5 offset-lg-1 d-lg-flex\"> \n\t\t\t\t\t<div class=\"icta__content position-relative bg-white pt-2 pb-2 px-2 pb-lg-0 pt-lg-7 pt-xl-9 px-lg-7 px-xl-10 mt-lg-9 z-1\">\n\t\t\t\t\t\t\t\t\t\t\t\t\t\t\t\t\t\t\t\t\t\t\t\t\t<div class=\"fs-lg-15 fs-xl-18 lh-sm \"><h3 style=\"text-align: left;\"><span data-contrast=\"auto\" xml:lang=\"IT\" lang=\"IT\" class=\"TextRun SCXW240903680 BCX0\"><span class=\"NormalTextRun SCXW240903680 BCX0\">Altri vantaggi?<\/span><\/span><span class=\"EOP SCXW240903680 BCX0\" data-ccp-props=\"{&quot;201341983&quot;:0,&quot;335559739&quot;:160,&quot;335559740&quot;:259}\">\u00a0<\/span><\/h3>\n<p><b><span data-contrast=\"none\">Una variet\u00e0 di spazi disponibili<\/span><\/b><span data-contrast=\"none\">. Coworking, sale riunioni, uffici privati&#8230; Non c&#8217;\u00e8 limite ai modi in cui potete riunire il vostro personale;<\/span><span data-ccp-props=\"{&quot;201341983&quot;:0,&quot;335559739&quot;:0,&quot;335559740&quot;:259,&quot;335572071&quot;:0,&quot;335572072&quot;:0,&quot;335572073&quot;:0,&quot;335572075&quot;:0,&quot;335572076&quot;:0,&quot;335572077&quot;:0,&quot;335572079&quot;:0,&quot;335572080&quot;:0,&quot;335572081&quot;:0,&quot;335572083&quot;:0,&quot;335572084&quot;:0,&quot;335572085&quot;:0,&quot;335572087&quot;:0,&quot;335572088&quot;:0,&quot;335572089&quot;:0,&quot;469789798&quot;:&quot;nil&quot;,&quot;469789802&quot;:&quot;nil&quot;,&quot;469789806&quot;:&quot;nil&quot;,&quot;469789810&quot;:&quot;nil&quot;,&quot;469789814&quot;:&quot;nil&quot;}\">\u00a0<\/span><\/p>\n<p><b><span data-contrast=\"none\">Un terreno fertile per l&#8217;intelligenza collettiva<\/span><\/b><span data-contrast=\"none\">. Sarete in contatto con aziende di tutte le dimensioni e di tutti i settori. Un ambiente ideale per ampliare la propria rete e incontrare futuri partner;<\/span><span data-ccp-props=\"{&quot;201341983&quot;:0,&quot;335559739&quot;:0,&quot;335559740&quot;:259,&quot;335572071&quot;:0,&quot;335572072&quot;:0,&quot;335572073&quot;:0,&quot;335572075&quot;:0,&quot;335572076&quot;:0,&quot;335572077&quot;:0,&quot;335572079&quot;:0,&quot;335572080&quot;:0,&quot;335572081&quot;:0,&quot;335572083&quot;:0,&quot;335572084&quot;:0,&quot;335572085&quot;:0,&quot;335572087&quot;:0,&quot;335572088&quot;:0,&quot;335572089&quot;:0,&quot;469789798&quot;:&quot;nil&quot;,&quot;469789802&quot;:&quot;nil&quot;,&quot;469789806&quot;:&quot;nil&quot;,&quot;469789810&quot;:&quot;nil&quot;,&quot;469789814&quot;:&quot;nil&quot;}\">\u00a0<\/span><\/p>\n<p><b><span data-contrast=\"none\">Benessere garantito<\/span><\/b><span data-contrast=\"none\">. I nostri team sono l\u00ec per prendersi cura di voi. In programma: servizi di ristorazione, relax, sport\u2026<\/span><span data-ccp-props=\"{&quot;201341983&quot;:0,&quot;335559739&quot;:160,&quot;335559740&quot;:259,&quot;335572071&quot;:0,&quot;335572072&quot;:0,&quot;335572073&quot;:0,&quot;335572075&quot;:0,&quot;335572076&quot;:0,&quot;335572077&quot;:0,&quot;335572079&quot;:0,&quot;335572080&quot;:0,&quot;335572081&quot;:0,&quot;335572083&quot;:0,&quot;335572084&quot;:0,&quot;335572085&quot;:0,&quot;335572087&quot;:0,&quot;335572088&quot;:0,&quot;335572089&quot;:0,&quot;469789798&quot;:&quot;nil&quot;,&quot;469789802&quot;:&quot;nil&quot;,&quot;469789806&quot;:&quot;nil&quot;,&quot;469789810&quot;:&quot;nil&quot;,&quot;469789814&quot;:&quot;nil&quot;}\">\u00a0<\/span><\/p>\n<p><span data-ccp-props=\"{&quot;201341983&quot;:0,&quot;335559739&quot;:160,&quot;335559740&quot;:259}\">\u00a0<\/span><\/p>\n<p><span data-contrast=\"auto\">Gli 800 indirizzi comprendono i due coworking <\/span><b><span data-contrast=\"auto\">Mama Works<\/span><\/b><span data-contrast=\"auto\"> del marchio <\/span><b><span data-contrast=\"auto\">Mama Shelter<\/span><\/b><span data-contrast=\"auto\">, che si \u00e8 associato a Wojo. Questi spazi di lavoro flessibili e condivisi offrono ai loro membri un <\/span><b><span data-contrast=\"auto\">ambiente amichevole e solidale in cui raggiungere i loro obiettivi di RSI<\/span><\/b><span data-contrast=\"auto\"> &#8211; valori condivisi da Wojo.<\/span><span data-ccp-props=\"{&quot;201341983&quot;:0,&quot;335559739&quot;:160,&quot;335559740&quot;:259}\">\u00a0<\/span><\/p>\n<\/div>\n\t\t\t\t\t\t\t\t\t\t\t\t\t\t\t\t\t<\/div>\n\t\t\t\t<\/div>\n\t\t\t\t\t\t\t\t<div class=\"col-lg-5 order-first order-lg-last\">\n\t\t\t\t\t<div class=\"icta__top__img h-100 position-relative me-2 me-lg-0\">\n\t\t\t\t\t\t<img decoding=\"async\" src=\"https:\/\/www.myallmeeting.com\/wp-content\/uploads\/2024\/07\/6873-14-932x645.jpg\" alt=\"espace coworking\" width=\"932\" height=\"562\" loading=\"lazy\" \/>\n\t\t\t\t\t\t<div class=\"position-absolute text-white z-1 text-center t-0 l-0 w-100 pt-4 pt-lg-8\">\n\t\t\t\t\t\t\t\t\t\t\t\t\t\t\t\t\t\t<\/div>\n\t\t\t\t\t<\/div>\n\t\t\t\t<\/div>\n\t\t\t\t\t\t\t<\/div>\n\t\t<\/div>\n\t<\/div>\n<!-- END OF : Composant : block-periscope-theme-section-composant-31-bloc-image-cta.php -->\n","protected":false},"excerpt":{"rendered":"<p>Adatta il tuo spazio di lavoro ai tuoi desideri e alle tue esigenze particolari! Scopri il co-working con Accor<\/p>\n","protected":false},"author":2,"featured_media":16038672,"parent":0,"menu_order":0,"comment_status":"closed","ping_status":"closed","template":"","meta":{"_acf_changed":true,"footnotes":""},"class_list":["post-16055126","page","type-page","status-publish","has-post-thumbnail","hentry"],"acf":[],"yoast_head":"<title>D\u00e9couvrez les espaces coworking Accor : travaillez autrement et avec flexibilit\u00e9<\/title>\n<meta name=\"description\" content=\"Explorez nos espaces coworking modernes et adapt\u00e9s aux travailleurs nomades chez Accor. Profitez d&#039;une offre flexible, de services inclus, et d&#039;un environnement propice \u00e0 la cr\u00e9ativit\u00e9 et \u00e0 la productivit\u00e9.\" \/>\n<meta name=\"robots\" content=\"index, follow, max-snippet:-1, max-image-preview:large, max-video-preview:-1\" \/>\n<link rel=\"canonical\" href=\"https:\/\/www.myallmeeting.com\/it\/wp-json\/wp\/v2\/pages\/16055126\" \/>\n<meta property=\"og:locale\" content=\"it_IT\" \/>\n<meta property=\"og:type\" content=\"article\" \/>\n<meta property=\"og:title\" content=\"D\u00e9couvrez les espaces coworking Accor : travaillez autrement et avec flexibilit\u00e9\" \/>\n<meta property=\"og:description\" content=\"Explorez nos espaces coworking modernes et adapt\u00e9s aux travailleurs nomades chez Accor. Profitez d&#039;une offre flexible, de services inclus, et d&#039;un environnement propice \u00e0 la cr\u00e9ativit\u00e9 et \u00e0 la productivit\u00e9.\" \/>\n<meta property=\"og:url\" content=\"https:\/\/www.myallmeeting.com\/it\/coworking\/\" \/>\n<meta property=\"og:site_name\" content=\"Accor MyAllMeeting.com\" \/>\n<meta property=\"article:modified_time\" content=\"2024-07-17T08:42:45+00:00\" \/>\n<meta property=\"og:image\" content=\"https:\/\/www.myallmeeting.com\/wp-content\/uploads\/2024\/07\/coworking-Accor.png\" \/>\n\t<meta property=\"og:image:width\" content=\"1920\" \/>\n\t<meta property=\"og:image:height\" content=\"570\" \/>\n\t<meta property=\"og:image:type\" content=\"image\/png\" \/>\n<meta name=\"twitter:card\" content=\"summary_large_image\" \/>\n<meta name=\"twitter:label1\" content=\"Est. reading time\" \/>\n\t<meta name=\"twitter:data1\" content=\"2 minutes\" \/>\n<script type=\"application\/ld+json\" class=\"yoast-schema-graph\">{\"@context\":\"https:\/\/schema.org\",\"@graph\":[{\"@type\":\"WebPage\",\"@id\":\"https:\/\/www.myallmeeting.com\/it\/coworking\/\",\"url\":\"https:\/\/www.myallmeeting.com\/it\/coworking\/\",\"name\":\"D\u00e9couvrez les espaces coworking Accor : travaillez autrement et avec flexibilit\u00e9\",\"isPartOf\":{\"@id\":\"https:\/\/www.myallmeeting.com\/it\/#website\"},\"primaryImageOfPage\":{\"@id\":\"https:\/\/www.myallmeeting.com\/it\/coworking\/#primaryimage\"},\"image\":{\"@id\":\"https:\/\/www.myallmeeting.com\/it\/coworking\/#primaryimage\"},\"thumbnailUrl\":\"https:\/\/www.myallmeeting.com\/wp-content\/uploads\/2024\/07\/coworking-Accor.png\",\"datePublished\":\"2017-03-28T13:46:09+00:00\",\"dateModified\":\"2024-07-17T08:42:45+00:00\",\"description\":\"Explorez nos espaces coworking modernes et adapt\u00e9s aux travailleurs nomades chez Accor. Profitez d'une offre flexible, de services inclus, et d'un environnement propice \u00e0 la cr\u00e9ativit\u00e9 et \u00e0 la productivit\u00e9.\",\"breadcrumb\":{\"@id\":\"https:\/\/www.myallmeeting.com\/it\/coworking\/#breadcrumb\"},\"inLanguage\":\"it-IT\",\"potentialAction\":[{\"@type\":\"ReadAction\",\"target\":[\"https:\/\/www.myallmeeting.com\/it\/coworking\/\"]}]},{\"@type\":\"ImageObject\",\"inLanguage\":\"it-IT\",\"@id\":\"https:\/\/www.myallmeeting.com\/it\/coworking\/#primaryimage\",\"url\":\"https:\/\/www.myallmeeting.com\/wp-content\/uploads\/2024\/07\/coworking-Accor.png\",\"contentUrl\":\"https:\/\/www.myallmeeting.com\/wp-content\/uploads\/2024\/07\/coworking-Accor.png\",\"width\":1920,\"height\":570,\"caption\":\"espace de coworking\"},{\"@type\":\"BreadcrumbList\",\"@id\":\"https:\/\/www.myallmeeting.com\/it\/coworking\/#breadcrumb\",\"itemListElement\":[{\"@type\":\"ListItem\",\"position\":1,\"name\":\"Pagina iniziale\",\"item\":\"https:\/\/myallmeeting.com\/it\/\"},{\"@type\":\"ListItem\",\"position\":2,\"name\":\"Coworking\"}]},{\"@type\":\"WebSite\",\"@id\":\"https:\/\/www.myallmeeting.com\/it\/#website\",\"url\":\"https:\/\/www.myallmeeting.com\/it\/\",\"name\":\"Accor MyAllMeeting.com\",\"description\":\"Les Meilleurs lieux pour vos Ev\u00e9nements Professionnels\",\"publisher\":{\"@id\":\"https:\/\/www.myallmeeting.com\/it\/#organization\"},\"potentialAction\":[{\"@type\":\"SearchAction\",\"target\":{\"@type\":\"EntryPoint\",\"urlTemplate\":\"https:\/\/www.myallmeeting.com\/it\/?s={search_term_string}\"},\"query-input\":{\"@type\":\"PropertyValueSpecification\",\"valueRequired\":true,\"valueName\":\"search_term_string\"}}],\"inLanguage\":\"it-IT\"},{\"@type\":\"Organization\",\"@id\":\"https:\/\/www.myallmeeting.com\/it\/#organization\",\"name\":\"ACCOR\",\"url\":\"https:\/\/www.myallmeeting.com\/it\/\",\"logo\":{\"@type\":\"ImageObject\",\"inLanguage\":\"it-IT\",\"@id\":\"https:\/\/www.myallmeeting.com\/it\/#\/schema\/logo\/image\/\",\"url\":\"\",\"contentUrl\":\"\",\"caption\":\"ACCOR\"},\"image\":{\"@id\":\"https:\/\/www.myallmeeting.com\/it\/#\/schema\/logo\/image\/\"}}]}<\/script>","yoast_head_json":{"title":"D\u00e9couvrez les espaces coworking Accor : travaillez autrement et avec flexibilit\u00e9","description":"Explorez nos espaces coworking modernes et adapt\u00e9s aux travailleurs nomades chez Accor. Profitez d'une offre flexible, de services inclus, et d'un environnement propice \u00e0 la cr\u00e9ativit\u00e9 et \u00e0 la productivit\u00e9.","robots":{"index":"index","follow":"follow","max-snippet":"max-snippet:-1","max-image-preview":"max-image-preview:large","max-video-preview":"max-video-preview:-1"},"canonical":"https:\/\/www.myallmeeting.com\/it\/wp-json\/wp\/v2\/pages\/16055126","og_locale":"it_IT","og_type":"article","og_title":"D\u00e9couvrez les espaces coworking Accor : travaillez autrement et avec flexibilit\u00e9","og_description":"Explorez nos espaces coworking modernes et adapt\u00e9s aux travailleurs nomades chez Accor. Profitez d'une offre flexible, de services inclus, et d'un environnement propice \u00e0 la cr\u00e9ativit\u00e9 et \u00e0 la productivit\u00e9.","og_url":"https:\/\/www.myallmeeting.com\/it\/coworking\/","og_site_name":"Accor MyAllMeeting.com","article_modified_time":"2024-07-17T08:42:45+00:00","og_image":[{"width":1920,"height":570,"url":"https:\/\/www.myallmeeting.com\/wp-content\/uploads\/2024\/07\/coworking-Accor.png","type":"image\/png"}],"twitter_card":"summary_large_image","twitter_misc":{"Est. reading time":"2 minutes"},"schema":{"@context":"https:\/\/schema.org","@graph":[{"@type":"WebPage","@id":"https:\/\/www.myallmeeting.com\/it\/coworking\/","url":"https:\/\/www.myallmeeting.com\/it\/coworking\/","name":"D\u00e9couvrez les espaces coworking Accor : travaillez autrement et avec flexibilit\u00e9","isPartOf":{"@id":"https:\/\/www.myallmeeting.com\/it\/#website"},"primaryImageOfPage":{"@id":"https:\/\/www.myallmeeting.com\/it\/coworking\/#primaryimage"},"image":{"@id":"https:\/\/www.myallmeeting.com\/it\/coworking\/#primaryimage"},"thumbnailUrl":"https:\/\/www.myallmeeting.com\/wp-content\/uploads\/2024\/07\/coworking-Accor.png","datePublished":"2017-03-28T13:46:09+00:00","dateModified":"2024-07-17T08:42:45+00:00","description":"Explorez nos espaces coworking modernes et adapt\u00e9s aux travailleurs nomades chez Accor. Profitez d'une offre flexible, de services inclus, et d'un environnement propice \u00e0 la cr\u00e9ativit\u00e9 et \u00e0 la productivit\u00e9.","breadcrumb":{"@id":"https:\/\/www.myallmeeting.com\/it\/coworking\/#breadcrumb"},"inLanguage":"it-IT","potentialAction":[{"@type":"ReadAction","target":["https:\/\/www.myallmeeting.com\/it\/coworking\/"]}]},{"@type":"ImageObject","inLanguage":"it-IT","@id":"https:\/\/www.myallmeeting.com\/it\/coworking\/#primaryimage","url":"https:\/\/www.myallmeeting.com\/wp-content\/uploads\/2024\/07\/coworking-Accor.png","contentUrl":"https:\/\/www.myallmeeting.com\/wp-content\/uploads\/2024\/07\/coworking-Accor.png","width":1920,"height":570,"caption":"espace de coworking"},{"@type":"BreadcrumbList","@id":"https:\/\/www.myallmeeting.com\/it\/coworking\/#breadcrumb","itemListElement":[{"@type":"ListItem","position":1,"name":"Pagina iniziale","item":"https:\/\/myallmeeting.com\/it\/"},{"@type":"ListItem","position":2,"name":"Coworking"}]},{"@type":"WebSite","@id":"https:\/\/www.myallmeeting.com\/it\/#website","url":"https:\/\/www.myallmeeting.com\/it\/","name":"Accor MyAllMeeting.com","description":"Les Meilleurs lieux pour vos Ev\u00e9nements Professionnels","publisher":{"@id":"https:\/\/www.myallmeeting.com\/it\/#organization"},"potentialAction":[{"@type":"SearchAction","target":{"@type":"EntryPoint","urlTemplate":"https:\/\/www.myallmeeting.com\/it\/?s={search_term_string}"},"query-input":{"@type":"PropertyValueSpecification","valueRequired":true,"valueName":"search_term_string"}}],"inLanguage":"it-IT"},{"@type":"Organization","@id":"https:\/\/www.myallmeeting.com\/it\/#organization","name":"ACCOR","url":"https:\/\/www.myallmeeting.com\/it\/","logo":{"@type":"ImageObject","inLanguage":"it-IT","@id":"https:\/\/www.myallmeeting.com\/it\/#\/schema\/logo\/image\/","url":"","contentUrl":"","caption":"ACCOR"},"image":{"@id":"https:\/\/www.myallmeeting.com\/it\/#\/schema\/logo\/image\/"}}]}},"_links":{"self":[{"href":"https:\/\/www.myallmeeting.com\/it\/wp-json\/wp\/v2\/pages\/16055126","targetHints":{"allow":["GET"]}}],"collection":[{"href":"https:\/\/www.myallmeeting.com\/it\/wp-json\/wp\/v2\/pages"}],"about":[{"href":"https:\/\/www.myallmeeting.com\/it\/wp-json\/wp\/v2\/types\/page"}],"author":[{"embeddable":true,"href":"https:\/\/www.myallmeeting.com\/it\/wp-json\/wp\/v2\/users\/2"}],"replies":[{"embeddable":true,"href":"https:\/\/www.myallmeeting.com\/it\/wp-json\/wp\/v2\/comments?post=16055126"}],"version-history":[{"count":0,"href":"https:\/\/www.myallmeeting.com\/it\/wp-json\/wp\/v2\/pages\/16055126\/revisions"}],"wp:featuredmedia":[{"embeddable":true,"href":"https:\/\/www.myallmeeting.com\/it\/wp-json\/wp\/v2\/media\/16038672"}],"wp:attachment":[{"href":"https:\/\/www.myallmeeting.com\/it\/wp-json\/wp\/v2\/media?parent=16055126"}],"curies":[{"name":"wp","href":"https:\/\/api.w.org\/{rel}","templated":true}]}}