{"id":905,"date":"2016-02-26T10:35:31","date_gmt":"2016-02-26T09:35:31","guid":{"rendered":"https:\/\/myallmeeting.com\/?page_id=905"},"modified":"2024-07-11T15:58:41","modified_gmt":"2024-07-11T13:58:41","slug":"nous-contacter","status":"publish","type":"page","link":"https:\/\/www.myallmeeting.com\/fr\/nous-contacter\/","title":{"rendered":"Demande de devis"},"content":{"rendered":"<div class=\"container fs-wysiwyg mb-5\">\n<p><em>Accor SA, responsable du traitement, traite les donn\u00e9es personnelles que vous fournissez \u00e0 l\u2019occasion de votre s\u00e9jour pour les besoins de l\u2019ex\u00e9cution des prestations aux fin de gestion commerciale des r\u00e9servations et, sur la base de l\u2019int\u00e9r\u00eat l\u00e9gitime, pour les besoins de ses activit\u00e9s marketing (y compris des campagnes marketing cibl\u00e9es). Les donn\u00e9es sont communiqu\u00e9es aux entit\u00e9s juridiques du groupe Accor et \u00e0 tous les prestataires de services. Les donn\u00e9es peuvent \u00eatre transf\u00e9r\u00e9es vers des pays qui n\u2019assurent pas un niveau ad\u00e9quat de protection. Par cons\u00e9quent, des garanties appropri\u00e9es et adapt\u00e9es sont mises en place, dont vous pouvez demander \u00e0 en obtenir copie \u00e0 l\u2019adresse ci-dessous. Sauf dispositions l\u00e9gislatives ou r\u00e9glementaires contraires, vos donn\u00e9es sont conserv\u00e9es pendant 6 ans. Vous avez le droit de demander l\u2019acc\u00e8s \u00e0 vos donn\u00e9es personnelles, leur rectification, leur effacement, la limitation ou l\u2019opposition au traitement, la portabilit\u00e9 de vos donn\u00e9es, ainsi que la possibilit\u00e9 de donner des instructions sur la mani\u00e8re dont ces donn\u00e9es doivent \u00eatre trait\u00e9es apr\u00e8s votre mort. Vous avez \u00e9galement le droit de d\u00e9poser une plainte aupr\u00e8s d\u2019une autorit\u00e9 de contr\u00f4le. Pour exercer ces droits, vous pouvez \u00e9crire \u00e0 ACCOR Direction Marketing B2B France (9B14H) CS20077  82 rue Henri Farman 92445 Issy les Moulineaux  Vous pouvez \u00e9galement contacter le D\u00e9l\u00e9gu\u00e9 \u00e0 la Protection des donn\u00e9es de Accor en \u00e9crivant \u00e0<span> <\/span><a href=\"mailto:data.privacy@accor.com\" target=\"_blank\" rel=\"noopener\">data.privacy@accor.com<\/a><span> <\/span>ou introduire une r\u00e9clamation aupr\u00e8s d\u2019une autorit\u00e9 de contr\u00f4le. Pour plus d\u2019informations sur le traitement des donn\u00e9es personnelles au sein du Groupe Accor, vous pouvez consulter notre Charte de protection des donn\u00e9es personnelles sur le site<span> <\/span><a href=\"http:\/\/www.all.accor.com\/\" target=\"_blank\" rel=\"noopener\">www.all.accor.com<\/a><\/em><\/p>\n<\/div>","protected":false},"excerpt":{"rendered":"<p>ACCOR MET \u00c0 VOTRE DISPOSITION UNE \u00c9QUIPE D\u2019EXPERTS POUR VOUS ACCOMPAGNER N\u2019H\u00c9SITEZ PAS \u00c0 NOUS SOUMETTRE VOTRE CAHIER DES CHARGES EN COMPL\u00c9TANT LE FORMULAIRE CI-DESSOUS !<\/p>\n","protected":false},"author":1,"featured_media":16046498,"parent":0,"menu_order":0,"comment_status":"closed","ping_status":"closed","template":"page-contact.php","meta":{"_acf_changed":false,"footnotes":""},"class_list":["post-905","page","type-page","status-publish","has-post-thumbnail","hentry"],"acf":[],"yoast_head":"<title>Contacter un conseiller expert pour votre projet - MonMeeting<\/title>\n<meta name=\"description\" content=\"AccorHotels met \u00e0 votre disposition une \u00e9quipe d\u2019experts pour vous accompagner dans l&#039;organisation de votre \u00e9v\u00e8nement professionnel.\" \/>\n<meta name=\"robots\" content=\"index, follow, max-snippet:-1, max-image-preview:large, max-video-preview:-1\" \/>\n<link rel=\"canonical\" href=\"https:\/\/www.myallmeeting.com\/fr\/wp-json\/wp\/v2\/pages\/905\" \/>\n<meta property=\"og:locale\" content=\"fr_FR\" \/>\n<meta property=\"og:type\" content=\"article\" \/>\n<meta property=\"og:title\" content=\"Contacter un conseiller expert pour votre projet - MonMeeting\" \/>\n<meta property=\"og:description\" content=\"AccorHotels met \u00e0 votre disposition une \u00e9quipe d\u2019experts pour vous accompagner dans l&#039;organisation de votre \u00e9v\u00e8nement professionnel.\" \/>\n<meta property=\"og:url\" content=\"https:\/\/www.myallmeeting.com\/fr\/nous-contacter\/\" \/>\n<meta property=\"og:site_name\" content=\"Accor MyAllMeeting.com\" \/>\n<meta property=\"article:modified_time\" content=\"2024-07-11T13:58:41+00:00\" \/>\n<meta property=\"og:image\" content=\"https:\/\/myallmeeting.com\/wp-content\/uploads\/2024\/07\/Demande-de-devis-banniere.png\" \/>\n\t<meta property=\"og:image:width\" content=\"1920\" \/>\n\t<meta property=\"og:image:height\" content=\"570\" \/>\n\t<meta property=\"og:image:type\" content=\"image\/png\" \/>\n<meta name=\"twitter:card\" content=\"summary_large_image\" \/>\n<meta name=\"twitter:label1\" content=\"Dur\u00e9e de lecture estim\u00e9e\" \/>\n\t<meta name=\"twitter:data1\" content=\"2 minutes\" \/>\n<script type=\"application\/ld+json\" class=\"yoast-schema-graph\">{\"@context\":\"https:\/\/schema.org\",\"@graph\":[{\"@type\":\"WebPage\",\"@id\":\"https:\/\/www.myallmeeting.com\/fr\/nous-contacter\/\",\"url\":\"https:\/\/www.myallmeeting.com\/fr\/nous-contacter\/\",\"name\":\"Contacter un conseiller expert pour votre projet - MonMeeting\",\"isPartOf\":{\"@id\":\"https:\/\/www.myallmeeting.com\/fr\/#website\"},\"primaryImageOfPage\":{\"@id\":\"https:\/\/www.myallmeeting.com\/fr\/nous-contacter\/#primaryimage\"},\"image\":{\"@id\":\"https:\/\/www.myallmeeting.com\/fr\/nous-contacter\/#primaryimage\"},\"thumbnailUrl\":\"https:\/\/www.myallmeeting.com\/wp-content\/uploads\/2024\/07\/Demande-de-devis-banniere.png\",\"datePublished\":\"2016-02-26T09:35:31+00:00\",\"dateModified\":\"2024-07-11T13:58:41+00:00\",\"description\":\"AccorHotels met \u00e0 votre disposition une \u00e9quipe d\u2019experts pour vous accompagner dans l'organisation de votre \u00e9v\u00e8nement professionnel.\",\"breadcrumb\":{\"@id\":\"https:\/\/www.myallmeeting.com\/fr\/nous-contacter\/#breadcrumb\"},\"inLanguage\":\"fr-FR\",\"potentialAction\":[{\"@type\":\"ReadAction\",\"target\":[\"https:\/\/www.myallmeeting.com\/fr\/nous-contacter\/\"]}]},{\"@type\":\"ImageObject\",\"inLanguage\":\"fr-FR\",\"@id\":\"https:\/\/www.myallmeeting.com\/fr\/nous-contacter\/#primaryimage\",\"url\":\"https:\/\/www.myallmeeting.com\/wp-content\/uploads\/2024\/07\/Demande-de-devis-banniere.png\",\"contentUrl\":\"https:\/\/www.myallmeeting.com\/wp-content\/uploads\/2024\/07\/Demande-de-devis-banniere.png\",\"width\":1920,\"height\":570,\"caption\":\"demande de devis\"},{\"@type\":\"BreadcrumbList\",\"@id\":\"https:\/\/www.myallmeeting.com\/fr\/nous-contacter\/#breadcrumb\",\"itemListElement\":[{\"@type\":\"ListItem\",\"position\":1,\"name\":\"Accueil\",\"item\":\"https:\/\/myallmeeting.com\/fr\/\"},{\"@type\":\"ListItem\",\"position\":2,\"name\":\"Demande de devis\"}]},{\"@type\":\"WebSite\",\"@id\":\"https:\/\/www.myallmeeting.com\/fr\/#website\",\"url\":\"https:\/\/www.myallmeeting.com\/fr\/\",\"name\":\"Accor MyAllMeeting.com\",\"description\":\"Les Meilleurs lieux pour vos Ev\u00e9nements Professionnels\",\"publisher\":{\"@id\":\"https:\/\/www.myallmeeting.com\/fr\/#organization\"},\"potentialAction\":[{\"@type\":\"SearchAction\",\"target\":{\"@type\":\"EntryPoint\",\"urlTemplate\":\"https:\/\/www.myallmeeting.com\/fr\/?s={search_term_string}\"},\"query-input\":{\"@type\":\"PropertyValueSpecification\",\"valueRequired\":true,\"valueName\":\"search_term_string\"}}],\"inLanguage\":\"fr-FR\"},{\"@type\":\"Organization\",\"@id\":\"https:\/\/www.myallmeeting.com\/fr\/#organization\",\"name\":\"ACCOR\",\"url\":\"https:\/\/www.myallmeeting.com\/fr\/\",\"logo\":{\"@type\":\"ImageObject\",\"inLanguage\":\"fr-FR\",\"@id\":\"https:\/\/www.myallmeeting.com\/fr\/#\/schema\/logo\/image\/\",\"url\":\"\",\"contentUrl\":\"\",\"caption\":\"ACCOR\"},\"image\":{\"@id\":\"https:\/\/www.myallmeeting.com\/fr\/#\/schema\/logo\/image\/\"}}]}<\/script>","yoast_head_json":{"title":"Contacter un conseiller expert pour votre projet - MonMeeting","description":"AccorHotels met \u00e0 votre disposition une \u00e9quipe d\u2019experts pour vous accompagner dans l'organisation de votre \u00e9v\u00e8nement professionnel.","robots":{"index":"index","follow":"follow","max-snippet":"max-snippet:-1","max-image-preview":"max-image-preview:large","max-video-preview":"max-video-preview:-1"},"canonical":"https:\/\/www.myallmeeting.com\/fr\/wp-json\/wp\/v2\/pages\/905","og_locale":"fr_FR","og_type":"article","og_title":"Contacter un conseiller expert pour votre projet - MonMeeting","og_description":"AccorHotels met \u00e0 votre disposition une \u00e9quipe d\u2019experts pour vous accompagner dans l'organisation de votre \u00e9v\u00e8nement professionnel.","og_url":"https:\/\/www.myallmeeting.com\/fr\/nous-contacter\/","og_site_name":"Accor MyAllMeeting.com","article_modified_time":"2024-07-11T13:58:41+00:00","og_image":[{"width":1920,"height":570,"url":"https:\/\/myallmeeting.com\/wp-content\/uploads\/2024\/07\/Demande-de-devis-banniere.png","type":"image\/png"}],"twitter_card":"summary_large_image","twitter_misc":{"Dur\u00e9e de lecture estim\u00e9e":"2 minutes"},"schema":{"@context":"https:\/\/schema.org","@graph":[{"@type":"WebPage","@id":"https:\/\/www.myallmeeting.com\/fr\/nous-contacter\/","url":"https:\/\/www.myallmeeting.com\/fr\/nous-contacter\/","name":"Contacter un conseiller expert pour votre projet - MonMeeting","isPartOf":{"@id":"https:\/\/www.myallmeeting.com\/fr\/#website"},"primaryImageOfPage":{"@id":"https:\/\/www.myallmeeting.com\/fr\/nous-contacter\/#primaryimage"},"image":{"@id":"https:\/\/www.myallmeeting.com\/fr\/nous-contacter\/#primaryimage"},"thumbnailUrl":"https:\/\/www.myallmeeting.com\/wp-content\/uploads\/2024\/07\/Demande-de-devis-banniere.png","datePublished":"2016-02-26T09:35:31+00:00","dateModified":"2024-07-11T13:58:41+00:00","description":"AccorHotels met \u00e0 votre disposition une \u00e9quipe d\u2019experts pour vous accompagner dans l'organisation de votre \u00e9v\u00e8nement professionnel.","breadcrumb":{"@id":"https:\/\/www.myallmeeting.com\/fr\/nous-contacter\/#breadcrumb"},"inLanguage":"fr-FR","potentialAction":[{"@type":"ReadAction","target":["https:\/\/www.myallmeeting.com\/fr\/nous-contacter\/"]}]},{"@type":"ImageObject","inLanguage":"fr-FR","@id":"https:\/\/www.myallmeeting.com\/fr\/nous-contacter\/#primaryimage","url":"https:\/\/www.myallmeeting.com\/wp-content\/uploads\/2024\/07\/Demande-de-devis-banniere.png","contentUrl":"https:\/\/www.myallmeeting.com\/wp-content\/uploads\/2024\/07\/Demande-de-devis-banniere.png","width":1920,"height":570,"caption":"demande de devis"},{"@type":"BreadcrumbList","@id":"https:\/\/www.myallmeeting.com\/fr\/nous-contacter\/#breadcrumb","itemListElement":[{"@type":"ListItem","position":1,"name":"Accueil","item":"https:\/\/myallmeeting.com\/fr\/"},{"@type":"ListItem","position":2,"name":"Demande de devis"}]},{"@type":"WebSite","@id":"https:\/\/www.myallmeeting.com\/fr\/#website","url":"https:\/\/www.myallmeeting.com\/fr\/","name":"Accor MyAllMeeting.com","description":"Les Meilleurs lieux pour vos Ev\u00e9nements Professionnels","publisher":{"@id":"https:\/\/www.myallmeeting.com\/fr\/#organization"},"potentialAction":[{"@type":"SearchAction","target":{"@type":"EntryPoint","urlTemplate":"https:\/\/www.myallmeeting.com\/fr\/?s={search_term_string}"},"query-input":{"@type":"PropertyValueSpecification","valueRequired":true,"valueName":"search_term_string"}}],"inLanguage":"fr-FR"},{"@type":"Organization","@id":"https:\/\/www.myallmeeting.com\/fr\/#organization","name":"ACCOR","url":"https:\/\/www.myallmeeting.com\/fr\/","logo":{"@type":"ImageObject","inLanguage":"fr-FR","@id":"https:\/\/www.myallmeeting.com\/fr\/#\/schema\/logo\/image\/","url":"","contentUrl":"","caption":"ACCOR"},"image":{"@id":"https:\/\/www.myallmeeting.com\/fr\/#\/schema\/logo\/image\/"}}]}},"_links":{"self":[{"href":"https:\/\/www.myallmeeting.com\/fr\/wp-json\/wp\/v2\/pages\/905","targetHints":{"allow":["GET"]}}],"collection":[{"href":"https:\/\/www.myallmeeting.com\/fr\/wp-json\/wp\/v2\/pages"}],"about":[{"href":"https:\/\/www.myallmeeting.com\/fr\/wp-json\/wp\/v2\/types\/page"}],"author":[{"embeddable":true,"href":"https:\/\/www.myallmeeting.com\/fr\/wp-json\/wp\/v2\/users\/1"}],"replies":[{"embeddable":true,"href":"https:\/\/www.myallmeeting.com\/fr\/wp-json\/wp\/v2\/comments?post=905"}],"version-history":[{"count":0,"href":"https:\/\/www.myallmeeting.com\/fr\/wp-json\/wp\/v2\/pages\/905\/revisions"}],"wp:featuredmedia":[{"embeddable":true,"href":"https:\/\/www.myallmeeting.com\/fr\/wp-json\/wp\/v2\/media\/16046498"}],"wp:attachment":[{"href":"https:\/\/www.myallmeeting.com\/fr\/wp-json\/wp\/v2\/media?parent=905"}],"curies":[{"name":"wp","href":"https:\/\/api.w.org\/{rel}","templated":true}]}}