{"id":27129,"date":"2018-07-23T10:35:18","date_gmt":"2018-07-23T08:35:18","guid":{"rendered":"https:\/\/myallmeeting.com\/?page_id=27129"},"modified":"2024-07-12T12:34:39","modified_gmt":"2024-07-12T10:34:39","slug":"evenements-dexception","status":"publish","type":"page","link":"https:\/\/www.myallmeeting.com\/fr\/evenements-dexception\/","title":{"rendered":"Ev\u00e8nements d&rsquo;exception"},"content":{"rendered":"<!-- START OF : Composant : block-periscope-theme-section-composant-30-texte-image-citation.php -->\n<div class=\"tic position-relative fs-wysiwyg pt-9 mb-5 mb-lg-22\" data-component=\"30-texte-image-citation\">\n\t<div class=\"container-fluid\" style=\"--bs-gutter-x: 0\">\n\t\t<div class=\"row\" style=\"--bs-gutter-x: 0\">\n\t\t\t<div class=\"col-lg-6 offset-lg-1\"> \n\t\t\t\t<div class=\"tic__top__img position-relative me-2 me-lg-0\">\n\t\t\t\t\t\t\t\t\t\t<img decoding=\"async\" src=\"https:\/\/www.myallmeeting.com\/wp-content\/uploads\/2024\/07\/6286-02-1-932x645.jpg\" alt=\"organisation \u00e9v\u00e8nement d&#039;exception\" width=\"932\" height=\"562\" loading=\"lazy\" class=\"w-100\" \/>\n\t\t\t\t\t\t\t\t\t\t<div class=\"position-absolute text-white z-1 text-center t-0 l-0 w-100 p-4 pt-lg-8 pe-lg-20\">\n\t\t\t\t\t\t\t\t\t\t\t\t<div class=\"fw-medium fs-14 fs-xl-18 ls-20 lh-xs text-uppercase\">Ne recherchez que<\/div>\n\t\t\t\t\t\t\t\t\t\t\t\t\t\t\t\t\t\t<div class=\"unna fs-italic fs-32 fs-lg-46 fs-xl-60 ls-20 lh-1\">l&#039;exceptionnel<\/div>\n\t\t\t\t\t\t\t\t\t\t\t<\/div>\n\t\t\t\t<\/div>\n\t\t\t<\/div>\n\t\t\t<div class=\"col-lg-4\">\n\t\t\t\t<div class=\"tic__content position-relative bg-white pt-2 pb-0 px-2 py-lg-7 py-xl-9 px-lg-5 px-xl-10 pt-lg-9\">\n\t\t\t\t\t\t\t\t\t\t<div class=\"tic__surtitre position-lg-absolute t-0 l-0 mb-2 mx-lg-3 mt-lg-2 text-primary fw-semibold text-uppercase fs-10 fs-lg-12 fs-xl-18 lh-xs\">\u00c9v\u00e8nements d\u2019exception<\/div>\n\t\t\t\t\t\t\t\t\t\t\t\t\t\t\t<div class=\"tic__content__titre unna fs-32 fs-xl-60 text-primary lh-xs mb-2 mb-lg-3 mb-xl-5\">Des lieux extraordinaires pour des \u00e9v\u00e9nements uniques<\/div>\n\t\t\t\t\t\t\t\t\t\t\t\t\t\t\t<div class=\"fs-lg-13 fs-xl-18 mb-4 mb-xl-7 lh-sm\"><p><span data-contrast=\"auto\">Rechercher un<\/span><b><span data-contrast=\"auto\"> lieu d\u2019exception pour un \u00e9v\u00e9nement d\u2019exception\u2026<\/span><\/b><span data-contrast=\"auto\">. La mission n\u2019est pas forc\u00e9ment des plus simples. Et si un professionnel de l\u2019\u00e9v\u00e9nementiel et de l\u2019hospitalit\u00e9 \u201c\u00e0 la fran\u00e7aise\u201d proposait \u00e0 ses clients des<\/span><b><span data-contrast=\"auto\"> lieux haut de gamme<\/span><\/b><span data-contrast=\"auto\"> pour leurs events ? C\u2019est pr\u00e9cis\u00e9ment l\u2019ambition de Paris Society. Pr\u00e9sentation.\u00a0<\/span><span data-ccp-props=\"{&quot;201341983&quot;:0,&quot;335559739&quot;:160,&quot;335559740&quot;:259}\">\u00a0<\/span><\/p>\n<p><span data-ccp-props=\"{&quot;201341983&quot;:0,&quot;335559739&quot;:160,&quot;335559740&quot;:259}\">\u00a0<\/span><\/p>\n<\/div>\n\t\t\t\t\t\t\t\t\t\t\t\t\t\t<\/div>\n\t\t\t<\/div>\n\t\t<\/div>\n\t<\/div>\n\t<div class=\"tic__blank bg-white pt-8 pt-lg-0\">\t\t\n\t\t<div class=\"container-fluid\" style=\"--bs-gutter-x: 0\">\n\t\t\t<div class=\"row\" style=\"--bs-gutter-x: 0\">\n\t\t\t\t<div class=\"col-lg-6\">\n\t\t\t\t\t<div class=\"tic__bottom position-relative bg-primary text-secondary pt-4 pb-5\">\n\t\t\t\t\t\t<div class=\"d-flex gap-1 gap-md-4\">\n\t\t\t\t\t\t\t<div class=\"tic__bottom__imgs d-flex flex-shrink-0 align-items-center\">\n\t\t\t\t\t\t\t\t\t\t\t\t\t\t\t\t<img decoding=\"async\" src=\"https:\/\/www.myallmeeting.com\/wp-content\/uploads\/2024\/07\/6371-64.jpg\" class=\"tic__bottom__img tic__bottom__img--1 of-cover rounded-3 opacity-50\" alt=\"\u00e9v\u00e8nement haut de gamme en ext\u00e9rieur\" width=\"192\" height=\"346\" loading=\"lazy\" \/>\n\t\t\t\t\t\t\t\t\t\t\t\t\t\t\t\t\t\t\t\t\t\t\t\t<img decoding=\"async\" src=\"https:\/\/www.myallmeeting.com\/wp-content\/uploads\/2024\/07\/4587-58.jpg\" class=\"tic__bottom__img tic__bottom__img--2 of-cover rounded-3 z-1\" alt=\"soir\u00e9e haut de gamme\" width=\"192\" height=\"346\" loading=\"lazy\" \/>\n\t\t\t\t\t\t\t\t\t\t\t\t\t\t\t<\/div>\n\t\t\t\t\t\t\t<div class=\"tic__bottom__quote text-secondary lh-xs\">\n\t\t\t\t\t\t\t\t\t\t\t\t\t\t\t\t<div class=\"unna fs-18 fs-lg-19 fs-xl-30 mb-2 mb-xl-3\">Un \u00e9v\u00e8nement qui restera dans les m\u00e9moires !<\/div>\n\t\t\t\t\t\t\t\t\t\t\t\t\t\t\t\t\t\t\t\t\t\t\t\t<div class=\"fs-12 fs-xl-18 fw-medium mb-xl-1\">Philippe A.<\/div>\n\t\t\t\t\t\t\t\t\t\t\t\t\t\t\t\t\t\t\t\t\t\t\t\t<div class=\"fs-10 fs-lg-8 fs-xl-12 fw-lg-medium text-uppercase\">Directeur G\u00e9n\u00e9ral<\/div>\n\t\t\t\t\t\t\t\t\t\t\t\t\t\t\t<\/div>\n\t\t\t\t\t\t<\/div>\n\t\t\t\t\t\t\t\t\t\t\t<\/div>\n\t\t\t\t<\/div>\n\t\t\t<\/div>\n\t\t<\/div>\n\t<\/div>\n<\/div>\n<!-- END OF : Composant : block-periscope-theme-section-composant-30-texte-image-citation.php -->\n\n\n<!-- START OF : Composant : block-periscope-theme-section-composant-31-bloc-image-cta.php -->\n\t<div class=\"icta position-relative fs-wysiwyg icta--reverse\" data-component=\"31-bloc-image-cta\" data-reverse=\"oui\">\n\t\t<div class=\"container-fluid\">\n\t\t\t<div class=\"row\">\n\t\t\t\t<div class=\"col-lg-5 offset-lg-1 d-lg-flex\"> \n\t\t\t\t\t<div class=\"icta__content position-relative bg-white pt-2 pb-2 px-2 pb-lg-0 pt-lg-7 pt-xl-9 px-lg-7 px-xl-10 mt-lg-9 z-1\">\n\t\t\t\t\t\t\t\t\t\t\t\t<div class=\"position-lg-absolute t-0 l-0 mb-2 mx-lg-3 mt-lg-2 text-primary fw-semibold text-uppercase fs-10 fs-lg-12 fs-xl-18 lh-xs\">Paris Society<\/div>\n\t\t\t\t\t\t\t\t\t\t\t\t\t\t\t\t\t\t<div class=\"unna fs-32 fs-lg-39 fs-xl-60 text-primary lh-xs mb-2 mb-xl-5\">Paris Society, une collection de lieux uniques<\/div>\n\t\t\t\t\t\t\t\t\t\t\t\t\t\t\t\t\t\t\t<div class=\"fs-lg-15 fs-xl-18 lh-sm \"><p><a href=\"https:\/\/paris-society-events.com\/\">Paris Society<\/a> propose depuis 2008 une <strong>offre compl\u00e8te de lieux haut de gamme adapt\u00e9e \u00e0 ses clients<\/strong>, pour l&rsquo;organisation de tout type d&rsquo;\u00e9v\u00e9nement. Avec comme principal mot d\u2019ordre l\u2019<strong>hospitalit\u00e9<\/strong>.<\/p>\n<p>Son fondateur Laurent de Gourcuff est celui en parle le mieux :<\/p>\n<p>L&rsquo;hospitalit\u00e9 est la valeur qui r\u00e9sume le mieux notre ADN. Elle porte en elle les graines de notre d\u00e9veloppement futur. Paris Society est un groupe port\u00e9 par une ambition simple, r\u00e9inventer l\u2019art de recevoir.<\/p>\n<p>Et pour bien recevoir, Paris Society met \u00e0 disposition des <strong>espaces atypiques branch\u00e9s ou classiques, lieux historiques ou plus contemporains<\/strong>. Ses \u00e9tablissements \u00e9quip\u00e9s et fonctionnels disposent de caract\u00e9ristiques diverses permettant de trouver \u201cla\u201d r\u00e9ponse ad\u00e9quate pour <strong>chaque demande \u00e9v\u00e9nementielle, priv\u00e9e ou corporate<\/strong>.<\/p>\n<\/div>\n\t\t\t\t\t\t\t\t\t\t\t\t\t\t\t\t\t<\/div>\n\t\t\t\t<\/div>\n\t\t\t\t\t\t\t\t<div class=\"col-lg-5 order-first order-lg-last\">\n\t\t\t\t\t<div class=\"icta__top__img h-100 position-relative me-2 me-lg-0\">\n\t\t\t\t\t\t<img decoding=\"async\" src=\"https:\/\/www.myallmeeting.com\/wp-content\/uploads\/2024\/07\/Fairmont-Monte-Carlo-5-932x645.jpg\" alt=\"\u00e9v\u00e8nement d&#039;exception\" width=\"932\" height=\"562\" loading=\"lazy\" \/>\n\t\t\t\t\t\t<div class=\"position-absolute text-white z-1 text-center t-0 l-0 w-100 pt-4 pt-lg-8\">\n\t\t\t\t\t\t\t\t\t\t\t\t\t\t\t\t\t\t<\/div>\n\t\t\t\t\t<\/div>\n\t\t\t\t<\/div>\n\t\t\t\t\t\t\t<\/div>\n\t\t<\/div>\n\t<\/div>\n<!-- END OF : Composant : block-periscope-theme-section-composant-31-bloc-image-cta.php -->\n\n\n<!-- START OF : Composant : block-periscope-theme-section-composant-31-bloc-image-cta.php -->\n\t<div class=\"icta position-relative fs-wysiwyg\" data-component=\"31-bloc-image-cta\" data-reverse=\"non\">\n\t\t<div class=\"container-fluid\">\n\t\t\t<div class=\"row\">\n\t\t\t\t\t\t\t\t<div class=\"col-lg-6 offset-lg-1\"> \n\t\t\t\t\t<div class=\"icta__top__img h-100 position-relative me-2 me-lg-0\">\n\t\t\t\t\t\t<img decoding=\"async\" src=\"https:\/\/www.myallmeeting.com\/wp-content\/uploads\/2024\/07\/4922-12-932x645.jpg\" alt=\"\u00e9v\u00e8nement haut de gamme\" width=\"932\" height=\"562\" loading=\"lazy\" \/>\n\t\t\t\t\t\t<div class=\"position-absolute text-white z-1 text-center t-0 l-0 w-100 pt-4 pt-lg-8\">\n\t\t\t\t\t\t\t\t\t\t\t\t\t\t\t\t\t\t<\/div>\n\t\t\t\t\t<\/div>\n\t\t\t\t<\/div>\n\t\t\t\t\t\t\t\t<div class=\"col-lg-4 d-lg-flex\">\n\t\t\t\t\t<div class=\"icta__content position-relative bg-white pt-2 pb-2 px-2 pb-lg-0 pt-lg-7 pt-xl-9 px-lg-7 px-xl-10 mt-lg-9\">\n\t\t\t\t\t\t\t\t\t\t\t\t\t\t\t\t\t\t<div class=\"unna fs-32 fs-lg-39 fs-xl-60 text-primary lh-xs mb-2 mb-xl-5\">L\u2019offre de Paris Society<\/div>\n\t\t\t\t\t\t\t\t\t\t\t\t\t\t\t\t\t\t<div class=\"fs-lg-15 fs-xl-18 lh-sm \"><p>Pour r\u00e9pondre au mieux aux besoins de clients, l\u2019offre de Paris Society s\u2019articule autour de cinq p\u00f4les :<\/p>\n<ul>\n<li><strong>Les clubs<\/strong>. L\u2019univers de la nuit est le coeur de m\u00e9tier historique de Paris Society avant que celui-ci n\u2019\u00e9largisse ses activit\u00e9s vers d\u2019autres horizons ;<\/li>\n<li><strong>Les tables<\/strong>. Oui, les restaurants peuvent eux aussi \u00eatre d\u2019exception. Les \u00e9tablissements sont \u00e9lev\u00e9s au m\u00eame niveau d\u2019exigence et de standing qui caract\u00e9rise Paris Society. Comment cela se traduit-il ? <strong>Par un service aux petits soins, personnalis\u00e9, dans un cadre et une ambiance classieux<\/strong> ;<\/li>\n<li><strong>Les events<\/strong>. <strong>Un lieu \u00e9v\u00e9nementiel d\u2019exception<\/strong> est primordial. Un lieu, c\u2019est une histoire, un prestige, une ambiance, qu\u2019il s\u2019agisse d\u2019un club, d\u2019un rooftop, d\u2019un mus\u00e9e\u00a0 ou d\u2019un ch\u00e2teau\u00a0 Les plus beaux \u00e9crins sont \u00e0 votre disposition pour votre s\u00e9minaire, vos RP ou votre cocktail ;<\/li>\n<li><strong>Les h\u00f4tels<\/strong>. R\u00e9inventer l&rsquo;h\u00f4tellerie, tel est l\u2019objectif de Paris Society. Ni plus, ni moins. Et pour cela, nous proposons des cadres embl\u00e9matiques, historiques et naturels de premier choix.<\/li>\n<li><strong>L&rsquo;accompagnement des professionnels<\/strong> &#8211; pas seulement ceux de la restauration et de l\u2019h\u00f4tellerie &#8211; dans leurs projets.<\/li>\n<\/ul>\n<\/div>\n\t\t\t\t\t\t\t\t\t\t\t\t\t\t\t\t\t<\/div>\n\t\t\t\t<\/div>\n\t\t\t<\/div>\n\t\t<\/div>\n\t<\/div>\n<!-- END OF : Composant : block-periscope-theme-section-composant-31-bloc-image-cta.php -->\n\n\n<!-- START OF : Composant : block-periscope-theme-section-composant-31-bloc-image-cta.php -->\n\t<div class=\"icta position-relative fs-wysiwyg icta--reverse\" data-component=\"31-bloc-image-cta\" data-reverse=\"oui\">\n\t\t<div class=\"container-fluid\">\n\t\t\t<div class=\"row\">\n\t\t\t\t<div class=\"col-lg-5 offset-lg-1 d-lg-flex\"> \n\t\t\t\t\t<div class=\"icta__content position-relative bg-white pt-2 pb-2 px-2 pb-lg-0 pt-lg-7 pt-xl-9 px-lg-7 px-xl-10 mt-lg-9 z-1\">\n\t\t\t\t\t\t\t\t\t\t\t\t\t\t\t\t\t\t<div class=\"unna fs-32 fs-lg-39 fs-xl-60 text-primary lh-xs mb-2 mb-xl-5\">Des lieux uniques pour des \u00e9v\u00e9nements uniques <\/div>\n\t\t\t\t\t\t\t\t\t\t\t\t\t\t\t\t\t\t\t<div class=\"fs-lg-15 fs-xl-18 lh-sm \"><p>Aujourd\u2019hui, Paris Society, c\u2019est plus de 70 lieux prestigieux qui sont propos\u00e9s, dans la capitale mais pas seulement :<\/p>\n<ul>\n<li><strong>Des h\u00f4tels<\/strong> : l\u2019Abbaye des Vaux-de-Cernay (\u00e0 45 min de Paris), le Refuge de Solaise \u00e0 Val-d\u2019Is\u00e8re et la Villa M (dans le XVe)<\/li>\n<li><strong>Dix-huit lieux \u00e9v\u00e9nementiels de premier plan<\/strong> : le Pont Alexandre III, la Cath\u00e9drale am\u00e9ricaine de Paris, le jardin de campagne du domaine Paris Longchamp, l\u2019Orangerie d\u2019Auteuil\u2026<\/li>\n<li><strong>Vingt clubs et guinguettes<\/strong> : Raspoutine, Les Planches, Les Jardins de Bagatelle, Bal de la Marine\u2026<\/li>\n<li><strong>Dix-neuf restaurants<\/strong> : Maison Revka \u00e0 Paris et Saint-Tropez, Beau Coco \u00e0 Paris et Lyon\u2026<\/li>\n<\/ul>\n<p>&nbsp;<\/p>\n<p>Paris Society est \u00e9galement pr\u00e9sent \u00e0 l\u2019international :<\/p>\n<ul>\n<li>En Europe (Rome, Gen\u00e8ve, Londres)<\/li>\n<li>Aux \u00c9tats-Unis (Los Angeles)<\/li>\n<li>Au Moyen-Orient (Duba\u00ef, Riyad, Istanbul).<\/li>\n<\/ul>\n<\/div>\n\t\t\t\t\t\t\t\t\t\t\t\t\t\t\t\t\t<\/div>\n\t\t\t\t<\/div>\n\t\t\t\t\t\t\t\t<div class=\"col-lg-5 order-first order-lg-last\">\n\t\t\t\t\t<div class=\"icta__top__img h-100 position-relative me-2 me-lg-0\">\n\t\t\t\t\t\t<img decoding=\"async\" src=\"https:\/\/www.myallmeeting.com\/wp-content\/uploads\/2024\/07\/Abbaye-des-Vaux-de-Cernay-932x645.jpg\" alt=\"lieu d&#039;\u00e9v\u00e8nement d&#039;exception\" width=\"932\" height=\"562\" loading=\"lazy\" \/>\n\t\t\t\t\t\t<div class=\"position-absolute text-white z-1 text-center t-0 l-0 w-100 pt-4 pt-lg-8\">\n\t\t\t\t\t\t\t\t\t\t\t\t\t\t\t\t\t\t<\/div>\n\t\t\t\t\t<\/div>\n\t\t\t\t<\/div>\n\t\t\t\t\t\t\t<\/div>\n\t\t<\/div>\n\t<\/div>\n<!-- END OF : Composant : block-periscope-theme-section-composant-31-bloc-image-cta.php -->\n\n\n<!-- START OF : Composant : block-periscope-theme-section-composant-05-moteur.php -->\n\n\n<input type=\"hidden\" id=\"search-engine.search_url\" value=\"https:\/\/www.myallmeeting.com\/fr\/votre-projet\/#search-engine\" \/>\n<input type=\"hidden\" id=\"search-engine.anchor\" value=\"search-engine\" \/>\n<input type=\"hidden\" id=\"search-engine.gmaps_token\" value=\"AIzaSyDB40FZ7x-OURCjwxt35ll3WogU24K_hyE\" \/>\n<input type=\"hidden\" id=\"search-engine.language_code\" value=\"fr,en\" \/>\n<input type=\"hidden\" id=\"search-engine.language_code_2\" value=\"fr\" \/>\n<input type=\"hidden\" id=\"search-engine.filter_ids\" value=\"B2Q7,B385,B4D0,B1K8,B5V9,B3F9,B7D0,B711,B4T2,B1Y6,B1Z1,B7S9,B5V4,B7T4,B660,B7Q1,B5L3,B773,B6T3,B772,B7W1,B4U6,C096,B4S4,B145,B144,B9Q7,B9D3,B919,B542,B364,B6A9,B147,C1N1,B9T8,C319,C1F8,C160,C033,C030,2192,9703,B3X8,B4U7,B4Y6,B537,B538,B539,B540,B541,7431,5425,B6V6,B692,B9Q4,B870,B599,B8R1,B857,B9E8,C0W3,C177,B6S6,1975,6660,0449,0912,A598,1227,A011,1230,1078,1098,1099,7951,1810,0869,1284,1951,1541,7386,7147,7385,B0C9,B1H9,A5D1,B4I2,8996,9347,9389,9547,9619,7341,8062,8159,8325,8327,8329,8331,8334,8342,8516,5413,5555,5556,5563,6515,7060,3419,3440,5282,5309,5347,5374,3383,3385,3393,B8W6,1540,2967,6599,A7L5,0527,3376,3378,2783,3144,1987,2126,A9V5,A0D3,A5D5,A8Q1,A9A2,B1F0,0663,A064,8612,A038,8613,A086,1169,1202,1282,7575,2789,8232,1399,8582,2944,8951,0399,8957,7019,5681,1215,9920,1212,A593,2952,2945,7076,0668,9922,5921,A9E9,A7Z0,6813,A1F1,B971,1296,0542,0553,0568,B8S1,0432,0414,0392,7383,0587,0386,0906,0669,0428,0565,1294,0935,0785,1300,7229,0985,5418,7326,0427,0383,0385,0393,0394,0994,3168,0384,1175,0440,2190,6188,1273,0363,1298,2773,1814,0977,A072,1131,1572,5954,1585,3448,1132\" \/>\n<input type=\"hidden\" id=\"search-engine.display_mode\" value=\"pre-filtered\" \/>\n\n<input type=\"hidden\" id=\"search-engine.aid\" value=\"\" \/>\n<input type=\"hidden\" id=\"search-engine.address\" value=\"\" \/>\n<input type=\"hidden\" id=\"search-engine.distance\" value=\"\" \/>\n<input type=\"hidden\" id=\"search-engine.nb_persons\" value=\"\" \/>\n<input type=\"hidden\" id=\"search-engine.nb_meeting\" value=\"\" \/>\n<input type=\"hidden\" id=\"search-engine.nb_rooms\" value=\"\" \/>\n<input type=\"hidden\" id=\"search-engine.date\" value=\"\" \/>\n<input type=\"hidden\" id=\"search-engine.duration\" value=\"\" \/>\n\n<div id=\"search\" class=\"eventsearch\" data-component=\"05-moteur-recherche-event\">\n\t<div class=\"container\">\n\t\t<div class=\"row\">\n\t\t\t<div class=\"px-0 ms-auto me-auto\" style=\"max-width:1546px\">\n\t\t\t\t<div class=\"bg-primary mb-2 rounded-5 py-2 px-3 pt-lg-3 pb-lg-2 px-lg-4\">\n\t\t\t\t\t<div id=\"search-engine\" class =\"pre-filtered\"><\/div>\n\t\t\t\t<\/div>\n\t\t\t<\/div>\n\t\t<\/div>\n\t<\/div>\n<\/div>\n<!--<div>PHP processing Time: 0.047512054443359<\/div>!-->\n<!-- END OF : Composant : block-periscope-theme-section-composant-05-moteur.php -->\n\n\n<!-- START OF : Composant : block-periscope-theme-section-composant-14-carte-resultats.php -->\n<input type=\"hidden\" id=\"map.data-map-key\" value=\"AIzaSyDB40FZ7x-OURCjwxt35ll3WogU24K_hyE\">\n<input type=\"hidden\" id=\"map.data-map-language\" value=\"fr,en\">\n<div id=\"search-map-results\" data-load-mode=\"synchronous\"><\/div>\n<div class=\"modal fade\" id=\"hotel-popin\">\n\t<div class=\"modal-dialog\">\n\t\t<div class=\"modal-inner\">\n\t\t\t<div class=\"modal-header\">\n\t\t\t\t<button type=\"button\" class=\"close\" data-bs-dismiss=\"modal\">\n\t\t\t\t\t<svg width=\"16\" height=\"16\" aria-hidden=\"true\">\n\t\t\t\t\t\t<use xlink:href=\"https:\/\/www.myallmeeting.com\/wp-content\/themes\/accor\/assets\/images\/sprite.svg#btn-close-white\"><\/use>\n\t\t\t\t\t<\/svg>\n\t\t\t\t\t<span>Fermer<\/span>\n\t\t\t\t<\/button>\n\t\t\t<\/div>\n\t\t\t<div class=\"modal-body\"><\/div>\n\t\t<\/div>\n\t<\/div>\n<\/div>\n<!-- END OF : Composant : block-periscope-theme-section-composant-14-carte-resultats.php -->\n","protected":false},"excerpt":{"rendered":"<p>C&rsquo;est ici que l&rsquo;exceptionnel commence<\/p>\n","protected":false},"author":1,"featured_media":16021809,"parent":0,"menu_order":0,"comment_status":"closed","ping_status":"closed","template":"","meta":{"_acf_changed":true,"footnotes":""},"class_list":["post-27129","page","type-page","status-publish","has-post-thumbnail","hentry"],"acf":[],"yoast_head":"<title>Adresses et h\u00f4tels pour organiser un \u00e9v\u00e8nement d&#039;exception<\/title>\n<meta name=\"description\" content=\"D\u00e9couvrez des lieux exclusifs pour vos \u00e9v\u00e9nements haut de gamme avec ACCOR. Choisissez parmi des adresses uniques pour une exp\u00e9rience \u00e9v\u00e9nementielle inoubliable.\" \/>\n<meta name=\"robots\" content=\"index, follow, max-snippet:-1, max-image-preview:large, max-video-preview:-1\" \/>\n<link rel=\"canonical\" href=\"https:\/\/www.myallmeeting.com\/fr\/wp-json\/wp\/v2\/pages\/27129\" \/>\n<meta property=\"og:locale\" content=\"fr_FR\" \/>\n<meta property=\"og:type\" content=\"article\" \/>\n<meta property=\"og:title\" content=\"Adresses et h\u00f4tels pour organiser un \u00e9v\u00e8nement d&#039;exception\" \/>\n<meta property=\"og:description\" content=\"D\u00e9couvrez des lieux exclusifs pour vos \u00e9v\u00e9nements haut de gamme avec ACCOR. Choisissez parmi des adresses uniques pour une exp\u00e9rience \u00e9v\u00e9nementielle inoubliable.\" \/>\n<meta property=\"og:url\" content=\"https:\/\/www.myallmeeting.com\/fr\/evenements-dexception\/\" \/>\n<meta property=\"og:site_name\" content=\"Accor MyAllMeeting.com\" \/>\n<meta property=\"article:modified_time\" content=\"2024-07-12T10:34:39+00:00\" \/>\n<meta property=\"og:image\" content=\"https:\/\/myallmeeting.com\/wp-content\/uploads\/2024\/07\/Evenement-Exception.png\" \/>\n\t<meta property=\"og:image:width\" content=\"1920\" \/>\n\t<meta property=\"og:image:height\" content=\"570\" \/>\n\t<meta property=\"og:image:type\" content=\"image\/png\" \/>\n<meta name=\"twitter:card\" content=\"summary_large_image\" \/>\n<meta name=\"twitter:label1\" content=\"Dur\u00e9e de lecture estim\u00e9e\" \/>\n\t<meta name=\"twitter:data1\" content=\"4 minutes\" \/>\n<script type=\"application\/ld+json\" class=\"yoast-schema-graph\">{\"@context\":\"https:\/\/schema.org\",\"@graph\":[{\"@type\":\"WebPage\",\"@id\":\"https:\/\/www.myallmeeting.com\/fr\/evenements-dexception\/\",\"url\":\"https:\/\/www.myallmeeting.com\/fr\/evenements-dexception\/\",\"name\":\"Adresses et h\u00f4tels pour organiser un \u00e9v\u00e8nement d'exception\",\"isPartOf\":{\"@id\":\"https:\/\/www.myallmeeting.com\/fr\/#website\"},\"primaryImageOfPage\":{\"@id\":\"https:\/\/www.myallmeeting.com\/fr\/evenements-dexception\/#primaryimage\"},\"image\":{\"@id\":\"https:\/\/www.myallmeeting.com\/fr\/evenements-dexception\/#primaryimage\"},\"thumbnailUrl\":\"https:\/\/www.myallmeeting.com\/wp-content\/uploads\/2024\/07\/Evenement-Exception.png\",\"datePublished\":\"2018-07-23T08:35:18+00:00\",\"dateModified\":\"2024-07-12T10:34:39+00:00\",\"description\":\"D\u00e9couvrez des lieux exclusifs pour vos \u00e9v\u00e9nements haut de gamme avec ACCOR. Choisissez parmi des adresses uniques pour une exp\u00e9rience \u00e9v\u00e9nementielle inoubliable.\",\"breadcrumb\":{\"@id\":\"https:\/\/www.myallmeeting.com\/fr\/evenements-dexception\/#breadcrumb\"},\"inLanguage\":\"fr-FR\",\"potentialAction\":[{\"@type\":\"ReadAction\",\"target\":[\"https:\/\/www.myallmeeting.com\/fr\/evenements-dexception\/\"]}]},{\"@type\":\"ImageObject\",\"inLanguage\":\"fr-FR\",\"@id\":\"https:\/\/www.myallmeeting.com\/fr\/evenements-dexception\/#primaryimage\",\"url\":\"https:\/\/www.myallmeeting.com\/wp-content\/uploads\/2024\/07\/Evenement-Exception.png\",\"contentUrl\":\"https:\/\/www.myallmeeting.com\/wp-content\/uploads\/2024\/07\/Evenement-Exception.png\",\"width\":1920,\"height\":570},{\"@type\":\"BreadcrumbList\",\"@id\":\"https:\/\/www.myallmeeting.com\/fr\/evenements-dexception\/#breadcrumb\",\"itemListElement\":[{\"@type\":\"ListItem\",\"position\":1,\"name\":\"Accueil\",\"item\":\"https:\/\/myallmeeting.com\/fr\/\"},{\"@type\":\"ListItem\",\"position\":2,\"name\":\"Ev\u00e8nements d&rsquo;exception\"}]},{\"@type\":\"WebSite\",\"@id\":\"https:\/\/www.myallmeeting.com\/fr\/#website\",\"url\":\"https:\/\/www.myallmeeting.com\/fr\/\",\"name\":\"Accor MyAllMeeting.com\",\"description\":\"Les Meilleurs lieux pour vos Ev\u00e9nements Professionnels\",\"publisher\":{\"@id\":\"https:\/\/www.myallmeeting.com\/fr\/#organization\"},\"potentialAction\":[{\"@type\":\"SearchAction\",\"target\":{\"@type\":\"EntryPoint\",\"urlTemplate\":\"https:\/\/www.myallmeeting.com\/fr\/?s={search_term_string}\"},\"query-input\":{\"@type\":\"PropertyValueSpecification\",\"valueRequired\":true,\"valueName\":\"search_term_string\"}}],\"inLanguage\":\"fr-FR\"},{\"@type\":\"Organization\",\"@id\":\"https:\/\/www.myallmeeting.com\/fr\/#organization\",\"name\":\"ACCOR\",\"url\":\"https:\/\/www.myallmeeting.com\/fr\/\",\"logo\":{\"@type\":\"ImageObject\",\"inLanguage\":\"fr-FR\",\"@id\":\"https:\/\/www.myallmeeting.com\/fr\/#\/schema\/logo\/image\/\",\"url\":\"\",\"contentUrl\":\"\",\"caption\":\"ACCOR\"},\"image\":{\"@id\":\"https:\/\/www.myallmeeting.com\/fr\/#\/schema\/logo\/image\/\"}}]}<\/script>","yoast_head_json":{"title":"Adresses et h\u00f4tels pour organiser un \u00e9v\u00e8nement d'exception","description":"D\u00e9couvrez des lieux exclusifs pour vos \u00e9v\u00e9nements haut de gamme avec ACCOR. Choisissez parmi des adresses uniques pour une exp\u00e9rience \u00e9v\u00e9nementielle inoubliable.","robots":{"index":"index","follow":"follow","max-snippet":"max-snippet:-1","max-image-preview":"max-image-preview:large","max-video-preview":"max-video-preview:-1"},"canonical":"https:\/\/www.myallmeeting.com\/fr\/wp-json\/wp\/v2\/pages\/27129","og_locale":"fr_FR","og_type":"article","og_title":"Adresses et h\u00f4tels pour organiser un \u00e9v\u00e8nement d'exception","og_description":"D\u00e9couvrez des lieux exclusifs pour vos \u00e9v\u00e9nements haut de gamme avec ACCOR. Choisissez parmi des adresses uniques pour une exp\u00e9rience \u00e9v\u00e9nementielle inoubliable.","og_url":"https:\/\/www.myallmeeting.com\/fr\/evenements-dexception\/","og_site_name":"Accor MyAllMeeting.com","article_modified_time":"2024-07-12T10:34:39+00:00","og_image":[{"width":1920,"height":570,"url":"https:\/\/myallmeeting.com\/wp-content\/uploads\/2024\/07\/Evenement-Exception.png","type":"image\/png"}],"twitter_card":"summary_large_image","twitter_misc":{"Dur\u00e9e de lecture estim\u00e9e":"4 minutes"},"schema":{"@context":"https:\/\/schema.org","@graph":[{"@type":"WebPage","@id":"https:\/\/www.myallmeeting.com\/fr\/evenements-dexception\/","url":"https:\/\/www.myallmeeting.com\/fr\/evenements-dexception\/","name":"Adresses et h\u00f4tels pour organiser un \u00e9v\u00e8nement d'exception","isPartOf":{"@id":"https:\/\/www.myallmeeting.com\/fr\/#website"},"primaryImageOfPage":{"@id":"https:\/\/www.myallmeeting.com\/fr\/evenements-dexception\/#primaryimage"},"image":{"@id":"https:\/\/www.myallmeeting.com\/fr\/evenements-dexception\/#primaryimage"},"thumbnailUrl":"https:\/\/www.myallmeeting.com\/wp-content\/uploads\/2024\/07\/Evenement-Exception.png","datePublished":"2018-07-23T08:35:18+00:00","dateModified":"2024-07-12T10:34:39+00:00","description":"D\u00e9couvrez des lieux exclusifs pour vos \u00e9v\u00e9nements haut de gamme avec ACCOR. Choisissez parmi des adresses uniques pour une exp\u00e9rience \u00e9v\u00e9nementielle inoubliable.","breadcrumb":{"@id":"https:\/\/www.myallmeeting.com\/fr\/evenements-dexception\/#breadcrumb"},"inLanguage":"fr-FR","potentialAction":[{"@type":"ReadAction","target":["https:\/\/www.myallmeeting.com\/fr\/evenements-dexception\/"]}]},{"@type":"ImageObject","inLanguage":"fr-FR","@id":"https:\/\/www.myallmeeting.com\/fr\/evenements-dexception\/#primaryimage","url":"https:\/\/www.myallmeeting.com\/wp-content\/uploads\/2024\/07\/Evenement-Exception.png","contentUrl":"https:\/\/www.myallmeeting.com\/wp-content\/uploads\/2024\/07\/Evenement-Exception.png","width":1920,"height":570},{"@type":"BreadcrumbList","@id":"https:\/\/www.myallmeeting.com\/fr\/evenements-dexception\/#breadcrumb","itemListElement":[{"@type":"ListItem","position":1,"name":"Accueil","item":"https:\/\/myallmeeting.com\/fr\/"},{"@type":"ListItem","position":2,"name":"Ev\u00e8nements d&rsquo;exception"}]},{"@type":"WebSite","@id":"https:\/\/www.myallmeeting.com\/fr\/#website","url":"https:\/\/www.myallmeeting.com\/fr\/","name":"Accor MyAllMeeting.com","description":"Les Meilleurs lieux pour vos Ev\u00e9nements Professionnels","publisher":{"@id":"https:\/\/www.myallmeeting.com\/fr\/#organization"},"potentialAction":[{"@type":"SearchAction","target":{"@type":"EntryPoint","urlTemplate":"https:\/\/www.myallmeeting.com\/fr\/?s={search_term_string}"},"query-input":{"@type":"PropertyValueSpecification","valueRequired":true,"valueName":"search_term_string"}}],"inLanguage":"fr-FR"},{"@type":"Organization","@id":"https:\/\/www.myallmeeting.com\/fr\/#organization","name":"ACCOR","url":"https:\/\/www.myallmeeting.com\/fr\/","logo":{"@type":"ImageObject","inLanguage":"fr-FR","@id":"https:\/\/www.myallmeeting.com\/fr\/#\/schema\/logo\/image\/","url":"","contentUrl":"","caption":"ACCOR"},"image":{"@id":"https:\/\/www.myallmeeting.com\/fr\/#\/schema\/logo\/image\/"}}]}},"_links":{"self":[{"href":"https:\/\/www.myallmeeting.com\/fr\/wp-json\/wp\/v2\/pages\/27129","targetHints":{"allow":["GET"]}}],"collection":[{"href":"https:\/\/www.myallmeeting.com\/fr\/wp-json\/wp\/v2\/pages"}],"about":[{"href":"https:\/\/www.myallmeeting.com\/fr\/wp-json\/wp\/v2\/types\/page"}],"author":[{"embeddable":true,"href":"https:\/\/www.myallmeeting.com\/fr\/wp-json\/wp\/v2\/users\/1"}],"replies":[{"embeddable":true,"href":"https:\/\/www.myallmeeting.com\/fr\/wp-json\/wp\/v2\/comments?post=27129"}],"version-history":[{"count":0,"href":"https:\/\/www.myallmeeting.com\/fr\/wp-json\/wp\/v2\/pages\/27129\/revisions"}],"wp:featuredmedia":[{"embeddable":true,"href":"https:\/\/www.myallmeeting.com\/fr\/wp-json\/wp\/v2\/media\/16021809"}],"wp:attachment":[{"href":"https:\/\/www.myallmeeting.com\/fr\/wp-json\/wp\/v2\/media?parent=27129"}],"curies":[{"name":"wp","href":"https:\/\/api.w.org\/{rel}","templated":true}]}}