{"id":15226621,"date":"2024-03-25T16:43:21","date_gmt":"2024-03-25T15:43:21","guid":{"rendered":"https:\/\/myallmeeting.com\/?page_id=15226621"},"modified":"2026-03-03T11:53:11","modified_gmt":"2026-03-03T10:53:11","slug":"offres-du-moment","status":"publish","type":"page","link":"https:\/\/www.myallmeeting.com\/fr\/offres-du-moment\/","title":{"rendered":"Offres du moment"},"content":{"rendered":"<!-- START OF : Composant : block-periscope-theme-section-composant-10-bis-slider-offres-page-carrefour.php -->\n<!-- END OF : Composant : block-periscope-theme-section-composant-10-bis-slider-offres-page-carrefour.php -->\n\n\n<!-- START OF : Composant : block-periscope-theme-section-composant-10-bis-slider-offres-page-carrefour.php -->\n<div class=\"slider-offres overflow-hidden pt-4 pb-0 pt-lg-6 pb-lg-12 px-lg-0 mb-7 mb-lg-11 position-relative bg-white\" data-component=\"10bis-slider-offres-page-partenaire\">\n\t<div class=\"py-4 pt-lg-7 pb-lg-6\">\n\t\t<div class=\"container-fluid\">\n\t\t\t<div class=\"row\">\n\t\t\t\t<div class=\"offset-2 col-8\">\n\t\t\t\t\t<div class=\"unna text-primary fs-24 fs-lg-28 fs-xl-32 fs-xxl-36 text-center lh-xs\">Offres &#039;Marque&#039;<\/div>\n\t\t\t\t<\/div>\n\t\t\t<\/div>\n\t\t<\/div>\n\t<\/div>\n\t<div class=\"splide visible pt-3 pt-lg-0\" style=\"--bg-height: 200px\">\n\t\t<div class=\"splide__track px-lg-2\">\n\t\t\t<div class=\"splide__list\">\n\t\t\t\t\t\t\t\t\t<div class=\"splide__slide\">\n\t\t\t\t\t\t<a href=\"https:\/\/www.myallmeeting.com\/fr\/bon-plan\/ibis-sport-club\/\" class=\"card-slider-offres text-decoration-none link-primary text-end lh-xs d-flex flex-column align-items-end h-100\">\n\t\t\t\t\t\t\t\t\t\t\t\t\t\t<span class=\"card-slider-offres__img d-block ratio ratio-16x9 overflow-hidden\">\n\t\t\t\t\t\t\t\t<img decoding=\"async\" src=\"https:\/\/www.myallmeeting.com\/wp-content\/uploads\/2024\/08\/MAM-imagery-1920-x-570-px-Baniere-5.png\" alt=\"\" width=\"616\" height=\"387\" loading=\"lazy\" \/>\t\t\t\t\t\t\t\n\t\t\t\t\t\t\t<\/span>\n\t\t\t\t\t\t\t\t\t\t\t\t\t\t\t\t\t\t\t\t\t<span class=\"card-slider-offres__content flex-grow-1 d-block position-relative\">\n\t\t\t\t\t\t\t\t\t\t\t\t\t\t\t\t\t\t\t\t\t\t\t\t<span class=\"d-block unna fs-24 fs-lg-25 fs-xl-26 fs-xxl-28 mb-1\">ibis Sport Club<\/span>\n\t\t\t\t\t\t\t\t\t\t\t\t\t\t\t\t\t\t\t\t\t\t\t\t<span class=\"d-block fs-10 fs-lg-11 fs-xl-12 fs-xxl-14 text-black\">Plus de 500 h\u00f4tels ibis, ibis Styles et ibis budget vous accueillent pour vos d\u00e9placements sportifs partout en France\u2026<\/span>\n\t\t\t\t\t\t\t\t\t\t\t\t\t\t\t<\/span>\n\t\t\t\t\t\t\t\t\t\t\t\t\t\t<span class=\"btn btn-primary btn-hover-translate-right d-inline-flex justify-content-center justify-content-lg-start gap-2 gap-lg-1 z-1\">\n\t\t\t\t\t\t\t\t<span>\n\t\t\t\t\t\t\t\t\tD\u00e9couvrir\t\t\t\t\t\t\t\t<\/span>\n\t\t\t\t\t\t\t\t<svg width=\"15\" height=\"20\" aria-hidden=\"true\">\n\t\t\t\t\t\t\t\t\t<use xlink:href=\"https:\/\/www.myallmeeting.com\/wp-content\/themes\/accor\/assets\/images\/sprite.svg#btn-arrow-white\"><\/use>\n\t\t\t\t\t\t\t\t<\/svg>\n\t\t\t\t\t\t\t<\/span>\n\t\t\t\t\t\t<\/a>\n\t\t\t\t\t<\/div>\n\t\t\t\t\t\t\t\t\t\t\t\t\t\t\t\t\t<\/div>\n\t\t<\/div>\n\t\t<div class=\"splide__arrows d-none d-lg-block\">\n\t\t\t<button class=\"splide__arrow splide__arrow--prev px-lg-3 py-lg-4 px-xl-4 py-xl-5 px-xxl-5 py-xxl-7 position-absolute l-0 bg-white border-0\">\n\t\t\t\t<svg width=\"14\" height=\"27\" aria-hidden=\"true\">\n\t\t\t\t\t<use xlink:href=\"https:\/\/www.myallmeeting.com\/wp-content\/themes\/accor\/assets\/images\/sprite.svg#slider-prev\"><\/use>\n\t\t\t\t<\/svg>\n\t\t\t<\/button>\n\t\t\t<button class=\"splide__arrow splide__arrow--next px-lg-3 py-lg-4 px-xl-4 py-xl-5 px-xxl-5 py-xxl-7 position-absolute r-0 bg-white border-0\">\n\t\t\t\t<svg width=\"14\" height=\"27\" aria-hidden=\"true\">\n\t\t\t\t\t<use xlink:href=\"https:\/\/www.myallmeeting.com\/wp-content\/themes\/accor\/assets\/images\/sprite.svg#slider-prev\"><\/use>\n\t\t\t\t<\/svg>\n\t\t\t<\/button>\n\t\t<\/div>\n\t<\/div>\n<\/div>\n<!-- END OF : Composant : block-periscope-theme-section-composant-10-bis-slider-offres-page-carrefour.php -->\n\n\n<!-- START OF : Composant : block-periscope-theme-section-composant-10-bis-slider-offres-page-carrefour.php -->\n<!-- END OF : Composant : block-periscope-theme-section-composant-10-bis-slider-offres-page-carrefour.php -->\n\n\n<!-- START OF : Composant : block-periscope-theme-section-composant-20-bis-bloc-mise-en-avant.php -->\n<div class=\"bloc-mise-en-avant bg-white fs-wysiwyg mb-lg-15\" data-component=\"20-bis-bloc-mise-en-avant\">\n\t<div class=\"container-fluid\">\n\t\t<div class=\"row\">\n\t\t\t<div class=\"col-10 offset-1\">\n\t\t\t\t<div class=\"text-center mb-5 mb-lg-11 fs-24 fs-lg-27 fs-xl-29 fs-xxl-32 fw-semibold ls--25 lh-xs\">R\u00e9compensez votre fid\u00e9lit\u00e9 avec le programme de fid\u00e9lit\u00e9 ALL Accor<\/div>\n\t\t\t<\/div>\n\t\t<\/div>\n\t<\/div>\n\t<div class=\"bloc-mise-en-avant__top\">\n\t\t<div class=\"container-fluid\" style=\"--bs-gutter-x: 0\">\n\t\t\t<div class=\"row\" style=\"--bs-gutter-x: 0\">\n\t\t\t\t<div class=\"col-lg-8\">\n\t\t\t\t\t\t\t\t\t\t\t<div class=\"bloc-mise-en-avant__top__left\">\n\t\t\t\t\t\t\t<img decoding=\"async\" src=\"https:\/\/www.myallmeeting.com\/wp-content\/uploads\/2024\/07\/Programme-de-fidelite-2-1-633x398.png\" class=\"pe-2 pe-lg-0\" width=\"1268\" height=\"846\" alt=\"\" loading=\"lazy\" \/>\n\t\t\t\t\t\t<\/div>\n\t\t\t\t\t\t\t\t\t<\/div>\n\t\t\t\t<div class=\"col-lg-4\">\n\t\t\t\t\t<div class=\"bloc-mise-en-avant__top__right t-0 r-0 bg-primary text-white pt-4 pb-6 px-2 pt-lg-8 pb-lg-12 px-lg-11\">\n\t\t\t\t\t\t\t\n\t\t\t\t\t\t<div class=\"bloc-mise-en-avant__date text-secondary fw-semibold text-uppercase fs-10 fs-lg-15 fs-xl-19 fs-xxl-24 lh-xs\"> Programme de fid\u00e9lit\u00e9 ALL Accor<\/div>\n\t\t\t\t\t\t\t\t\t\t\t\t\t\t\t\t\t\t<div class=\"unna fs-32 fs-lg-47 fs-xl-61 fs-xxl-75 lh-xs text-secondary mb-6\">Des avantages pour vous et votre entreprise<\/div>\n\t\t\t\t\t\t\t\t\t\t\t\t\t\t\t\t\t\t<div class=\"text-white fs-18 fs-lg-20 fs-xl-24 fs-xxl-26 lh-xs mb-6 fw-semibold\">Le programme de fid\u00e9lit\u00e9 ALL Accor vous r\u00e9compense pour chacun de vos r\u00e9unions et \u00e9v\u00e9nements \u00e9ligibles. Que vous organisiez une conf\u00e9rence, un s\u00e9minaire ou une c\u00e9l\u00e9bration priv\u00e9e, vous accumulez des points R\u00e9compense et Statut sur les r\u00e9servations \u00e9ligibles, faisant de chaque \u00e9v\u00e9nement une occasion de d\u00e9bloquer des r\u00e9compenses pr\u00e9cieuses.<\/div>\n\t\t\t\t\t\t\t\t\t\t\t\t\t\t\t\t\t\t<div class=\"mb-6 mb-lg-4 fs-16 fs-lg-17 fs-xl-19 fs-xxl-20\"><p><a href=\"https:\/\/all.accor.com\/a\/fr\/loyalty-program\/meetings-and-events.html\" target=\"_blank\" rel=\"noopener\">D\u00e9couvrez les nombreux avantages<\/a> du programme et la facilit\u00e9 d&rsquo;utilisation des points que vous gagnerez au fil de vos \u00e9v\u00e8nements !<\/p>\n<\/div>\n\t\t\t\t\t\t\t\t\t\t\t\t<div class=\"d-flex gap-3 gap-lg-7 flex-column flex-lg-row\">\n\t\t\t\t\t\t\t\t\t\t\t\t\t\t<a href=\"https:\/\/all.accor.com\/enroll-loyalty\/index.fr.shtml#\/verify-email?context=meeting-planner&#038;origin=meeting-planner&#038;redirect=https%3A%2F%2Fall.accor.com%2Floyalty-program%2Fearn%2Fmeetingplanner%2Findex.fr.shtml\" target=\"_blank\" class=\"btn btn-secondary btn-hover-translate-right d-inline-flex justify-content-center justify-content-lg-start gap-2 gap-lg-1 w-100 w-lg-auto\">\n\t\t\t\t\t\t\t\t<span>Devenir membre<\/span>\n\t\t\t\t\t\t\t\t<svg width=\"15\" height=\"20\" aria-hidden=\"true\">\n\t\t\t\t\t\t\t\t\t<use xlink:href=\"https:\/\/www.myallmeeting.com\/wp-content\/themes\/accor\/assets\/images\/sprite.svg#btn-arrow-white\"><\/use>\n\t\t\t\t\t\t\t\t<\/svg>\n\t\t\t\t\t\t\t<\/a>\n\t\t\t\t\t\t\t\t\t\t\t\t\t\t\t\t\t\t\t\t<\/div>\n\t\t\t\t\t<\/div>\n\t\t\t\t<\/div>\n\t\t\t<\/div>\n\t\t<\/div>\n\t<\/div>\n<\/div>\n<!-- END OF : Composant : block-periscope-theme-section-composant-20-bis-bloc-mise-en-avant.php -->\n","protected":false},"excerpt":{"rendered":"<p>Profitez des offres du moment pour r\u00e9server votre prochain projet aux meilleures conditions<\/p>\n","protected":false},"author":1,"featured_media":16045148,"parent":0,"menu_order":0,"comment_status":"closed","ping_status":"closed","template":"template-carrefour-offres.php","meta":{"_acf_changed":true,"footnotes":""},"class_list":["post-15226621","page","type-page","status-publish","has-post-thumbnail","hentry"],"acf":[],"yoast_head":"<title>Offres sp\u00e9ciales location de salles de r\u00e9union - MyALLMeeting<\/title>\n<meta name=\"description\" content=\"Vous souhaitez organiser votre s\u00e9minaire \u00e0 moindre co\u00fbt ? D\u00e9couvrez nos offres du moment ! Profitez de nos r\u00e9ductions et cumulez des point \u00e0 chaque r\u00e9servation,\" \/>\n<meta name=\"robots\" content=\"index, follow, max-snippet:-1, max-image-preview:large, max-video-preview:-1\" \/>\n<link rel=\"canonical\" href=\"https:\/\/www.myallmeeting.com\/fr\/wp-json\/wp\/v2\/pages\/15226621\" \/>\n<meta property=\"og:locale\" content=\"fr_FR\" \/>\n<meta property=\"og:type\" content=\"article\" \/>\n<meta property=\"og:title\" content=\"Offres sp\u00e9ciales location de salles de r\u00e9union - MyALLMeeting\" \/>\n<meta property=\"og:description\" content=\"Vous souhaitez organiser votre s\u00e9minaire \u00e0 moindre co\u00fbt ? D\u00e9couvrez nos offres du moment ! Profitez de nos r\u00e9ductions et cumulez des point \u00e0 chaque r\u00e9servation,\" \/>\n<meta property=\"og:url\" content=\"https:\/\/www.myallmeeting.com\/fr\/offres-du-moment\/\" \/>\n<meta property=\"og:site_name\" content=\"Accor MyAllMeeting.com\" \/>\n<meta property=\"article:modified_time\" content=\"2026-03-03T10:53:11+00:00\" \/>\n<meta property=\"og:image\" content=\"https:\/\/myallmeeting.com\/wp-content\/uploads\/2024\/07\/Offres-du-moment-banner.png\" \/>\n\t<meta property=\"og:image:width\" content=\"1920\" \/>\n\t<meta property=\"og:image:height\" content=\"570\" \/>\n\t<meta property=\"og:image:type\" content=\"image\/png\" \/>\n<meta name=\"twitter:card\" content=\"summary_large_image\" \/>\n<meta name=\"twitter:label1\" content=\"Dur\u00e9e de lecture estim\u00e9e\" \/>\n\t<meta name=\"twitter:data1\" content=\"1 minute\" \/>\n<script type=\"application\/ld+json\" class=\"yoast-schema-graph\">{\"@context\":\"https:\/\/schema.org\",\"@graph\":[{\"@type\":\"WebPage\",\"@id\":\"https:\/\/www.myallmeeting.com\/fr\/offres-du-moment\/\",\"url\":\"https:\/\/www.myallmeeting.com\/fr\/offres-du-moment\/\",\"name\":\"Offres sp\u00e9ciales location de salles de r\u00e9union - MyALLMeeting\",\"isPartOf\":{\"@id\":\"https:\/\/www.myallmeeting.com\/fr\/#website\"},\"primaryImageOfPage\":{\"@id\":\"https:\/\/www.myallmeeting.com\/fr\/offres-du-moment\/#primaryimage\"},\"image\":{\"@id\":\"https:\/\/www.myallmeeting.com\/fr\/offres-du-moment\/#primaryimage\"},\"thumbnailUrl\":\"https:\/\/www.myallmeeting.com\/wp-content\/uploads\/2024\/07\/Offres-du-moment-banner.png\",\"datePublished\":\"2024-03-25T15:43:21+00:00\",\"dateModified\":\"2026-03-03T10:53:11+00:00\",\"description\":\"Vous souhaitez organiser votre s\u00e9minaire \u00e0 moindre co\u00fbt ? D\u00e9couvrez nos offres du moment ! Profitez de nos r\u00e9ductions et cumulez des point \u00e0 chaque r\u00e9servation,\",\"breadcrumb\":{\"@id\":\"https:\/\/www.myallmeeting.com\/fr\/offres-du-moment\/#breadcrumb\"},\"inLanguage\":\"fr-FR\",\"potentialAction\":[{\"@type\":\"ReadAction\",\"target\":[\"https:\/\/www.myallmeeting.com\/fr\/offres-du-moment\/\"]}]},{\"@type\":\"ImageObject\",\"inLanguage\":\"fr-FR\",\"@id\":\"https:\/\/www.myallmeeting.com\/fr\/offres-du-moment\/#primaryimage\",\"url\":\"https:\/\/www.myallmeeting.com\/wp-content\/uploads\/2024\/07\/Offres-du-moment-banner.png\",\"contentUrl\":\"https:\/\/www.myallmeeting.com\/wp-content\/uploads\/2024\/07\/Offres-du-moment-banner.png\",\"width\":1920,\"height\":570,\"caption\":\"offres en cours\"},{\"@type\":\"BreadcrumbList\",\"@id\":\"https:\/\/www.myallmeeting.com\/fr\/offres-du-moment\/#breadcrumb\",\"itemListElement\":[{\"@type\":\"ListItem\",\"position\":1,\"name\":\"Accueil\",\"item\":\"https:\/\/myallmeeting.com\/fr\/\"},{\"@type\":\"ListItem\",\"position\":2,\"name\":\"Offres du moment\"}]},{\"@type\":\"WebSite\",\"@id\":\"https:\/\/www.myallmeeting.com\/fr\/#website\",\"url\":\"https:\/\/www.myallmeeting.com\/fr\/\",\"name\":\"Accor MyAllMeeting.com\",\"description\":\"Les Meilleurs lieux pour vos Ev\u00e9nements Professionnels\",\"publisher\":{\"@id\":\"https:\/\/www.myallmeeting.com\/fr\/#organization\"},\"potentialAction\":[{\"@type\":\"SearchAction\",\"target\":{\"@type\":\"EntryPoint\",\"urlTemplate\":\"https:\/\/www.myallmeeting.com\/fr\/?s={search_term_string}\"},\"query-input\":{\"@type\":\"PropertyValueSpecification\",\"valueRequired\":true,\"valueName\":\"search_term_string\"}}],\"inLanguage\":\"fr-FR\"},{\"@type\":\"Organization\",\"@id\":\"https:\/\/www.myallmeeting.com\/fr\/#organization\",\"name\":\"ACCOR\",\"url\":\"https:\/\/www.myallmeeting.com\/fr\/\",\"logo\":{\"@type\":\"ImageObject\",\"inLanguage\":\"fr-FR\",\"@id\":\"https:\/\/www.myallmeeting.com\/fr\/#\/schema\/logo\/image\/\",\"url\":\"\",\"contentUrl\":\"\",\"caption\":\"ACCOR\"},\"image\":{\"@id\":\"https:\/\/www.myallmeeting.com\/fr\/#\/schema\/logo\/image\/\"}}]}<\/script>","yoast_head_json":{"title":"Offres sp\u00e9ciales location de salles de r\u00e9union - MyALLMeeting","description":"Vous souhaitez organiser votre s\u00e9minaire \u00e0 moindre co\u00fbt ? D\u00e9couvrez nos offres du moment ! Profitez de nos r\u00e9ductions et cumulez des point \u00e0 chaque r\u00e9servation,","robots":{"index":"index","follow":"follow","max-snippet":"max-snippet:-1","max-image-preview":"max-image-preview:large","max-video-preview":"max-video-preview:-1"},"canonical":"https:\/\/www.myallmeeting.com\/fr\/wp-json\/wp\/v2\/pages\/15226621","og_locale":"fr_FR","og_type":"article","og_title":"Offres sp\u00e9ciales location de salles de r\u00e9union - MyALLMeeting","og_description":"Vous souhaitez organiser votre s\u00e9minaire \u00e0 moindre co\u00fbt ? D\u00e9couvrez nos offres du moment ! Profitez de nos r\u00e9ductions et cumulez des point \u00e0 chaque r\u00e9servation,","og_url":"https:\/\/www.myallmeeting.com\/fr\/offres-du-moment\/","og_site_name":"Accor MyAllMeeting.com","article_modified_time":"2026-03-03T10:53:11+00:00","og_image":[{"width":1920,"height":570,"url":"https:\/\/myallmeeting.com\/wp-content\/uploads\/2024\/07\/Offres-du-moment-banner.png","type":"image\/png"}],"twitter_card":"summary_large_image","twitter_misc":{"Dur\u00e9e de lecture estim\u00e9e":"1 minute"},"schema":{"@context":"https:\/\/schema.org","@graph":[{"@type":"WebPage","@id":"https:\/\/www.myallmeeting.com\/fr\/offres-du-moment\/","url":"https:\/\/www.myallmeeting.com\/fr\/offres-du-moment\/","name":"Offres sp\u00e9ciales location de salles de r\u00e9union - MyALLMeeting","isPartOf":{"@id":"https:\/\/www.myallmeeting.com\/fr\/#website"},"primaryImageOfPage":{"@id":"https:\/\/www.myallmeeting.com\/fr\/offres-du-moment\/#primaryimage"},"image":{"@id":"https:\/\/www.myallmeeting.com\/fr\/offres-du-moment\/#primaryimage"},"thumbnailUrl":"https:\/\/www.myallmeeting.com\/wp-content\/uploads\/2024\/07\/Offres-du-moment-banner.png","datePublished":"2024-03-25T15:43:21+00:00","dateModified":"2026-03-03T10:53:11+00:00","description":"Vous souhaitez organiser votre s\u00e9minaire \u00e0 moindre co\u00fbt ? D\u00e9couvrez nos offres du moment ! Profitez de nos r\u00e9ductions et cumulez des point \u00e0 chaque r\u00e9servation,","breadcrumb":{"@id":"https:\/\/www.myallmeeting.com\/fr\/offres-du-moment\/#breadcrumb"},"inLanguage":"fr-FR","potentialAction":[{"@type":"ReadAction","target":["https:\/\/www.myallmeeting.com\/fr\/offres-du-moment\/"]}]},{"@type":"ImageObject","inLanguage":"fr-FR","@id":"https:\/\/www.myallmeeting.com\/fr\/offres-du-moment\/#primaryimage","url":"https:\/\/www.myallmeeting.com\/wp-content\/uploads\/2024\/07\/Offres-du-moment-banner.png","contentUrl":"https:\/\/www.myallmeeting.com\/wp-content\/uploads\/2024\/07\/Offres-du-moment-banner.png","width":1920,"height":570,"caption":"offres en cours"},{"@type":"BreadcrumbList","@id":"https:\/\/www.myallmeeting.com\/fr\/offres-du-moment\/#breadcrumb","itemListElement":[{"@type":"ListItem","position":1,"name":"Accueil","item":"https:\/\/myallmeeting.com\/fr\/"},{"@type":"ListItem","position":2,"name":"Offres du moment"}]},{"@type":"WebSite","@id":"https:\/\/www.myallmeeting.com\/fr\/#website","url":"https:\/\/www.myallmeeting.com\/fr\/","name":"Accor MyAllMeeting.com","description":"Les Meilleurs lieux pour vos Ev\u00e9nements Professionnels","publisher":{"@id":"https:\/\/www.myallmeeting.com\/fr\/#organization"},"potentialAction":[{"@type":"SearchAction","target":{"@type":"EntryPoint","urlTemplate":"https:\/\/www.myallmeeting.com\/fr\/?s={search_term_string}"},"query-input":{"@type":"PropertyValueSpecification","valueRequired":true,"valueName":"search_term_string"}}],"inLanguage":"fr-FR"},{"@type":"Organization","@id":"https:\/\/www.myallmeeting.com\/fr\/#organization","name":"ACCOR","url":"https:\/\/www.myallmeeting.com\/fr\/","logo":{"@type":"ImageObject","inLanguage":"fr-FR","@id":"https:\/\/www.myallmeeting.com\/fr\/#\/schema\/logo\/image\/","url":"","contentUrl":"","caption":"ACCOR"},"image":{"@id":"https:\/\/www.myallmeeting.com\/fr\/#\/schema\/logo\/image\/"}}]}},"_links":{"self":[{"href":"https:\/\/www.myallmeeting.com\/fr\/wp-json\/wp\/v2\/pages\/15226621","targetHints":{"allow":["GET"]}}],"collection":[{"href":"https:\/\/www.myallmeeting.com\/fr\/wp-json\/wp\/v2\/pages"}],"about":[{"href":"https:\/\/www.myallmeeting.com\/fr\/wp-json\/wp\/v2\/types\/page"}],"author":[{"embeddable":true,"href":"https:\/\/www.myallmeeting.com\/fr\/wp-json\/wp\/v2\/users\/1"}],"replies":[{"embeddable":true,"href":"https:\/\/www.myallmeeting.com\/fr\/wp-json\/wp\/v2\/comments?post=15226621"}],"version-history":[{"count":0,"href":"https:\/\/www.myallmeeting.com\/fr\/wp-json\/wp\/v2\/pages\/15226621\/revisions"}],"wp:featuredmedia":[{"embeddable":true,"href":"https:\/\/www.myallmeeting.com\/fr\/wp-json\/wp\/v2\/media\/16045148"}],"wp:attachment":[{"href":"https:\/\/www.myallmeeting.com\/fr\/wp-json\/wp\/v2\/media?parent=15226621"}],"curies":[{"name":"wp","href":"https:\/\/api.w.org\/{rel}","templated":true}]}}