{"id":15161110,"date":"2024-03-21T15:15:51","date_gmt":"2024-03-21T14:15:51","guid":{"rendered":"https:\/\/myallmeeting.com\/?page_id=15161110"},"modified":"2025-09-11T09:47:20","modified_gmt":"2025-09-11T07:47:20","slug":"programme-de-fidelite","status":"publish","type":"page","link":"https:\/\/www.myallmeeting.com\/fr\/programme-de-fidelite\/","title":{"rendered":"Votre fid\u00e9lit\u00e9 r\u00e9compens\u00e9e"},"content":{"rendered":"<!-- START OF : Composant : block-periscope-theme-section-composant-20-fidelite-avantages.php -->\n\n<div class=\"fidelite bg-white fs-wysiwyg\" data-component=\"20-fidelite-avantages\">\n\t<div class=\"text-center fs-28 fs-lg-32 fw-semibold ls--25 lh-xs mb-4 mb-lg-11\">R\u00e9compensez votre fid\u00e9lit\u00e9 avec le programme de fid\u00e9lit\u00e9 ALL Accor<\/div>\n\t\t<div class=\"container-fluid\" style=\"--bs-gutter-x: 0\">\n\t\t<div class=\"row\" style=\"--bs-gutter-x: 0\">\n\t\t\t<div class=\"col-lg-8\">\n\t\t\t\t\t\t\t\t\t<div class=\"fidelite__top__left\">\n\t\t\t\t\t\t<img decoding=\"async\" src=\"https:\/\/www.myallmeeting.com\/wp-content\/uploads\/2024\/07\/7033-51-1268x846.jpg\" class=\"pe-3 pe-lg-0\" width=\"1268\" height=\"846\" alt=\"\" loading=\"lazy\" \/>\n\t\t\t\t\t<\/div>\n\t\t\t\t\t\t\t<\/div>\n\t\t\t<div class=\"col-lg-4\">\n\t\t\t\t<div class=\"fidelite__top__right t-0 r-0 bg-primary text-white mt-lg-18 pt-4 pb-8 px-2 pt-lg-10 pb-lg-12 px-lg-11\">\n\t\t\t\t\t\t\n\t\t\t\t\t<div class=\"fidelite__date t-0 l-0 mb-2 text-secondary fw-semibold text-uppercase fs-10 fs-lg-15 fs-xl-19 fs-xxl-24 lh-xs\">PROGRAMME DE FIDELIT\u00c9 ALL ACCOR <\/div>\n\t\t\t\t\t\t\t\t\t\t\t\t\t\t\t<div class=\"unna fs-32 fs-lg-47 fs-xl-61 fs-xxl-75 lh-1 fs-italic fw-normal text-secondary pt-lg-1 mb-2 mb-lg-5\">Des avantages pour vous et votre entreprise<\/div>\n\t\t\t\t\t\t\t\t\t\t\t\t\t\t\t<div class=\"text-white fs-18 fs-lg-20 fs-xl-24 fs-xxl-26 lh-xs fw-semibold mb-4 mb-lg-9\">Le programme de fid\u00e9lit\u00e9 ALL Accor vous r\u00e9compense pour chacun de vos r\u00e9unions et \u00e9v\u00e9nements \u00e9ligibles.\r\n<\/div>\n\t\t\t\t\t\t\t\t\t\t\t\t\t\t\t<div class=\"mb-4 fs-wysiwyg fs-lg-20\"><p><span>Que vous organisiez une conf\u00e9rence,<strong> un s\u00e9minaire<\/strong> ou <strong>une<\/strong> <strong>c\u00e9l\u00e9bration priv\u00e9e,<\/strong> vous accumulez des points R\u00e9compense et Statut sur les r\u00e9servations \u00e9ligibles, faisant de chaque \u00e9v\u00e9nement une occasion de d\u00e9bloquer des des r\u00e9compenses pr\u00e9cieuses.\u00a0<\/span><\/p>\n<p>Ces points peuvent \u00eatre \u00e9chang\u00e9s contre des \u00e9v\u00e9nements futurs, des surclassements de chambre, des r\u00e9ductions exclusives et d&rsquo;autres avantages con\u00e7us pour am\u00e9liorer vos s\u00e9jours et \u00e9v\u00e9nements.<\/p>\n<\/div>\n\t\t\t\t\t\t\t\t\t\t<div class=\"d-flex flex-column flex-lg-row gap-2 gap-xxl-6\">\n\t\t\t\t\t\t\t\t\t\t\t\t<a href=\"https:\/\/all.accor.com\/a\/fr\/loyalty-program\/meetings-and-events.html\" class=\"btn btn-secondary btn-hover-translate-right align-items-center justify-content-center justify-content-lg-start gap-2 gap-lg-1 w-100 w-lg-auto\">\n\t\t\t\t\t\t\t<span>Devenir membre<\/span>\n\t\t\t\t\t\t\t<svg width=\"15\" height=\"20\" aria-hidden=\"true\">\n\t\t\t\t\t\t\t\t<use xlink:href=\"https:\/\/www.myallmeeting.com\/wp-content\/themes\/accor\/assets\/images\/sprite.svg#btn-arrow-white\"><\/use>\n\t\t\t\t\t\t\t<\/svg>\n\t\t\t\t\t\t<\/a>\n\t\t\t\t\t\t\t\t\t\t\t\t\t\t\t\t\t<\/div>\n\t\t\t\t<\/div>\n\t\t\t<\/div>\n\t\t<\/div>\n\t<\/div>\n\t<div class=\"container-fluid\">\n\t\t<div class=\"row\">\n\t\t\t<div class=\"col-lg-10 offset-lg-1\">\n\t\t\t\t<div class=\"fidelite__bottom pt-5 pt-lg-3 pb-lg-5 px-3 px-lg-0\">\n\t\t\t\t\t<div class=\"unna fs-36 fs-lg-70 lh-1 fs-italic fw-normal text-secondary mb-5\">Vos avantages <\/div>\n\t\t\t\t\t<div class=\"row\">\n\t\t\t\t\t\t\t\t\t\t\t\t\t\t\t\t\t\t\t\t\t<div class=\"col-lg-6 mb-6 mb-lg-7\">\n\t\t\t\t\t\t\t\t\t<div class=\"pe-lg-10\">\n\t\t\t\t\t\t\t\t\t\t<div class=\"fs-18 fs-lg-20 fs-xl-24 fs-xxl-26 fw-semibold lh-xs mb-2\">R\u00e9compenses g\u00e9n\u00e9reuses et progression rapide <\/div>\n\t\t\t\t\t\t\t\t\t\t<div class=\"fs-wysiwyg\">Pour chaque 2\u20ac d\u00e9pens\u00e9s, recevez 1 point R\u00e9compense et 1 point Statut. <\/div>\n\t\t\t\t\t\t\t\t\t<\/div>\n\t\t\t\t\t\t\t\t<\/div>\n\t\t\t\t\t\t\t\t\t\t\t\t\t\t\t<div class=\"col-lg-6 mb-6 mb-lg-7\">\n\t\t\t\t\t\t\t\t\t<div class=\"pe-lg-10\">\n\t\t\t\t\t\t\t\t\t\t<div class=\"fs-18 fs-lg-20 fs-xl-24 fs-xxl-26 fw-semibold lh-xs mb-2\">Options de r\u00e9compenses flexibles <\/div>\n\t\t\t\t\t\t\t\t\t\t<div class=\"fs-wysiwyg\">\u00c9changez vos points contre des r\u00e9ductions sur des \u00e9v\u00e9nements futurs, des s\u00e9jours, des billets de concert ou meme des dons caritatifs. Vos points, votre choix ! <\/div>\n\t\t\t\t\t\t\t\t\t<\/div>\n\t\t\t\t\t\t\t\t<\/div>\n\t\t\t\t\t\t\t\t\t\t\t\t\t\t\t<div class=\"col-lg-6 mb-6 mb-lg-7\">\n\t\t\t\t\t\t\t\t\t<div class=\"pe-lg-10\">\n\t\t\t\t\t\t\t\t\t\t<div class=\"fs-18 fs-lg-20 fs-xl-24 fs-xxl-26 fw-semibold lh-xs mb-2\">Opportunit\u00e9s illimit\u00e9es <\/div>\n\t\t\t\t\t\t\t\t\t\t<div class=\"fs-wysiwyg\">Organisez autant d\u2019\u00e9v\u00e9nements que vous le souhaitez, il n&#039;y a pas de limite \u00e0 votre potentiel de gains. <\/div>\n\t\t\t\t\t\t\t\t\t<\/div>\n\t\t\t\t\t\t\t\t<\/div>\n\t\t\t\t\t\t\t\t\t\t\t\t\t\t\t<div class=\"col-lg-6 mb-6 mb-lg-7\">\n\t\t\t\t\t\t\t\t\t<div class=\"pe-lg-10\">\n\t\t\t\t\t\t\t\t\t\t<div class=\"fs-18 fs-lg-20 fs-xl-24 fs-xxl-26 fw-semibold lh-xs mb-2\">Points qui n&#039;expirent jamais <\/div>\n\t\t\t\t\t\t\t\t\t\t<div class=\"fs-wysiwyg\">Il suffit d&#039;organiser un \u00e9v\u00e9nement \u00e9ligible ou un s\u00e9jour dans les 12 mois pour conserver tous vos points acquis. <\/div>\n\t\t\t\t\t\t\t\t\t<\/div>\n\t\t\t\t\t\t\t\t<\/div>\n\t\t\t\t\t\t\t\t\t\t\t\t\t\t\n\t\t\t\t\t<\/div>\n\t\t\t\t<\/div>\n\t\t\t<\/div>\n\t\t<\/div>\n\t<\/div>\n<\/div>\n\n\n\n<!-- END OF : Composant : block-periscope-theme-section-composant-20-fidelite-avantages.php -->\n\n\n<div class=\"container fs-wysiwyg mb-5\">\n<p class=\"has-text-align-center\" style=\"font-size:40px\">48 marques au service de vos \u00e9v\u00e9nements<\/p>\n<\/div>\n\n<div class=\"container fs-wysiwyg mb-5\">\n<p><img decoding=\"async\" width=\"1500\" height=\"891\" class=\"wp-image-24094812\" style=\"width: 1500px;\" src=\"https:\/\/myallmeeting.com\/wp-content\/uploads\/2025\/09\/FRISE-ALL-ACCOR-MEETINGS-EVENTS-DIGITAL-2.jpg\" alt=\"\" srcset=\"https:\/\/www.myallmeeting.com\/wp-content\/uploads\/2025\/09\/FRISE-ALL-ACCOR-MEETINGS-EVENTS-DIGITAL-2.jpg 2404w, https:\/\/www.myallmeeting.com\/wp-content\/uploads\/2025\/09\/FRISE-ALL-ACCOR-MEETINGS-EVENTS-DIGITAL-2-480x285.jpg 480w, https:\/\/www.myallmeeting.com\/wp-content\/uploads\/2025\/09\/FRISE-ALL-ACCOR-MEETINGS-EVENTS-DIGITAL-2-1024x608.jpg 1024w, https:\/\/www.myallmeeting.com\/wp-content\/uploads\/2025\/09\/FRISE-ALL-ACCOR-MEETINGS-EVENTS-DIGITAL-2-1536x912.jpg 1536w, https:\/\/www.myallmeeting.com\/wp-content\/uploads\/2025\/09\/FRISE-ALL-ACCOR-MEETINGS-EVENTS-DIGITAL-2-2048x1217.jpg 2048w, https:\/\/www.myallmeeting.com\/wp-content\/uploads\/2025\/09\/FRISE-ALL-ACCOR-MEETINGS-EVENTS-DIGITAL-2-946x562.jpg 946w, https:\/\/www.myallmeeting.com\/wp-content\/uploads\/2025\/09\/FRISE-ALL-ACCOR-MEETINGS-EVENTS-DIGITAL-2-960x570.jpg 960w, https:\/\/www.myallmeeting.com\/wp-content\/uploads\/2025\/09\/FRISE-ALL-ACCOR-MEETINGS-EVENTS-DIGITAL-2-120x71.jpg 120w\" sizes=\"(max-width: 1500px) 100vw, 1500px\" \/><\/p>\n<\/div>","protected":false},"excerpt":{"rendered":"<p>48 marques au service de vos \u00e9v\u00e9nements<\/p>\n","protected":false},"author":1,"featured_media":16231038,"parent":0,"menu_order":0,"comment_status":"closed","ping_status":"closed","template":"template-fidelite.php","meta":{"_acf_changed":true,"footnotes":""},"class_list":["post-15161110","page","type-page","status-publish","has-post-thumbnail","hentry"],"acf":[],"yoast_head":"<title>Programme de fid\u00e9lit\u00e9 Accor Meetings &amp; Events - MyALLMeeting<\/title>\n<meta name=\"description\" content=\"Si vous \u00eates un professionnel de l\u2019\u00e9v\u00e9nement, ne cherchez pas plus loin que ALL Meeting Planner pour r\u00e9compenser votre fid\u00e9lit\u00e9 !\" \/>\n<meta name=\"robots\" content=\"index, follow, max-snippet:-1, max-image-preview:large, max-video-preview:-1\" \/>\n<link rel=\"canonical\" href=\"https:\/\/www.myallmeeting.com\/fr\/wp-json\/wp\/v2\/pages\/15161110\" \/>\n<meta property=\"og:locale\" content=\"fr_FR\" \/>\n<meta property=\"og:type\" content=\"article\" \/>\n<meta property=\"og:title\" content=\"Programme de fid\u00e9lit\u00e9 Accor Meetings &amp; Events - MyALLMeeting\" \/>\n<meta property=\"og:description\" content=\"Si vous \u00eates un professionnel de l\u2019\u00e9v\u00e9nement, ne cherchez pas plus loin que ALL Meeting Planner pour r\u00e9compenser votre fid\u00e9lit\u00e9 !\" \/>\n<meta property=\"og:url\" content=\"https:\/\/www.myallmeeting.com\/fr\/programme-de-fidelite\/\" \/>\n<meta property=\"og:site_name\" content=\"Accor MyAllMeeting.com\" \/>\n<meta property=\"article:modified_time\" content=\"2025-09-11T07:47:20+00:00\" \/>\n<meta property=\"og:image\" content=\"https:\/\/myallmeeting.com\/wp-content\/uploads\/2024\/08\/AMP-banniere.png\" \/>\n\t<meta property=\"og:image:width\" content=\"1920\" \/>\n\t<meta property=\"og:image:height\" content=\"570\" \/>\n\t<meta property=\"og:image:type\" content=\"image\/png\" \/>\n<meta name=\"twitter:card\" content=\"summary_large_image\" \/>\n<meta name=\"twitter:label1\" content=\"Dur\u00e9e de lecture estim\u00e9e\" \/>\n\t<meta name=\"twitter:data1\" content=\"1 minute\" \/>\n<script type=\"application\/ld+json\" class=\"yoast-schema-graph\">{\"@context\":\"https:\/\/schema.org\",\"@graph\":[{\"@type\":\"WebPage\",\"@id\":\"https:\/\/www.myallmeeting.com\/fr\/programme-de-fidelite\/\",\"url\":\"https:\/\/www.myallmeeting.com\/fr\/programme-de-fidelite\/\",\"name\":\"Programme de fid\u00e9lit\u00e9 Accor Meetings & Events - MyALLMeeting\",\"isPartOf\":{\"@id\":\"https:\/\/www.myallmeeting.com\/fr\/#website\"},\"primaryImageOfPage\":{\"@id\":\"https:\/\/www.myallmeeting.com\/fr\/programme-de-fidelite\/#primaryimage\"},\"image\":{\"@id\":\"https:\/\/www.myallmeeting.com\/fr\/programme-de-fidelite\/#primaryimage\"},\"thumbnailUrl\":\"https:\/\/www.myallmeeting.com\/wp-content\/uploads\/2024\/08\/AMP-banniere.png\",\"datePublished\":\"2024-03-21T14:15:51+00:00\",\"dateModified\":\"2025-09-11T07:47:20+00:00\",\"description\":\"Si vous \u00eates un professionnel de l\u2019\u00e9v\u00e9nement, ne cherchez pas plus loin que ALL Meeting Planner pour r\u00e9compenser votre fid\u00e9lit\u00e9 !\",\"breadcrumb\":{\"@id\":\"https:\/\/www.myallmeeting.com\/fr\/programme-de-fidelite\/#breadcrumb\"},\"inLanguage\":\"fr-FR\",\"potentialAction\":[{\"@type\":\"ReadAction\",\"target\":[\"https:\/\/www.myallmeeting.com\/fr\/programme-de-fidelite\/\"]}]},{\"@type\":\"ImageObject\",\"inLanguage\":\"fr-FR\",\"@id\":\"https:\/\/www.myallmeeting.com\/fr\/programme-de-fidelite\/#primaryimage\",\"url\":\"https:\/\/www.myallmeeting.com\/wp-content\/uploads\/2024\/08\/AMP-banniere.png\",\"contentUrl\":\"https:\/\/www.myallmeeting.com\/wp-content\/uploads\/2024\/08\/AMP-banniere.png\",\"width\":1920,\"height\":570},{\"@type\":\"BreadcrumbList\",\"@id\":\"https:\/\/www.myallmeeting.com\/fr\/programme-de-fidelite\/#breadcrumb\",\"itemListElement\":[{\"@type\":\"ListItem\",\"position\":1,\"name\":\"Accueil\",\"item\":\"https:\/\/myallmeeting.com\/fr\/\"},{\"@type\":\"ListItem\",\"position\":2,\"name\":\"Votre fid\u00e9lit\u00e9 r\u00e9compens\u00e9e\"}]},{\"@type\":\"WebSite\",\"@id\":\"https:\/\/www.myallmeeting.com\/fr\/#website\",\"url\":\"https:\/\/www.myallmeeting.com\/fr\/\",\"name\":\"Accor MyAllMeeting.com\",\"description\":\"Les Meilleurs lieux pour vos Ev\u00e9nements Professionnels\",\"publisher\":{\"@id\":\"https:\/\/www.myallmeeting.com\/fr\/#organization\"},\"potentialAction\":[{\"@type\":\"SearchAction\",\"target\":{\"@type\":\"EntryPoint\",\"urlTemplate\":\"https:\/\/www.myallmeeting.com\/fr\/?s={search_term_string}\"},\"query-input\":{\"@type\":\"PropertyValueSpecification\",\"valueRequired\":true,\"valueName\":\"search_term_string\"}}],\"inLanguage\":\"fr-FR\"},{\"@type\":\"Organization\",\"@id\":\"https:\/\/www.myallmeeting.com\/fr\/#organization\",\"name\":\"ACCOR\",\"url\":\"https:\/\/www.myallmeeting.com\/fr\/\",\"logo\":{\"@type\":\"ImageObject\",\"inLanguage\":\"fr-FR\",\"@id\":\"https:\/\/www.myallmeeting.com\/fr\/#\/schema\/logo\/image\/\",\"url\":\"\",\"contentUrl\":\"\",\"caption\":\"ACCOR\"},\"image\":{\"@id\":\"https:\/\/www.myallmeeting.com\/fr\/#\/schema\/logo\/image\/\"}}]}<\/script>","yoast_head_json":{"title":"Programme de fid\u00e9lit\u00e9 Accor Meetings & Events - MyALLMeeting","description":"Si vous \u00eates un professionnel de l\u2019\u00e9v\u00e9nement, ne cherchez pas plus loin que ALL Meeting Planner pour r\u00e9compenser votre fid\u00e9lit\u00e9 !","robots":{"index":"index","follow":"follow","max-snippet":"max-snippet:-1","max-image-preview":"max-image-preview:large","max-video-preview":"max-video-preview:-1"},"canonical":"https:\/\/www.myallmeeting.com\/fr\/wp-json\/wp\/v2\/pages\/15161110","og_locale":"fr_FR","og_type":"article","og_title":"Programme de fid\u00e9lit\u00e9 Accor Meetings & Events - MyALLMeeting","og_description":"Si vous \u00eates un professionnel de l\u2019\u00e9v\u00e9nement, ne cherchez pas plus loin que ALL Meeting Planner pour r\u00e9compenser votre fid\u00e9lit\u00e9 !","og_url":"https:\/\/www.myallmeeting.com\/fr\/programme-de-fidelite\/","og_site_name":"Accor MyAllMeeting.com","article_modified_time":"2025-09-11T07:47:20+00:00","og_image":[{"width":1920,"height":570,"url":"https:\/\/myallmeeting.com\/wp-content\/uploads\/2024\/08\/AMP-banniere.png","type":"image\/png"}],"twitter_card":"summary_large_image","twitter_misc":{"Dur\u00e9e de lecture estim\u00e9e":"1 minute"},"schema":{"@context":"https:\/\/schema.org","@graph":[{"@type":"WebPage","@id":"https:\/\/www.myallmeeting.com\/fr\/programme-de-fidelite\/","url":"https:\/\/www.myallmeeting.com\/fr\/programme-de-fidelite\/","name":"Programme de fid\u00e9lit\u00e9 Accor Meetings & Events - MyALLMeeting","isPartOf":{"@id":"https:\/\/www.myallmeeting.com\/fr\/#website"},"primaryImageOfPage":{"@id":"https:\/\/www.myallmeeting.com\/fr\/programme-de-fidelite\/#primaryimage"},"image":{"@id":"https:\/\/www.myallmeeting.com\/fr\/programme-de-fidelite\/#primaryimage"},"thumbnailUrl":"https:\/\/www.myallmeeting.com\/wp-content\/uploads\/2024\/08\/AMP-banniere.png","datePublished":"2024-03-21T14:15:51+00:00","dateModified":"2025-09-11T07:47:20+00:00","description":"Si vous \u00eates un professionnel de l\u2019\u00e9v\u00e9nement, ne cherchez pas plus loin que ALL Meeting Planner pour r\u00e9compenser votre fid\u00e9lit\u00e9 !","breadcrumb":{"@id":"https:\/\/www.myallmeeting.com\/fr\/programme-de-fidelite\/#breadcrumb"},"inLanguage":"fr-FR","potentialAction":[{"@type":"ReadAction","target":["https:\/\/www.myallmeeting.com\/fr\/programme-de-fidelite\/"]}]},{"@type":"ImageObject","inLanguage":"fr-FR","@id":"https:\/\/www.myallmeeting.com\/fr\/programme-de-fidelite\/#primaryimage","url":"https:\/\/www.myallmeeting.com\/wp-content\/uploads\/2024\/08\/AMP-banniere.png","contentUrl":"https:\/\/www.myallmeeting.com\/wp-content\/uploads\/2024\/08\/AMP-banniere.png","width":1920,"height":570},{"@type":"BreadcrumbList","@id":"https:\/\/www.myallmeeting.com\/fr\/programme-de-fidelite\/#breadcrumb","itemListElement":[{"@type":"ListItem","position":1,"name":"Accueil","item":"https:\/\/myallmeeting.com\/fr\/"},{"@type":"ListItem","position":2,"name":"Votre fid\u00e9lit\u00e9 r\u00e9compens\u00e9e"}]},{"@type":"WebSite","@id":"https:\/\/www.myallmeeting.com\/fr\/#website","url":"https:\/\/www.myallmeeting.com\/fr\/","name":"Accor MyAllMeeting.com","description":"Les Meilleurs lieux pour vos Ev\u00e9nements Professionnels","publisher":{"@id":"https:\/\/www.myallmeeting.com\/fr\/#organization"},"potentialAction":[{"@type":"SearchAction","target":{"@type":"EntryPoint","urlTemplate":"https:\/\/www.myallmeeting.com\/fr\/?s={search_term_string}"},"query-input":{"@type":"PropertyValueSpecification","valueRequired":true,"valueName":"search_term_string"}}],"inLanguage":"fr-FR"},{"@type":"Organization","@id":"https:\/\/www.myallmeeting.com\/fr\/#organization","name":"ACCOR","url":"https:\/\/www.myallmeeting.com\/fr\/","logo":{"@type":"ImageObject","inLanguage":"fr-FR","@id":"https:\/\/www.myallmeeting.com\/fr\/#\/schema\/logo\/image\/","url":"","contentUrl":"","caption":"ACCOR"},"image":{"@id":"https:\/\/www.myallmeeting.com\/fr\/#\/schema\/logo\/image\/"}}]}},"_links":{"self":[{"href":"https:\/\/www.myallmeeting.com\/fr\/wp-json\/wp\/v2\/pages\/15161110","targetHints":{"allow":["GET"]}}],"collection":[{"href":"https:\/\/www.myallmeeting.com\/fr\/wp-json\/wp\/v2\/pages"}],"about":[{"href":"https:\/\/www.myallmeeting.com\/fr\/wp-json\/wp\/v2\/types\/page"}],"author":[{"embeddable":true,"href":"https:\/\/www.myallmeeting.com\/fr\/wp-json\/wp\/v2\/users\/1"}],"replies":[{"embeddable":true,"href":"https:\/\/www.myallmeeting.com\/fr\/wp-json\/wp\/v2\/comments?post=15161110"}],"version-history":[{"count":0,"href":"https:\/\/www.myallmeeting.com\/fr\/wp-json\/wp\/v2\/pages\/15161110\/revisions"}],"wp:featuredmedia":[{"embeddable":true,"href":"https:\/\/www.myallmeeting.com\/fr\/wp-json\/wp\/v2\/media\/16231038"}],"wp:attachment":[{"href":"https:\/\/www.myallmeeting.com\/fr\/wp-json\/wp\/v2\/media?parent=15161110"}],"curies":[{"name":"wp","href":"https:\/\/api.w.org\/{rel}","templated":true}]}}