{"id":15161108,"date":"2024-03-21T15:14:54","date_gmt":"2024-03-21T14:14:54","guid":{"rendered":"https:\/\/myallmeeting.com\/?page_id=15161108"},"modified":"2024-07-16T09:29:11","modified_gmt":"2024-07-16T07:29:11","slug":"surprenez-moi","status":"publish","type":"page","link":"https:\/\/www.myallmeeting.com\/fr\/surprenez-moi\/","title":{"rendered":"Surprenez-moi"},"content":{"rendered":"","protected":false},"excerpt":{"rendered":"<p>Laissez-vous inspirer par notre nouveau module de recherche pour d\u00e9finir votre prochain \u00e9v\u00e8nement professionnel<\/p>\n","protected":false},"author":1,"featured_media":16046260,"parent":0,"menu_order":0,"comment_status":"closed","ping_status":"closed","template":"template-surprenez-moi.php","meta":{"_acf_changed":false,"footnotes":""},"class_list":["post-15161108","page","type-page","status-publish","has-post-thumbnail","hentry"],"acf":[],"yoast_head":"<title>Trouvez des id\u00e9es pour des s\u00e9minaires ou r\u00e9unions originales<\/title>\n<meta name=\"description\" content=\"Explorez des id\u00e9es originales et innovantes pour enrichir vos s\u00e9minaires et r\u00e9unions d&#039;entreprise. Laissez-vous inspirer pour cr\u00e9er des \u00e9v\u00e9nements uniques et m\u00e9morables avec MyAllMeeting.\" \/>\n<meta name=\"robots\" content=\"index, follow, max-snippet:-1, max-image-preview:large, max-video-preview:-1\" \/>\n<link rel=\"canonical\" href=\"https:\/\/www.myallmeeting.com\/fr\/wp-json\/wp\/v2\/pages\/15161108\" \/>\n<meta property=\"og:locale\" content=\"fr_FR\" \/>\n<meta property=\"og:type\" content=\"article\" \/>\n<meta property=\"og:title\" content=\"Trouvez des id\u00e9es pour des s\u00e9minaires ou r\u00e9unions originales\" \/>\n<meta property=\"og:description\" content=\"Explorez des id\u00e9es originales et innovantes pour enrichir vos s\u00e9minaires et r\u00e9unions d&#039;entreprise. Laissez-vous inspirer pour cr\u00e9er des \u00e9v\u00e9nements uniques et m\u00e9morables avec MyAllMeeting.\" \/>\n<meta property=\"og:url\" content=\"https:\/\/www.myallmeeting.com\/fr\/surprenez-moi\/\" \/>\n<meta property=\"og:site_name\" content=\"Accor MyAllMeeting.com\" \/>\n<meta property=\"article:modified_time\" content=\"2024-07-16T07:29:11+00:00\" \/>\n<meta property=\"og:image\" content=\"https:\/\/myallmeeting.com\/wp-content\/uploads\/2024\/07\/Surprenez-moi-2.png\" \/>\n\t<meta property=\"og:image:width\" content=\"1920\" \/>\n\t<meta property=\"og:image:height\" content=\"570\" \/>\n\t<meta property=\"og:image:type\" content=\"image\/png\" \/>\n<meta name=\"twitter:card\" content=\"summary_large_image\" \/>\n<meta name=\"twitter:label1\" content=\"Dur\u00e9e de lecture estim\u00e9e\" \/>\n\t<meta name=\"twitter:data1\" content=\"1 minute\" \/>\n<script type=\"application\/ld+json\" class=\"yoast-schema-graph\">{\"@context\":\"https:\/\/schema.org\",\"@graph\":[{\"@type\":\"WebPage\",\"@id\":\"https:\/\/www.myallmeeting.com\/fr\/surprenez-moi\/\",\"url\":\"https:\/\/www.myallmeeting.com\/fr\/surprenez-moi\/\",\"name\":\"Trouvez des id\u00e9es pour des s\u00e9minaires ou r\u00e9unions originales\",\"isPartOf\":{\"@id\":\"https:\/\/www.myallmeeting.com\/fr\/#website\"},\"primaryImageOfPage\":{\"@id\":\"https:\/\/www.myallmeeting.com\/fr\/surprenez-moi\/#primaryimage\"},\"image\":{\"@id\":\"https:\/\/www.myallmeeting.com\/fr\/surprenez-moi\/#primaryimage\"},\"thumbnailUrl\":\"https:\/\/www.myallmeeting.com\/wp-content\/uploads\/2024\/07\/Surprenez-moi-2.png\",\"datePublished\":\"2024-03-21T14:14:54+00:00\",\"dateModified\":\"2024-07-16T07:29:11+00:00\",\"description\":\"Explorez des id\u00e9es originales et innovantes pour enrichir vos s\u00e9minaires et r\u00e9unions d'entreprise. Laissez-vous inspirer pour cr\u00e9er des \u00e9v\u00e9nements uniques et m\u00e9morables avec MyAllMeeting.\",\"breadcrumb\":{\"@id\":\"https:\/\/www.myallmeeting.com\/fr\/surprenez-moi\/#breadcrumb\"},\"inLanguage\":\"fr-FR\",\"potentialAction\":[{\"@type\":\"ReadAction\",\"target\":[\"https:\/\/www.myallmeeting.com\/fr\/surprenez-moi\/\"]}]},{\"@type\":\"ImageObject\",\"inLanguage\":\"fr-FR\",\"@id\":\"https:\/\/www.myallmeeting.com\/fr\/surprenez-moi\/#primaryimage\",\"url\":\"https:\/\/www.myallmeeting.com\/wp-content\/uploads\/2024\/07\/Surprenez-moi-2.png\",\"contentUrl\":\"https:\/\/www.myallmeeting.com\/wp-content\/uploads\/2024\/07\/Surprenez-moi-2.png\",\"width\":1920,\"height\":570},{\"@type\":\"BreadcrumbList\",\"@id\":\"https:\/\/www.myallmeeting.com\/fr\/surprenez-moi\/#breadcrumb\",\"itemListElement\":[{\"@type\":\"ListItem\",\"position\":1,\"name\":\"Accueil\",\"item\":\"https:\/\/myallmeeting.com\/fr\/\"},{\"@type\":\"ListItem\",\"position\":2,\"name\":\"Surprenez-moi\"}]},{\"@type\":\"WebSite\",\"@id\":\"https:\/\/www.myallmeeting.com\/fr\/#website\",\"url\":\"https:\/\/www.myallmeeting.com\/fr\/\",\"name\":\"Accor MyAllMeeting.com\",\"description\":\"Les Meilleurs lieux pour vos Ev\u00e9nements Professionnels\",\"publisher\":{\"@id\":\"https:\/\/www.myallmeeting.com\/fr\/#organization\"},\"potentialAction\":[{\"@type\":\"SearchAction\",\"target\":{\"@type\":\"EntryPoint\",\"urlTemplate\":\"https:\/\/www.myallmeeting.com\/fr\/?s={search_term_string}\"},\"query-input\":{\"@type\":\"PropertyValueSpecification\",\"valueRequired\":true,\"valueName\":\"search_term_string\"}}],\"inLanguage\":\"fr-FR\"},{\"@type\":\"Organization\",\"@id\":\"https:\/\/www.myallmeeting.com\/fr\/#organization\",\"name\":\"ACCOR\",\"url\":\"https:\/\/www.myallmeeting.com\/fr\/\",\"logo\":{\"@type\":\"ImageObject\",\"inLanguage\":\"fr-FR\",\"@id\":\"https:\/\/www.myallmeeting.com\/fr\/#\/schema\/logo\/image\/\",\"url\":\"\",\"contentUrl\":\"\",\"caption\":\"ACCOR\"},\"image\":{\"@id\":\"https:\/\/www.myallmeeting.com\/fr\/#\/schema\/logo\/image\/\"}}]}<\/script>","yoast_head_json":{"title":"Trouvez des id\u00e9es pour des s\u00e9minaires ou r\u00e9unions originales","description":"Explorez des id\u00e9es originales et innovantes pour enrichir vos s\u00e9minaires et r\u00e9unions d'entreprise. Laissez-vous inspirer pour cr\u00e9er des \u00e9v\u00e9nements uniques et m\u00e9morables avec MyAllMeeting.","robots":{"index":"index","follow":"follow","max-snippet":"max-snippet:-1","max-image-preview":"max-image-preview:large","max-video-preview":"max-video-preview:-1"},"canonical":"https:\/\/www.myallmeeting.com\/fr\/wp-json\/wp\/v2\/pages\/15161108","og_locale":"fr_FR","og_type":"article","og_title":"Trouvez des id\u00e9es pour des s\u00e9minaires ou r\u00e9unions originales","og_description":"Explorez des id\u00e9es originales et innovantes pour enrichir vos s\u00e9minaires et r\u00e9unions d'entreprise. Laissez-vous inspirer pour cr\u00e9er des \u00e9v\u00e9nements uniques et m\u00e9morables avec MyAllMeeting.","og_url":"https:\/\/www.myallmeeting.com\/fr\/surprenez-moi\/","og_site_name":"Accor MyAllMeeting.com","article_modified_time":"2024-07-16T07:29:11+00:00","og_image":[{"width":1920,"height":570,"url":"https:\/\/myallmeeting.com\/wp-content\/uploads\/2024\/07\/Surprenez-moi-2.png","type":"image\/png"}],"twitter_card":"summary_large_image","twitter_misc":{"Dur\u00e9e de lecture estim\u00e9e":"1 minute"},"schema":{"@context":"https:\/\/schema.org","@graph":[{"@type":"WebPage","@id":"https:\/\/www.myallmeeting.com\/fr\/surprenez-moi\/","url":"https:\/\/www.myallmeeting.com\/fr\/surprenez-moi\/","name":"Trouvez des id\u00e9es pour des s\u00e9minaires ou r\u00e9unions originales","isPartOf":{"@id":"https:\/\/www.myallmeeting.com\/fr\/#website"},"primaryImageOfPage":{"@id":"https:\/\/www.myallmeeting.com\/fr\/surprenez-moi\/#primaryimage"},"image":{"@id":"https:\/\/www.myallmeeting.com\/fr\/surprenez-moi\/#primaryimage"},"thumbnailUrl":"https:\/\/www.myallmeeting.com\/wp-content\/uploads\/2024\/07\/Surprenez-moi-2.png","datePublished":"2024-03-21T14:14:54+00:00","dateModified":"2024-07-16T07:29:11+00:00","description":"Explorez des id\u00e9es originales et innovantes pour enrichir vos s\u00e9minaires et r\u00e9unions d'entreprise. Laissez-vous inspirer pour cr\u00e9er des \u00e9v\u00e9nements uniques et m\u00e9morables avec MyAllMeeting.","breadcrumb":{"@id":"https:\/\/www.myallmeeting.com\/fr\/surprenez-moi\/#breadcrumb"},"inLanguage":"fr-FR","potentialAction":[{"@type":"ReadAction","target":["https:\/\/www.myallmeeting.com\/fr\/surprenez-moi\/"]}]},{"@type":"ImageObject","inLanguage":"fr-FR","@id":"https:\/\/www.myallmeeting.com\/fr\/surprenez-moi\/#primaryimage","url":"https:\/\/www.myallmeeting.com\/wp-content\/uploads\/2024\/07\/Surprenez-moi-2.png","contentUrl":"https:\/\/www.myallmeeting.com\/wp-content\/uploads\/2024\/07\/Surprenez-moi-2.png","width":1920,"height":570},{"@type":"BreadcrumbList","@id":"https:\/\/www.myallmeeting.com\/fr\/surprenez-moi\/#breadcrumb","itemListElement":[{"@type":"ListItem","position":1,"name":"Accueil","item":"https:\/\/myallmeeting.com\/fr\/"},{"@type":"ListItem","position":2,"name":"Surprenez-moi"}]},{"@type":"WebSite","@id":"https:\/\/www.myallmeeting.com\/fr\/#website","url":"https:\/\/www.myallmeeting.com\/fr\/","name":"Accor MyAllMeeting.com","description":"Les Meilleurs lieux pour vos Ev\u00e9nements Professionnels","publisher":{"@id":"https:\/\/www.myallmeeting.com\/fr\/#organization"},"potentialAction":[{"@type":"SearchAction","target":{"@type":"EntryPoint","urlTemplate":"https:\/\/www.myallmeeting.com\/fr\/?s={search_term_string}"},"query-input":{"@type":"PropertyValueSpecification","valueRequired":true,"valueName":"search_term_string"}}],"inLanguage":"fr-FR"},{"@type":"Organization","@id":"https:\/\/www.myallmeeting.com\/fr\/#organization","name":"ACCOR","url":"https:\/\/www.myallmeeting.com\/fr\/","logo":{"@type":"ImageObject","inLanguage":"fr-FR","@id":"https:\/\/www.myallmeeting.com\/fr\/#\/schema\/logo\/image\/","url":"","contentUrl":"","caption":"ACCOR"},"image":{"@id":"https:\/\/www.myallmeeting.com\/fr\/#\/schema\/logo\/image\/"}}]}},"_links":{"self":[{"href":"https:\/\/www.myallmeeting.com\/fr\/wp-json\/wp\/v2\/pages\/15161108","targetHints":{"allow":["GET"]}}],"collection":[{"href":"https:\/\/www.myallmeeting.com\/fr\/wp-json\/wp\/v2\/pages"}],"about":[{"href":"https:\/\/www.myallmeeting.com\/fr\/wp-json\/wp\/v2\/types\/page"}],"author":[{"embeddable":true,"href":"https:\/\/www.myallmeeting.com\/fr\/wp-json\/wp\/v2\/users\/1"}],"replies":[{"embeddable":true,"href":"https:\/\/www.myallmeeting.com\/fr\/wp-json\/wp\/v2\/comments?post=15161108"}],"version-history":[{"count":0,"href":"https:\/\/www.myallmeeting.com\/fr\/wp-json\/wp\/v2\/pages\/15161108\/revisions"}],"wp:featuredmedia":[{"embeddable":true,"href":"https:\/\/www.myallmeeting.com\/fr\/wp-json\/wp\/v2\/media\/16046260"}],"wp:attachment":[{"href":"https:\/\/www.myallmeeting.com\/fr\/wp-json\/wp\/v2\/media?parent=15161108"}],"curies":[{"name":"wp","href":"https:\/\/api.w.org\/{rel}","templated":true}]}}