{"id":16193752,"date":"2024-07-08T09:51:31","date_gmt":"2024-07-08T07:51:31","guid":{"rendered":"https:\/\/myallmeeting.com\/lancement-et-evenement-automobile\/"},"modified":"2024-08-21T17:30:07","modified_gmt":"2024-08-21T15:30:07","slug":"lanzamientos-y-eventos-automovilisticos","status":"publish","type":"page","link":"https:\/\/www.myallmeeting.com\/es\/lanzamientos-y-eventos-automovilisticos\/","title":{"rendered":"Lanzamientos y eventos automovil\u00edsticos"},"content":{"rendered":"<!-- START OF : Composant : block-periscope-theme-section-composant-30-texte-image-citation.php -->\n<div class=\"tic position-relative fs-wysiwyg pt-9 mb-5 mb-lg-22\" data-component=\"30-texte-image-citation\">\n\t<div class=\"container-fluid\" style=\"--bs-gutter-x: 0\">\n\t\t<div class=\"row\" style=\"--bs-gutter-x: 0\">\n\t\t\t<div class=\"col-lg-6 offset-lg-1\"> \n\t\t\t\t<div class=\"tic__top__img position-relative me-2 me-lg-0\">\n\t\t\t\t\t\t\t\t\t\t<img decoding=\"async\" src=\"https:\/\/www.myallmeeting.com\/wp-content\/uploads\/2024\/08\/Evenement-automobile-FMC-932x645.png\" alt=\"\" width=\"932\" height=\"562\" loading=\"lazy\" class=\"w-100\" \/>\n\t\t\t\t\t\t\t\t\t\t<div class=\"position-absolute text-white z-1 text-center t-0 l-0 w-100 p-4 pt-lg-8 pe-lg-20\">\n\t\t\t\t\t\t\t\t\t\t\t\t<div class=\"fw-medium fs-14 fs-xl-18 ls-20 lh-xs text-uppercase\">Para expertos en eventos <\/div>\n\t\t\t\t\t\t\t\t\t\t\t\t\t\t\t\t\t\t<div class=\"unna fs-italic fs-32 fs-lg-46 fs-xl-60 ls-20 lh-1\">Automovil\u00edsticos<\/div>\n\t\t\t\t\t\t\t\t\t\t\t<\/div>\n\t\t\t\t<\/div>\n\t\t\t<\/div>\n\t\t\t<div class=\"col-lg-4\">\n\t\t\t\t<div class=\"tic__content position-relative bg-white pt-2 pb-0 px-2 py-lg-7 py-xl-9 px-lg-5 px-xl-10 pt-lg-9\">\n\t\t\t\t\t\t\t\t\t\t<div class=\"tic__surtitre position-lg-absolute t-0 l-0 mb-2 mx-lg-3 mt-lg-2 text-primary fw-semibold text-uppercase fs-10 fs-lg-12 fs-xl-18 lh-xs\">Lanzamiento o evento, cu\u00e9ntanos qu\u00e9 necesitas <\/div>\n\t\t\t\t\t\t\t\t\t\t\t\t\t\t\t<div class=\"tic__content__titre unna fs-32 fs-xl-60 text-primary lh-xs mb-2 mb-lg-3 mb-xl-5\">Organizar un lanzamiento o un evento automovil\u00edstico<\/div>\n\t\t\t\t\t\t\t\t\t\t\t\t\t\t\t<div class=\"fs-lg-13 fs-xl-18 mb-4 mb-xl-7 lh-sm\"><h3 style=\"text-align: left;\"><span data-contrast=\"none\" class=\"TextRun SCXW110208669 BCX0\"><span class=\"NormalTextRun SCXW110208669 BCX0\">Una soluci\u00f3n personalizada para tus eventos automovil\u00edsticos<\/span><\/span><span class=\"EOP SCXW110208669 BCX0\" data-ccp-props=\"{&quot;134233118&quot;:true,&quot;201341983&quot;:0,&quot;335559739&quot;:160,&quot;335559740&quot;:240}\">\u00a0<\/span><\/h3>\n<p><span data-contrast=\"none\">El lanzamiento de un nuevo modelo de coche, una novedad importante, un gran momento en la historia de la marca de tu coche, una subasta&#8230; algunas de las muchas ocasiones que requieren la ambientaci\u00f3n perfecta.<\/span><span data-ccp-props=\"{&quot;134233118&quot;:true,&quot;201341983&quot;:0,&quot;335559739&quot;:160,&quot;335559740&quot;:240}\">\u00a0<\/span><\/p>\n<p><span data-contrast=\"none\">Junto al mar, en el coraz\u00f3n de la ciudad, en el bosque o en la monta\u00f1a, el grupo Accor tiene una gran experiencia y conocimientos en la organizaci\u00f3n de eventos relacionados con el autom\u00f3vil. Te ofrecemos el entorno ideal y la adaptaci\u00f3n total a tus necesidades para el lanzamiento de tu nuevo modelo, la organizaci\u00f3n de pruebas de prensa o la celebraci\u00f3n de convenciones comerciales.<\/span><span data-ccp-props=\"{&quot;134233118&quot;:true,&quot;201341983&quot;:0,&quot;335559739&quot;:160,&quot;335559740&quot;:240}\">\u00a0<\/span><\/p>\n<p><span data-contrast=\"none\">Nuestros expertos t\u00e9cnicos y de eventos te apoyar\u00e1n y te ofrecer\u00e1n recomendaciones personalizadas seg\u00fan la naturaleza de tu proyecto. \u00bfTe gustar\u00eda organizar pruebas de tu nuevo coche? Elige un hotel cerca de un circuito de pruebas. \u00bfNecesitas presentar un veh\u00edculo urbano nuevo? Elige un hotel en una hermosa ciudad.<\/span><span data-ccp-props=\"{&quot;134233118&quot;:true,&quot;201341983&quot;:0,&quot;335559739&quot;:160,&quot;335559740&quot;:240}\">\u00a0<\/span><\/p>\n<p><span data-contrast=\"none\">Podemos adaptarnos a todo tipo de eventos automovil\u00edsticos tanto en Francia como en el extranjero.<\/span><span data-ccp-props=\"{&quot;134233118&quot;:true,&quot;201341983&quot;:0,&quot;335559739&quot;:160,&quot;335559740&quot;:240}\">\u00a0<\/span><\/p>\n<\/div>\n\t\t\t\t\t\t\t\t\t\t\t\t\t\t<\/div>\n\t\t\t<\/div>\n\t\t<\/div>\n\t<\/div>\n\t<div class=\"tic__blank bg-white pt-8 pt-lg-0\">\t\t\n\t\t<div class=\"container-fluid\" style=\"--bs-gutter-x: 0\">\n\t\t\t<div class=\"row\" style=\"--bs-gutter-x: 0\">\n\t\t\t\t<div class=\"col-lg-6\">\n\t\t\t\t\t<div class=\"tic__bottom position-relative bg-primary text-secondary pt-4 pb-5\">\n\t\t\t\t\t\t<div class=\"d-flex gap-1 gap-md-4\">\n\t\t\t\t\t\t\t<div class=\"tic__bottom__imgs d-flex flex-shrink-0 align-items-center\">\n\t\t\t\t\t\t\t\t\t\t\t\t\t\t\t\t<img decoding=\"async\" src=\"https:\/\/www.myallmeeting.com\/wp-content\/uploads\/2024\/08\/Evenement-automobile-1.png\" class=\"tic__bottom__img tic__bottom__img--1 of-cover rounded-3 opacity-50\" alt=\"\" width=\"192\" height=\"346\" loading=\"lazy\" \/>\n\t\t\t\t\t\t\t\t\t\t\t\t\t\t\t\t\t\t\t\t\t\t\t\t<img decoding=\"async\" src=\"https:\/\/www.myallmeeting.com\/wp-content\/uploads\/2024\/08\/Evenement-automobile-2.png\" class=\"tic__bottom__img tic__bottom__img--2 of-cover rounded-3 z-1\" alt=\"\" width=\"192\" height=\"346\" loading=\"lazy\" \/>\n\t\t\t\t\t\t\t\t\t\t\t\t\t\t\t<\/div>\n\t\t\t\t\t\t\t<div class=\"tic__bottom__quote text-secondary lh-xs\">\n\t\t\t\t\t\t\t\t\t\t\t\t\t\t\t\t\t\t\t\t\t\t\t\t\t\t\t\t\t\t\t<\/div>\n\t\t\t\t\t\t<\/div>\n\t\t\t\t\t\t\t\t\t\t\t<\/div>\n\t\t\t\t<\/div>\n\t\t\t<\/div>\n\t\t<\/div>\n\t<\/div>\n<\/div>\n<!-- END OF : Composant : block-periscope-theme-section-composant-30-texte-image-citation.php -->\n\n\n<!-- START OF : Composant : block-periscope-theme-section-composant-31-bloc-image-cta.php -->\n\t<div class=\"icta position-relative fs-wysiwyg icta--reverse\" data-component=\"31-bloc-image-cta\" data-reverse=\"oui\">\n\t\t<div class=\"container-fluid\">\n\t\t\t<div class=\"row\">\n\t\t\t\t<div class=\"col-lg-5 offset-lg-1 d-lg-flex\"> \n\t\t\t\t\t<div class=\"icta__content position-relative bg-white pt-2 pb-2 px-2 pb-lg-0 pt-lg-7 pt-xl-9 px-lg-7 px-xl-10 mt-lg-9 z-1\">\n\t\t\t\t\t\t\t\t\t\t\t\t<div class=\"position-lg-absolute t-0 l-0 mb-2 mx-lg-3 mt-lg-2 text-primary fw-semibold text-uppercase fs-10 fs-lg-12 fs-xl-18 lh-xs\">Un programa adaptado a tus eventos automovil\u00edsticos <\/div>\n\t\t\t\t\t\t\t\t\t\t\t\t\t\t\t\t\t\t<div class=\"unna fs-32 fs-lg-39 fs-xl-60 text-primary lh-xs mb-2 mb-xl-5\">Beyond the road<\/div>\n\t\t\t\t\t\t\t\t\t\t\t\t\t\t\t\t\t\t\t<div class=\"fs-lg-15 fs-xl-18 lh-sm mb-4 mb-xl-7\"><p>Accor pone a tu disposici\u00f3n su saber hacer, as\u00ed como escenarios \u00fanicos y exclusivos para tus eventos automovil\u00edsticos. Descubre nuestra p\u00e1gina dedicada y responde a nuestras preguntas en unos segundos. Nuestros expertos se pondr\u00e1n en contacto con tu lo antes posible.<\/p>\n<\/div>\n\t\t\t\t\t\t\t\t\t\t\t\t\t\t\t\t\t\t<div class=\"text-center text-lg-end\">\n\t\t\t\t\t\t\t<a href=\"https:\/\/automotive-events-solutionbyaccor.com\/en\/\" target=\"_blank\"  class=\"btn btn-primary btn-hover-translate-right d-inline-flex justify-content-center justify-content-lg-start gap-2 gap-lg-1\">\n\t\t\t\t\t\t\t\t<span>Descubre la p\u00e1gina<\/span>\n\t\t\t\t\t\t\t\t<svg width=\"15\" height=\"20\" aria-hidden=\"true\">\n\t\t\t\t\t\t\t\t\t<use xlink:href=\"https:\/\/www.myallmeeting.com\/wp-content\/themes\/accor\/assets\/images\/sprite.svg#btn-arrow-white\"><\/use>\n\t\t\t\t\t\t\t\t<\/svg>\n\t\t\t\t\t\t\t<\/a>\n\t\t\t\t\t\t<\/div>\n\t\t\t\t\t\t\t\t\t\t\t<\/div>\n\t\t\t\t<\/div>\n\t\t\t\t\t\t\t\t<div class=\"col-lg-5 order-first order-lg-last\">\n\t\t\t\t\t<div class=\"icta__top__img h-100 position-relative me-2 me-lg-0\">\n\t\t\t\t\t\t<img decoding=\"async\" src=\"https:\/\/www.myallmeeting.com\/wp-content\/uploads\/2024\/08\/Beyond-the-road-932x645.jpg\" alt=\"\" width=\"932\" height=\"562\" loading=\"lazy\" \/>\n\t\t\t\t\t\t<div class=\"position-absolute text-white z-1 text-center t-0 l-0 w-100 pt-4 pt-lg-8\">\n\t\t\t\t\t\t\t\t\t\t\t\t\t\t\t\t\t\t<\/div>\n\t\t\t\t\t<\/div>\n\t\t\t\t<\/div>\n\t\t\t\t\t\t\t<\/div>\n\t\t<\/div>\n\t<\/div>\n<!-- END OF : Composant : block-periscope-theme-section-composant-31-bloc-image-cta.php -->\n\n\n<!-- START OF : Composant : block-periscope-theme-section-composant-05-moteur.php -->\n\n\n<input type=\"hidden\" id=\"search-engine.search_url\" value=\"https:\/\/www.myallmeeting.com\/es\/su-proyecto\/#search-engine\" \/>\n<input type=\"hidden\" id=\"search-engine.anchor\" value=\"search-engine\" \/>\n<input type=\"hidden\" id=\"search-engine.gmaps_token\" value=\"AIzaSyDB40FZ7x-OURCjwxt35ll3WogU24K_hyE\" \/>\n<input type=\"hidden\" id=\"search-engine.language_code\" value=\"es,en\" \/>\n<input type=\"hidden\" id=\"search-engine.language_code_2\" value=\"es\" \/>\n<input type=\"hidden\" id=\"search-engine.filter_ids\" value=\"B0M9,B1R5,B2Q7,B261,B0R3,B2C8,B385,B2R0,B395,B2J3,B440,B1N0,B3A2,B4C3,B4D0,B535,B2C7,B1K8,B3F9,B4T0,B5V7,B6D9,B7D0,B546,B7M3,B2S9,B852,B7M5,B4T2,B895,B670,B1Y6,B1Z1,B825,B279,B2M0,B218,B816,B5V4,B8I1,B8U3,B7T4,B8D8,B677,B1S0,B7R6,B991,B6A5,B8G7,B5L3,B5K2,B6I8,B773,B903,B8H6,B9I0,B9S6,B9L7,B9E3,B9F3,B772,B9S9,B7W1,B8Z4,B6E2,B6E3,B6A0,B4U6,B718,B7T5,B737,B815,C096,B7B0,B9R3,B4S4,B145,B9Q7,B9Q0,B919,B875,B854,B827,B542,B364,C091,B6A9,B147,C078,B9U3,B2T4,B8Q6,C1N1,B949,B941,B9T8,C319,C2F2,C1E1,C160,C0V5,C030,B9U8,2192,9703,B666,B797,B6F6,B667,B431,B7R5,B3X8,B4B1,B0N4,B140,B141,B142,B367,B4U7,B4Y6,B537,B538,B539,B540,7431,8565,5425,9379,B561,B6V6,B692,B897,B635,B9Q3,B870,C056,B599,B6J0,B814,B9N4,C139,C132,C1M7,C1Q4,B449,C0W3,C177,B6S6,B6T9,6660,1364,0459,0449,0456,A598,1103,1227,7014,1968,9244,1230,1055,0341,1098,9735,1099,1810,1187,5712,0869,1284,1190,1622,1951,7386,7363,1623,7165,3503,1508,7385,A9P7,B0C8,B3H6,B1H9,B4I4,8876,8954,8996,8999,9076,9227,9298,9299,9300,9301,9595,9617,9663,9671,9716,A073,A7X1,A8G3,A8M4,7341,7552,7557,8030,8091,8092,8301,8308,8320,8321,8325,8327,8329,8331,8332,8334,8335,8342,8343,8353,8516,8521,8523,5413,5396,5556,5563,6515,6617,6631,7060,3408,3419,3429,5258,5270,5282,5309,3667,3672,5347,5366,5374,C0F8,B8W6,2960,2967,6599,3280,3303,3306,3307,A7L5,3374,3375,0527,3376,3377,3378,2783,2906,2922,3096,3167,3210,3220,3227,1414,1937,0733,0925,5478,1987,2117,2126,B7U6,8196,7848,1172,3211,0707,0890,8189,A9V5,B524,A5D5,A7F3,A548,A6Q0,A6Q5,A5I1,A0Y1,A8Q1,9912,A212,B045,B1F0,A5T2,B2W9,9172,B0Y0,A6S7,3576,0711,0663,8612,9199,9375,9736,8613,A086,1169,1202,1282,1742,1357,7575,9170,1096,2789,8232,A027,A0B4,A069,A1B9,A314,6796,1399,0686,3232,0728,2944,0637,0397,6030,6550,8717,6916,8951,7054,0349,8174,7011,5167,2855,0399,0434,6923,9344,9084,0442,0368,7019,5681,1215,1292,0952,0446,0828,9920,1212,A593,1213,0348,0402,2945,8011,0453,7076,1537,0668,9922,A9E9,B4I1,A7Z0,A094,6813,A1F1,B971,1113,0530,0371,0542,0553,5275,0568,B8S1,3546,1075,1571,0382,0424,0398,0432,0390,0414,0392,1168,7383,0421,1834,0587,0386,0906,1549,0380,0443,0669,0428,0412,0785,1609,1300,1596,7229,0389,1177,0985,5418,7326,0427,0418,0383,0396,0385,0393,0394,2182,0736,0994,0395,1624,0384,1175,0413,0440,0436,0403,0438,2190,8816,0577,6188,1269,1273,1037,0363,1298,1788,1160,0375,0376,1122,2773,1814,0977,1072,8817,1131,1572,5954,8244,1585,0369,2057,2951,1068,3448,1625,1132,0345,3043,9319\" \/>\n<input type=\"hidden\" id=\"search-engine.display_mode\" value=\"pre-filtered\" \/>\n\n<input type=\"hidden\" id=\"search-engine.aid\" value=\"\" \/>\n<input type=\"hidden\" id=\"search-engine.address\" value=\"\" \/>\n<input type=\"hidden\" id=\"search-engine.distance\" value=\"\" \/>\n<input type=\"hidden\" id=\"search-engine.nb_persons\" value=\"\" \/>\n<input type=\"hidden\" id=\"search-engine.nb_meeting\" value=\"\" \/>\n<input type=\"hidden\" id=\"search-engine.nb_rooms\" value=\"\" \/>\n<input type=\"hidden\" id=\"search-engine.date\" value=\"\" \/>\n<input type=\"hidden\" id=\"search-engine.duration\" value=\"\" \/>\n\n<div id=\"search\" class=\"eventsearch\" data-component=\"05-moteur-recherche-event\">\n\t<div class=\"container\">\n\t\t<div class=\"row\">\n\t\t\t<div class=\"px-0 ms-auto me-auto\" style=\"max-width:1546px\">\n\t\t\t\t<div class=\"bg-primary mb-2 rounded-5 py-2 px-3 pt-lg-3 pb-lg-2 px-lg-4\">\n\t\t\t\t\t<div id=\"search-engine\" class =\"pre-filtered\"><\/div>\n\t\t\t\t<\/div>\n\t\t\t<\/div>\n\t\t<\/div>\n\t<\/div>\n<\/div>\n<!--<div>PHP processing Time: 0.072706937789917<\/div>!-->\n<!-- END OF : Composant : block-periscope-theme-section-composant-05-moteur.php -->\n\n\n<!-- START OF : Composant : block-periscope-theme-section-composant-14-carte-resultats.php -->\n<input type=\"hidden\" id=\"map.data-map-key\" value=\"AIzaSyDB40FZ7x-OURCjwxt35ll3WogU24K_hyE\">\n<input type=\"hidden\" id=\"map.data-map-language\" value=\"es,en\">\n<div id=\"search-map-results\" data-load-mode=\"synchronous\"><\/div>\n<div class=\"modal fade\" id=\"hotel-popin\">\n\t<div class=\"modal-dialog\">\n\t\t<div class=\"modal-inner\">\n\t\t\t<div class=\"modal-header\">\n\t\t\t\t<button type=\"button\" class=\"close\" data-bs-dismiss=\"modal\">\n\t\t\t\t\t<svg width=\"16\" height=\"16\" aria-hidden=\"true\">\n\t\t\t\t\t\t<use xlink:href=\"https:\/\/www.myallmeeting.com\/wp-content\/themes\/accor\/assets\/images\/sprite.svg#btn-close-white\"><\/use>\n\t\t\t\t\t<\/svg>\n\t\t\t\t\t<span>Fermer<\/span>\n\t\t\t\t<\/button>\n\t\t\t<\/div>\n\t\t\t<div class=\"modal-body\"><\/div>\n\t\t<\/div>\n\t<\/div>\n<\/div>\n<!-- END OF : Composant : block-periscope-theme-section-composant-14-carte-resultats.php -->\n","protected":false},"excerpt":{"rendered":"<p>El evento de tu marca o el lanzamiento de tu nuevo modelo merece s\u00f3lo lo mejor. <\/p>\n","protected":false},"author":24,"featured_media":16021831,"parent":0,"menu_order":0,"comment_status":"closed","ping_status":"closed","template":"","meta":{"_acf_changed":true,"footnotes":""},"class_list":["post-16193752","page","type-page","status-publish","has-post-thumbnail","hentry"],"acf":[],"yoast_head":"<title>Organisez votre lancement ou \u00e9v\u00e8nement automobile<\/title>\n<meta name=\"description\" content=\"Organisez votre lancement ou \u00e9v\u00e8nement automobile gr\u00e2ce \u00e0 l&#039;expertise de nos \u00e9quipes et des espaces capables de recevoir ce type d&#039;\u00e9v\u00e8nements\" \/>\n<meta name=\"robots\" content=\"index, follow, max-snippet:-1, max-image-preview:large, max-video-preview:-1\" \/>\n<link rel=\"canonical\" href=\"https:\/\/www.myallmeeting.com\/es\/wp-json\/wp\/v2\/pages\/16193752\" \/>\n<meta property=\"og:locale\" content=\"fr_FR\" \/>\n<meta property=\"og:type\" content=\"article\" \/>\n<meta property=\"og:title\" content=\"Organisez votre lancement ou \u00e9v\u00e8nement automobile\" \/>\n<meta property=\"og:description\" content=\"Organisez votre lancement ou \u00e9v\u00e8nement automobile gr\u00e2ce \u00e0 l&#039;expertise de nos \u00e9quipes et des espaces capables de recevoir ce type d&#039;\u00e9v\u00e8nements\" \/>\n<meta property=\"og:url\" content=\"https:\/\/www.myallmeeting.com\/es\/lanzamientos-y-eventos-automovilisticos\/\" \/>\n<meta property=\"og:site_name\" content=\"Accor MyAllMeeting.com\" \/>\n<meta property=\"article:modified_time\" content=\"2024-08-21T15:30:07+00:00\" \/>\n<meta property=\"og:image\" content=\"https:\/\/www.myallmeeting.com\/wp-content\/uploads\/2024\/07\/DUAL_BEYONDROAD-scaled.jpg\" \/>\n\t<meta property=\"og:image:width\" content=\"2560\" \/>\n\t<meta property=\"og:image:height\" content=\"1341\" \/>\n\t<meta property=\"og:image:type\" content=\"image\/jpeg\" \/>\n<meta name=\"twitter:card\" content=\"summary_large_image\" \/>\n<meta name=\"twitter:label1\" content=\"Dur\u00e9e de lecture estim\u00e9e\" \/>\n\t<meta name=\"twitter:data1\" content=\"3 minutes\" \/>\n<script type=\"application\/ld+json\" class=\"yoast-schema-graph\">{\"@context\":\"https:\/\/schema.org\",\"@graph\":[{\"@type\":\"WebPage\",\"@id\":\"https:\/\/www.myallmeeting.com\/es\/lanzamientos-y-eventos-automovilisticos\/\",\"url\":\"https:\/\/www.myallmeeting.com\/es\/lanzamientos-y-eventos-automovilisticos\/\",\"name\":\"Organisez votre lancement ou \u00e9v\u00e8nement automobile\",\"isPartOf\":{\"@id\":\"https:\/\/www.myallmeeting.com\/fr\/#website\"},\"primaryImageOfPage\":{\"@id\":\"https:\/\/www.myallmeeting.com\/es\/lanzamientos-y-eventos-automovilisticos\/#primaryimage\"},\"image\":{\"@id\":\"https:\/\/www.myallmeeting.com\/es\/lanzamientos-y-eventos-automovilisticos\/#primaryimage\"},\"thumbnailUrl\":\"https:\/\/www.myallmeeting.com\/wp-content\/uploads\/2024\/07\/DUAL_BEYONDROAD-scaled.jpg\",\"datePublished\":\"2024-07-08T07:51:31+00:00\",\"dateModified\":\"2024-08-21T15:30:07+00:00\",\"description\":\"Organisez votre lancement ou \u00e9v\u00e8nement automobile gr\u00e2ce \u00e0 l'expertise de nos \u00e9quipes et des espaces capables de recevoir ce type d'\u00e9v\u00e8nements\",\"breadcrumb\":{\"@id\":\"https:\/\/www.myallmeeting.com\/es\/lanzamientos-y-eventos-automovilisticos\/#breadcrumb\"},\"inLanguage\":\"fr-FR\",\"potentialAction\":[{\"@type\":\"ReadAction\",\"target\":[\"https:\/\/www.myallmeeting.com\/es\/lanzamientos-y-eventos-automovilisticos\/\"]}]},{\"@type\":\"ImageObject\",\"inLanguage\":\"fr-FR\",\"@id\":\"https:\/\/www.myallmeeting.com\/es\/lanzamientos-y-eventos-automovilisticos\/#primaryimage\",\"url\":\"https:\/\/www.myallmeeting.com\/wp-content\/uploads\/2024\/07\/DUAL_BEYONDROAD-scaled.jpg\",\"contentUrl\":\"https:\/\/www.myallmeeting.com\/wp-content\/uploads\/2024\/07\/DUAL_BEYONDROAD-scaled.jpg\",\"width\":2560,\"height\":1341,\"caption\":\"lancement et \u00e9v\u00e8nement automobile\"},{\"@type\":\"BreadcrumbList\",\"@id\":\"https:\/\/www.myallmeeting.com\/es\/lanzamientos-y-eventos-automovilisticos\/#breadcrumb\",\"itemListElement\":[{\"@type\":\"ListItem\",\"position\":1,\"name\":\"Accueil\",\"item\":\"https:\/\/myallmeeting.com\/fr\/\"},{\"@type\":\"ListItem\",\"position\":2,\"name\":\"Lanzamientos y eventos automovil\u00edsticos\"}]},{\"@type\":\"WebSite\",\"@id\":\"https:\/\/www.myallmeeting.com\/fr\/#website\",\"url\":\"https:\/\/www.myallmeeting.com\/fr\/\",\"name\":\"Accor MyAllMeeting.com\",\"description\":\"Les Meilleurs lieux pour vos Ev\u00e9nements Professionnels\",\"publisher\":{\"@id\":\"https:\/\/www.myallmeeting.com\/fr\/#organization\"},\"potentialAction\":[{\"@type\":\"SearchAction\",\"target\":{\"@type\":\"EntryPoint\",\"urlTemplate\":\"https:\/\/www.myallmeeting.com\/fr\/?s={search_term_string}\"},\"query-input\":{\"@type\":\"PropertyValueSpecification\",\"valueRequired\":true,\"valueName\":\"search_term_string\"}}],\"inLanguage\":\"fr-FR\"},{\"@type\":\"Organization\",\"@id\":\"https:\/\/www.myallmeeting.com\/fr\/#organization\",\"name\":\"ACCOR\",\"url\":\"https:\/\/www.myallmeeting.com\/fr\/\",\"logo\":{\"@type\":\"ImageObject\",\"inLanguage\":\"fr-FR\",\"@id\":\"https:\/\/www.myallmeeting.com\/fr\/#\/schema\/logo\/image\/\",\"url\":\"\",\"contentUrl\":\"\",\"caption\":\"ACCOR\"},\"image\":{\"@id\":\"https:\/\/www.myallmeeting.com\/fr\/#\/schema\/logo\/image\/\"}}]}<\/script>","yoast_head_json":{"title":"Organisez votre lancement ou \u00e9v\u00e8nement automobile","description":"Organisez votre lancement ou \u00e9v\u00e8nement automobile gr\u00e2ce \u00e0 l'expertise de nos \u00e9quipes et des espaces capables de recevoir ce type d'\u00e9v\u00e8nements","robots":{"index":"index","follow":"follow","max-snippet":"max-snippet:-1","max-image-preview":"max-image-preview:large","max-video-preview":"max-video-preview:-1"},"canonical":"https:\/\/www.myallmeeting.com\/es\/wp-json\/wp\/v2\/pages\/16193752","og_locale":"fr_FR","og_type":"article","og_title":"Organisez votre lancement ou \u00e9v\u00e8nement automobile","og_description":"Organisez votre lancement ou \u00e9v\u00e8nement automobile gr\u00e2ce \u00e0 l'expertise de nos \u00e9quipes et des espaces capables de recevoir ce type d'\u00e9v\u00e8nements","og_url":"https:\/\/www.myallmeeting.com\/es\/lanzamientos-y-eventos-automovilisticos\/","og_site_name":"Accor MyAllMeeting.com","article_modified_time":"2024-08-21T15:30:07+00:00","og_image":[{"width":2560,"height":1341,"url":"https:\/\/www.myallmeeting.com\/wp-content\/uploads\/2024\/07\/DUAL_BEYONDROAD-scaled.jpg","type":"image\/jpeg"}],"twitter_card":"summary_large_image","twitter_misc":{"Dur\u00e9e de lecture estim\u00e9e":"3 minutes"},"schema":{"@context":"https:\/\/schema.org","@graph":[{"@type":"WebPage","@id":"https:\/\/www.myallmeeting.com\/es\/lanzamientos-y-eventos-automovilisticos\/","url":"https:\/\/www.myallmeeting.com\/es\/lanzamientos-y-eventos-automovilisticos\/","name":"Organisez votre lancement ou \u00e9v\u00e8nement automobile","isPartOf":{"@id":"https:\/\/www.myallmeeting.com\/fr\/#website"},"primaryImageOfPage":{"@id":"https:\/\/www.myallmeeting.com\/es\/lanzamientos-y-eventos-automovilisticos\/#primaryimage"},"image":{"@id":"https:\/\/www.myallmeeting.com\/es\/lanzamientos-y-eventos-automovilisticos\/#primaryimage"},"thumbnailUrl":"https:\/\/www.myallmeeting.com\/wp-content\/uploads\/2024\/07\/DUAL_BEYONDROAD-scaled.jpg","datePublished":"2024-07-08T07:51:31+00:00","dateModified":"2024-08-21T15:30:07+00:00","description":"Organisez votre lancement ou \u00e9v\u00e8nement automobile gr\u00e2ce \u00e0 l'expertise de nos \u00e9quipes et des espaces capables de recevoir ce type d'\u00e9v\u00e8nements","breadcrumb":{"@id":"https:\/\/www.myallmeeting.com\/es\/lanzamientos-y-eventos-automovilisticos\/#breadcrumb"},"inLanguage":"fr-FR","potentialAction":[{"@type":"ReadAction","target":["https:\/\/www.myallmeeting.com\/es\/lanzamientos-y-eventos-automovilisticos\/"]}]},{"@type":"ImageObject","inLanguage":"fr-FR","@id":"https:\/\/www.myallmeeting.com\/es\/lanzamientos-y-eventos-automovilisticos\/#primaryimage","url":"https:\/\/www.myallmeeting.com\/wp-content\/uploads\/2024\/07\/DUAL_BEYONDROAD-scaled.jpg","contentUrl":"https:\/\/www.myallmeeting.com\/wp-content\/uploads\/2024\/07\/DUAL_BEYONDROAD-scaled.jpg","width":2560,"height":1341,"caption":"lancement et \u00e9v\u00e8nement automobile"},{"@type":"BreadcrumbList","@id":"https:\/\/www.myallmeeting.com\/es\/lanzamientos-y-eventos-automovilisticos\/#breadcrumb","itemListElement":[{"@type":"ListItem","position":1,"name":"Accueil","item":"https:\/\/myallmeeting.com\/fr\/"},{"@type":"ListItem","position":2,"name":"Lanzamientos y eventos automovil\u00edsticos"}]},{"@type":"WebSite","@id":"https:\/\/www.myallmeeting.com\/fr\/#website","url":"https:\/\/www.myallmeeting.com\/fr\/","name":"Accor MyAllMeeting.com","description":"Les Meilleurs lieux pour vos Ev\u00e9nements Professionnels","publisher":{"@id":"https:\/\/www.myallmeeting.com\/fr\/#organization"},"potentialAction":[{"@type":"SearchAction","target":{"@type":"EntryPoint","urlTemplate":"https:\/\/www.myallmeeting.com\/fr\/?s={search_term_string}"},"query-input":{"@type":"PropertyValueSpecification","valueRequired":true,"valueName":"search_term_string"}}],"inLanguage":"fr-FR"},{"@type":"Organization","@id":"https:\/\/www.myallmeeting.com\/fr\/#organization","name":"ACCOR","url":"https:\/\/www.myallmeeting.com\/fr\/","logo":{"@type":"ImageObject","inLanguage":"fr-FR","@id":"https:\/\/www.myallmeeting.com\/fr\/#\/schema\/logo\/image\/","url":"","contentUrl":"","caption":"ACCOR"},"image":{"@id":"https:\/\/www.myallmeeting.com\/fr\/#\/schema\/logo\/image\/"}}]}},"_links":{"self":[{"href":"https:\/\/www.myallmeeting.com\/fr\/wp-json\/wp\/v2\/pages\/16193752","targetHints":{"allow":["GET"]}}],"collection":[{"href":"https:\/\/www.myallmeeting.com\/fr\/wp-json\/wp\/v2\/pages"}],"about":[{"href":"https:\/\/www.myallmeeting.com\/fr\/wp-json\/wp\/v2\/types\/page"}],"author":[{"embeddable":true,"href":"https:\/\/www.myallmeeting.com\/fr\/wp-json\/wp\/v2\/users\/24"}],"replies":[{"embeddable":true,"href":"https:\/\/www.myallmeeting.com\/fr\/wp-json\/wp\/v2\/comments?post=16193752"}],"version-history":[{"count":0,"href":"https:\/\/www.myallmeeting.com\/fr\/wp-json\/wp\/v2\/pages\/16193752\/revisions"}],"wp:featuredmedia":[{"embeddable":true,"href":"https:\/\/www.myallmeeting.com\/fr\/wp-json\/wp\/v2\/media\/16021831"}],"wp:attachment":[{"href":"https:\/\/www.myallmeeting.com\/fr\/wp-json\/wp\/v2\/media?parent=16193752"}],"curies":[{"name":"wp","href":"https:\/\/api.w.org\/{rel}","templated":true}]}}