{"id":16179962,"date":"2024-03-25T16:43:21","date_gmt":"2024-03-25T15:43:21","guid":{"rendered":"https:\/\/myallmeeting.com\/offres-du-moment\/"},"modified":"2026-03-03T11:57:48","modified_gmt":"2026-03-03T10:57:48","slug":"ofertas-actuales","status":"publish","type":"page","link":"https:\/\/www.myallmeeting.com\/es\/ofertas-actuales\/","title":{"rendered":"Ofertas actuales"},"content":{"rendered":"<!-- START OF : Composant : block-periscope-theme-section-composant-10-bis-slider-offres-page-carrefour.php -->\n<!-- END OF : Composant : block-periscope-theme-section-composant-10-bis-slider-offres-page-carrefour.php -->\n\n\n<!-- START OF : Composant : block-periscope-theme-section-composant-10-bis-slider-offres-page-carrefour.php -->\n<div class=\"slider-offres overflow-hidden pt-4 pb-0 pt-lg-6 pb-lg-12 px-lg-0 mb-7 mb-lg-11 position-relative bg-white\" data-component=\"10bis-slider-offres-page-partenaire\">\n\t<div class=\"py-4 pt-lg-7 pb-lg-6\">\n\t\t<div class=\"container-fluid\">\n\t\t\t<div class=\"row\">\n\t\t\t\t<div class=\"offset-2 col-8\">\n\t\t\t\t\t<div class=\"unna text-primary fs-24 fs-lg-28 fs-xl-32 fs-xxl-36 text-center lh-xs\">Ofertas &#039;Marca&#039;<\/div>\n\t\t\t\t<\/div>\n\t\t\t<\/div>\n\t\t<\/div>\n\t<\/div>\n\t<div class=\"splide visible pt-3 pt-lg-0\" style=\"--bg-height: 200px\">\n\t\t<div class=\"splide__track px-lg-2\">\n\t\t\t<div class=\"splide__list\">\n\t\t\t\t\t\t\t\t\t<div class=\"splide__slide\">\n\t\t\t\t\t\t<a href=\"https:\/\/www.myallmeeting.com\/es\/bon-plan\/ibis-sport-club\/\" class=\"card-slider-offres text-decoration-none link-primary text-end lh-xs d-flex flex-column align-items-end h-100\">\n\t\t\t\t\t\t\t\t\t\t\t\t\t\t<span class=\"card-slider-offres__img d-block ratio ratio-16x9 overflow-hidden\">\n\t\t\t\t\t\t\t\t<img decoding=\"async\" src=\"https:\/\/www.myallmeeting.com\/wp-content\/uploads\/2024\/08\/MAM-imagery-1920-x-570-px-Baniere-5.png\" alt=\"\" width=\"616\" height=\"387\" loading=\"lazy\" \/>\t\t\t\t\t\t\t\n\t\t\t\t\t\t\t<\/span>\n\t\t\t\t\t\t\t\t\t\t\t\t\t\t\t\t\t\t\t\t\t<span class=\"card-slider-offres__content flex-grow-1 d-block position-relative\">\n\t\t\t\t\t\t\t\t\t\t\t\t\t\t\t\t\t\t\t\t\t\t\t\t<span class=\"d-block unna fs-24 fs-lg-25 fs-xl-26 fs-xxl-28 mb-1\">ibis Sport Club<\/span>\n\t\t\t\t\t\t\t\t\t\t\t\t\t\t\t\t\t\t\t\t\t\t\t\t<span class=\"d-block fs-10 fs-lg-11 fs-xl-12 fs-xxl-14 text-black\">M\u00e1s de 500 hoteles ibis, ibis Styles e ibis budget le dan la bienvenida para sus viajes deportivos por toda Francia&#8230;<\/span>\n\t\t\t\t\t\t\t\t\t\t\t\t\t\t\t<\/span>\n\t\t\t\t\t\t\t\t\t\t\t\t\t\t<span class=\"btn btn-primary btn-hover-translate-right d-inline-flex justify-content-center justify-content-lg-start gap-2 gap-lg-1 z-1\">\n\t\t\t\t\t\t\t\t<span>\n\t\t\t\t\t\t\t\t\tConocer   \t\t\t\t\t\t\t\t<\/span>\n\t\t\t\t\t\t\t\t<svg width=\"15\" height=\"20\" aria-hidden=\"true\">\n\t\t\t\t\t\t\t\t\t<use xlink:href=\"https:\/\/www.myallmeeting.com\/wp-content\/themes\/accor\/assets\/images\/sprite.svg#btn-arrow-white\"><\/use>\n\t\t\t\t\t\t\t\t<\/svg>\n\t\t\t\t\t\t\t<\/span>\n\t\t\t\t\t\t<\/a>\n\t\t\t\t\t<\/div>\n\t\t\t\t\t\t\t\t\t\t\t\t\t\t\t\t\t<\/div>\n\t\t<\/div>\n\t\t<div class=\"splide__arrows d-none d-lg-block\">\n\t\t\t<button class=\"splide__arrow splide__arrow--prev px-lg-3 py-lg-4 px-xl-4 py-xl-5 px-xxl-5 py-xxl-7 position-absolute l-0 bg-white border-0\">\n\t\t\t\t<svg width=\"14\" height=\"27\" aria-hidden=\"true\">\n\t\t\t\t\t<use xlink:href=\"https:\/\/www.myallmeeting.com\/wp-content\/themes\/accor\/assets\/images\/sprite.svg#slider-prev\"><\/use>\n\t\t\t\t<\/svg>\n\t\t\t<\/button>\n\t\t\t<button class=\"splide__arrow splide__arrow--next px-lg-3 py-lg-4 px-xl-4 py-xl-5 px-xxl-5 py-xxl-7 position-absolute r-0 bg-white border-0\">\n\t\t\t\t<svg width=\"14\" height=\"27\" aria-hidden=\"true\">\n\t\t\t\t\t<use xlink:href=\"https:\/\/www.myallmeeting.com\/wp-content\/themes\/accor\/assets\/images\/sprite.svg#slider-prev\"><\/use>\n\t\t\t\t<\/svg>\n\t\t\t<\/button>\n\t\t<\/div>\n\t<\/div>\n<\/div>\n<!-- END OF : Composant : block-periscope-theme-section-composant-10-bis-slider-offres-page-carrefour.php -->\n\n\n<!-- START OF : Composant : block-periscope-theme-section-composant-10-bis-slider-offres-page-carrefour.php -->\n<!-- END OF : Composant : block-periscope-theme-section-composant-10-bis-slider-offres-page-carrefour.php -->\n\n\n<!-- START OF : Composant : block-periscope-theme-section-composant-20-bis-bloc-mise-en-avant.php -->\n<div class=\"bloc-mise-en-avant bg-white fs-wysiwyg mb-lg-15\" data-component=\"20-bis-bloc-mise-en-avant\">\n\t<div class=\"container-fluid\">\n\t\t<div class=\"row\">\n\t\t\t<div class=\"col-10 offset-1\">\n\t\t\t\t<div class=\"text-center mb-5 mb-lg-11 fs-24 fs-lg-27 fs-xl-29 fs-xxl-32 fw-semibold ls--25 lh-xs\">Recompensando su fidelidad con el programa de fidelidad ALL Accor<\/div>\n\t\t\t<\/div>\n\t\t<\/div>\n\t<\/div>\n\t<div class=\"bloc-mise-en-avant__top\">\n\t\t<div class=\"container-fluid\" style=\"--bs-gutter-x: 0\">\n\t\t\t<div class=\"row\" style=\"--bs-gutter-x: 0\">\n\t\t\t\t<div class=\"col-lg-8\">\n\t\t\t\t\t\t\t\t\t\t\t<div class=\"bloc-mise-en-avant__top__left\">\n\t\t\t\t\t\t\t<img decoding=\"async\" src=\"https:\/\/www.myallmeeting.com\/wp-content\/uploads\/2024\/07\/Programme-de-fidelite-2-1-633x398.png\" class=\"pe-2 pe-lg-0\" width=\"1268\" height=\"846\" alt=\"\" loading=\"lazy\" \/>\n\t\t\t\t\t\t<\/div>\n\t\t\t\t\t\t\t\t\t<\/div>\n\t\t\t\t<div class=\"col-lg-4\">\n\t\t\t\t\t<div class=\"bloc-mise-en-avant__top__right t-0 r-0 bg-primary text-white pt-4 pb-6 px-2 pt-lg-8 pb-lg-12 px-lg-11\">\n\t\t\t\t\t\t\t\n\t\t\t\t\t\t<div class=\"bloc-mise-en-avant__date text-secondary fw-semibold text-uppercase fs-10 fs-lg-15 fs-xl-19 fs-xxl-24 lh-xs\">ALL MEETING PLANNER \u2013 PROGRAMA DE FIDELIZACI\u00d3N<\/div>\n\t\t\t\t\t\t\t\t\t\t\t\t\t\t\t\t\t\t<div class=\"unna fs-32 fs-lg-47 fs-xl-61 fs-xxl-75 lh-xs text-secondary mb-6\">Beneficios para usted y su empresa<\/div>\n\t\t\t\t\t\t\t\t\t\t\t\t\t\t\t\t\t\t<div class=\"text-white fs-18 fs-lg-20 fs-xl-24 fs-xxl-26 lh-xs mb-6 fw-semibold\">El programa de fidelidad ALL Accor le recompensa por cada una de sus reuniones y eventos elegibles. Ya sea que est\u00e9 organizando una conferencia, un seminario o una celebraci\u00f3n privada, ganar\u00e1 puntos de de Recompensa y Estatus en las reservas elegibles, convirtiendo cada evento en una oportunidad para obtener recompensas valiosas.<\/div>\n\t\t\t\t\t\t\t\t\t\t\t\t\t\t\t\t\t\t<div class=\"mb-6 mb-lg-4 fs-16 fs-lg-17 fs-xl-19 fs-xxl-20\"><p><a href=\"https:\/\/all.accor.com\/a\/es\/loyalty-program\/meetings-and-events.html\" target=\"_blank\" rel=\"noopener\">Descubre las numerosas ventajas<\/a> del programa y lo f\u00e1cil que es utilizar los puntos que gana en sus eventos.<\/p>\n<\/div>\n\t\t\t\t\t\t\t\t\t\t\t\t<div class=\"d-flex gap-3 gap-lg-7 flex-column flex-lg-row\">\n\t\t\t\t\t\t\t\t\t\t\t\t\t\t<a href=\"https:\/\/all.accor.com\/enroll-loyalty\/index.es.shtml#\/verify-email?context=meeting-planner&#038;origin=meeting-planner&#038;redirect=https%3A%2F%2Fall.accor.com%2Floyalty-program%2Fearn%2Fmeetingplanner%2Findex.fr.shtml\" target=\"_blank\" class=\"btn btn-secondary btn-hover-translate-right d-inline-flex justify-content-center justify-content-lg-start gap-2 gap-lg-1 w-100 w-lg-auto\">\n\t\t\t\t\t\t\t\t<span>Hacerse miembro<\/span>\n\t\t\t\t\t\t\t\t<svg width=\"15\" height=\"20\" aria-hidden=\"true\">\n\t\t\t\t\t\t\t\t\t<use xlink:href=\"https:\/\/www.myallmeeting.com\/wp-content\/themes\/accor\/assets\/images\/sprite.svg#btn-arrow-white\"><\/use>\n\t\t\t\t\t\t\t\t<\/svg>\n\t\t\t\t\t\t\t<\/a>\n\t\t\t\t\t\t\t\t\t\t\t\t\t\t\t\t\t\t\t\t<\/div>\n\t\t\t\t\t<\/div>\n\t\t\t\t<\/div>\n\t\t\t<\/div>\n\t\t<\/div>\n\t<\/div>\n<\/div>\n<!-- END OF : Composant : block-periscope-theme-section-composant-20-bis-bloc-mise-en-avant.php -->\n","protected":false},"excerpt":{"rendered":"","protected":false},"author":1,"featured_media":16045153,"parent":0,"menu_order":0,"comment_status":"closed","ping_status":"closed","template":"template-carrefour-offres.php","meta":{"_acf_changed":true,"footnotes":""},"class_list":["post-16179962","page","type-page","status-publish","has-post-thumbnail","hentry"],"acf":[],"yoast_head":"<title>Ofertas actuales - Accor MyAllMeeting.com<\/title>\n<meta name=\"description\" content=\"Profitez des offres du moment pour r\u00e9server votre prochain \u00e9v\u00e8nement, r\u00e9union, ou projet, aux meilleures conditions !\" \/>\n<meta name=\"robots\" content=\"index, follow, max-snippet:-1, max-image-preview:large, max-video-preview:-1\" \/>\n<link rel=\"canonical\" href=\"https:\/\/www.myallmeeting.com\/es\/wp-json\/wp\/v2\/pages\/16179962\" \/>\n<meta property=\"og:locale\" content=\"es_ES\" \/>\n<meta property=\"og:type\" content=\"article\" \/>\n<meta property=\"og:title\" content=\"Ofertas actuales - Accor MyAllMeeting.com\" \/>\n<meta property=\"og:description\" content=\"Profitez des offres du moment pour r\u00e9server votre prochain \u00e9v\u00e8nement, r\u00e9union, ou projet, aux meilleures conditions !\" \/>\n<meta property=\"og:url\" content=\"https:\/\/www.myallmeeting.com\/es\/ofertas-actuales\/\" \/>\n<meta property=\"og:site_name\" content=\"Accor MyAllMeeting.com\" \/>\n<meta property=\"article:modified_time\" content=\"2026-03-03T10:57:48+00:00\" \/>\n<meta property=\"og:image\" content=\"https:\/\/myallmeeting.com\/wp-content\/uploads\/2024\/07\/Offres-du-moment-banner.png\" \/>\n\t<meta property=\"og:image:width\" content=\"1920\" \/>\n\t<meta property=\"og:image:height\" content=\"570\" \/>\n\t<meta property=\"og:image:type\" content=\"image\/png\" \/>\n<meta name=\"twitter:card\" content=\"summary_large_image\" \/>\n<meta name=\"twitter:label1\" content=\"Est. reading time\" \/>\n\t<meta name=\"twitter:data1\" content=\"1 minute\" \/>\n<script type=\"application\/ld+json\" class=\"yoast-schema-graph\">{\"@context\":\"https:\/\/schema.org\",\"@graph\":[{\"@type\":\"WebPage\",\"@id\":\"https:\/\/www.myallmeeting.com\/es\/ofertas-actuales\/\",\"url\":\"https:\/\/www.myallmeeting.com\/es\/ofertas-actuales\/\",\"name\":\"Ofertas actuales - Accor MyAllMeeting.com\",\"isPartOf\":{\"@id\":\"https:\/\/www.myallmeeting.com\/es\/#website\"},\"primaryImageOfPage\":{\"@id\":\"https:\/\/www.myallmeeting.com\/es\/ofertas-actuales\/#primaryimage\"},\"image\":{\"@id\":\"https:\/\/www.myallmeeting.com\/es\/ofertas-actuales\/#primaryimage\"},\"thumbnailUrl\":\"https:\/\/www.myallmeeting.com\/wp-content\/uploads\/2024\/07\/Offres-du-moment-banner.png\",\"datePublished\":\"2024-03-25T15:43:21+00:00\",\"dateModified\":\"2026-03-03T10:57:48+00:00\",\"description\":\"Profitez des offres du moment pour r\u00e9server votre prochain \u00e9v\u00e8nement, r\u00e9union, ou projet, aux meilleures conditions !\",\"breadcrumb\":{\"@id\":\"https:\/\/www.myallmeeting.com\/es\/ofertas-actuales\/#breadcrumb\"},\"inLanguage\":\"es-ES\",\"potentialAction\":[{\"@type\":\"ReadAction\",\"target\":[\"https:\/\/www.myallmeeting.com\/es\/ofertas-actuales\/\"]}]},{\"@type\":\"ImageObject\",\"inLanguage\":\"es-ES\",\"@id\":\"https:\/\/www.myallmeeting.com\/es\/ofertas-actuales\/#primaryimage\",\"url\":\"https:\/\/www.myallmeeting.com\/wp-content\/uploads\/2024\/07\/Offres-du-moment-banner.png\",\"contentUrl\":\"https:\/\/www.myallmeeting.com\/wp-content\/uploads\/2024\/07\/Offres-du-moment-banner.png\",\"width\":1920,\"height\":570,\"caption\":\"offres en cours\"},{\"@type\":\"BreadcrumbList\",\"@id\":\"https:\/\/www.myallmeeting.com\/es\/ofertas-actuales\/#breadcrumb\",\"itemListElement\":[{\"@type\":\"ListItem\",\"position\":1,\"name\":\"P\u00e1gina principal\",\"item\":\"https:\/\/myallmeeting.com\/es\/\"},{\"@type\":\"ListItem\",\"position\":2,\"name\":\"Ofertas actuales\"}]},{\"@type\":\"WebSite\",\"@id\":\"https:\/\/www.myallmeeting.com\/es\/#website\",\"url\":\"https:\/\/www.myallmeeting.com\/es\/\",\"name\":\"Accor MyAllMeeting.com\",\"description\":\"Les Meilleurs lieux pour vos Ev\u00e9nements Professionnels\",\"publisher\":{\"@id\":\"https:\/\/www.myallmeeting.com\/es\/#organization\"},\"potentialAction\":[{\"@type\":\"SearchAction\",\"target\":{\"@type\":\"EntryPoint\",\"urlTemplate\":\"https:\/\/www.myallmeeting.com\/es\/?s={search_term_string}\"},\"query-input\":{\"@type\":\"PropertyValueSpecification\",\"valueRequired\":true,\"valueName\":\"search_term_string\"}}],\"inLanguage\":\"es-ES\"},{\"@type\":\"Organization\",\"@id\":\"https:\/\/www.myallmeeting.com\/es\/#organization\",\"name\":\"ACCOR\",\"url\":\"https:\/\/www.myallmeeting.com\/es\/\",\"logo\":{\"@type\":\"ImageObject\",\"inLanguage\":\"es-ES\",\"@id\":\"https:\/\/www.myallmeeting.com\/es\/#\/schema\/logo\/image\/\",\"url\":\"\",\"contentUrl\":\"\",\"caption\":\"ACCOR\"},\"image\":{\"@id\":\"https:\/\/www.myallmeeting.com\/es\/#\/schema\/logo\/image\/\"}}]}<\/script>","yoast_head_json":{"title":"Ofertas actuales - Accor MyAllMeeting.com","description":"Profitez des offres du moment pour r\u00e9server votre prochain \u00e9v\u00e8nement, r\u00e9union, ou projet, aux meilleures conditions !","robots":{"index":"index","follow":"follow","max-snippet":"max-snippet:-1","max-image-preview":"max-image-preview:large","max-video-preview":"max-video-preview:-1"},"canonical":"https:\/\/www.myallmeeting.com\/es\/wp-json\/wp\/v2\/pages\/16179962","og_locale":"es_ES","og_type":"article","og_title":"Ofertas actuales - Accor MyAllMeeting.com","og_description":"Profitez des offres du moment pour r\u00e9server votre prochain \u00e9v\u00e8nement, r\u00e9union, ou projet, aux meilleures conditions !","og_url":"https:\/\/www.myallmeeting.com\/es\/ofertas-actuales\/","og_site_name":"Accor MyAllMeeting.com","article_modified_time":"2026-03-03T10:57:48+00:00","og_image":[{"width":1920,"height":570,"url":"https:\/\/myallmeeting.com\/wp-content\/uploads\/2024\/07\/Offres-du-moment-banner.png","type":"image\/png"}],"twitter_card":"summary_large_image","twitter_misc":{"Est. reading time":"1 minute"},"schema":{"@context":"https:\/\/schema.org","@graph":[{"@type":"WebPage","@id":"https:\/\/www.myallmeeting.com\/es\/ofertas-actuales\/","url":"https:\/\/www.myallmeeting.com\/es\/ofertas-actuales\/","name":"Ofertas actuales - Accor MyAllMeeting.com","isPartOf":{"@id":"https:\/\/www.myallmeeting.com\/es\/#website"},"primaryImageOfPage":{"@id":"https:\/\/www.myallmeeting.com\/es\/ofertas-actuales\/#primaryimage"},"image":{"@id":"https:\/\/www.myallmeeting.com\/es\/ofertas-actuales\/#primaryimage"},"thumbnailUrl":"https:\/\/www.myallmeeting.com\/wp-content\/uploads\/2024\/07\/Offres-du-moment-banner.png","datePublished":"2024-03-25T15:43:21+00:00","dateModified":"2026-03-03T10:57:48+00:00","description":"Profitez des offres du moment pour r\u00e9server votre prochain \u00e9v\u00e8nement, r\u00e9union, ou projet, aux meilleures conditions !","breadcrumb":{"@id":"https:\/\/www.myallmeeting.com\/es\/ofertas-actuales\/#breadcrumb"},"inLanguage":"es-ES","potentialAction":[{"@type":"ReadAction","target":["https:\/\/www.myallmeeting.com\/es\/ofertas-actuales\/"]}]},{"@type":"ImageObject","inLanguage":"es-ES","@id":"https:\/\/www.myallmeeting.com\/es\/ofertas-actuales\/#primaryimage","url":"https:\/\/www.myallmeeting.com\/wp-content\/uploads\/2024\/07\/Offres-du-moment-banner.png","contentUrl":"https:\/\/www.myallmeeting.com\/wp-content\/uploads\/2024\/07\/Offres-du-moment-banner.png","width":1920,"height":570,"caption":"offres en cours"},{"@type":"BreadcrumbList","@id":"https:\/\/www.myallmeeting.com\/es\/ofertas-actuales\/#breadcrumb","itemListElement":[{"@type":"ListItem","position":1,"name":"P\u00e1gina principal","item":"https:\/\/myallmeeting.com\/es\/"},{"@type":"ListItem","position":2,"name":"Ofertas actuales"}]},{"@type":"WebSite","@id":"https:\/\/www.myallmeeting.com\/es\/#website","url":"https:\/\/www.myallmeeting.com\/es\/","name":"Accor MyAllMeeting.com","description":"Les Meilleurs lieux pour vos Ev\u00e9nements Professionnels","publisher":{"@id":"https:\/\/www.myallmeeting.com\/es\/#organization"},"potentialAction":[{"@type":"SearchAction","target":{"@type":"EntryPoint","urlTemplate":"https:\/\/www.myallmeeting.com\/es\/?s={search_term_string}"},"query-input":{"@type":"PropertyValueSpecification","valueRequired":true,"valueName":"search_term_string"}}],"inLanguage":"es-ES"},{"@type":"Organization","@id":"https:\/\/www.myallmeeting.com\/es\/#organization","name":"ACCOR","url":"https:\/\/www.myallmeeting.com\/es\/","logo":{"@type":"ImageObject","inLanguage":"es-ES","@id":"https:\/\/www.myallmeeting.com\/es\/#\/schema\/logo\/image\/","url":"","contentUrl":"","caption":"ACCOR"},"image":{"@id":"https:\/\/www.myallmeeting.com\/es\/#\/schema\/logo\/image\/"}}]}},"_links":{"self":[{"href":"https:\/\/www.myallmeeting.com\/es\/wp-json\/wp\/v2\/pages\/16179962","targetHints":{"allow":["GET"]}}],"collection":[{"href":"https:\/\/www.myallmeeting.com\/es\/wp-json\/wp\/v2\/pages"}],"about":[{"href":"https:\/\/www.myallmeeting.com\/es\/wp-json\/wp\/v2\/types\/page"}],"author":[{"embeddable":true,"href":"https:\/\/www.myallmeeting.com\/es\/wp-json\/wp\/v2\/users\/1"}],"replies":[{"embeddable":true,"href":"https:\/\/www.myallmeeting.com\/es\/wp-json\/wp\/v2\/comments?post=16179962"}],"version-history":[{"count":0,"href":"https:\/\/www.myallmeeting.com\/es\/wp-json\/wp\/v2\/pages\/16179962\/revisions"}],"wp:featuredmedia":[{"embeddable":true,"href":"https:\/\/www.myallmeeting.com\/es\/wp-json\/wp\/v2\/media\/16045153"}],"wp:attachment":[{"href":"https:\/\/www.myallmeeting.com\/es\/wp-json\/wp\/v2\/media?parent=16179962"}],"curies":[{"name":"wp","href":"https:\/\/api.w.org\/{rel}","templated":true}]}}