{"id":16179950,"date":"2024-03-21T15:14:54","date_gmt":"2024-03-21T14:14:54","guid":{"rendered":"https:\/\/myallmeeting.com\/surprenez-moi\/"},"modified":"2024-07-25T15:15:22","modified_gmt":"2024-07-25T13:15:22","slug":"sorprendeme","status":"publish","type":"page","link":"https:\/\/www.myallmeeting.com\/es\/sorprendeme\/","title":{"rendered":"Sorpr\u00e9ndeme"},"content":{"rendered":"","protected":false},"excerpt":{"rendered":"<p>Insp\u00edrate en nuestro nuevo buscador para definir tu pr\u00f3ximo evento profesional<\/p>\n","protected":false},"author":1,"featured_media":16046265,"parent":0,"menu_order":0,"comment_status":"closed","ping_status":"closed","template":"template-surprenez-moi.php","meta":{"_acf_changed":false,"footnotes":""},"class_list":["post-16179950","page","type-page","status-publish","has-post-thumbnail","hentry"],"acf":[],"yoast_head":"<title>Sorpr\u00e9ndeme - Accor MyAllMeeting.com<\/title>\n<meta name=\"description\" content=\"Laissez-vous inspirer par notre nouveau module de recherche pour d\u00e9finir votre prochain \u00e9v\u00e8nement professionnel\" \/>\n<meta name=\"robots\" content=\"index, follow, max-snippet:-1, max-image-preview:large, max-video-preview:-1\" \/>\n<link rel=\"canonical\" href=\"https:\/\/www.myallmeeting.com\/es\/wp-json\/wp\/v2\/pages\/16179950\" \/>\n<meta property=\"og:locale\" content=\"es_ES\" \/>\n<meta property=\"og:type\" content=\"article\" \/>\n<meta property=\"og:title\" content=\"Sorpr\u00e9ndeme - Accor MyAllMeeting.com\" \/>\n<meta property=\"og:description\" content=\"Laissez-vous inspirer par notre nouveau module de recherche pour d\u00e9finir votre prochain \u00e9v\u00e8nement professionnel\" \/>\n<meta property=\"og:url\" content=\"https:\/\/www.myallmeeting.com\/es\/sorprendeme\/\" \/>\n<meta property=\"og:site_name\" content=\"Accor MyAllMeeting.com\" \/>\n<meta property=\"article:modified_time\" content=\"2024-07-25T13:15:22+00:00\" \/>\n<meta property=\"og:image\" content=\"https:\/\/myallmeeting.com\/wp-content\/uploads\/2024\/07\/Surprenez-moi-2.png\" \/>\n\t<meta property=\"og:image:width\" content=\"1920\" \/>\n\t<meta property=\"og:image:height\" content=\"570\" \/>\n\t<meta property=\"og:image:type\" content=\"image\/png\" \/>\n<meta name=\"twitter:card\" content=\"summary_large_image\" \/>\n<meta name=\"twitter:label1\" content=\"Est. reading time\" \/>\n\t<meta name=\"twitter:data1\" content=\"1 minute\" \/>\n<script type=\"application\/ld+json\" class=\"yoast-schema-graph\">{\"@context\":\"https:\/\/schema.org\",\"@graph\":[{\"@type\":\"WebPage\",\"@id\":\"https:\/\/www.myallmeeting.com\/es\/sorprendeme\/\",\"url\":\"https:\/\/www.myallmeeting.com\/es\/sorprendeme\/\",\"name\":\"Sorpr\u00e9ndeme - Accor MyAllMeeting.com\",\"isPartOf\":{\"@id\":\"https:\/\/www.myallmeeting.com\/es\/#website\"},\"primaryImageOfPage\":{\"@id\":\"https:\/\/www.myallmeeting.com\/es\/sorprendeme\/#primaryimage\"},\"image\":{\"@id\":\"https:\/\/www.myallmeeting.com\/es\/sorprendeme\/#primaryimage\"},\"thumbnailUrl\":\"https:\/\/www.myallmeeting.com\/wp-content\/uploads\/2024\/07\/Surprenez-moi-2.png\",\"datePublished\":\"2024-03-21T14:14:54+00:00\",\"dateModified\":\"2024-07-25T13:15:22+00:00\",\"description\":\"Laissez-vous inspirer par notre nouveau module de recherche pour d\u00e9finir votre prochain \u00e9v\u00e8nement professionnel\",\"breadcrumb\":{\"@id\":\"https:\/\/www.myallmeeting.com\/es\/sorprendeme\/#breadcrumb\"},\"inLanguage\":\"es-ES\",\"potentialAction\":[{\"@type\":\"ReadAction\",\"target\":[\"https:\/\/www.myallmeeting.com\/es\/sorprendeme\/\"]}]},{\"@type\":\"ImageObject\",\"inLanguage\":\"es-ES\",\"@id\":\"https:\/\/www.myallmeeting.com\/es\/sorprendeme\/#primaryimage\",\"url\":\"https:\/\/www.myallmeeting.com\/wp-content\/uploads\/2024\/07\/Surprenez-moi-2.png\",\"contentUrl\":\"https:\/\/www.myallmeeting.com\/wp-content\/uploads\/2024\/07\/Surprenez-moi-2.png\",\"width\":1920,\"height\":570},{\"@type\":\"BreadcrumbList\",\"@id\":\"https:\/\/www.myallmeeting.com\/es\/sorprendeme\/#breadcrumb\",\"itemListElement\":[{\"@type\":\"ListItem\",\"position\":1,\"name\":\"P\u00e1gina principal\",\"item\":\"https:\/\/myallmeeting.com\/es\/\"},{\"@type\":\"ListItem\",\"position\":2,\"name\":\"Sorpr\u00e9ndeme\"}]},{\"@type\":\"WebSite\",\"@id\":\"https:\/\/www.myallmeeting.com\/es\/#website\",\"url\":\"https:\/\/www.myallmeeting.com\/es\/\",\"name\":\"Accor MyAllMeeting.com\",\"description\":\"Les Meilleurs lieux pour vos Ev\u00e9nements Professionnels\",\"publisher\":{\"@id\":\"https:\/\/www.myallmeeting.com\/es\/#organization\"},\"potentialAction\":[{\"@type\":\"SearchAction\",\"target\":{\"@type\":\"EntryPoint\",\"urlTemplate\":\"https:\/\/www.myallmeeting.com\/es\/?s={search_term_string}\"},\"query-input\":{\"@type\":\"PropertyValueSpecification\",\"valueRequired\":true,\"valueName\":\"search_term_string\"}}],\"inLanguage\":\"es-ES\"},{\"@type\":\"Organization\",\"@id\":\"https:\/\/www.myallmeeting.com\/es\/#organization\",\"name\":\"ACCOR\",\"url\":\"https:\/\/www.myallmeeting.com\/es\/\",\"logo\":{\"@type\":\"ImageObject\",\"inLanguage\":\"es-ES\",\"@id\":\"https:\/\/www.myallmeeting.com\/es\/#\/schema\/logo\/image\/\",\"url\":\"\",\"contentUrl\":\"\",\"caption\":\"ACCOR\"},\"image\":{\"@id\":\"https:\/\/www.myallmeeting.com\/es\/#\/schema\/logo\/image\/\"}}]}<\/script>","yoast_head_json":{"title":"Sorpr\u00e9ndeme - Accor MyAllMeeting.com","description":"Laissez-vous inspirer par notre nouveau module de recherche pour d\u00e9finir votre prochain \u00e9v\u00e8nement professionnel","robots":{"index":"index","follow":"follow","max-snippet":"max-snippet:-1","max-image-preview":"max-image-preview:large","max-video-preview":"max-video-preview:-1"},"canonical":"https:\/\/www.myallmeeting.com\/es\/wp-json\/wp\/v2\/pages\/16179950","og_locale":"es_ES","og_type":"article","og_title":"Sorpr\u00e9ndeme - Accor MyAllMeeting.com","og_description":"Laissez-vous inspirer par notre nouveau module de recherche pour d\u00e9finir votre prochain \u00e9v\u00e8nement professionnel","og_url":"https:\/\/www.myallmeeting.com\/es\/sorprendeme\/","og_site_name":"Accor MyAllMeeting.com","article_modified_time":"2024-07-25T13:15:22+00:00","og_image":[{"width":1920,"height":570,"url":"https:\/\/myallmeeting.com\/wp-content\/uploads\/2024\/07\/Surprenez-moi-2.png","type":"image\/png"}],"twitter_card":"summary_large_image","twitter_misc":{"Est. reading time":"1 minute"},"schema":{"@context":"https:\/\/schema.org","@graph":[{"@type":"WebPage","@id":"https:\/\/www.myallmeeting.com\/es\/sorprendeme\/","url":"https:\/\/www.myallmeeting.com\/es\/sorprendeme\/","name":"Sorpr\u00e9ndeme - Accor MyAllMeeting.com","isPartOf":{"@id":"https:\/\/www.myallmeeting.com\/es\/#website"},"primaryImageOfPage":{"@id":"https:\/\/www.myallmeeting.com\/es\/sorprendeme\/#primaryimage"},"image":{"@id":"https:\/\/www.myallmeeting.com\/es\/sorprendeme\/#primaryimage"},"thumbnailUrl":"https:\/\/www.myallmeeting.com\/wp-content\/uploads\/2024\/07\/Surprenez-moi-2.png","datePublished":"2024-03-21T14:14:54+00:00","dateModified":"2024-07-25T13:15:22+00:00","description":"Laissez-vous inspirer par notre nouveau module de recherche pour d\u00e9finir votre prochain \u00e9v\u00e8nement professionnel","breadcrumb":{"@id":"https:\/\/www.myallmeeting.com\/es\/sorprendeme\/#breadcrumb"},"inLanguage":"es-ES","potentialAction":[{"@type":"ReadAction","target":["https:\/\/www.myallmeeting.com\/es\/sorprendeme\/"]}]},{"@type":"ImageObject","inLanguage":"es-ES","@id":"https:\/\/www.myallmeeting.com\/es\/sorprendeme\/#primaryimage","url":"https:\/\/www.myallmeeting.com\/wp-content\/uploads\/2024\/07\/Surprenez-moi-2.png","contentUrl":"https:\/\/www.myallmeeting.com\/wp-content\/uploads\/2024\/07\/Surprenez-moi-2.png","width":1920,"height":570},{"@type":"BreadcrumbList","@id":"https:\/\/www.myallmeeting.com\/es\/sorprendeme\/#breadcrumb","itemListElement":[{"@type":"ListItem","position":1,"name":"P\u00e1gina principal","item":"https:\/\/myallmeeting.com\/es\/"},{"@type":"ListItem","position":2,"name":"Sorpr\u00e9ndeme"}]},{"@type":"WebSite","@id":"https:\/\/www.myallmeeting.com\/es\/#website","url":"https:\/\/www.myallmeeting.com\/es\/","name":"Accor MyAllMeeting.com","description":"Les Meilleurs lieux pour vos Ev\u00e9nements Professionnels","publisher":{"@id":"https:\/\/www.myallmeeting.com\/es\/#organization"},"potentialAction":[{"@type":"SearchAction","target":{"@type":"EntryPoint","urlTemplate":"https:\/\/www.myallmeeting.com\/es\/?s={search_term_string}"},"query-input":{"@type":"PropertyValueSpecification","valueRequired":true,"valueName":"search_term_string"}}],"inLanguage":"es-ES"},{"@type":"Organization","@id":"https:\/\/www.myallmeeting.com\/es\/#organization","name":"ACCOR","url":"https:\/\/www.myallmeeting.com\/es\/","logo":{"@type":"ImageObject","inLanguage":"es-ES","@id":"https:\/\/www.myallmeeting.com\/es\/#\/schema\/logo\/image\/","url":"","contentUrl":"","caption":"ACCOR"},"image":{"@id":"https:\/\/www.myallmeeting.com\/es\/#\/schema\/logo\/image\/"}}]}},"_links":{"self":[{"href":"https:\/\/www.myallmeeting.com\/es\/wp-json\/wp\/v2\/pages\/16179950","targetHints":{"allow":["GET"]}}],"collection":[{"href":"https:\/\/www.myallmeeting.com\/es\/wp-json\/wp\/v2\/pages"}],"about":[{"href":"https:\/\/www.myallmeeting.com\/es\/wp-json\/wp\/v2\/types\/page"}],"author":[{"embeddable":true,"href":"https:\/\/www.myallmeeting.com\/es\/wp-json\/wp\/v2\/users\/1"}],"replies":[{"embeddable":true,"href":"https:\/\/www.myallmeeting.com\/es\/wp-json\/wp\/v2\/comments?post=16179950"}],"version-history":[{"count":0,"href":"https:\/\/www.myallmeeting.com\/es\/wp-json\/wp\/v2\/pages\/16179950\/revisions"}],"wp:featuredmedia":[{"embeddable":true,"href":"https:\/\/www.myallmeeting.com\/es\/wp-json\/wp\/v2\/media\/16046265"}],"wp:attachment":[{"href":"https:\/\/www.myallmeeting.com\/es\/wp-json\/wp\/v2\/media?parent=16179950"}],"curies":[{"name":"wp","href":"https:\/\/api.w.org\/{rel}","templated":true}]}}