{"id":16040165,"date":"2018-07-23T10:35:18","date_gmt":"2018-07-23T08:35:18","guid":{"rendered":"https:\/\/myallmeeting.com\/evenements-dexception\/"},"modified":"2024-07-18T16:09:58","modified_gmt":"2024-07-18T14:09:58","slug":"eventos-excepcionales","status":"publish","type":"page","link":"https:\/\/www.myallmeeting.com\/es\/eventos-excepcionales\/","title":{"rendered":"Eventos excepcionales"},"content":{"rendered":"<!-- START OF : Composant : block-periscope-theme-section-composant-30-texte-image-citation.php -->\n<div class=\"tic position-relative fs-wysiwyg pt-9 mb-5 mb-lg-22\" data-component=\"30-texte-image-citation\">\n\t<div class=\"container-fluid\" style=\"--bs-gutter-x: 0\">\n\t\t<div class=\"row\" style=\"--bs-gutter-x: 0\">\n\t\t\t<div class=\"col-lg-6 offset-lg-1\"> \n\t\t\t\t<div class=\"tic__top__img position-relative me-2 me-lg-0\">\n\t\t\t\t\t\t\t\t\t\t<img decoding=\"async\" src=\"https:\/\/www.myallmeeting.com\/wp-content\/uploads\/2024\/07\/6286-02-1-932x645.jpg\" alt=\"organisation \u00e9v\u00e8nement d&#039;exception\" width=\"932\" height=\"562\" loading=\"lazy\" class=\"w-100\" \/>\n\t\t\t\t\t\t\t\t\t\t<div class=\"position-absolute text-white z-1 text-center t-0 l-0 w-100 p-4 pt-lg-8 pe-lg-20\">\n\t\t\t\t\t\t\t\t\t\t\t\t<div class=\"fw-medium fs-14 fs-xl-18 ls-20 lh-xs text-uppercase\">No busques nada m\u00e1s que<\/div>\n\t\t\t\t\t\t\t\t\t\t\t\t\t\t\t\t\t\t<div class=\"unna fs-italic fs-32 fs-lg-46 fs-xl-60 ls-20 lh-1\">lo excepcional<\/div>\n\t\t\t\t\t\t\t\t\t\t\t<\/div>\n\t\t\t\t<\/div>\n\t\t\t<\/div>\n\t\t\t<div class=\"col-lg-4\">\n\t\t\t\t<div class=\"tic__content position-relative bg-white pt-2 pb-0 px-2 py-lg-7 py-xl-9 px-lg-5 px-xl-10 pt-lg-9\">\n\t\t\t\t\t\t\t\t\t\t<div class=\"tic__surtitre position-lg-absolute t-0 l-0 mb-2 mx-lg-3 mt-lg-2 text-primary fw-semibold text-uppercase fs-10 fs-lg-12 fs-xl-18 lh-xs\">Eventos excepcionales<\/div>\n\t\t\t\t\t\t\t\t\t\t\t\t\t\t\t<div class=\"tic__content__titre unna fs-32 fs-xl-60 text-primary lh-xs mb-2 mb-lg-3 mb-xl-5\">Espacios extraordinarios para eventos \u00fanicos<\/div>\n\t\t\t\t\t\t\t\t\t\t\t\t\t\t\t<div class=\"fs-lg-13 fs-xl-18 mb-4 mb-xl-7 lh-sm\"><p>Buscar un lugar excepcional para un evento excepcional\u2026 La misi\u00f3n no es necesariamente la m\u00e1s sencilla. \u00bfY si un profesional de eventos y hosteler\u00eda francesa ofreciera a sus clientes lugares de alta gama para sus eventos? Esta es precisamente el objetivo de Paris Society. Presentaci\u00f3n.<\/p>\n<\/div>\n\t\t\t\t\t\t\t\t\t\t\t\t\t\t<\/div>\n\t\t\t<\/div>\n\t\t<\/div>\n\t<\/div>\n\t<div class=\"tic__blank bg-white pt-8 pt-lg-0\">\t\t\n\t\t<div class=\"container-fluid\" style=\"--bs-gutter-x: 0\">\n\t\t\t<div class=\"row\" style=\"--bs-gutter-x: 0\">\n\t\t\t\t<div class=\"col-lg-6\">\n\t\t\t\t\t<div class=\"tic__bottom position-relative bg-primary text-secondary pt-4 pb-5\">\n\t\t\t\t\t\t<div class=\"d-flex gap-1 gap-md-4\">\n\t\t\t\t\t\t\t<div class=\"tic__bottom__imgs d-flex flex-shrink-0 align-items-center\">\n\t\t\t\t\t\t\t\t\t\t\t\t\t\t\t\t<img decoding=\"async\" src=\"https:\/\/www.myallmeeting.com\/wp-content\/uploads\/2024\/07\/6371-64.jpg\" class=\"tic__bottom__img tic__bottom__img--1 of-cover rounded-3 opacity-50\" alt=\"\u00e9v\u00e8nement haut de gamme en ext\u00e9rieur\" width=\"192\" height=\"346\" loading=\"lazy\" \/>\n\t\t\t\t\t\t\t\t\t\t\t\t\t\t\t\t\t\t\t\t\t\t\t\t<img decoding=\"async\" src=\"https:\/\/www.myallmeeting.com\/wp-content\/uploads\/2024\/07\/4587-58.jpg\" class=\"tic__bottom__img tic__bottom__img--2 of-cover rounded-3 z-1\" alt=\"soir\u00e9e haut de gamme\" width=\"192\" height=\"346\" loading=\"lazy\" \/>\n\t\t\t\t\t\t\t\t\t\t\t\t\t\t\t<\/div>\n\t\t\t\t\t\t\t<div class=\"tic__bottom__quote text-secondary lh-xs\">\n\t\t\t\t\t\t\t\t\t\t\t\t\t\t\t\t<div class=\"unna fs-18 fs-lg-19 fs-xl-30 mb-2 mb-xl-3\">\u00a1Un evento que quedar\u00e1 en la memoria!<\/div>\n\t\t\t\t\t\t\t\t\t\t\t\t\t\t\t\t\t\t\t\t\t\t\t\t<div class=\"fs-12 fs-xl-18 fw-medium mb-xl-1\">Philippe A.<\/div>\n\t\t\t\t\t\t\t\t\t\t\t\t\t\t\t\t\t\t\t\t\t\t\t\t<div class=\"fs-10 fs-lg-8 fs-xl-12 fw-lg-medium text-uppercase\">Director General<\/div>\n\t\t\t\t\t\t\t\t\t\t\t\t\t\t\t<\/div>\n\t\t\t\t\t\t<\/div>\n\t\t\t\t\t\t\t\t\t\t\t<\/div>\n\t\t\t\t<\/div>\n\t\t\t<\/div>\n\t\t<\/div>\n\t<\/div>\n<\/div>\n<!-- END OF : Composant : block-periscope-theme-section-composant-30-texte-image-citation.php -->\n\n\n<!-- START OF : Composant : block-periscope-theme-section-composant-31-bloc-image-cta.php -->\n\t<div class=\"icta position-relative fs-wysiwyg icta--reverse\" data-component=\"31-bloc-image-cta\" data-reverse=\"oui\">\n\t\t<div class=\"container-fluid\">\n\t\t\t<div class=\"row\">\n\t\t\t\t<div class=\"col-lg-5 offset-lg-1 d-lg-flex\"> \n\t\t\t\t\t<div class=\"icta__content position-relative bg-white pt-2 pb-2 px-2 pb-lg-0 pt-lg-7 pt-xl-9 px-lg-7 px-xl-10 mt-lg-9 z-1\">\n\t\t\t\t\t\t\t\t\t\t\t\t<div class=\"position-lg-absolute t-0 l-0 mb-2 mx-lg-3 mt-lg-2 text-primary fw-semibold text-uppercase fs-10 fs-lg-12 fs-xl-18 lh-xs\">Paris Society<\/div>\n\t\t\t\t\t\t\t\t\t\t\t\t\t\t\t\t\t\t<div class=\"unna fs-32 fs-lg-39 fs-xl-60 text-primary lh-xs mb-2 mb-xl-5\">Paris Society, una colecci\u00f3n de lugares \u00fanicos<\/div>\n\t\t\t\t\t\t\t\t\t\t\t\t\t\t\t\t\t\t\t<div class=\"fs-lg-15 fs-xl-18 lh-sm \"><p><a href=\"https:\/\/paris-society-events.com\/\">Paris Society<\/a> ofrece desde 2008 una <strong>oferta completa de lugares de alta gama adaptados a sus clientes<\/strong>, para la organizaci\u00f3n de todo tipo de eventos. Con la <strong>hospitalidad<\/strong> como palabra clave.<\/p>\n<p>Su fundador Laurent de Gourcuff lo dice mejor:<\/p>\n<p>La hospitalidad es el valor que mejor resume nuestro ADN. Lleva en s\u00ed mismo las semillas de nuestro desarrollo futuro. Paris Society es un grupo impulsado por una ambici\u00f3n sencilla: reinventar el arte de la hospitalidad.<\/p>\n<p>Y para hacerlo, Paris Society ofrece <strong>espacios at\u00edpicos, de moda o cl\u00e1sicos, lugares hist\u00f3ricos o m\u00e1s contempor\u00e1neos<\/strong>. Sus establecimientos bien equipados y funcionales cuentan con diversas caracter\u00edsticas que te permitir\u00e1n encontrar \u201cla\u201d respuesta adecuada para <strong>cada evento, ya sea personal o profesional<\/strong>.<\/p>\n<\/div>\n\t\t\t\t\t\t\t\t\t\t\t\t\t\t\t\t\t<\/div>\n\t\t\t\t<\/div>\n\t\t\t\t\t\t\t\t<div class=\"col-lg-5 order-first order-lg-last\">\n\t\t\t\t\t<div class=\"icta__top__img h-100 position-relative me-2 me-lg-0\">\n\t\t\t\t\t\t<img decoding=\"async\" src=\"https:\/\/www.myallmeeting.com\/wp-content\/uploads\/2024\/07\/Fairmont-Monte-Carlo-5-932x645.jpg\" alt=\"\u00e9v\u00e8nement d&#039;exception\" width=\"932\" height=\"562\" loading=\"lazy\" \/>\n\t\t\t\t\t\t<div class=\"position-absolute text-white z-1 text-center t-0 l-0 w-100 pt-4 pt-lg-8\">\n\t\t\t\t\t\t\t\t\t\t\t\t\t\t\t\t\t\t<\/div>\n\t\t\t\t\t<\/div>\n\t\t\t\t<\/div>\n\t\t\t\t\t\t\t<\/div>\n\t\t<\/div>\n\t<\/div>\n<!-- END OF : Composant : block-periscope-theme-section-composant-31-bloc-image-cta.php -->\n\n\n<!-- START OF : Composant : block-periscope-theme-section-composant-31-bloc-image-cta.php -->\n\t<div class=\"icta position-relative fs-wysiwyg\" data-component=\"31-bloc-image-cta\" data-reverse=\"non\">\n\t\t<div class=\"container-fluid\">\n\t\t\t<div class=\"row\">\n\t\t\t\t\t\t\t\t<div class=\"col-lg-6 offset-lg-1\"> \n\t\t\t\t\t<div class=\"icta__top__img h-100 position-relative me-2 me-lg-0\">\n\t\t\t\t\t\t<img decoding=\"async\" src=\"https:\/\/www.myallmeeting.com\/wp-content\/uploads\/2024\/07\/4922-12-932x645.jpg\" alt=\"\u00e9v\u00e8nement haut de gamme\" width=\"932\" height=\"562\" loading=\"lazy\" \/>\n\t\t\t\t\t\t<div class=\"position-absolute text-white z-1 text-center t-0 l-0 w-100 pt-4 pt-lg-8\">\n\t\t\t\t\t\t\t\t\t\t\t\t\t\t\t\t\t\t<\/div>\n\t\t\t\t\t<\/div>\n\t\t\t\t<\/div>\n\t\t\t\t\t\t\t\t<div class=\"col-lg-4 d-lg-flex\">\n\t\t\t\t\t<div class=\"icta__content position-relative bg-white pt-2 pb-2 px-2 pb-lg-0 pt-lg-7 pt-xl-9 px-lg-7 px-xl-10 mt-lg-9\">\n\t\t\t\t\t\t\t\t\t\t\t\t\t\t\t\t\t\t<div class=\"unna fs-32 fs-lg-39 fs-xl-60 text-primary lh-xs mb-2 mb-xl-5\">La oferta de Paris Society<\/div>\n\t\t\t\t\t\t\t\t\t\t\t\t\t\t\t\t\t\t<div class=\"fs-lg-15 fs-xl-18 lh-sm \"><p>Para satisfacer mejor las necesidades de los clientes, la oferta de Paris Society se estructura en torno a cinco \u00e1reas:<\/p>\n<ul>\n<li><strong>Los clubes<\/strong>. El mundo de la noche es el n\u00facleo hist\u00f3rico de Paris Society antes de ampliar sus actividades hacia otros horizontes.<\/li>\n<li><strong>Las mesas<\/strong>. S\u00ed, los restaurantes tambi\u00e9n pueden ser excepcionales. Los establecimientos se elevan al mismo nivel de exigencia y prestigio que caracteriza a Paris Society. \u00bfC\u00f3mo se traduce esto? <strong>A trav\u00e9s de un servicio atento y personalizado en un ambiente elegante<\/strong>.<\/li>\n<li><strong>Los eventos<\/strong>. <strong>Un lugar excepcional para eventos<\/strong> es esencial. Un lugar es una historia, prestigio, una atm\u00f3sfera, ya sea un club, una azotea, un museo o un castillo. Los escenarios m\u00e1s bonitos est\u00e1n a tu disposici\u00f3n para tu seminario, tus actos de relaciones p\u00fablicas o tu c\u00f3ctel.<\/li>\n<li><strong>Los hoteles<\/strong>. Reinventar la industria hotelera es el objetivo de Paris Society. Ni m\u00e1s ni menos. Y para ello, ofrecemos entornos emblem\u00e1ticos, hist\u00f3ricos y naturales de primer nivel.<\/li>\n<li><strong>El apoyo de profesionales<\/strong> (y no s\u00f3lo los del sector de la restauraci\u00f3n y la hosteler\u00eda) en tus proyectos.<\/li>\n<\/ul>\n<\/div>\n\t\t\t\t\t\t\t\t\t\t\t\t\t\t\t\t\t<\/div>\n\t\t\t\t<\/div>\n\t\t\t<\/div>\n\t\t<\/div>\n\t<\/div>\n<!-- END OF : Composant : block-periscope-theme-section-composant-31-bloc-image-cta.php -->\n\n\n<!-- START OF : Composant : block-periscope-theme-section-composant-31-bloc-image-cta.php -->\n\t<div class=\"icta position-relative fs-wysiwyg icta--reverse\" data-component=\"31-bloc-image-cta\" data-reverse=\"oui\">\n\t\t<div class=\"container-fluid\">\n\t\t\t<div class=\"row\">\n\t\t\t\t<div class=\"col-lg-5 offset-lg-1 d-lg-flex\"> \n\t\t\t\t\t<div class=\"icta__content position-relative bg-white pt-2 pb-2 px-2 pb-lg-0 pt-lg-7 pt-xl-9 px-lg-7 px-xl-10 mt-lg-9 z-1\">\n\t\t\t\t\t\t\t\t\t\t\t\t\t\t\t\t\t\t<div class=\"unna fs-32 fs-lg-39 fs-xl-60 text-primary lh-xs mb-2 mb-xl-5\">Espacios \u00fanicos para eventos \u00fanicos <\/div>\n\t\t\t\t\t\t\t\t\t\t\t\t\t\t\t\t\t\t\t<div class=\"fs-lg-15 fs-xl-18 lh-sm \"><p>Hoy en d\u00eda, Paris Society ofrece m\u00e1s de 70 lugares prestigiosos, pero no s\u00f3lo en la capital:<\/p>\n<ul>\n<li><strong>Hoteles<\/strong>: la Abbaye des Vaux-de-Cernay (a 45 minutos de Par\u00eds), el Refugio de Solaise en Val-d&#8217;Is\u00e8re y la Villa M (en el distrito XV)<\/li>\n<li><strong>Dieciocho lugares de eventos l\u00edderes<\/strong>: el Puente Alejandro III, la Catedral Americana de Par\u00eds, el jard\u00edn rural de la finca Paris Longchamp, la Orangerie d&#8217;Auteuil&#8230;<\/li>\n<li><strong>Veinte clubes y tabernas<\/strong>: Raspoutine, Les Planches, Les Jardins de Bagatelle, Bal de la Marine&#8230;<\/li>\n<li><strong>Diecinueve restaurantes<\/strong>: Maison Revka en Par\u00eds y Saint-Tropez, Beau Coco en Par\u00eds y Lyon&#8230;<\/li>\n<\/ul>\n<p>&nbsp;<\/p>\n<p>Paris Society tambi\u00e9n est\u00e1 presente a nivel internacional:<\/p>\n<ul>\n<li>En Europa (Roma, Ginebra, Londres)<\/li>\n<li>En Estados Unidos (Los \u00c1ngeles)<\/li>\n<li>En Oriente Medio (Dubai, Riad, Estambul).<\/li>\n<\/ul>\n<\/div>\n\t\t\t\t\t\t\t\t\t\t\t\t\t\t\t\t\t<\/div>\n\t\t\t\t<\/div>\n\t\t\t\t\t\t\t\t<div class=\"col-lg-5 order-first order-lg-last\">\n\t\t\t\t\t<div class=\"icta__top__img h-100 position-relative me-2 me-lg-0\">\n\t\t\t\t\t\t<img decoding=\"async\" src=\"https:\/\/www.myallmeeting.com\/wp-content\/uploads\/2024\/07\/Abbaye-des-Vaux-de-Cernay-932x645.jpg\" alt=\"lieu d&#039;\u00e9v\u00e8nement d&#039;exception\" width=\"932\" height=\"562\" loading=\"lazy\" \/>\n\t\t\t\t\t\t<div class=\"position-absolute text-white z-1 text-center t-0 l-0 w-100 pt-4 pt-lg-8\">\n\t\t\t\t\t\t\t\t\t\t\t\t\t\t\t\t\t\t<\/div>\n\t\t\t\t\t<\/div>\n\t\t\t\t<\/div>\n\t\t\t\t\t\t\t<\/div>\n\t\t<\/div>\n\t<\/div>\n<!-- END OF : Composant : block-periscope-theme-section-composant-31-bloc-image-cta.php -->\n\n\n<!-- START OF : Composant : block-periscope-theme-section-composant-05-moteur.php -->\n\n\n<input type=\"hidden\" id=\"search-engine.search_url\" value=\"https:\/\/www.myallmeeting.com\/es\/su-proyecto\/#search-engine\" \/>\n<input type=\"hidden\" id=\"search-engine.anchor\" value=\"search-engine\" \/>\n<input type=\"hidden\" id=\"search-engine.gmaps_token\" value=\"AIzaSyDB40FZ7x-OURCjwxt35ll3WogU24K_hyE\" \/>\n<input type=\"hidden\" id=\"search-engine.language_code\" value=\"es,en\" \/>\n<input type=\"hidden\" id=\"search-engine.language_code_2\" value=\"es\" \/>\n<input type=\"hidden\" id=\"search-engine.filter_ids\" value=\"B2Q7,B385,B4D0,B1K8,B5V9,B3F9,B7D0,B711,B4T2,B1Y6,B1Z1,B7S9,B5V4,B7T4,B660,B7Q1,B5L3,B773,B6T3,B772,B7W1,B4U6,C096,B4S4,B145,B144,B9Q7,B9D3,B919,B542,B364,B6A9,B147,C1N1,B9T8,C319,C1F8,C160,C033,C030,2192,9703,B3X8,B4U7,B4Y6,B537,B538,B539,B540,B541,7431,5425,B6V6,B692,B9Q4,B870,B599,B8R1,B857,B9E8,C0W3,C177,B6S6,1975,6660,0449,0912,A598,1227,A011,1230,1078,1098,1099,7951,1810,0869,1284,1951,1541,7386,7147,7385,B0C9,B1H9,A5D1,B4I2,8996,9347,9389,9547,9619,7341,8062,8159,8325,8327,8329,8331,8334,8342,8516,5413,5555,5556,5563,6515,7060,3419,3440,5282,5309,5347,5374,3383,3385,3393,B8W6,1540,2967,6599,A7L5,0527,3376,3378,2783,3144,1987,2126,A9V5,A0D3,A5D5,A8Q1,A9A2,B1F0,0663,A064,8612,A038,8613,A086,1169,1202,1282,7575,2789,8232,1399,8582,2944,8951,0399,8957,7019,5681,1215,9920,1212,A593,2952,2945,7076,0668,9922,5921,A9E9,A7Z0,6813,A1F1,B971,1296,0542,0553,0568,B8S1,0432,0414,0392,7383,0587,0386,0906,0669,0428,0565,1294,0935,0785,1300,7229,0985,5418,7326,0427,0383,0385,0393,0394,0994,3168,0384,1175,0440,2190,6188,1273,0363,1298,2773,1814,0977,A072,1131,1572,5954,1585,3448,1132\" \/>\n<input type=\"hidden\" id=\"search-engine.display_mode\" value=\"pre-filtered\" \/>\n\n<input type=\"hidden\" id=\"search-engine.aid\" value=\"\" \/>\n<input type=\"hidden\" id=\"search-engine.address\" value=\"\" \/>\n<input type=\"hidden\" id=\"search-engine.distance\" value=\"\" \/>\n<input type=\"hidden\" id=\"search-engine.nb_persons\" value=\"\" \/>\n<input type=\"hidden\" id=\"search-engine.nb_meeting\" value=\"\" \/>\n<input type=\"hidden\" id=\"search-engine.nb_rooms\" value=\"\" \/>\n<input type=\"hidden\" id=\"search-engine.date\" value=\"\" \/>\n<input type=\"hidden\" id=\"search-engine.duration\" value=\"\" \/>\n\n<div id=\"search\" class=\"eventsearch\" data-component=\"05-moteur-recherche-event\">\n\t<div class=\"container\">\n\t\t<div class=\"row\">\n\t\t\t<div class=\"px-0 ms-auto me-auto\" style=\"max-width:1546px\">\n\t\t\t\t<div class=\"bg-primary mb-2 rounded-5 py-2 px-3 pt-lg-3 pb-lg-2 px-lg-4\">\n\t\t\t\t\t<div id=\"search-engine\" class =\"pre-filtered\"><\/div>\n\t\t\t\t<\/div>\n\t\t\t<\/div>\n\t\t<\/div>\n\t<\/div>\n<\/div>\n<!--<div>PHP processing Time: 0.056278944015503<\/div>!-->\n<!-- END OF : Composant : block-periscope-theme-section-composant-05-moteur.php -->\n\n\n<!-- START OF : Composant : block-periscope-theme-section-composant-14-carte-resultats.php -->\n<input type=\"hidden\" id=\"map.data-map-key\" value=\"AIzaSyDB40FZ7x-OURCjwxt35ll3WogU24K_hyE\">\n<input type=\"hidden\" id=\"map.data-map-language\" value=\"es,en\">\n<div id=\"search-map-results\" data-load-mode=\"synchronous\"><\/div>\n<div class=\"modal fade\" id=\"hotel-popin\">\n\t<div class=\"modal-dialog\">\n\t\t<div class=\"modal-inner\">\n\t\t\t<div class=\"modal-header\">\n\t\t\t\t<button type=\"button\" class=\"close\" data-bs-dismiss=\"modal\">\n\t\t\t\t\t<svg width=\"16\" height=\"16\" aria-hidden=\"true\">\n\t\t\t\t\t\t<use xlink:href=\"https:\/\/www.myallmeeting.com\/wp-content\/themes\/accor\/assets\/images\/sprite.svg#btn-close-white\"><\/use>\n\t\t\t\t\t<\/svg>\n\t\t\t\t\t<span>Fermer<\/span>\n\t\t\t\t<\/button>\n\t\t\t<\/div>\n\t\t\t<div class=\"modal-body\"><\/div>\n\t\t<\/div>\n\t<\/div>\n<\/div>\n<!-- END OF : Composant : block-periscope-theme-section-composant-14-carte-resultats.php -->\n\n","protected":false},"excerpt":{"rendered":"<p>Aqu\u00ed es donde comienza lo excepcional<\/p>\n","protected":false},"author":1,"featured_media":16021814,"parent":0,"menu_order":0,"comment_status":"closed","ping_status":"closed","template":"","meta":{"_acf_changed":false,"footnotes":""},"class_list":["post-16040165","page","type-page","status-publish","has-post-thumbnail","hentry"],"acf":[],"yoast_head":"<title>Adresses et h\u00f4tels pour organiser un \u00e9v\u00e8nement d&#039;exception<\/title>\n<meta name=\"description\" content=\"D\u00e9couvrez des lieux exclusifs pour vos \u00e9v\u00e9nements haut de gamme avec ACCOR. Choisissez parmi des adresses uniques pour une exp\u00e9rience \u00e9v\u00e9nementielle inoubliable.\" \/>\n<meta name=\"robots\" content=\"index, follow, max-snippet:-1, max-image-preview:large, max-video-preview:-1\" \/>\n<link rel=\"canonical\" href=\"https:\/\/www.myallmeeting.com\/es\/wp-json\/wp\/v2\/pages\/16040165\" \/>\n<meta property=\"og:locale\" content=\"fr_FR\" \/>\n<meta property=\"og:type\" content=\"article\" \/>\n<meta property=\"og:title\" content=\"Adresses et h\u00f4tels pour organiser un \u00e9v\u00e8nement d&#039;exception\" \/>\n<meta property=\"og:description\" content=\"D\u00e9couvrez des lieux exclusifs pour vos \u00e9v\u00e9nements haut de gamme avec ACCOR. Choisissez parmi des adresses uniques pour une exp\u00e9rience \u00e9v\u00e9nementielle inoubliable.\" \/>\n<meta property=\"og:url\" content=\"https:\/\/www.myallmeeting.com\/es\/eventos-excepcionales\/\" \/>\n<meta property=\"og:site_name\" content=\"Accor MyAllMeeting.com\" \/>\n<meta property=\"article:modified_time\" content=\"2024-07-18T14:09:58+00:00\" \/>\n<meta property=\"og:image\" content=\"https:\/\/www.myallmeeting.com\/wp-content\/uploads\/2024\/07\/Evenement-Exception.png\" \/>\n\t<meta property=\"og:image:width\" content=\"1920\" \/>\n\t<meta property=\"og:image:height\" content=\"570\" \/>\n\t<meta property=\"og:image:type\" content=\"image\/png\" \/>\n<meta name=\"twitter:card\" content=\"summary_large_image\" \/>\n<meta name=\"twitter:label1\" content=\"Dur\u00e9e de lecture estim\u00e9e\" \/>\n\t<meta name=\"twitter:data1\" content=\"4 minutes\" \/>\n<script type=\"application\/ld+json\" class=\"yoast-schema-graph\">{\"@context\":\"https:\/\/schema.org\",\"@graph\":[{\"@type\":\"WebPage\",\"@id\":\"https:\/\/www.myallmeeting.com\/es\/eventos-excepcionales\/\",\"url\":\"https:\/\/www.myallmeeting.com\/es\/eventos-excepcionales\/\",\"name\":\"Adresses et h\u00f4tels pour organiser un \u00e9v\u00e8nement d'exception\",\"isPartOf\":{\"@id\":\"https:\/\/www.myallmeeting.com\/fr\/#website\"},\"primaryImageOfPage\":{\"@id\":\"https:\/\/www.myallmeeting.com\/es\/eventos-excepcionales\/#primaryimage\"},\"image\":{\"@id\":\"https:\/\/www.myallmeeting.com\/es\/eventos-excepcionales\/#primaryimage\"},\"thumbnailUrl\":\"https:\/\/www.myallmeeting.com\/wp-content\/uploads\/2024\/07\/Evenement-Exception.png\",\"datePublished\":\"2018-07-23T08:35:18+00:00\",\"dateModified\":\"2024-07-18T14:09:58+00:00\",\"description\":\"D\u00e9couvrez des lieux exclusifs pour vos \u00e9v\u00e9nements haut de gamme avec ACCOR. Choisissez parmi des adresses uniques pour une exp\u00e9rience \u00e9v\u00e9nementielle inoubliable.\",\"breadcrumb\":{\"@id\":\"https:\/\/www.myallmeeting.com\/es\/eventos-excepcionales\/#breadcrumb\"},\"inLanguage\":\"fr-FR\",\"potentialAction\":[{\"@type\":\"ReadAction\",\"target\":[\"https:\/\/www.myallmeeting.com\/es\/eventos-excepcionales\/\"]}]},{\"@type\":\"ImageObject\",\"inLanguage\":\"fr-FR\",\"@id\":\"https:\/\/www.myallmeeting.com\/es\/eventos-excepcionales\/#primaryimage\",\"url\":\"https:\/\/www.myallmeeting.com\/wp-content\/uploads\/2024\/07\/Evenement-Exception.png\",\"contentUrl\":\"https:\/\/www.myallmeeting.com\/wp-content\/uploads\/2024\/07\/Evenement-Exception.png\",\"width\":1920,\"height\":570},{\"@type\":\"BreadcrumbList\",\"@id\":\"https:\/\/www.myallmeeting.com\/es\/eventos-excepcionales\/#breadcrumb\",\"itemListElement\":[{\"@type\":\"ListItem\",\"position\":1,\"name\":\"Accueil\",\"item\":\"https:\/\/myallmeeting.com\/fr\/\"},{\"@type\":\"ListItem\",\"position\":2,\"name\":\"Eventos excepcionales\"}]},{\"@type\":\"WebSite\",\"@id\":\"https:\/\/www.myallmeeting.com\/fr\/#website\",\"url\":\"https:\/\/www.myallmeeting.com\/fr\/\",\"name\":\"Accor MyAllMeeting.com\",\"description\":\"Les Meilleurs lieux pour vos Ev\u00e9nements Professionnels\",\"publisher\":{\"@id\":\"https:\/\/www.myallmeeting.com\/fr\/#organization\"},\"potentialAction\":[{\"@type\":\"SearchAction\",\"target\":{\"@type\":\"EntryPoint\",\"urlTemplate\":\"https:\/\/www.myallmeeting.com\/fr\/?s={search_term_string}\"},\"query-input\":{\"@type\":\"PropertyValueSpecification\",\"valueRequired\":true,\"valueName\":\"search_term_string\"}}],\"inLanguage\":\"fr-FR\"},{\"@type\":\"Organization\",\"@id\":\"https:\/\/www.myallmeeting.com\/fr\/#organization\",\"name\":\"ACCOR\",\"url\":\"https:\/\/www.myallmeeting.com\/fr\/\",\"logo\":{\"@type\":\"ImageObject\",\"inLanguage\":\"fr-FR\",\"@id\":\"https:\/\/www.myallmeeting.com\/fr\/#\/schema\/logo\/image\/\",\"url\":\"\",\"contentUrl\":\"\",\"caption\":\"ACCOR\"},\"image\":{\"@id\":\"https:\/\/www.myallmeeting.com\/fr\/#\/schema\/logo\/image\/\"}}]}<\/script>","yoast_head_json":{"title":"Adresses et h\u00f4tels pour organiser un \u00e9v\u00e8nement d'exception","description":"D\u00e9couvrez des lieux exclusifs pour vos \u00e9v\u00e9nements haut de gamme avec ACCOR. Choisissez parmi des adresses uniques pour une exp\u00e9rience \u00e9v\u00e9nementielle inoubliable.","robots":{"index":"index","follow":"follow","max-snippet":"max-snippet:-1","max-image-preview":"max-image-preview:large","max-video-preview":"max-video-preview:-1"},"canonical":"https:\/\/www.myallmeeting.com\/es\/wp-json\/wp\/v2\/pages\/16040165","og_locale":"fr_FR","og_type":"article","og_title":"Adresses et h\u00f4tels pour organiser un \u00e9v\u00e8nement d'exception","og_description":"D\u00e9couvrez des lieux exclusifs pour vos \u00e9v\u00e9nements haut de gamme avec ACCOR. Choisissez parmi des adresses uniques pour une exp\u00e9rience \u00e9v\u00e9nementielle inoubliable.","og_url":"https:\/\/www.myallmeeting.com\/es\/eventos-excepcionales\/","og_site_name":"Accor MyAllMeeting.com","article_modified_time":"2024-07-18T14:09:58+00:00","og_image":[{"width":1920,"height":570,"url":"https:\/\/www.myallmeeting.com\/wp-content\/uploads\/2024\/07\/Evenement-Exception.png","type":"image\/png"}],"twitter_card":"summary_large_image","twitter_misc":{"Dur\u00e9e de lecture estim\u00e9e":"4 minutes"},"schema":{"@context":"https:\/\/schema.org","@graph":[{"@type":"WebPage","@id":"https:\/\/www.myallmeeting.com\/es\/eventos-excepcionales\/","url":"https:\/\/www.myallmeeting.com\/es\/eventos-excepcionales\/","name":"Adresses et h\u00f4tels pour organiser un \u00e9v\u00e8nement d'exception","isPartOf":{"@id":"https:\/\/www.myallmeeting.com\/fr\/#website"},"primaryImageOfPage":{"@id":"https:\/\/www.myallmeeting.com\/es\/eventos-excepcionales\/#primaryimage"},"image":{"@id":"https:\/\/www.myallmeeting.com\/es\/eventos-excepcionales\/#primaryimage"},"thumbnailUrl":"https:\/\/www.myallmeeting.com\/wp-content\/uploads\/2024\/07\/Evenement-Exception.png","datePublished":"2018-07-23T08:35:18+00:00","dateModified":"2024-07-18T14:09:58+00:00","description":"D\u00e9couvrez des lieux exclusifs pour vos \u00e9v\u00e9nements haut de gamme avec ACCOR. Choisissez parmi des adresses uniques pour une exp\u00e9rience \u00e9v\u00e9nementielle inoubliable.","breadcrumb":{"@id":"https:\/\/www.myallmeeting.com\/es\/eventos-excepcionales\/#breadcrumb"},"inLanguage":"fr-FR","potentialAction":[{"@type":"ReadAction","target":["https:\/\/www.myallmeeting.com\/es\/eventos-excepcionales\/"]}]},{"@type":"ImageObject","inLanguage":"fr-FR","@id":"https:\/\/www.myallmeeting.com\/es\/eventos-excepcionales\/#primaryimage","url":"https:\/\/www.myallmeeting.com\/wp-content\/uploads\/2024\/07\/Evenement-Exception.png","contentUrl":"https:\/\/www.myallmeeting.com\/wp-content\/uploads\/2024\/07\/Evenement-Exception.png","width":1920,"height":570},{"@type":"BreadcrumbList","@id":"https:\/\/www.myallmeeting.com\/es\/eventos-excepcionales\/#breadcrumb","itemListElement":[{"@type":"ListItem","position":1,"name":"Accueil","item":"https:\/\/myallmeeting.com\/fr\/"},{"@type":"ListItem","position":2,"name":"Eventos excepcionales"}]},{"@type":"WebSite","@id":"https:\/\/www.myallmeeting.com\/fr\/#website","url":"https:\/\/www.myallmeeting.com\/fr\/","name":"Accor MyAllMeeting.com","description":"Les Meilleurs lieux pour vos Ev\u00e9nements Professionnels","publisher":{"@id":"https:\/\/www.myallmeeting.com\/fr\/#organization"},"potentialAction":[{"@type":"SearchAction","target":{"@type":"EntryPoint","urlTemplate":"https:\/\/www.myallmeeting.com\/fr\/?s={search_term_string}"},"query-input":{"@type":"PropertyValueSpecification","valueRequired":true,"valueName":"search_term_string"}}],"inLanguage":"fr-FR"},{"@type":"Organization","@id":"https:\/\/www.myallmeeting.com\/fr\/#organization","name":"ACCOR","url":"https:\/\/www.myallmeeting.com\/fr\/","logo":{"@type":"ImageObject","inLanguage":"fr-FR","@id":"https:\/\/www.myallmeeting.com\/fr\/#\/schema\/logo\/image\/","url":"","contentUrl":"","caption":"ACCOR"},"image":{"@id":"https:\/\/www.myallmeeting.com\/fr\/#\/schema\/logo\/image\/"}}]}},"_links":{"self":[{"href":"https:\/\/www.myallmeeting.com\/fr\/wp-json\/wp\/v2\/pages\/16040165","targetHints":{"allow":["GET"]}}],"collection":[{"href":"https:\/\/www.myallmeeting.com\/fr\/wp-json\/wp\/v2\/pages"}],"about":[{"href":"https:\/\/www.myallmeeting.com\/fr\/wp-json\/wp\/v2\/types\/page"}],"author":[{"embeddable":true,"href":"https:\/\/www.myallmeeting.com\/fr\/wp-json\/wp\/v2\/users\/1"}],"replies":[{"embeddable":true,"href":"https:\/\/www.myallmeeting.com\/fr\/wp-json\/wp\/v2\/comments?post=16040165"}],"version-history":[{"count":0,"href":"https:\/\/www.myallmeeting.com\/fr\/wp-json\/wp\/v2\/pages\/16040165\/revisions"}],"wp:featuredmedia":[{"embeddable":true,"href":"https:\/\/www.myallmeeting.com\/fr\/wp-json\/wp\/v2\/media\/16021814"}],"wp:attachment":[{"href":"https:\/\/www.myallmeeting.com\/fr\/wp-json\/wp\/v2\/media?parent=16040165"}],"curies":[{"name":"wp","href":"https:\/\/api.w.org\/{rel}","templated":true}]}}