{"id":16039651,"date":"2016-02-27T16:53:55","date_gmt":"2016-02-27T15:53:55","guid":{"rendered":"https:\/\/myallmeeting.com\/assemblee_generale_conference\/"},"modified":"2024-07-16T19:05:50","modified_gmt":"2024-07-16T17:05:50","slug":"assemblee_generale_conference","status":"publish","type":"page","link":"https:\/\/www.myallmeeting.com\/es\/assemblee_generale_conference\/","title":{"rendered":"Juntas Generales \/ Conferencia"},"content":{"rendered":"<!-- START OF : Composant : block-periscope-theme-section-composant-30-texte-image-citation.php -->\n<div class=\"tic position-relative fs-wysiwyg pt-9 mb-5 mb-lg-22\" data-component=\"30-texte-image-citation\">\n\t<div class=\"container-fluid\" style=\"--bs-gutter-x: 0\">\n\t\t<div class=\"row\" style=\"--bs-gutter-x: 0\">\n\t\t\t<div class=\"col-lg-6 offset-lg-1\"> \n\t\t\t\t<div class=\"tic__top__img position-relative me-2 me-lg-0\">\n\t\t\t\t\t\t\t\t\t\t<img decoding=\"async\" src=\"https:\/\/www.myallmeeting.com\/wp-content\/uploads\/2024\/07\/assemblee-generale-932x645.jpg\" alt=\"assembl\u00e9e g\u00e9n\u00e9rale et conf\u00e9rence\" width=\"932\" height=\"562\" loading=\"lazy\" class=\"w-100\" \/>\n\t\t\t\t\t\t\t\t\t\t<div class=\"position-absolute text-white z-1 text-center t-0 l-0 w-100 p-4 pt-lg-8 pe-lg-20\">\n\t\t\t\t\t\t\t\t\t\t\t\t<div class=\"fw-medium fs-14 fs-xl-18 ls-20 lh-xs text-uppercase\">ESPACIOS<\/div>\n\t\t\t\t\t\t\t\t\t\t\t\t\t\t\t\t\t\t<div class=\"unna fs-italic fs-32 fs-lg-46 fs-xl-60 ls-20 lh-1\">Adaptados<\/div>\n\t\t\t\t\t\t\t\t\t\t\t<\/div>\n\t\t\t\t<\/div>\n\t\t\t<\/div>\n\t\t\t<div class=\"col-lg-4\">\n\t\t\t\t<div class=\"tic__content position-relative bg-white pt-2 pb-0 px-2 py-lg-7 py-xl-9 px-lg-5 px-xl-10 pt-lg-9\">\n\t\t\t\t\t\t\t\t\t\t<div class=\"tic__surtitre position-lg-absolute t-0 l-0 mb-2 mx-lg-3 mt-lg-2 text-primary fw-semibold text-uppercase fs-10 fs-lg-12 fs-xl-18 lh-xs\">\u00a1Hoteles dise\u00f1ados para el \u00e9xito de tus reuniones generales!<\/div>\n\t\t\t\t\t\t\t\t\t\t\t\t\t\t\t<div class=\"tic__content__titre unna fs-32 fs-xl-60 text-primary lh-xs mb-2 mb-lg-3 mb-xl-5\">Espacios de tama\u00f1o perfecto<\/div>\n\t\t\t\t\t\t\t\t\t\t\t\t\t\t\t<div class=\"fs-lg-13 fs-xl-18 mb-4 mb-xl-7 lh-sm\"><h3 style=\"text-align: left;\">\u00bfEST\u00c1S BUSCANDO UN ESPACIO ADECUADO PARA TU EVENTO QUE PUEDA ALOJAR HASTA 600 PERSONAS?<\/h3>\n<p>Hemos seleccionado para ti un colecci\u00f3n de sedes capaces de satisfacer tus necesidades ya sea que tengas 80 o 600 participantes.<\/p>\n<p>Estos hoteles te ofrecen grandes capacidades de recepci\u00f3n en sus salas plenarias o anfiteatros, un escenario perfecto para la organizaci\u00f3n de una asamblea general.<\/p>\n<p>Tambi\u00e9n tienen a tu disposici\u00f3n: mostrador de recepci\u00f3n, oficina de organizaci\u00f3n, sala VIP y todas las dem\u00e1s estructuras \u00fatiles para el buen desarrollo de tu asamblea general.<\/p>\n<\/div>\n\t\t\t\t\t\t\t\t\t\t\t\t\t\t<\/div>\n\t\t\t<\/div>\n\t\t<\/div>\n\t<\/div>\n\t<div class=\"tic__blank bg-white pt-8 pt-lg-0\">\t\t\n\t\t<div class=\"container-fluid\" style=\"--bs-gutter-x: 0\">\n\t\t\t<div class=\"row\" style=\"--bs-gutter-x: 0\">\n\t\t\t\t<div class=\"col-lg-6\">\n\t\t\t\t\t<div class=\"tic__bottom position-relative bg-primary text-secondary pt-4 pb-5\">\n\t\t\t\t\t\t<div class=\"d-flex gap-1 gap-md-4\">\n\t\t\t\t\t\t\t<div class=\"tic__bottom__imgs d-flex flex-shrink-0 align-items-center\">\n\t\t\t\t\t\t\t\t\t\t\t\t\t\t\t\t<img decoding=\"async\" src=\"https:\/\/www.myallmeeting.com\/wp-content\/uploads\/2024\/07\/7201-87.jpg\" class=\"tic__bottom__img tic__bottom__img--1 of-cover rounded-3 opacity-50\" alt=\"\" width=\"192\" height=\"346\" loading=\"lazy\" \/>\n\t\t\t\t\t\t\t\t\t\t\t\t\t\t\t\t\t\t\t\t\t\t\t\t<img decoding=\"async\" src=\"https:\/\/www.myallmeeting.com\/wp-content\/uploads\/2024\/07\/conference-testimony.png\" class=\"tic__bottom__img tic__bottom__img--2 of-cover rounded-3 z-1\" alt=\"\" width=\"192\" height=\"346\" loading=\"lazy\" \/>\n\t\t\t\t\t\t\t\t\t\t\t\t\t\t\t<\/div>\n\t\t\t\t\t\t\t<div class=\"tic__bottom__quote text-secondary lh-xs\">\n\t\t\t\t\t\t\t\t\t\t\t\t\t\t\t\t<div class=\"unna fs-18 fs-lg-19 fs-xl-30 mb-2 mb-xl-3\">\u00a1Una conferencia debe ser instructiva y agradable para los participantes!<\/div>\n\t\t\t\t\t\t\t\t\t\t\t\t\t\t\t\t\t\t\t\t\t\t\t\t<div class=\"fs-12 fs-xl-18 fw-medium mb-xl-1\">Antoine K.<\/div>\n\t\t\t\t\t\t\t\t\t\t\t\t\t\t\t\t\t\t\t\t\t\t\t\t<div class=\"fs-10 fs-lg-8 fs-xl-12 fw-lg-medium text-uppercase\">Responsable de conferencias<\/div>\n\t\t\t\t\t\t\t\t\t\t\t\t\t\t\t<\/div>\n\t\t\t\t\t\t<\/div>\n\t\t\t\t\t\t\t\t\t\t\t<\/div>\n\t\t\t\t<\/div>\n\t\t\t<\/div>\n\t\t<\/div>\n\t<\/div>\n<\/div>\n<!-- END OF : Composant : block-periscope-theme-section-composant-30-texte-image-citation.php -->\n\n\n<!-- START OF : Composant : block-periscope-theme-section-composant-31-bloc-image-cta.php -->\n\t<div class=\"icta position-relative fs-wysiwyg icta--reverse\" data-component=\"31-bloc-image-cta\" data-reverse=\"oui\">\n\t\t<div class=\"container-fluid\">\n\t\t\t<div class=\"row\">\n\t\t\t\t<div class=\"col-lg-5 offset-lg-1 d-lg-flex\"> \n\t\t\t\t\t<div class=\"icta__content position-relative bg-white pt-2 pb-2 px-2 pb-lg-0 pt-lg-7 pt-xl-9 px-lg-7 px-xl-10 mt-lg-9 z-1\">\n\t\t\t\t\t\t\t\t\t\t\t\t<div class=\"position-lg-absolute t-0 l-0 mb-2 mx-lg-3 mt-lg-2 text-primary fw-semibold text-uppercase fs-10 fs-lg-12 fs-xl-18 lh-xs\">S\u00e9 acompa\u00f1ado<\/div>\n\t\t\t\t\t\t\t\t\t\t\t\t\t\t\t\t\t\t<div class=\"unna fs-32 fs-lg-39 fs-xl-60 text-primary lh-xs mb-2 mb-xl-5\">Equipos flexibles y atentos a tus necesidades<\/div>\n\t\t\t\t\t\t\t\t\t\t\t\t\t\t\t\t\t\t\t<div class=\"fs-lg-15 fs-xl-18 lh-sm \"><h3 style=\"text-align: left;\">\u00bfEST\u00c1S BUSCANDO ESPECIALISTAS PARA SOPORTE PERSONALIZADO?<\/h3>\n<p>Nuestros equipos te guiar\u00e1n para determinar los espacios necesarios para tu reuni\u00f3n general y definir una oferta gastron\u00f3mica variada y original.<br \/>\nComo expertos en estos eventos de gran envergadura, \u00a1estar\u00e1n a tu lado antes, durante y despu\u00e9s de tu junta general para garantizar su buen desarrollo!<br \/>\nSabemos ser flexibles y adaptarnos para tener en cuenta tus necesidades.<\/p>\n<\/div>\n\t\t\t\t\t\t\t\t\t\t\t\t\t\t\t\t\t<\/div>\n\t\t\t\t<\/div>\n\t\t\t\t\t\t\t\t<div class=\"col-lg-5 order-first order-lg-last\">\n\t\t\t\t\t<div class=\"icta__top__img h-100 position-relative me-2 me-lg-0\">\n\t\t\t\t\t\t<img decoding=\"async\" src=\"https:\/\/www.myallmeeting.com\/wp-content\/uploads\/2024\/07\/equipes-flexibles-restauration-932x645.jpg\" alt=\"\" width=\"932\" height=\"562\" loading=\"lazy\" \/>\n\t\t\t\t\t\t<div class=\"position-absolute text-white z-1 text-center t-0 l-0 w-100 pt-4 pt-lg-8\">\n\t\t\t\t\t\t\t\t\t\t\t\t\t\t\t\t\t\t<\/div>\n\t\t\t\t\t<\/div>\n\t\t\t\t<\/div>\n\t\t\t\t\t\t\t<\/div>\n\t\t<\/div>\n\t<\/div>\n<!-- END OF : Composant : block-periscope-theme-section-composant-31-bloc-image-cta.php -->\n\n\n<!-- START OF : Composant : block-periscope-theme-section-composant-31-bloc-image-cta.php -->\n\t<div class=\"icta position-relative fs-wysiwyg\" data-component=\"31-bloc-image-cta\" data-reverse=\"non\">\n\t\t<div class=\"container-fluid\">\n\t\t\t<div class=\"row\">\n\t\t\t\t\t\t\t\t<div class=\"col-lg-6 offset-lg-1\"> \n\t\t\t\t\t<div class=\"icta__top__img h-100 position-relative me-2 me-lg-0\">\n\t\t\t\t\t\t<img decoding=\"async\" src=\"https:\/\/www.myallmeeting.com\/wp-content\/uploads\/2024\/07\/7201-67-932x645.jpg\" alt=\"\" width=\"932\" height=\"562\" loading=\"lazy\" \/>\n\t\t\t\t\t\t<div class=\"position-absolute text-white z-1 text-center t-0 l-0 w-100 pt-4 pt-lg-8\">\n\t\t\t\t\t\t\t\t\t\t\t\t\t\t\t\t\t\t<\/div>\n\t\t\t\t\t<\/div>\n\t\t\t\t<\/div>\n\t\t\t\t\t\t\t\t<div class=\"col-lg-4 d-lg-flex\">\n\t\t\t\t\t<div class=\"icta__content position-relative bg-white pt-2 pb-2 px-2 pb-lg-0 pt-lg-7 pt-xl-9 px-lg-7 px-xl-10 mt-lg-9\">\n\t\t\t\t\t\t\t\t\t\t\t\t<div class=\"position-lg-absolute t-0 l-0 mb-2 mx-lg-3 mt-lg-2 text-primary fw-semibold text-uppercase fs-10 fs-lg-12 fs-xl-18 lh-xs\">El equipo adecuado para el evento adecuado<\/div>\n\t\t\t\t\t\t\t\t\t\t\t\t\t\t\t\t\t\t<div class=\"unna fs-32 fs-lg-39 fs-xl-60 text-primary lh-xs mb-2 mb-xl-5\">Equipos apropiados<\/div>\n\t\t\t\t\t\t\t\t\t\t\t\t\t\t\t\t\t\t<div class=\"fs-lg-15 fs-xl-18 lh-sm \"><h3 style=\"text-align: left;\">\u00bfEST\u00c1S BUSCANDO UNA SALA PERFECTAMENTE EQUIPADA?<\/h3>\n<p>Todas nuestras salas de plenos y\/o anfiteatros destinados a asambleas generales est\u00e1n equipadas con control t\u00e9cnico (sonido, audiovisual, etc.) esencial para la finalizaci\u00f3n exitosa de tu evento, as\u00ed como una conectividad impecable que permite en particular la votaci\u00f3n en l\u00ednea.<\/p>\n<p>&nbsp;<\/p>\n<p><strong>\u00a1Descubre nuestra selecci\u00f3n de lugares para tus futuras reuniones generales con My ALL Meeting!<\/strong><\/p>\n<p><em>(images : <a href=\"https:\/\/myallmeeting.com\/es\/hotel\/0737-novotel-london-west\/\" target=\"_blank\" rel=\"noopener\">Novotel London West<\/a>, <a href=\"https:\/\/myallmeeting.com\/es\/hotel\/3144-sofitel-londres-st-james\/\" target=\"_blank\" rel=\"noopener\">Sofitel London St James<\/a>, <a href=\"https:\/\/myallmeeting.com\/es\/hotel\/7951-mercure-lille-roubaix-grand-hotel\/\" target=\"_blank\" rel=\"noopener\">Mercure Lille Roubaix Grand Hotel<\/a>, <a href=\"https:\/\/myallmeeting.com\/es\/hotel\/2192-pullman-paris-centre-bercy\/\" target=\"_blank\" rel=\"noopener\">Pullman Paris Bercy<\/a>)<\/em><\/p>\n<\/div>\n\t\t\t\t\t\t\t\t\t\t\t\t\t\t\t\t\t<\/div>\n\t\t\t\t<\/div>\n\t\t\t<\/div>\n\t\t<\/div>\n\t<\/div>\n<!-- END OF : Composant : block-periscope-theme-section-composant-31-bloc-image-cta.php -->\n\n\n<!-- START OF : Composant : block-periscope-theme-section-composant-05-moteur.php -->\n\n\n<input type=\"hidden\" id=\"search-engine.search_url\" value=\"https:\/\/www.myallmeeting.com\/es\/su-proyecto\/#search-engine\" \/>\n<input type=\"hidden\" id=\"search-engine.anchor\" value=\"search-engine\" \/>\n<input type=\"hidden\" id=\"search-engine.gmaps_token\" value=\"AIzaSyDB40FZ7x-OURCjwxt35ll3WogU24K_hyE\" \/>\n<input type=\"hidden\" id=\"search-engine.language_code\" value=\"es,en\" \/>\n<input type=\"hidden\" id=\"search-engine.language_code_2\" value=\"es\" \/>\n<input type=\"hidden\" id=\"search-engine.filter_ids\" value=\"B0L8,B0M9,B2Q7,B2L8,B385,B4A1,B2R0,B2J3,B1N0,B3B1,B4C3,B2Q4,B2C6,B4D0,B2C7,B2U6,B5V9,B3F9,B1R3,B4T0,B5V7,B636,B7D0,B711,B546,B7M3,B2S9,B852,B7M5,B4T2,B5E7,B895,B1Y6,B1Z1,B825,B7S9,B2M0,B2R9,B816,B5V4,B8E1,B7T4,B8D8,B3F7,B8T4,B660,B580,B991,B6A5,B7Q1,B7H3,B5L3,B5E8,B5K2,B773,B8H6,B5I8,B9F3,B9F4,B940,B6T3,B772,B9S9,B8Z2,B6E2,B6E3,B7T5,B9L1,B737,B815,B8Y9,B9N0,C096,B9R3,B4S4,B145,B144,B9Q7,B9G2,B9D3,B939,B919,B875,B827,B5I7,B542,B364,B6A9,B147,B2T4,B8Q6,C1N1,B941,B9T8,C319,C284,C1F8,C1E1,C160,C0W4,C0V5,C079,C033,C030,B9U8,2192,9703,B666,B6F6,B637,B3X8,B4B1,B0N4,B0R2,B0X1,B143,B146,B480,B4U5,B4U7,B4Y6,B537,B538,B539,B540,B541,7431,8565,5425,B355,B561,B6V6,B692,B9Q4,B870,B6J0,B814,B9E9,B857,B9E8,C139,C1Q4,C0W3,C177,B6S6,1975,6660,0450,0459,0449,0456,0912,A598,7325,1103,1546,1227,7014,A011,1968,9244,1230,2948,0652,1055,5692,0341,5641,1078,1098,9735,1099,7951,1725,0873,1810,1187,5712,0869,1284,1190,1622,1951,3452,1541,7386,9622,7363,9171,1623,7286,1621,1508,1281,7385,A9P4,A9P7,B0C9,B4G0,B4Z1,B3H6,B1H9,A5D1,B4I2,B4I4,8876,8894,8954,8996,8999,9057,9062,9076,9123,9131,9227,9267,9298,9299,9300,9301,9347,9389,9391,9441,9547,9548,9551,9553,9595,9617,9618,9619,9627,9834,A073,A7X1,A8M4,7332,7341,7552,7563,7830,7935,8018,8030,8062,8089,8091,8159,8301,8308,8320,8321,8322,8323,8325,8327,8329,8331,8332,8334,8335,8336,8342,8343,8344,8350,8353,8392,8468,8516,8523,5413,5394,5396,5555,5556,5558,5560,5562,5563,6141,6443,6515,6616,6617,6631,6734,6995,7060,7125,3404,3405,3714,3408,3417,3419,3440,3458,5236,5282,5309,3667,5347,5358,5366,5374,5379,3383,3384,3385,3390,3391,3393,3403,C0F8,C0I0,B8W6,1540,2960,2967,5364,6599,7942,9753,3280,3303,3304,3306,3307,A0C7,A7L5,A219,3372,3374,3375,0527,3346,3376,3347,3367,3377,3378,2783,2894,2906,2922,2924,2939,2940,2996,3096,3107,3127,3128,3136,3144,3167,3172,3210,3269,3270,1414,3437,1966,1404,2189,1743,0959,0629,0749,1987,2004,2109,2117,2126,1171,7848,1172,7427,1120,6546,8189,A9V5,B524,A0D3,A5D5,A5I1,7392,A8Q1,A4C2,A780,A312,A9V4,A9F1,A0D8,A9P2,B1F0,A5T2,9172,3576,0711,6232,0663,8612,A038,9375,1678,8613,A086,1169,1202,1282,1742,1357,2789,8232,7367,A1B9,8987,8368,1639,1399,9121,3435,8582,8474,0728,3740,9887,2029,1045,2944,0689,2748,0397,6030,0930,6550,8717,7006,8466,8820,8951,0408,7422,0349,1967,8174,7972,7572,5167,1996,7864,0654,9012,7975,0399,0434,8957,6923,0416,1986,9344,2738,A0A9,9084,0442,0368,8283,0400,7369,1220,0445,B1E1,5440,7019,6851,1560,5230,5681,1215,1292,1264,0905,0952,0446,1978,9920,1430,1212,5546,A1L2,A593,1213,0348,2095,1217,A0A2,0402,2945,8011,5060,0453,7076,0644,1537,0350,0668,9922,9593,6166,5921,7143,A9E9,A0G3,B4I1,A7Z0,A094,6813,A1F1,B971,1113,0530,0371,3133,0553,B8N6,C1Z6,2183,5275,0568,B8S1,C0F7,0452,0747,0387,3546,0410,1075,1571,0382,0424,0433,0432,1979,0390,0589,1735,0414,0392,1168,7383,0421,1628,1834,4987,3013,0587,0386,0906,1549,0380,0443,0669,0428,0565,1294,0935,0412,0439,0785,0419,1139,1609,0430,1300,1596,7229,8505,0389,1177,0985,5418,7326,5650,0423,0427,0418,0383,1302,0396,0385,0393,0394,2182,0736,0994,0964,0911,0395,0431,3168,0444,0379,0965,1624,0384,1175,0413,9013,0440,0405,1536,0436,0403,0918,0438,2190,2217,8816,0577,6188,0581,1269,5955,3480,1273,1037,1260,1598,1245,0363,0549,1421,1298,1788,6752,1160,0374,0375,1627,1985,3225,0376,1176,1191,1982,1122,6357,2773,1814,0977,1072,8817,A072,1131,2175,1249,1572,5954,0370,8244,1585,0369,2904,9800,3004,5934,2057,3448,1535,1625,1263,1132,0345,3043,1233,1544,1148,9319\" \/>\n<input type=\"hidden\" id=\"search-engine.display_mode\" value=\"pre-filtered\" \/>\n\n<input type=\"hidden\" id=\"search-engine.aid\" value=\"\" \/>\n<input type=\"hidden\" id=\"search-engine.address\" value=\"\" \/>\n<input type=\"hidden\" id=\"search-engine.distance\" value=\"\" \/>\n<input type=\"hidden\" id=\"search-engine.nb_persons\" value=\"\" \/>\n<input type=\"hidden\" id=\"search-engine.nb_meeting\" value=\"\" \/>\n<input type=\"hidden\" id=\"search-engine.nb_rooms\" value=\"\" \/>\n<input type=\"hidden\" id=\"search-engine.date\" value=\"\" \/>\n<input type=\"hidden\" id=\"search-engine.duration\" value=\"\" \/>\n\n<div id=\"search\" class=\"eventsearch\" data-component=\"05-moteur-recherche-event\">\n\t<div class=\"container\">\n\t\t<div class=\"row\">\n\t\t\t<div class=\"px-0 ms-auto me-auto\" style=\"max-width:1546px\">\n\t\t\t\t<div class=\"bg-primary mb-2 rounded-5 py-2 px-3 pt-lg-3 pb-lg-2 px-lg-4\">\n\t\t\t\t\t<div id=\"search-engine\" class =\"pre-filtered\"><\/div>\n\t\t\t\t<\/div>\n\t\t\t<\/div>\n\t\t<\/div>\n\t<\/div>\n<\/div>\n<!--<div>PHP processing Time: 0.087998867034912<\/div>!-->\n<!-- END OF : Composant : block-periscope-theme-section-composant-05-moteur.php -->\n\n\n<!-- START OF : Composant : block-periscope-theme-section-composant-14-carte-resultats.php -->\n<input type=\"hidden\" id=\"map.data-map-key\" value=\"AIzaSyDB40FZ7x-OURCjwxt35ll3WogU24K_hyE\">\n<input type=\"hidden\" id=\"map.data-map-language\" value=\"es,en\">\n<div id=\"search-map-results\" data-load-mode=\"synchronous\"><\/div>\n<div class=\"modal fade\" id=\"hotel-popin\">\n\t<div class=\"modal-dialog\">\n\t\t<div class=\"modal-inner\">\n\t\t\t<div class=\"modal-header\">\n\t\t\t\t<button type=\"button\" class=\"close\" data-bs-dismiss=\"modal\">\n\t\t\t\t\t<svg width=\"16\" height=\"16\" aria-hidden=\"true\">\n\t\t\t\t\t\t<use xlink:href=\"https:\/\/www.myallmeeting.com\/wp-content\/themes\/accor\/assets\/images\/sprite.svg#btn-close-white\"><\/use>\n\t\t\t\t\t<\/svg>\n\t\t\t\t\t<span>Fermer<\/span>\n\t\t\t\t<\/button>\n\t\t\t<\/div>\n\t\t\t<div class=\"modal-body\"><\/div>\n\t\t<\/div>\n\t<\/div>\n<\/div>\n<!-- END OF : Composant : block-periscope-theme-section-composant-14-carte-resultats.php -->\n","protected":false},"excerpt":{"rendered":"<p>Descubre nuestros diferentes espacios y servicios ideales para todo tipo de reuni\u00f3n o congreso<\/p>\n","protected":false},"author":1,"featured_media":16021734,"parent":0,"menu_order":0,"comment_status":"closed","ping_status":"closed","template":"","meta":{"_acf_changed":true,"footnotes":""},"class_list":["post-16039651","page","type-page","status-publish","has-post-thumbnail","hentry"],"acf":[],"yoast_head":"<title>Organiser son assembl\u00e9e g\u00e9n\u00e9rale ou conf\u00e9rence dans nos h\u00f4tels<\/title>\n<meta name=\"description\" content=\"D\u00e9couvrez les solutions Accor pour vos assembl\u00e9es g\u00e9n\u00e9rales et conf\u00e9rences, offrant des salles pl\u00e9ni\u00e8res et des services sur-mesure\" \/>\n<meta name=\"robots\" content=\"index, follow, max-snippet:-1, max-image-preview:large, max-video-preview:-1\" \/>\n<link rel=\"canonical\" href=\"https:\/\/www.myallmeeting.com\/es\/wp-json\/wp\/v2\/pages\/16039651\" \/>\n<meta property=\"og:locale\" content=\"fr_FR\" \/>\n<meta property=\"og:type\" content=\"article\" \/>\n<meta property=\"og:title\" content=\"Organiser son assembl\u00e9e g\u00e9n\u00e9rale ou conf\u00e9rence dans nos h\u00f4tels\" \/>\n<meta property=\"og:description\" content=\"D\u00e9couvrez les solutions Accor pour vos assembl\u00e9es g\u00e9n\u00e9rales et conf\u00e9rences, offrant des salles pl\u00e9ni\u00e8res et des services sur-mesure\" \/>\n<meta property=\"og:url\" content=\"https:\/\/www.myallmeeting.com\/es\/assemblee_generale_conference\/\" \/>\n<meta property=\"og:site_name\" content=\"Accor MyAllMeeting.com\" \/>\n<meta property=\"article:modified_time\" content=\"2024-07-16T17:05:50+00:00\" \/>\n<meta property=\"og:image\" content=\"https:\/\/myallmeeting.com\/wp-content\/uploads\/2024\/07\/7197-09.jpg\" \/>\n\t<meta property=\"og:image:width\" content=\"2048\" \/>\n\t<meta property=\"og:image:height\" content=\"1290\" \/>\n\t<meta property=\"og:image:type\" content=\"image\/jpeg\" \/>\n<meta name=\"twitter:card\" content=\"summary_large_image\" \/>\n<meta name=\"twitter:label1\" content=\"Dur\u00e9e de lecture estim\u00e9e\" \/>\n\t<meta name=\"twitter:data1\" content=\"3 minutes\" \/>\n<script type=\"application\/ld+json\" class=\"yoast-schema-graph\">{\"@context\":\"https:\/\/schema.org\",\"@graph\":[{\"@type\":\"WebPage\",\"@id\":\"https:\/\/www.myallmeeting.com\/es\/assemblee_generale_conference\/\",\"url\":\"https:\/\/www.myallmeeting.com\/es\/assemblee_generale_conference\/\",\"name\":\"Organiser son assembl\u00e9e g\u00e9n\u00e9rale ou conf\u00e9rence dans nos h\u00f4tels\",\"isPartOf\":{\"@id\":\"https:\/\/www.myallmeeting.com\/fr\/#website\"},\"primaryImageOfPage\":{\"@id\":\"https:\/\/www.myallmeeting.com\/es\/assemblee_generale_conference\/#primaryimage\"},\"image\":{\"@id\":\"https:\/\/www.myallmeeting.com\/es\/assemblee_generale_conference\/#primaryimage\"},\"thumbnailUrl\":\"https:\/\/www.myallmeeting.com\/wp-content\/uploads\/2024\/07\/7197-09.jpg\",\"datePublished\":\"2016-02-27T15:53:55+00:00\",\"dateModified\":\"2024-07-16T17:05:50+00:00\",\"description\":\"D\u00e9couvrez les solutions Accor pour vos assembl\u00e9es g\u00e9n\u00e9rales et conf\u00e9rences, offrant des salles pl\u00e9ni\u00e8res et des services sur-mesure\",\"breadcrumb\":{\"@id\":\"https:\/\/www.myallmeeting.com\/es\/assemblee_generale_conference\/#breadcrumb\"},\"inLanguage\":\"fr-FR\",\"potentialAction\":[{\"@type\":\"ReadAction\",\"target\":[\"https:\/\/www.myallmeeting.com\/es\/assemblee_generale_conference\/\"]}]},{\"@type\":\"ImageObject\",\"inLanguage\":\"fr-FR\",\"@id\":\"https:\/\/www.myallmeeting.com\/es\/assemblee_generale_conference\/#primaryimage\",\"url\":\"https:\/\/www.myallmeeting.com\/wp-content\/uploads\/2024\/07\/7197-09.jpg\",\"contentUrl\":\"https:\/\/www.myallmeeting.com\/wp-content\/uploads\/2024\/07\/7197-09.jpg\",\"width\":2048,\"height\":1290,\"caption\":\"assembl\u00e9e g\u00e9n\u00e9rale\"},{\"@type\":\"BreadcrumbList\",\"@id\":\"https:\/\/www.myallmeeting.com\/es\/assemblee_generale_conference\/#breadcrumb\",\"itemListElement\":[{\"@type\":\"ListItem\",\"position\":1,\"name\":\"Accueil\",\"item\":\"https:\/\/myallmeeting.com\/fr\/\"},{\"@type\":\"ListItem\",\"position\":2,\"name\":\"Juntas Generales \/ Conferencia\"}]},{\"@type\":\"WebSite\",\"@id\":\"https:\/\/www.myallmeeting.com\/fr\/#website\",\"url\":\"https:\/\/www.myallmeeting.com\/fr\/\",\"name\":\"Accor MyAllMeeting.com\",\"description\":\"Les Meilleurs lieux pour vos Ev\u00e9nements Professionnels\",\"publisher\":{\"@id\":\"https:\/\/www.myallmeeting.com\/fr\/#organization\"},\"potentialAction\":[{\"@type\":\"SearchAction\",\"target\":{\"@type\":\"EntryPoint\",\"urlTemplate\":\"https:\/\/www.myallmeeting.com\/fr\/?s={search_term_string}\"},\"query-input\":{\"@type\":\"PropertyValueSpecification\",\"valueRequired\":true,\"valueName\":\"search_term_string\"}}],\"inLanguage\":\"fr-FR\"},{\"@type\":\"Organization\",\"@id\":\"https:\/\/www.myallmeeting.com\/fr\/#organization\",\"name\":\"ACCOR\",\"url\":\"https:\/\/www.myallmeeting.com\/fr\/\",\"logo\":{\"@type\":\"ImageObject\",\"inLanguage\":\"fr-FR\",\"@id\":\"https:\/\/www.myallmeeting.com\/fr\/#\/schema\/logo\/image\/\",\"url\":\"\",\"contentUrl\":\"\",\"caption\":\"ACCOR\"},\"image\":{\"@id\":\"https:\/\/www.myallmeeting.com\/fr\/#\/schema\/logo\/image\/\"}}]}<\/script>","yoast_head_json":{"title":"Organiser son assembl\u00e9e g\u00e9n\u00e9rale ou conf\u00e9rence dans nos h\u00f4tels","description":"D\u00e9couvrez les solutions Accor pour vos assembl\u00e9es g\u00e9n\u00e9rales et conf\u00e9rences, offrant des salles pl\u00e9ni\u00e8res et des services sur-mesure","robots":{"index":"index","follow":"follow","max-snippet":"max-snippet:-1","max-image-preview":"max-image-preview:large","max-video-preview":"max-video-preview:-1"},"canonical":"https:\/\/www.myallmeeting.com\/es\/wp-json\/wp\/v2\/pages\/16039651","og_locale":"fr_FR","og_type":"article","og_title":"Organiser son assembl\u00e9e g\u00e9n\u00e9rale ou conf\u00e9rence dans nos h\u00f4tels","og_description":"D\u00e9couvrez les solutions Accor pour vos assembl\u00e9es g\u00e9n\u00e9rales et conf\u00e9rences, offrant des salles pl\u00e9ni\u00e8res et des services sur-mesure","og_url":"https:\/\/www.myallmeeting.com\/es\/assemblee_generale_conference\/","og_site_name":"Accor MyAllMeeting.com","article_modified_time":"2024-07-16T17:05:50+00:00","og_image":[{"width":2048,"height":1290,"url":"https:\/\/myallmeeting.com\/wp-content\/uploads\/2024\/07\/7197-09.jpg","type":"image\/jpeg"}],"twitter_card":"summary_large_image","twitter_misc":{"Dur\u00e9e de lecture estim\u00e9e":"3 minutes"},"schema":{"@context":"https:\/\/schema.org","@graph":[{"@type":"WebPage","@id":"https:\/\/www.myallmeeting.com\/es\/assemblee_generale_conference\/","url":"https:\/\/www.myallmeeting.com\/es\/assemblee_generale_conference\/","name":"Organiser son assembl\u00e9e g\u00e9n\u00e9rale ou conf\u00e9rence dans nos h\u00f4tels","isPartOf":{"@id":"https:\/\/www.myallmeeting.com\/fr\/#website"},"primaryImageOfPage":{"@id":"https:\/\/www.myallmeeting.com\/es\/assemblee_generale_conference\/#primaryimage"},"image":{"@id":"https:\/\/www.myallmeeting.com\/es\/assemblee_generale_conference\/#primaryimage"},"thumbnailUrl":"https:\/\/www.myallmeeting.com\/wp-content\/uploads\/2024\/07\/7197-09.jpg","datePublished":"2016-02-27T15:53:55+00:00","dateModified":"2024-07-16T17:05:50+00:00","description":"D\u00e9couvrez les solutions Accor pour vos assembl\u00e9es g\u00e9n\u00e9rales et conf\u00e9rences, offrant des salles pl\u00e9ni\u00e8res et des services sur-mesure","breadcrumb":{"@id":"https:\/\/www.myallmeeting.com\/es\/assemblee_generale_conference\/#breadcrumb"},"inLanguage":"fr-FR","potentialAction":[{"@type":"ReadAction","target":["https:\/\/www.myallmeeting.com\/es\/assemblee_generale_conference\/"]}]},{"@type":"ImageObject","inLanguage":"fr-FR","@id":"https:\/\/www.myallmeeting.com\/es\/assemblee_generale_conference\/#primaryimage","url":"https:\/\/www.myallmeeting.com\/wp-content\/uploads\/2024\/07\/7197-09.jpg","contentUrl":"https:\/\/www.myallmeeting.com\/wp-content\/uploads\/2024\/07\/7197-09.jpg","width":2048,"height":1290,"caption":"assembl\u00e9e g\u00e9n\u00e9rale"},{"@type":"BreadcrumbList","@id":"https:\/\/www.myallmeeting.com\/es\/assemblee_generale_conference\/#breadcrumb","itemListElement":[{"@type":"ListItem","position":1,"name":"Accueil","item":"https:\/\/myallmeeting.com\/fr\/"},{"@type":"ListItem","position":2,"name":"Juntas Generales \/ Conferencia"}]},{"@type":"WebSite","@id":"https:\/\/www.myallmeeting.com\/fr\/#website","url":"https:\/\/www.myallmeeting.com\/fr\/","name":"Accor MyAllMeeting.com","description":"Les Meilleurs lieux pour vos Ev\u00e9nements Professionnels","publisher":{"@id":"https:\/\/www.myallmeeting.com\/fr\/#organization"},"potentialAction":[{"@type":"SearchAction","target":{"@type":"EntryPoint","urlTemplate":"https:\/\/www.myallmeeting.com\/fr\/?s={search_term_string}"},"query-input":{"@type":"PropertyValueSpecification","valueRequired":true,"valueName":"search_term_string"}}],"inLanguage":"fr-FR"},{"@type":"Organization","@id":"https:\/\/www.myallmeeting.com\/fr\/#organization","name":"ACCOR","url":"https:\/\/www.myallmeeting.com\/fr\/","logo":{"@type":"ImageObject","inLanguage":"fr-FR","@id":"https:\/\/www.myallmeeting.com\/fr\/#\/schema\/logo\/image\/","url":"","contentUrl":"","caption":"ACCOR"},"image":{"@id":"https:\/\/www.myallmeeting.com\/fr\/#\/schema\/logo\/image\/"}}]}},"_links":{"self":[{"href":"https:\/\/www.myallmeeting.com\/fr\/wp-json\/wp\/v2\/pages\/16039651","targetHints":{"allow":["GET"]}}],"collection":[{"href":"https:\/\/www.myallmeeting.com\/fr\/wp-json\/wp\/v2\/pages"}],"about":[{"href":"https:\/\/www.myallmeeting.com\/fr\/wp-json\/wp\/v2\/types\/page"}],"author":[{"embeddable":true,"href":"https:\/\/www.myallmeeting.com\/fr\/wp-json\/wp\/v2\/users\/1"}],"replies":[{"embeddable":true,"href":"https:\/\/www.myallmeeting.com\/fr\/wp-json\/wp\/v2\/comments?post=16039651"}],"version-history":[{"count":0,"href":"https:\/\/www.myallmeeting.com\/fr\/wp-json\/wp\/v2\/pages\/16039651\/revisions"}],"wp:featuredmedia":[{"embeddable":true,"href":"https:\/\/www.myallmeeting.com\/fr\/wp-json\/wp\/v2\/media\/16021734"}],"wp:attachment":[{"href":"https:\/\/www.myallmeeting.com\/fr\/wp-json\/wp\/v2\/media?parent=16039651"}],"curies":[{"name":"wp","href":"https:\/\/api.w.org\/{rel}","templated":true}]}}