{"id":16040170,"date":"2016-02-27T16:54:29","date_gmt":"2016-02-27T15:54:29","guid":{"rendered":"https:\/\/myallmeeting.com\/hebergement-groupe-professionnel\/"},"modified":"2024-07-17T17:28:27","modified_gmt":"2024-07-17T15:28:27","slug":"professional-group-accommodation","status":"publish","type":"page","link":"https:\/\/www.myallmeeting.com\/en\/professional-group-accommodation\/","title":{"rendered":"Professional group accommodation"},"content":{"rendered":"<!-- START OF : Composant : block-periscope-theme-section-composant-30-texte-image-citation.php -->\n<div class=\"tic position-relative fs-wysiwyg pt-9 mb-5 mb-lg-22\" data-component=\"30-texte-image-citation\">\n\t<div class=\"container-fluid\" style=\"--bs-gutter-x: 0\">\n\t\t<div class=\"row\" style=\"--bs-gutter-x: 0\">\n\t\t\t<div class=\"col-lg-6 offset-lg-1\"> \n\t\t\t\t<div class=\"tic__top__img position-relative me-2 me-lg-0\">\n\t\t\t\t\t\t\t\t\t\t<img decoding=\"async\" src=\"https:\/\/www.myallmeeting.com\/wp-content\/uploads\/2024\/07\/5145-06-932x645.jpg\" alt=\"h\u00e9bergement groupe professionnel\" width=\"932\" height=\"562\" loading=\"lazy\" class=\"w-100\" \/>\n\t\t\t\t\t\t\t\t\t\t<div class=\"position-absolute text-white z-1 text-center t-0 l-0 w-100 p-4 pt-lg-8 pe-lg-20\">\n\t\t\t\t\t\t\t\t\t\t\t\t<div class=\"fw-medium fs-14 fs-xl-18 ls-20 lh-xs text-uppercase\">Select your<\/div>\n\t\t\t\t\t\t\t\t\t\t\t\t\t\t\t\t\t\t<div class=\"unna fs-italic fs-32 fs-lg-46 fs-xl-60 ls-20 lh-1\">group accommodation<\/div>\n\t\t\t\t\t\t\t\t\t\t\t<\/div>\n\t\t\t\t<\/div>\n\t\t\t<\/div>\n\t\t\t<div class=\"col-lg-4\">\n\t\t\t\t<div class=\"tic__content position-relative bg-white pt-2 pb-0 px-2 py-lg-7 py-xl-9 px-lg-5 px-xl-10 pt-lg-9\">\n\t\t\t\t\t\t\t\t\t\t<div class=\"tic__surtitre position-lg-absolute t-0 l-0 mb-2 mx-lg-3 mt-lg-2 text-primary fw-semibold text-uppercase fs-10 fs-lg-12 fs-xl-18 lh-xs\">Choosing professional group accommodation<\/div>\n\t\t\t\t\t\t\t\t\t\t\t\t\t\t\t<div class=\"tic__content__titre unna fs-32 fs-xl-60 text-primary lh-xs mb-2 mb-lg-3 mb-xl-5\">Are you looking for accommodation for your employees*?<\/div>\n\t\t\t\t\t\t\t\t\t\t\t\t\t\t\t<div class=\"fs-lg-13 fs-xl-18 mb-4 mb-xl-7 lh-sm\"><h3 style=\"text-align: left;\">A unique network in Europe and North Africa<\/h3>\n<p><strong>From budget to luxury, discover a wide range of accommodation options for your group*!<\/strong><\/p>\n<p>Thanks to our network of <strong>over 3,000 hotels in Europe and North Africa<\/strong> and our portfolio of brands ranging from economy (Ibis, Ibis Styles, Adagio Access, Greet) to Premium (Pullman, Swissotel, M\u00f6venpick) and luxury (Sofitel, MGallery by Sofitel, Raffles, Sofitel Legend, Fairmont), not forgetting our mid-range hotels (Handwritten, Novotel, Mercure, Mama Shelter, Tribe, Adagio), we are able to meet <strong>every demand and every budget.<\/strong><\/p>\n<p>We also offer all types of room: single, twin, suite\u2026 not forgetting our new bedding to help your staff <strong>get a good night&#8217;s sleep.<\/strong><\/p>\n<\/div>\n\t\t\t\t\t\t\t\t\t\t\t\t\t\t<\/div>\n\t\t\t<\/div>\n\t\t<\/div>\n\t<\/div>\n\t<div class=\"tic__blank bg-white pt-8 pt-lg-0\">\t\t\n\t\t<div class=\"container-fluid\" style=\"--bs-gutter-x: 0\">\n\t\t\t<div class=\"row\" style=\"--bs-gutter-x: 0\">\n\t\t\t\t<div class=\"col-lg-6\">\n\t\t\t\t\t<div class=\"tic__bottom position-relative bg-primary text-secondary pt-4 pb-5\">\n\t\t\t\t\t\t<div class=\"d-flex gap-1 gap-md-4\">\n\t\t\t\t\t\t\t<div class=\"tic__bottom__imgs d-flex flex-shrink-0 align-items-center\">\n\t\t\t\t\t\t\t\t\t\t\t\t\t\t\t\t<img decoding=\"async\" src=\"https:\/\/www.myallmeeting.com\/wp-content\/uploads\/2024\/07\/6793-63.jpg\" class=\"tic__bottom__img tic__bottom__img--1 of-cover rounded-3 opacity-50\" alt=\"\" width=\"192\" height=\"346\" loading=\"lazy\" \/>\n\t\t\t\t\t\t\t\t\t\t\t\t\t\t\t\t\t\t\t\t\t\t\t\t<img decoding=\"async\" src=\"https:\/\/www.myallmeeting.com\/wp-content\/uploads\/2024\/07\/baniere-2-scaled.jpg\" class=\"tic__bottom__img tic__bottom__img--2 of-cover rounded-3 z-1\" alt=\"\" width=\"192\" height=\"346\" loading=\"lazy\" \/>\n\t\t\t\t\t\t\t\t\t\t\t\t\t\t\t<\/div>\n\t\t\t\t\t\t\t<div class=\"tic__bottom__quote text-secondary lh-xs\">\n\t\t\t\t\t\t\t\t\t\t\t\t\t\t\t\t<div class=\"unna fs-18 fs-lg-19 fs-xl-30 mb-2 mb-xl-3\">The quality of accommodation directly impacts the group&#039;s dynamics!<\/div>\n\t\t\t\t\t\t\t\t\t\t\t\t\t\t\t\t\t\t\t\t\t\t\t\t<div class=\"fs-12 fs-xl-18 fw-medium mb-xl-1\">Thomas D.<\/div>\n\t\t\t\t\t\t\t\t\t\t\t\t\t\t\t\t\t\t\t\t\t\t\t\t<div class=\"fs-10 fs-lg-8 fs-xl-12 fw-lg-medium text-uppercase\">Team lead<\/div>\n\t\t\t\t\t\t\t\t\t\t\t\t\t\t\t<\/div>\n\t\t\t\t\t\t<\/div>\n\t\t\t\t\t\t\t\t\t\t\t<\/div>\n\t\t\t\t<\/div>\n\t\t\t<\/div>\n\t\t<\/div>\n\t<\/div>\n<\/div>\n<!-- END OF : Composant : block-periscope-theme-section-composant-30-texte-image-citation.php -->\n\n\n<!-- START OF : Composant : block-periscope-theme-section-composant-31-bloc-image-cta.php -->\n\t<div class=\"icta position-relative fs-wysiwyg icta--reverse\" data-component=\"31-bloc-image-cta\" data-reverse=\"oui\">\n\t\t<div class=\"container-fluid\">\n\t\t\t<div class=\"row\">\n\t\t\t\t<div class=\"col-lg-5 offset-lg-1 d-lg-flex\"> \n\t\t\t\t\t<div class=\"icta__content position-relative bg-white pt-2 pb-2 px-2 pb-lg-0 pt-lg-7 pt-xl-9 px-lg-7 px-xl-10 mt-lg-9 z-1\">\n\t\t\t\t\t\t\t\t\t\t\t\t\t\t\t\t\t\t<div class=\"unna fs-32 fs-lg-39 fs-xl-60 text-primary lh-xs mb-2 mb-xl-5\">Are you looking for a simple, efficient solution for group accommodation?<\/div>\n\t\t\t\t\t\t\t\t\t\t\t\t\t\t\t\t\t\t\t<div class=\"fs-lg-15 fs-xl-18 lh-sm \"><h3 style=\"text-align: left;\">Simplified procedures<\/h3>\n<p>Our team is here to help you find<strong> the hotel that&#8217;s right for you!<\/strong><br \/>\nWe also offer you the possibility of customized payment: group payment on invoice or individual payment on site at the time of departure.<br \/>\nWhat&#8217;s more, we will be able to offer you flexible solutions tailored to your needs.<\/p>\n<p>* Professional groups are groups of more than 7 people.<\/p>\n<p><strong>Discover our selection of addresses for your future business groups with My ALL Meeting!<\/strong><\/p>\n<\/div>\n\t\t\t\t\t\t\t\t\t\t\t\t\t\t\t\t\t<\/div>\n\t\t\t\t<\/div>\n\t\t\t\t\t\t\t\t<div class=\"col-lg-5 order-first order-lg-last\">\n\t\t\t\t\t<div class=\"icta__top__img h-100 position-relative me-2 me-lg-0\">\n\t\t\t\t\t\t<img decoding=\"async\" src=\"https:\/\/www.myallmeeting.com\/wp-content\/uploads\/2024\/07\/5250-12-932x645.jpg\" alt=\"h\u00e9bergement groupe professionnel\" width=\"932\" height=\"562\" loading=\"lazy\" \/>\n\t\t\t\t\t\t<div class=\"position-absolute text-white z-1 text-center t-0 l-0 w-100 pt-4 pt-lg-8\">\n\t\t\t\t\t\t\t\t\t\t\t\t\t\t\t\t\t\t<\/div>\n\t\t\t\t\t<\/div>\n\t\t\t\t<\/div>\n\t\t\t\t\t\t\t<\/div>\n\t\t<\/div>\n\t<\/div>\n<!-- END OF : Composant : block-periscope-theme-section-composant-31-bloc-image-cta.php -->\n\n\n<!-- START OF : Composant : block-periscope-theme-section-composant-05-moteur.php -->\n\n\n<input type=\"hidden\" id=\"search-engine.search_url\" value=\"https:\/\/www.myallmeeting.com\/en\/your-project\/#search-engine\" \/>\n<input type=\"hidden\" id=\"search-engine.anchor\" value=\"search-engine\" \/>\n<input type=\"hidden\" id=\"search-engine.gmaps_token\" value=\"AIzaSyDB40FZ7x-OURCjwxt35ll3WogU24K_hyE\" \/>\n<input type=\"hidden\" id=\"search-engine.language_code\" value=\"en\" \/>\n<input type=\"hidden\" id=\"search-engine.language_code_2\" value=\"en\" \/>\n<input type=\"hidden\" id=\"search-engine.filter_ids\" value=\"B4C6,B0L8,B0M9,B1R5,B2Q7,B261,B0R3,B262,B2L8,B132,B2C8,B2Q5,B385,B4A1,B2R0,B395,B2J3,B440,B1N0,B3A2,B3B1,B4C3,B0X3,B2Q4,B2C6,B4D0,B535,B2C7,B625,B2U6,B1K8,B5V9,B3F9,B9P8,B9K7,B1B8,B1R3,B5R0,B4T0,B5V7,B675,B6G0,B636,B6G4,B6D9,B7D0,B711,B546,B280,B7M3,B2S9,B852,B7M5,B7B5,B5D8,B5X9,B7B1,B0Z4,B4T2,B5E7,B834,B895,B670,B1C4,B1Y6,B1Z1,B825,B279,B7S9,B2M0,B2M2,B2N5,B219,B2R6,B218,B2R8,B2R9,B5M3,B816,B5V4,B8E1,B5Y1,B8P6,B8I1,B8U3,B8Q3,B7B2,B7T4,B8D8,B3F7,B6P2,B8T4,B677,B1A2,B6A4,B7A6,B1S0,B5V6,B5J1,B7R6,B7N0,B660,B579,B580,B991,B6A5,B917,B918,B8Q0,B8G7,B8G5,B7Q1,B7H3,B5L3,B344,B6W6,B987,B5E8,B5K2,B6I8,B8R0,B879,B3G1,B773,B3X9,B903,B8H6,B5E1,B9I0,B9F0,B9S6,B5I8,B9L7,B9B1,B9E3,B9F2,B9F3,B9H3,B9F4,B940,B899,B8A5,B6T3,B772,B9S9,B6Z0,B2Q8,B8Z2,B7R7,B7W1,B3G0,B8Z4,B6E2,B6E3,B6A0,C058,B8E4,B9J1,B4U6,B718,B7T5,C013,C007,B9L1,B6J2,B737,B9N6,B8C5,B8C4,B8C7,B815,B8Y9,B9M1,C034,B9N0,B9Q6,B547,B655,C096,B388,B7B0,B9R3,B2T3,B4S4,B145,B144,B9Q7,B9Q0,B9K3,B9G2,B9D3,B939,B919,B8K9,B8B1,B875,B854,B831,B827,B7A9,B6Z1,B5I7,B542,B4B2,B364,B0X8,C091,B6A9,B147,C078,B717,B6X6,B9U3,B2T4,B472,C0E6,B8Q6,C025,B5E3,C1N1,B949,B941,B9T8,C319,C2F2,C284,C1N9,C1F8,C1E1,C160,C0W4,C0V5,C0T4,C079,C033,C030,B9U8,2192,9703,B666,B797,B6F9,B6F6,B667,B2L7,B431,B637,B7R5,B3X8,B4B1,B8E7,B2V5,B0N4,B0R2,B0X1,B138,B140,B141,B142,B143,B146,B367,B480,B4U5,B4U7,B4Y6,B537,B538,B539,B540,B541,7431,8564,8565,5425,9379,B355,B561,B5M6,B6V6,B692,B2A2,B897,B9H9,B635,B9Z7,B9Q4,B9Q3,B870,B4S9,B7M2,C0S9,C056,B599,B8R1,C089,C176,C066,B6J0,B8I6,C0V4,B814,B744,B6X3,B9N4,B9E9,B857,B9E8,C139,B8L6,B8L8,C132,C1M7,C1Q4,C0D8,C0T6,B449,C0W3,C1D0,C177,C098,B6S6,B6T9,B4Y9,B8G6,1975,A3N2,6660,1364,5646,A035,0450,6189,0459,0449,0456,0912,A598,7325,1103,1546,1227,7014,A011,0831,1968,9244,1230,6644,2948,0652,1055,5692,0341,0344,5641,1078,6238,1098,0802,9735,1099,7951,1725,0873,5445,1810,6648,1187,1888,5712,0869,1284,1190,1622,1951,3452,1541,7386,9622,7363,9171,0978,1623,2876,A052,6768,7165,6365,6595,6596,7286,1621,1508,1281,7385,A9P4,A9P7,A9R8,B0C7,B0C8,B0C9,B4G0,B4Z1,B3H6,B1H9,A5D1,A599,B4I2,B4I4,8876,8894,8954,8996,8999,9033,9057,9062,9076,9123,9131,9227,9268,9289,9298,9299,9300,9301,9346,9347,9389,9391,9441,9547,9548,9551,9553,9554,9595,9617,9618,9619,9627,9663,9671,9680,9684,9716,9752,9834,9835,9841,A073,A6Q4,A7X1,A8G3,A8M4,7242,7332,7341,7438,7456,7552,7557,7563,7567,7589,7830,7926,7935,7943,8017,8018,8030,8052,8062,8068,8089,8091,8092,8117,8159,8301,8308,8320,8321,8322,8323,8325,8327,8329,8331,8332,8334,8335,8336,8342,8343,8344,8350,8351,8353,8392,8468,8501,8516,8521,8523,5413,5394,5396,5463,5555,5556,5558,5560,5562,5563,5585,5604,5932,5944,6141,6301,6351,6410,6443,6515,6616,6617,6631,6734,6759,6818,6819,6995,7060,7125,7161,3404,3405,3697,3700,3714,3408,3728,3417,3419,3753,3757,3758,5006,5008,5141,3429,3440,5170,3444,3458,5229,5236,5239,5258,5270,5282,5309,3559,1453,3653,3667,3672,3676,3677,5347,5358,5366,5374,5379,3383,3384,3385,3390,3391,3393,3403,C0F8,C0I0,B8W6,1540,2960,2967,2507,5364,6444,6599,7216,7942,9753,3280,3289,3303,3304,3305,3306,3307,3309,3310,3311,3312,3316,3318,3320,3338,3340,3341,A0C7,A7L5,B943,A219,3368,3369,3372,A220,A241,3374,3375,0527,3344,3346,3376,3347,3367,3377,3378,2203,2768,2783,2814,2894,2906,2909,2922,2924,2939,2940,2996,3096,3107,3110,3127,3128,3132,3136,3137,3144,3167,3172,3200,3204,3207,3208,3210,3220,3227,3243,3269,3270,1406,1803,2076,2082,3197,7402,0697,0948,1689,1414,3437,0803,1401,0771,0923,1966,1875,1937,9292,8643,2023,0752,0733,3296,0851,1404,0900,1936,2189,1743,3577,5543,A013,0959,5040,0862,4986,0925,5478,3406,0629,3724,1396,0749,0628,0671,1987,2004,2091,2109,2117,2126,2129,2167,B9J0,A744,B7U6,A732,5039,1171,1687,8196,7848,5615,1172,5645,7427,2737,0612,2994,2953,7240,1823,2772,0863,3211,1120,0707,7285,0890,0852,0816,6546,8189,A9V5,A9I7,B524,A0D3,2075,2409,2495,A5D5,A7F3,A548,A6Q0,A4A6,A547,A6Q5,A5I1,A4C1,A0Y1,7392,A8Q1,A8R1,A4C2,A780,A312,A9V4,A9V3,9912,B032,A8V4,A9F1,A212,A6Q1,B045,B1P0,A0X9,B096,A0D8,A9P2,B1F0,A5T2,A9P3,B2W9,9172,B0Y0,A6S7,B2X1,A1J8,A0X3,B094,B2W8,1637,0692,1178,3576,0711,6232,0663,A064,8612,A038,9199,9375,9736,9238,0695,0947,0620,6552,1678,1370,0715,6889,8613,A086,2950,1169,1202,1282,1293,1742,1357,6243,7575,9170,0538,1096,0848,0908,0982,5914,6234,0714,1192,0741,2789,8232,A027,A1B8,9400,9462,A242,A087,A0B0,A0Y0,A211,A0X8,A0B4,A4A5,7367,A069,A1B9,A3C7,A314,6187,6796,8386,8399,8388,8446,8400,8412,8398,8987,8382,8365,8401,8368,8984,8696,8367,8989,8366,8447,8436,8383,8384,8988,8420,8402,8413,8986,8406,8985,8363,8361,9296,8362,8417,6788,1639,6865,1399,0882,0686,1362,0944,1740,1361,3232,9121,3435,8902,0776,3449,8582,8474,1369,1822,0728,3740,0725,1588,9887,0639,2029,1045,0471,5542,1193,1420,2944,1428,0689,0640,0637,6864,0797,0397,3450,6030,5616,0930,6550,1423,0742,0636,2730,0815,8717,7308,7006,0941,9423,8231,6916,A039,8078,7573,8466,7423,9515,8820,8951,0408,8464,7054,6855,7373,7974,7422,9907,7574,8714,0349,0703,1967,9880,8174,8769,7972,7011,7572,0914,5167,8709,1996,2855,7952,6853,7864,0654,9493,1384,9012,7975,0399,9188,6875,0434,8957,6923,0416,1986,2079,7953,9344,2738,8716,A0A9,9084,9657,0442,8234,7209,0368,9659,9569,8283,0400,9262,7369,1220,0445,A8F2,B1E1,A034,5440,7019,6851,1560,5230,8651,5681,1215,1292,1264,0934,0905,0952,1559,0446,0828,1978,9920,1586,1430,0798,1212,5546,A1L2,A593,1213,1211,2812,0348,3535,2095,1217,A0A2,1431,0402,2952,1429,2945,8011,5060,0453,7496,7076,0644,1537,1952,0540,1675,0350,0668,0684,9922,7476,9593,6166,5921,7039,5654,7143,7289,2225,A9E9,A0G3,B4I1,A7Z0,2278,A094,2262,6813,A1F1,B971,2487,2488,2403,2491,2539,3506,1113,1296,0530,0371,3133,0542,0553,B8N6,C1Z6,C0I5,2183,5275,0568,B8S1,A033,C0F7,C1V8,0452,0747,0387,3546,7296,0410,1075,1571,0382,0424,0398,0433,0432,1979,1014,0390,0589,1735,0414,0392,1168,7383,0421,1628,1834,4987,3013,0587,0386,0906,1549,0380,0443,5240,0669,0428,1143,0565,1294,7115,0935,0412,6306,0439,0785,0419,3325,1139,1609,0430,1300,1596,6017,7229,6513,8505,0389,1022,1177,0985,5418,7326,5650,0423,0427,0418,0383,1302,0396,0385,0393,0394,2182,0736,0994,0964,6148,0911,0395,0431,3168,0444,3165,0379,8576,0965,1624,0384,1175,0413,9013,0440,0405,1536,0436,0403,0918,0438,2190,1246,9734,9685,2217,8816,0577,0903,6188,0581,1269,5955,3480,1273,1037,1260,2149,1056,1598,1245,0363,0549,1421,1298,1788,6752,1160,0374,0375,2186,1627,1301,1985,3225,0376,1176,1191,1106,1982,1122,6357,2773,1814,0977,1072,8817,A072,1614,1131,2175,1249,1572,5954,3475,0370,8244,1585,0369,2904,9800,3004,5934,2057,2951,1068,3448,1535,7360,1625,1263,1132,0345,3043,1233,1544,1148,9319\" \/>\n<input type=\"hidden\" id=\"search-engine.display_mode\" value=\"pre-filtered\" \/>\n\n<input type=\"hidden\" id=\"search-engine.aid\" value=\"\" \/>\n<input type=\"hidden\" id=\"search-engine.address\" value=\"\" \/>\n<input type=\"hidden\" id=\"search-engine.distance\" value=\"\" \/>\n<input type=\"hidden\" id=\"search-engine.nb_persons\" value=\"\" \/>\n<input type=\"hidden\" id=\"search-engine.nb_meeting\" value=\"\" \/>\n<input type=\"hidden\" id=\"search-engine.nb_rooms\" value=\"\" \/>\n<input type=\"hidden\" id=\"search-engine.date\" value=\"\" \/>\n<input type=\"hidden\" id=\"search-engine.duration\" value=\"\" \/>\n\n<div id=\"search\" class=\"eventsearch\" data-component=\"05-moteur-recherche-event\">\n\t<div class=\"container\">\n\t\t<div class=\"row\">\n\t\t\t<div class=\"px-0 ms-auto me-auto\" style=\"max-width:1546px\">\n\t\t\t\t<div class=\"bg-primary mb-2 rounded-5 py-2 px-3 pt-lg-3 pb-lg-2 px-lg-4\">\n\t\t\t\t\t<div id=\"search-engine\" class =\"pre-filtered\"><\/div>\n\t\t\t\t<\/div>\n\t\t\t<\/div>\n\t\t<\/div>\n\t<\/div>\n<\/div>\n<!--<div>PHP processing Time: 0.12672185897827<\/div>!-->\n<!-- END OF : Composant : block-periscope-theme-section-composant-05-moteur.php -->\n\n\n<!-- START OF : Composant : block-periscope-theme-section-composant-14-carte-resultats.php -->\n<input type=\"hidden\" id=\"map.data-map-key\" value=\"AIzaSyDB40FZ7x-OURCjwxt35ll3WogU24K_hyE\">\n<input type=\"hidden\" id=\"map.data-map-language\" value=\"en\">\n<div id=\"search-map-results\" data-load-mode=\"synchronous\"><\/div>\n<div class=\"modal fade\" id=\"hotel-popin\">\n\t<div class=\"modal-dialog\">\n\t\t<div class=\"modal-inner\">\n\t\t\t<div class=\"modal-header\">\n\t\t\t\t<button type=\"button\" class=\"close\" data-bs-dismiss=\"modal\">\n\t\t\t\t\t<svg width=\"16\" height=\"16\" aria-hidden=\"true\">\n\t\t\t\t\t\t<use xlink:href=\"https:\/\/www.myallmeeting.com\/wp-content\/themes\/accor\/assets\/images\/sprite.svg#btn-close-white\"><\/use>\n\t\t\t\t\t<\/svg>\n\t\t\t\t\t<span>Fermer<\/span>\n\t\t\t\t<\/button>\n\t\t\t<\/div>\n\t\t\t<div class=\"modal-body\"><\/div>\n\t\t<\/div>\n\t<\/div>\n<\/div>\n<!-- END OF : Composant : block-periscope-theme-section-composant-14-carte-resultats.php -->\n\n","protected":false},"excerpt":{"rendered":"<p>Host your professional event in the best possible conditions<\/p>\n","protected":false},"author":1,"featured_media":16031663,"parent":0,"menu_order":0,"comment_status":"closed","ping_status":"closed","template":"","meta":{"_acf_changed":true,"footnotes":""},"class_list":["post-16040170","page","type-page","status-publish","has-post-thumbnail","hentry"],"acf":[],"yoast_head":"<title>H\u00e9bergement de groupes professionnels : trouvez l&#039;h\u00f4tel parfait<\/title>\n<meta name=\"description\" content=\"D\u00e9couvrez notre vaste s\u00e9lection d\u2019h\u00f4tels, adapt\u00e9e \u00e0 tous les budgets, pour l\u2019h\u00e9bergement de vos groupes professionnels. Profitez de solutions simples et personnalis\u00e9es pour un s\u00e9jour sans souci.\" \/>\n<meta name=\"robots\" content=\"index, follow, max-snippet:-1, max-image-preview:large, max-video-preview:-1\" \/>\n<link rel=\"canonical\" href=\"https:\/\/www.myallmeeting.com\/en\/wp-json\/wp\/v2\/pages\/16040170\" \/>\n<meta property=\"og:locale\" content=\"fr_FR\" \/>\n<meta property=\"og:type\" content=\"article\" \/>\n<meta property=\"og:title\" content=\"H\u00e9bergement de groupes professionnels : trouvez l&#039;h\u00f4tel parfait\" \/>\n<meta property=\"og:description\" content=\"D\u00e9couvrez notre vaste s\u00e9lection d\u2019h\u00f4tels, adapt\u00e9e \u00e0 tous les budgets, pour l\u2019h\u00e9bergement de vos groupes professionnels. Profitez de solutions simples et personnalis\u00e9es pour un s\u00e9jour sans souci.\" \/>\n<meta property=\"og:url\" content=\"https:\/\/www.myallmeeting.com\/en\/professional-group-accommodation\/\" \/>\n<meta property=\"og:site_name\" content=\"Accor MyAllMeeting.com\" \/>\n<meta property=\"article:modified_time\" content=\"2024-07-17T15:28:27+00:00\" \/>\n<meta property=\"og:image\" content=\"http:\/\/myallmeeting.com\/wp-content\/uploads\/2024\/07\/baniere-3-scaled.jpg\" \/>\n\t<meta property=\"og:image:width\" content=\"2560\" \/>\n\t<meta property=\"og:image:height\" content=\"1707\" \/>\n\t<meta property=\"og:image:type\" content=\"image\/jpeg\" \/>\n<meta name=\"twitter:card\" content=\"summary_large_image\" \/>\n<meta name=\"twitter:label1\" content=\"Dur\u00e9e de lecture estim\u00e9e\" \/>\n\t<meta name=\"twitter:data1\" content=\"3 minutes\" \/>\n<script type=\"application\/ld+json\" class=\"yoast-schema-graph\">{\"@context\":\"https:\/\/schema.org\",\"@graph\":[{\"@type\":\"WebPage\",\"@id\":\"https:\/\/www.myallmeeting.com\/en\/professional-group-accommodation\/\",\"url\":\"https:\/\/www.myallmeeting.com\/en\/professional-group-accommodation\/\",\"name\":\"H\u00e9bergement de groupes professionnels : trouvez l'h\u00f4tel parfait\",\"isPartOf\":{\"@id\":\"https:\/\/www.myallmeeting.com\/fr\/#website\"},\"primaryImageOfPage\":{\"@id\":\"https:\/\/www.myallmeeting.com\/en\/professional-group-accommodation\/#primaryimage\"},\"image\":{\"@id\":\"https:\/\/www.myallmeeting.com\/en\/professional-group-accommodation\/#primaryimage\"},\"thumbnailUrl\":\"https:\/\/www.myallmeeting.com\/wp-content\/uploads\/2024\/07\/baniere-3-scaled.jpg\",\"datePublished\":\"2016-02-27T15:54:29+00:00\",\"dateModified\":\"2024-07-17T15:28:27+00:00\",\"description\":\"D\u00e9couvrez notre vaste s\u00e9lection d\u2019h\u00f4tels, adapt\u00e9e \u00e0 tous les budgets, pour l\u2019h\u00e9bergement de vos groupes professionnels. Profitez de solutions simples et personnalis\u00e9es pour un s\u00e9jour sans souci.\",\"breadcrumb\":{\"@id\":\"https:\/\/www.myallmeeting.com\/en\/professional-group-accommodation\/#breadcrumb\"},\"inLanguage\":\"fr-FR\",\"potentialAction\":[{\"@type\":\"ReadAction\",\"target\":[\"https:\/\/www.myallmeeting.com\/en\/professional-group-accommodation\/\"]}]},{\"@type\":\"ImageObject\",\"inLanguage\":\"fr-FR\",\"@id\":\"https:\/\/www.myallmeeting.com\/en\/professional-group-accommodation\/#primaryimage\",\"url\":\"https:\/\/www.myallmeeting.com\/wp-content\/uploads\/2024\/07\/baniere-3-scaled.jpg\",\"contentUrl\":\"https:\/\/www.myallmeeting.com\/wp-content\/uploads\/2024\/07\/baniere-3-scaled.jpg\",\"width\":2560,\"height\":1707},{\"@type\":\"BreadcrumbList\",\"@id\":\"https:\/\/www.myallmeeting.com\/en\/professional-group-accommodation\/#breadcrumb\",\"itemListElement\":[{\"@type\":\"ListItem\",\"position\":1,\"name\":\"Accueil\",\"item\":\"https:\/\/myallmeeting.com\/fr\/\"},{\"@type\":\"ListItem\",\"position\":2,\"name\":\"Professional group accommodation\"}]},{\"@type\":\"WebSite\",\"@id\":\"https:\/\/www.myallmeeting.com\/fr\/#website\",\"url\":\"https:\/\/www.myallmeeting.com\/fr\/\",\"name\":\"Accor MyAllMeeting.com\",\"description\":\"Les Meilleurs lieux pour vos Ev\u00e9nements Professionnels\",\"publisher\":{\"@id\":\"https:\/\/www.myallmeeting.com\/fr\/#organization\"},\"potentialAction\":[{\"@type\":\"SearchAction\",\"target\":{\"@type\":\"EntryPoint\",\"urlTemplate\":\"https:\/\/www.myallmeeting.com\/fr\/?s={search_term_string}\"},\"query-input\":{\"@type\":\"PropertyValueSpecification\",\"valueRequired\":true,\"valueName\":\"search_term_string\"}}],\"inLanguage\":\"fr-FR\"},{\"@type\":\"Organization\",\"@id\":\"https:\/\/www.myallmeeting.com\/fr\/#organization\",\"name\":\"ACCOR\",\"url\":\"https:\/\/www.myallmeeting.com\/fr\/\",\"logo\":{\"@type\":\"ImageObject\",\"inLanguage\":\"fr-FR\",\"@id\":\"https:\/\/www.myallmeeting.com\/fr\/#\/schema\/logo\/image\/\",\"url\":\"\",\"contentUrl\":\"\",\"caption\":\"ACCOR\"},\"image\":{\"@id\":\"https:\/\/www.myallmeeting.com\/fr\/#\/schema\/logo\/image\/\"}}]}<\/script>","yoast_head_json":{"title":"H\u00e9bergement de groupes professionnels : trouvez l'h\u00f4tel parfait","description":"D\u00e9couvrez notre vaste s\u00e9lection d\u2019h\u00f4tels, adapt\u00e9e \u00e0 tous les budgets, pour l\u2019h\u00e9bergement de vos groupes professionnels. Profitez de solutions simples et personnalis\u00e9es pour un s\u00e9jour sans souci.","robots":{"index":"index","follow":"follow","max-snippet":"max-snippet:-1","max-image-preview":"max-image-preview:large","max-video-preview":"max-video-preview:-1"},"canonical":"https:\/\/www.myallmeeting.com\/en\/wp-json\/wp\/v2\/pages\/16040170","og_locale":"fr_FR","og_type":"article","og_title":"H\u00e9bergement de groupes professionnels : trouvez l'h\u00f4tel parfait","og_description":"D\u00e9couvrez notre vaste s\u00e9lection d\u2019h\u00f4tels, adapt\u00e9e \u00e0 tous les budgets, pour l\u2019h\u00e9bergement de vos groupes professionnels. Profitez de solutions simples et personnalis\u00e9es pour un s\u00e9jour sans souci.","og_url":"https:\/\/www.myallmeeting.com\/en\/professional-group-accommodation\/","og_site_name":"Accor MyAllMeeting.com","article_modified_time":"2024-07-17T15:28:27+00:00","og_image":[{"width":2560,"height":1707,"url":"http:\/\/myallmeeting.com\/wp-content\/uploads\/2024\/07\/baniere-3-scaled.jpg","type":"image\/jpeg"}],"twitter_card":"summary_large_image","twitter_misc":{"Dur\u00e9e de lecture estim\u00e9e":"3 minutes"},"schema":{"@context":"https:\/\/schema.org","@graph":[{"@type":"WebPage","@id":"https:\/\/www.myallmeeting.com\/en\/professional-group-accommodation\/","url":"https:\/\/www.myallmeeting.com\/en\/professional-group-accommodation\/","name":"H\u00e9bergement de groupes professionnels : trouvez l'h\u00f4tel parfait","isPartOf":{"@id":"https:\/\/www.myallmeeting.com\/fr\/#website"},"primaryImageOfPage":{"@id":"https:\/\/www.myallmeeting.com\/en\/professional-group-accommodation\/#primaryimage"},"image":{"@id":"https:\/\/www.myallmeeting.com\/en\/professional-group-accommodation\/#primaryimage"},"thumbnailUrl":"https:\/\/www.myallmeeting.com\/wp-content\/uploads\/2024\/07\/baniere-3-scaled.jpg","datePublished":"2016-02-27T15:54:29+00:00","dateModified":"2024-07-17T15:28:27+00:00","description":"D\u00e9couvrez notre vaste s\u00e9lection d\u2019h\u00f4tels, adapt\u00e9e \u00e0 tous les budgets, pour l\u2019h\u00e9bergement de vos groupes professionnels. Profitez de solutions simples et personnalis\u00e9es pour un s\u00e9jour sans souci.","breadcrumb":{"@id":"https:\/\/www.myallmeeting.com\/en\/professional-group-accommodation\/#breadcrumb"},"inLanguage":"fr-FR","potentialAction":[{"@type":"ReadAction","target":["https:\/\/www.myallmeeting.com\/en\/professional-group-accommodation\/"]}]},{"@type":"ImageObject","inLanguage":"fr-FR","@id":"https:\/\/www.myallmeeting.com\/en\/professional-group-accommodation\/#primaryimage","url":"https:\/\/www.myallmeeting.com\/wp-content\/uploads\/2024\/07\/baniere-3-scaled.jpg","contentUrl":"https:\/\/www.myallmeeting.com\/wp-content\/uploads\/2024\/07\/baniere-3-scaled.jpg","width":2560,"height":1707},{"@type":"BreadcrumbList","@id":"https:\/\/www.myallmeeting.com\/en\/professional-group-accommodation\/#breadcrumb","itemListElement":[{"@type":"ListItem","position":1,"name":"Accueil","item":"https:\/\/myallmeeting.com\/fr\/"},{"@type":"ListItem","position":2,"name":"Professional group accommodation"}]},{"@type":"WebSite","@id":"https:\/\/www.myallmeeting.com\/fr\/#website","url":"https:\/\/www.myallmeeting.com\/fr\/","name":"Accor MyAllMeeting.com","description":"Les Meilleurs lieux pour vos Ev\u00e9nements Professionnels","publisher":{"@id":"https:\/\/www.myallmeeting.com\/fr\/#organization"},"potentialAction":[{"@type":"SearchAction","target":{"@type":"EntryPoint","urlTemplate":"https:\/\/www.myallmeeting.com\/fr\/?s={search_term_string}"},"query-input":{"@type":"PropertyValueSpecification","valueRequired":true,"valueName":"search_term_string"}}],"inLanguage":"fr-FR"},{"@type":"Organization","@id":"https:\/\/www.myallmeeting.com\/fr\/#organization","name":"ACCOR","url":"https:\/\/www.myallmeeting.com\/fr\/","logo":{"@type":"ImageObject","inLanguage":"fr-FR","@id":"https:\/\/www.myallmeeting.com\/fr\/#\/schema\/logo\/image\/","url":"","contentUrl":"","caption":"ACCOR"},"image":{"@id":"https:\/\/www.myallmeeting.com\/fr\/#\/schema\/logo\/image\/"}}]}},"_links":{"self":[{"href":"https:\/\/www.myallmeeting.com\/fr\/wp-json\/wp\/v2\/pages\/16040170","targetHints":{"allow":["GET"]}}],"collection":[{"href":"https:\/\/www.myallmeeting.com\/fr\/wp-json\/wp\/v2\/pages"}],"about":[{"href":"https:\/\/www.myallmeeting.com\/fr\/wp-json\/wp\/v2\/types\/page"}],"author":[{"embeddable":true,"href":"https:\/\/www.myallmeeting.com\/fr\/wp-json\/wp\/v2\/users\/1"}],"replies":[{"embeddable":true,"href":"https:\/\/www.myallmeeting.com\/fr\/wp-json\/wp\/v2\/comments?post=16040170"}],"version-history":[{"count":0,"href":"https:\/\/www.myallmeeting.com\/fr\/wp-json\/wp\/v2\/pages\/16040170\/revisions"}],"wp:featuredmedia":[{"embeddable":true,"href":"https:\/\/www.myallmeeting.com\/fr\/wp-json\/wp\/v2\/media\/16031663"}],"wp:attachment":[{"href":"https:\/\/www.myallmeeting.com\/fr\/wp-json\/wp\/v2\/media?parent=16040170"}],"curies":[{"name":"wp","href":"https:\/\/api.w.org\/{rel}","templated":true}]}}