{"id":16193756,"date":"2024-07-08T10:18:10","date_gmt":"2024-07-08T08:18:10","guid":{"rendered":"https:\/\/myallmeeting.com\/soiree-et-evenement\/"},"modified":"2024-07-18T16:13:20","modified_gmt":"2024-07-18T14:13:20","slug":"wunderbare-abende-und-veranstaltungen","status":"publish","type":"page","link":"https:\/\/www.myallmeeting.com\/de\/wunderbare-abende-und-veranstaltungen\/","title":{"rendered":"Wunderbare Abende und Veranstaltungen\u00a0"},"content":{"rendered":"<!-- START OF : Composant : block-periscope-theme-section-composant-30-texte-image-citation.php -->\n<div class=\"tic position-relative fs-wysiwyg pt-9 mb-5 mb-lg-22\" data-component=\"30-texte-image-citation\">\n\t<div class=\"container-fluid\" style=\"--bs-gutter-x: 0\">\n\t\t<div class=\"row\" style=\"--bs-gutter-x: 0\">\n\t\t\t<div class=\"col-lg-6 offset-lg-1\"> \n\t\t\t\t<div class=\"tic__top__img position-relative me-2 me-lg-0\">\n\t\t\t\t\t\t\t\t\t\t<img decoding=\"async\" src=\"https:\/\/www.myallmeeting.com\/wp-content\/uploads\/2024\/07\/6130-49-b-932x645.jpg\" alt=\"espace \u00e9v\u00e8nement\" width=\"932\" height=\"562\" loading=\"lazy\" class=\"w-100\" \/>\n\t\t\t\t\t\t\t\t\t\t<div class=\"position-absolute text-white z-1 text-center t-0 l-0 w-100 p-4 pt-lg-8 pe-lg-20\">\n\t\t\t\t\t\t\t\t\t\t\t\t<div class=\"fw-medium fs-14 fs-xl-18 ls-20 lh-xs text-uppercase\">Sorgen Sie daf\u00fcr, dass Ihre Veranstaltungen sicher <\/div>\n\t\t\t\t\t\t\t\t\t\t\t\t\t\t\t\t\t\t<div class=\"unna fs-italic fs-32 fs-lg-46 fs-xl-60 ls-20 lh-1\">In hellem Glanz erstrahlen<\/div>\n\t\t\t\t\t\t\t\t\t\t\t<\/div>\n\t\t\t\t<\/div>\n\t\t\t<\/div>\n\t\t\t<div class=\"col-lg-4\">\n\t\t\t\t<div class=\"tic__content position-relative bg-white pt-2 pb-0 px-2 py-lg-7 py-xl-9 px-lg-5 px-xl-10 pt-lg-9\">\n\t\t\t\t\t\t\t\t\t\t<div class=\"tic__surtitre position-lg-absolute t-0 l-0 mb-2 mx-lg-3 mt-lg-2 text-primary fw-semibold text-uppercase fs-10 fs-lg-12 fs-xl-18 lh-xs\">Jedes Detail z\u00e4hlt <\/div>\n\t\t\t\t\t\t\t\t\t\t\t\t\t\t\t<div class=\"tic__content__titre unna fs-32 fs-xl-60 text-primary lh-xs mb-2 mb-lg-3 mb-xl-5\">Organisieren Sie Ihren besonderen Abend oder Ihre Veranstaltung in einem idealen Rahmen<\/div>\n\t\t\t\t\t\t\t\t\t\t\t\t\t\t\t<div class=\"fs-lg-13 fs-xl-18 mb-4 mb-xl-7 lh-sm\"><p><span data-contrast=\"none\">M\u00f6chten Sie einen besonderen Abend f\u00fcr einige wenige Personen oder f\u00fcr ein paar Dutzend Personen organisieren? Entdecken Sie die intimeren und eleganteren R\u00e4ume, die Sie ben\u00f6tigen, in unseren Hotels und die dennoch die Originalit\u00e4t, das Ansehen und die Services unserer ger\u00e4umigeren Tagungsorte bieten!<\/span><span data-ccp-props=\"{&quot;134233118&quot;:true,&quot;201341983&quot;:0,&quot;335559739&quot;:160,&quot;335559740&quot;:240}\">\u00a0<\/span><\/p>\n<p><span data-contrast=\"none\">M\u00f6chten Sie eine unvergessliche, prunkvolle Veranstaltung organisieren und mehrere hundert Personen einladen? Wenden Sie sich an unsere Teams und lassen Sie sich bei der Suche nach dem idealen Ort f\u00fcr Ihre Traumveranstaltung unterst\u00fctzen!<\/span><span data-ccp-props=\"{&quot;201341983&quot;:0,&quot;335559739&quot;:0,&quot;335559740&quot;:240}\">\u00a0<\/span><\/p>\n<\/div>\n\t\t\t\t\t\t\t\t\t\t\t\t\t\t<\/div>\n\t\t\t<\/div>\n\t\t<\/div>\n\t<\/div>\n\t<div class=\"tic__blank bg-white pt-8 pt-lg-0\">\t\t\n\t\t<div class=\"container-fluid\" style=\"--bs-gutter-x: 0\">\n\t\t\t<div class=\"row\" style=\"--bs-gutter-x: 0\">\n\t\t\t\t<div class=\"col-lg-6\">\n\t\t\t\t\t<div class=\"tic__bottom position-relative bg-primary text-secondary pt-4 pb-5\">\n\t\t\t\t\t\t<div class=\"d-flex gap-1 gap-md-4\">\n\t\t\t\t\t\t\t<div class=\"tic__bottom__imgs d-flex flex-shrink-0 align-items-center\">\n\t\t\t\t\t\t\t\t\t\t\t\t\t\t\t\t<img decoding=\"async\" src=\"https:\/\/www.myallmeeting.com\/wp-content\/uploads\/2024\/07\/soiree-et-evenement-temoignage-1-1.png\" class=\"tic__bottom__img tic__bottom__img--1 of-cover rounded-3 opacity-50\" alt=\"espace organisation soir\u00e9e\" width=\"192\" height=\"346\" loading=\"lazy\" \/>\n\t\t\t\t\t\t\t\t\t\t\t\t\t\t\t\t\t\t\t\t\t\t\t\t<img decoding=\"async\" src=\"https:\/\/www.myallmeeting.com\/wp-content\/uploads\/2024\/07\/soiree-et-evenement-temoignage-2-1.png\" class=\"tic__bottom__img tic__bottom__img--2 of-cover rounded-3 z-1\" alt=\"espace organisation \u00e9v\u00e8nement\" width=\"192\" height=\"346\" loading=\"lazy\" \/>\n\t\t\t\t\t\t\t\t\t\t\t\t\t\t\t<\/div>\n\t\t\t\t\t\t\t<div class=\"tic__bottom__quote text-secondary lh-xs\">\n\t\t\t\t\t\t\t\t\t\t\t\t\t\t\t\t\t\t\t\t\t\t\t\t\t\t\t\t\t\t\t<\/div>\n\t\t\t\t\t\t<\/div>\n\t\t\t\t\t\t\t\t\t\t\t<\/div>\n\t\t\t\t<\/div>\n\t\t\t<\/div>\n\t\t<\/div>\n\t<\/div>\n<\/div>\n<!-- END OF : Composant : block-periscope-theme-section-composant-30-texte-image-citation.php -->\n\n\n<!-- START OF : Composant : block-periscope-theme-section-composant-05-moteur.php -->\n\n\n<input type=\"hidden\" id=\"search-engine.search_url\" value=\"https:\/\/www.myallmeeting.com\/de\/ihr-projekt\/#search-engine\" \/>\n<input type=\"hidden\" id=\"search-engine.anchor\" value=\"search-engine\" \/>\n<input type=\"hidden\" id=\"search-engine.gmaps_token\" value=\"AIzaSyDB40FZ7x-OURCjwxt35ll3WogU24K_hyE\" \/>\n<input type=\"hidden\" id=\"search-engine.language_code\" value=\"de,en\" \/>\n<input type=\"hidden\" id=\"search-engine.language_code_2\" value=\"de\" \/>\n<input type=\"hidden\" id=\"search-engine.filter_ids\" value=\"B0L8,B0M9,B1R5,B2Q7,B0R3,B2L8,B385,B4A1,B2R0,B2J3,B440,B1N0,B3A2,B4C3,B0X3,B2Q4,B2C7,B2U6,B5V9,B3F9,B9P8,B9K7,B1R3,B5R0,B4T0,B5V7,B6G0,B636,B6G4,B6D9,B7D0,B711,B7M3,B852,B7B5,B7B1,B4T2,B5E7,B834,B895,B670,B1C4,B1Y6,B1Z1,B7S9,B218,B2R9,B816,B5V4,B8E1,B5Y1,B8I1,B7B2,B7T4,B3F7,B8T4,B677,B5J1,B660,B579,B580,B6A5,B8Q0,B8G7,B8G5,B7Q1,B7H3,B5L3,B344,B6W6,B5E8,B5K2,B8R0,B879,B773,B5E1,B5I8,B9L7,B9F2,B9F3,B9F4,B940,B899,B8A5,B6T3,B772,B9S9,B2Q8,B8Z2,B3G0,B8Z4,B6E2,B6E3,B6A0,C058,B7T5,C013,C007,B8C5,B815,B8Y9,B9N0,B547,B655,C096,B388,B7B0,B9R3,B2T3,B4S4,B145,B144,B9Q7,B9Q0,B9G2,B9D3,B939,B919,B8K9,B8B1,B875,B854,B831,B827,B5I7,B542,B364,B0X8,C091,B6A9,B147,B717,B6X6,C0E6,B8Q6,B5E3,C1N1,B949,B941,B9T8,C319,C284,C1N9,C1F8,C1E1,C160,C0W4,C0V5,C033,C030,B9U8,2192,9703,B6F6,B667,B2L7,B431,B637,B7R5,B3X8,B4B1,B0N4,B0R2,B0X1,B138,B140,B141,B142,B143,B146,B448,B480,B4U5,B4U7,B4Y6,B537,B538,B539,B540,B541,7431,8565,5425,9379,B355,B561,B5M6,B897,B9Z7,B9Q4,B870,C0S9,C056,B6J0,B814,B744,B6X3,B9N4,B9E9,B857,B9E8,C139,B449,C0W3,C177,B6S6,B6T9,1975,A3N2,6660,A035,0450,0459,0449,0456,0912,A598,7325,1103,1546,1227,7014,A011,0831,1968,9244,2948,0652,1055,5692,0341,5641,1078,1098,0802,9735,1099,7951,1725,0873,5445,1810,1187,1888,5712,0869,1284,1190,1622,1951,1541,7386,9622,7363,0978,1623,7147,7165,7286,1621,1508,1281,7385,A9P4,B0C7,B0C8,B0C9,B4G0,B4Z1,B3H6,A5D1,A599,B4I2,B4I4,8876,8894,8954,8996,8999,9057,9062,9123,9131,9227,9267,9298,9301,9347,9389,9391,9441,9547,9548,9551,9553,9554,9617,9619,9627,9680,9834,9841,A073,A8M4,7242,7341,7552,7563,7830,7935,7943,8017,8018,8062,8068,8117,8159,8301,8320,8321,8322,8323,8325,8327,8329,8331,8332,8334,8335,8336,8342,8343,8344,8350,8351,8353,8392,8468,8516,5413,5396,5555,5556,5558,5560,5562,5563,5604,5932,6351,6443,6515,6616,6734,6995,7060,7125,3404,3405,3714,3408,3728,3417,5141,3440,3458,5236,5282,5309,3667,5347,5374,5379,3383,3384,3385,3390,3391,3393,3403,C0F8,B8W6,1540,2960,2967,5364,6599,7216,7942,9753,6002,3280,3289,3303,3304,3306,3307,3320,A0C7,A7L5,B943,A219,3372,3374,3375,0527,3346,3376,3347,3367,3377,3378,2203,2783,2814,2906,2922,2939,2940,2996,3096,3107,3110,3127,3128,3136,3144,3167,3172,3204,3210,3269,3270,1414,3437,0771,1966,0752,1404,2189,1743,5478,0629,0749,0628,2004,2109,2126,A744,A732,1171,7848,1172,7427,2772,1120,0890,6546,8189,A9V5,B524,A0D3,A5D5,A5I1,7392,A8Q1,A4C2,A780,A312,A9V4,A8V4,A9F1,7327,A9A2,B045,A0D8,A9P2,B1F0,A5T2,B2W9,9172,3576,0711,6232,0663,A064,8612,A038,9375,0947,1678,A086,2950,1169,1282,1742,1357,7575,0538,0848,2789,8232,A087,A211,7367,A069,A1B9,6796,8987,8368,8984,1639,1399,0882,0944,9121,3435,8582,8474,0728,3740,1588,9887,1045,1420,2944,1428,0689,0640,0637,6864,2748,0797,0397,6030,5616,0930,6550,0636,0815,8717,7006,0941,8951,0408,7054,7373,7574,0349,9880,8174,8769,7572,0914,5167,8709,1996,2855,7952,7864,0654,9493,1384,9012,0399,0434,6923,0416,1986,2079,9344,2738,A0A9,9084,0442,0368,9659,0400,9262,7369,0445,B1E1,A034,5440,7019,1560,5230,5681,1215,1292,0934,0905,0952,0446,0828,1978,9920,1586,1430,0798,1212,5546,A1L2,A593,1213,1211,0348,2095,1217,A0A2,0402,2952,1429,2945,8011,5060,0453,7076,0644,1537,1675,0350,0668,9922,7476,9593,6166,5921,7039,5654,7143,A9E9,A0G3,B4I1,A7Z0,A094,6813,A1F1,B971,1113,1296,0530,0371,3133,0542,0553,B8N6,C1Z6,2183,5275,0568,B8S1,A033,C0F7,C1V8,0452,0747,0387,3546,7296,0410,1075,1571,0382,0424,0398,0433,0432,1979,1014,0390,0589,1735,0414,0392,1168,7383,0421,1628,1834,4987,3013,0587,0386,0906,1549,0380,0443,0669,0428,1143,0565,1294,7115,0935,0412,0439,0785,0419,1139,1609,0430,1300,1596,7229,8505,0389,1022,1177,0985,5418,7326,5650,0423,0427,0418,0383,1302,0396,0385,0393,0394,2182,0736,0994,0964,6148,0911,0395,0431,3168,0444,3165,0379,8576,0965,1624,0384,1175,0413,9013,0440,0405,1536,0436,0403,0918,0438,2190,1246,9734,2217,8816,0577,0903,6188,0581,1269,3480,1273,1037,1598,1245,0363,0549,1421,1298,1788,6752,1160,0374,0375,2186,1627,1301,1985,0376,1176,1191,1982,1122,6357,2773,1814,0977,1072,8817,A072,1131,2175,1249,1572,5954,0370,8244,1585,0369,2904,3004,5934,2057,2951,1068,3448,1535,7360,1625,1263,1132,0345,3043,1233,1544,1148,9319\" \/>\n<input type=\"hidden\" id=\"search-engine.display_mode\" value=\"pre-filtered\" \/>\n\n<input type=\"hidden\" id=\"search-engine.aid\" value=\"\" \/>\n<input type=\"hidden\" id=\"search-engine.address\" value=\"\" \/>\n<input type=\"hidden\" id=\"search-engine.distance\" value=\"\" \/>\n<input type=\"hidden\" id=\"search-engine.nb_persons\" value=\"\" \/>\n<input type=\"hidden\" id=\"search-engine.nb_meeting\" value=\"\" \/>\n<input type=\"hidden\" id=\"search-engine.nb_rooms\" value=\"\" \/>\n<input type=\"hidden\" id=\"search-engine.date\" value=\"\" \/>\n<input type=\"hidden\" id=\"search-engine.duration\" value=\"\" \/>\n\n<div id=\"search\" class=\"eventsearch\" data-component=\"05-moteur-recherche-event\">\n\t<div class=\"container\">\n\t\t<div class=\"row\">\n\t\t\t<div class=\"px-0 ms-auto me-auto\" style=\"max-width:1546px\">\n\t\t\t\t<div class=\"bg-primary mb-2 rounded-5 py-2 px-3 pt-lg-3 pb-lg-2 px-lg-4\">\n\t\t\t\t\t<div id=\"search-engine\" class =\"pre-filtered\"><\/div>\n\t\t\t\t<\/div>\n\t\t\t<\/div>\n\t\t<\/div>\n\t<\/div>\n<\/div>\n<!--<div>PHP processing Time: 0.087031841278076<\/div>!-->\n<!-- END OF : Composant : block-periscope-theme-section-composant-05-moteur.php -->\n\n\n<!-- START OF : Composant : block-periscope-theme-section-composant-14-carte-resultats.php -->\n<input type=\"hidden\" id=\"map.data-map-key\" value=\"AIzaSyDB40FZ7x-OURCjwxt35ll3WogU24K_hyE\">\n<input type=\"hidden\" id=\"map.data-map-language\" value=\"de,en\">\n<div id=\"search-map-results\" data-load-mode=\"synchronous\"><\/div>\n<div class=\"modal fade\" id=\"hotel-popin\">\n\t<div class=\"modal-dialog\">\n\t\t<div class=\"modal-inner\">\n\t\t\t<div class=\"modal-header\">\n\t\t\t\t<button type=\"button\" class=\"close\" data-bs-dismiss=\"modal\">\n\t\t\t\t\t<svg width=\"16\" height=\"16\" aria-hidden=\"true\">\n\t\t\t\t\t\t<use xlink:href=\"https:\/\/www.myallmeeting.com\/wp-content\/themes\/accor\/assets\/images\/sprite.svg#btn-close-white\"><\/use>\n\t\t\t\t\t<\/svg>\n\t\t\t\t\t<span>Fermer<\/span>\n\t\t\t\t<\/button>\n\t\t\t<\/div>\n\t\t\t<div class=\"modal-body\"><\/div>\n\t\t<\/div>\n\t<\/div>\n<\/div>\n<!-- END OF : Composant : block-periscope-theme-section-composant-14-carte-resultats.php -->\n","protected":false},"excerpt":{"rendered":"<p>Unvergessliche Abende oder grandiose Veranstaltungen &#8211; entdecken Sie eine Welt voller wunderbarer M\u00f6glichkeiten. <\/p>\n","protected":false},"author":24,"featured_media":15969697,"parent":0,"menu_order":0,"comment_status":"closed","ping_status":"closed","template":"","meta":{"_acf_changed":true,"footnotes":""},"class_list":["post-16193756","page","type-page","status-publish","has-post-thumbnail","hentry"],"acf":[],"yoast_head":"<title>Organisez votre prochaine soir\u00e9e ou \u00e9v\u00e8nement dans le lieu id\u00e9al<\/title>\n<meta name=\"description\" content=\"Accor vous propose un \u00e9ventail de possibilit\u00e9s pour organiser votre prochaine soir\u00e9e ou \u00e9v\u00e8nement dans un lieu qui marquera les m\u00e9moires\" \/>\n<meta name=\"robots\" content=\"index, follow, max-snippet:-1, max-image-preview:large, max-video-preview:-1\" \/>\n<link rel=\"canonical\" href=\"https:\/\/www.myallmeeting.com\/de\/wp-json\/wp\/v2\/pages\/16193756\" \/>\n<meta property=\"og:locale\" content=\"fr_FR\" \/>\n<meta property=\"og:type\" content=\"article\" \/>\n<meta property=\"og:title\" content=\"Organisez votre prochaine soir\u00e9e ou \u00e9v\u00e8nement dans le lieu id\u00e9al\" \/>\n<meta property=\"og:description\" content=\"Accor vous propose un \u00e9ventail de possibilit\u00e9s pour organiser votre prochaine soir\u00e9e ou \u00e9v\u00e8nement dans un lieu qui marquera les m\u00e9moires\" \/>\n<meta property=\"og:url\" content=\"https:\/\/www.myallmeeting.com\/de\/wunderbare-abende-und-veranstaltungen\/\" \/>\n<meta property=\"og:site_name\" content=\"Accor MyAllMeeting.com\" \/>\n<meta property=\"article:modified_time\" content=\"2024-07-18T14:13:20+00:00\" \/>\n<meta property=\"og:image\" content=\"http:\/\/myallmeeting.com\/wp-content\/uploads\/2024\/07\/Europe-event-1024x304.png\" \/>\n\t<meta property=\"og:image:width\" content=\"1024\" \/>\n\t<meta property=\"og:image:height\" content=\"304\" \/>\n\t<meta property=\"og:image:type\" content=\"image\/png\" \/>\n<meta name=\"twitter:card\" content=\"summary_large_image\" \/>\n<meta name=\"twitter:label1\" content=\"Dur\u00e9e de lecture estim\u00e9e\" \/>\n\t<meta name=\"twitter:data1\" content=\"2 minutes\" \/>\n<script type=\"application\/ld+json\" class=\"yoast-schema-graph\">{\"@context\":\"https:\/\/schema.org\",\"@graph\":[{\"@type\":\"WebPage\",\"@id\":\"https:\/\/www.myallmeeting.com\/de\/wunderbare-abende-und-veranstaltungen\/\",\"url\":\"https:\/\/www.myallmeeting.com\/de\/wunderbare-abende-und-veranstaltungen\/\",\"name\":\"Organisez votre prochaine soir\u00e9e ou \u00e9v\u00e8nement dans le lieu id\u00e9al\",\"isPartOf\":{\"@id\":\"https:\/\/www.myallmeeting.com\/fr\/#website\"},\"primaryImageOfPage\":{\"@id\":\"https:\/\/www.myallmeeting.com\/de\/wunderbare-abende-und-veranstaltungen\/#primaryimage\"},\"image\":{\"@id\":\"https:\/\/www.myallmeeting.com\/de\/wunderbare-abende-und-veranstaltungen\/#primaryimage\"},\"thumbnailUrl\":\"https:\/\/www.myallmeeting.com\/wp-content\/uploads\/2024\/07\/Europe-event.png\",\"datePublished\":\"2024-07-08T08:18:10+00:00\",\"dateModified\":\"2024-07-18T14:13:20+00:00\",\"description\":\"Accor vous propose un \u00e9ventail de possibilit\u00e9s pour organiser votre prochaine soir\u00e9e ou \u00e9v\u00e8nement dans un lieu qui marquera les m\u00e9moires\",\"breadcrumb\":{\"@id\":\"https:\/\/www.myallmeeting.com\/de\/wunderbare-abende-und-veranstaltungen\/#breadcrumb\"},\"inLanguage\":\"fr-FR\",\"potentialAction\":[{\"@type\":\"ReadAction\",\"target\":[\"https:\/\/www.myallmeeting.com\/de\/wunderbare-abende-und-veranstaltungen\/\"]}]},{\"@type\":\"ImageObject\",\"inLanguage\":\"fr-FR\",\"@id\":\"https:\/\/www.myallmeeting.com\/de\/wunderbare-abende-und-veranstaltungen\/#primaryimage\",\"url\":\"https:\/\/www.myallmeeting.com\/wp-content\/uploads\/2024\/07\/Europe-event.png\",\"contentUrl\":\"https:\/\/www.myallmeeting.com\/wp-content\/uploads\/2024\/07\/Europe-event.png\",\"width\":1920,\"height\":570},{\"@type\":\"BreadcrumbList\",\"@id\":\"https:\/\/www.myallmeeting.com\/de\/wunderbare-abende-und-veranstaltungen\/#breadcrumb\",\"itemListElement\":[{\"@type\":\"ListItem\",\"position\":1,\"name\":\"Accueil\",\"item\":\"https:\/\/myallmeeting.com\/fr\/\"},{\"@type\":\"ListItem\",\"position\":2,\"name\":\"Wunderbare Abende und Veranstaltungen\u00a0\"}]},{\"@type\":\"WebSite\",\"@id\":\"https:\/\/www.myallmeeting.com\/fr\/#website\",\"url\":\"https:\/\/www.myallmeeting.com\/fr\/\",\"name\":\"Accor MyAllMeeting.com\",\"description\":\"Les Meilleurs lieux pour vos Ev\u00e9nements Professionnels\",\"publisher\":{\"@id\":\"https:\/\/www.myallmeeting.com\/fr\/#organization\"},\"potentialAction\":[{\"@type\":\"SearchAction\",\"target\":{\"@type\":\"EntryPoint\",\"urlTemplate\":\"https:\/\/www.myallmeeting.com\/fr\/?s={search_term_string}\"},\"query-input\":{\"@type\":\"PropertyValueSpecification\",\"valueRequired\":true,\"valueName\":\"search_term_string\"}}],\"inLanguage\":\"fr-FR\"},{\"@type\":\"Organization\",\"@id\":\"https:\/\/www.myallmeeting.com\/fr\/#organization\",\"name\":\"ACCOR\",\"url\":\"https:\/\/www.myallmeeting.com\/fr\/\",\"logo\":{\"@type\":\"ImageObject\",\"inLanguage\":\"fr-FR\",\"@id\":\"https:\/\/www.myallmeeting.com\/fr\/#\/schema\/logo\/image\/\",\"url\":\"\",\"contentUrl\":\"\",\"caption\":\"ACCOR\"},\"image\":{\"@id\":\"https:\/\/www.myallmeeting.com\/fr\/#\/schema\/logo\/image\/\"}}]}<\/script>","yoast_head_json":{"title":"Organisez votre prochaine soir\u00e9e ou \u00e9v\u00e8nement dans le lieu id\u00e9al","description":"Accor vous propose un \u00e9ventail de possibilit\u00e9s pour organiser votre prochaine soir\u00e9e ou \u00e9v\u00e8nement dans un lieu qui marquera les m\u00e9moires","robots":{"index":"index","follow":"follow","max-snippet":"max-snippet:-1","max-image-preview":"max-image-preview:large","max-video-preview":"max-video-preview:-1"},"canonical":"https:\/\/www.myallmeeting.com\/de\/wp-json\/wp\/v2\/pages\/16193756","og_locale":"fr_FR","og_type":"article","og_title":"Organisez votre prochaine soir\u00e9e ou \u00e9v\u00e8nement dans le lieu id\u00e9al","og_description":"Accor vous propose un \u00e9ventail de possibilit\u00e9s pour organiser votre prochaine soir\u00e9e ou \u00e9v\u00e8nement dans un lieu qui marquera les m\u00e9moires","og_url":"https:\/\/www.myallmeeting.com\/de\/wunderbare-abende-und-veranstaltungen\/","og_site_name":"Accor MyAllMeeting.com","article_modified_time":"2024-07-18T14:13:20+00:00","og_image":[{"width":1024,"height":304,"url":"http:\/\/myallmeeting.com\/wp-content\/uploads\/2024\/07\/Europe-event-1024x304.png","type":"image\/png"}],"twitter_card":"summary_large_image","twitter_misc":{"Dur\u00e9e de lecture estim\u00e9e":"2 minutes"},"schema":{"@context":"https:\/\/schema.org","@graph":[{"@type":"WebPage","@id":"https:\/\/www.myallmeeting.com\/de\/wunderbare-abende-und-veranstaltungen\/","url":"https:\/\/www.myallmeeting.com\/de\/wunderbare-abende-und-veranstaltungen\/","name":"Organisez votre prochaine soir\u00e9e ou \u00e9v\u00e8nement dans le lieu id\u00e9al","isPartOf":{"@id":"https:\/\/www.myallmeeting.com\/fr\/#website"},"primaryImageOfPage":{"@id":"https:\/\/www.myallmeeting.com\/de\/wunderbare-abende-und-veranstaltungen\/#primaryimage"},"image":{"@id":"https:\/\/www.myallmeeting.com\/de\/wunderbare-abende-und-veranstaltungen\/#primaryimage"},"thumbnailUrl":"https:\/\/www.myallmeeting.com\/wp-content\/uploads\/2024\/07\/Europe-event.png","datePublished":"2024-07-08T08:18:10+00:00","dateModified":"2024-07-18T14:13:20+00:00","description":"Accor vous propose un \u00e9ventail de possibilit\u00e9s pour organiser votre prochaine soir\u00e9e ou \u00e9v\u00e8nement dans un lieu qui marquera les m\u00e9moires","breadcrumb":{"@id":"https:\/\/www.myallmeeting.com\/de\/wunderbare-abende-und-veranstaltungen\/#breadcrumb"},"inLanguage":"fr-FR","potentialAction":[{"@type":"ReadAction","target":["https:\/\/www.myallmeeting.com\/de\/wunderbare-abende-und-veranstaltungen\/"]}]},{"@type":"ImageObject","inLanguage":"fr-FR","@id":"https:\/\/www.myallmeeting.com\/de\/wunderbare-abende-und-veranstaltungen\/#primaryimage","url":"https:\/\/www.myallmeeting.com\/wp-content\/uploads\/2024\/07\/Europe-event.png","contentUrl":"https:\/\/www.myallmeeting.com\/wp-content\/uploads\/2024\/07\/Europe-event.png","width":1920,"height":570},{"@type":"BreadcrumbList","@id":"https:\/\/www.myallmeeting.com\/de\/wunderbare-abende-und-veranstaltungen\/#breadcrumb","itemListElement":[{"@type":"ListItem","position":1,"name":"Accueil","item":"https:\/\/myallmeeting.com\/fr\/"},{"@type":"ListItem","position":2,"name":"Wunderbare Abende und Veranstaltungen\u00a0"}]},{"@type":"WebSite","@id":"https:\/\/www.myallmeeting.com\/fr\/#website","url":"https:\/\/www.myallmeeting.com\/fr\/","name":"Accor MyAllMeeting.com","description":"Les Meilleurs lieux pour vos Ev\u00e9nements Professionnels","publisher":{"@id":"https:\/\/www.myallmeeting.com\/fr\/#organization"},"potentialAction":[{"@type":"SearchAction","target":{"@type":"EntryPoint","urlTemplate":"https:\/\/www.myallmeeting.com\/fr\/?s={search_term_string}"},"query-input":{"@type":"PropertyValueSpecification","valueRequired":true,"valueName":"search_term_string"}}],"inLanguage":"fr-FR"},{"@type":"Organization","@id":"https:\/\/www.myallmeeting.com\/fr\/#organization","name":"ACCOR","url":"https:\/\/www.myallmeeting.com\/fr\/","logo":{"@type":"ImageObject","inLanguage":"fr-FR","@id":"https:\/\/www.myallmeeting.com\/fr\/#\/schema\/logo\/image\/","url":"","contentUrl":"","caption":"ACCOR"},"image":{"@id":"https:\/\/www.myallmeeting.com\/fr\/#\/schema\/logo\/image\/"}}]}},"_links":{"self":[{"href":"https:\/\/www.myallmeeting.com\/fr\/wp-json\/wp\/v2\/pages\/16193756","targetHints":{"allow":["GET"]}}],"collection":[{"href":"https:\/\/www.myallmeeting.com\/fr\/wp-json\/wp\/v2\/pages"}],"about":[{"href":"https:\/\/www.myallmeeting.com\/fr\/wp-json\/wp\/v2\/types\/page"}],"author":[{"embeddable":true,"href":"https:\/\/www.myallmeeting.com\/fr\/wp-json\/wp\/v2\/users\/24"}],"replies":[{"embeddable":true,"href":"https:\/\/www.myallmeeting.com\/fr\/wp-json\/wp\/v2\/comments?post=16193756"}],"version-history":[{"count":0,"href":"https:\/\/www.myallmeeting.com\/fr\/wp-json\/wp\/v2\/pages\/16193756\/revisions"}],"wp:featuredmedia":[{"embeddable":true,"href":"https:\/\/www.myallmeeting.com\/fr\/wp-json\/wp\/v2\/media\/15969697"}],"wp:attachment":[{"href":"https:\/\/www.myallmeeting.com\/fr\/wp-json\/wp\/v2\/media?parent=16193756"}],"curies":[{"name":"wp","href":"https:\/\/api.w.org\/{rel}","templated":true}]}}