{"id":16193743,"date":"2016-02-27T16:52:13","date_gmt":"2016-02-27T15:52:13","guid":{"rendered":"https:\/\/myallmeeting.com\/convention\/"},"modified":"2024-07-18T19:31:13","modified_gmt":"2024-07-18T17:31:13","slug":"tagungen","status":"publish","type":"page","link":"https:\/\/www.myallmeeting.com\/de\/tagungen\/","title":{"rendered":"Tagungen\u00a0"},"content":{"rendered":"<!-- START OF : Composant : block-periscope-theme-section-composant-30-texte-image-citation.php -->\n<div class=\"tic position-relative fs-wysiwyg pt-9 mb-5 mb-lg-22\" data-component=\"30-texte-image-citation\">\n\t<div class=\"container-fluid\" style=\"--bs-gutter-x: 0\">\n\t\t<div class=\"row\" style=\"--bs-gutter-x: 0\">\n\t\t\t<div class=\"col-lg-6 offset-lg-1\"> \n\t\t\t\t<div class=\"tic__top__img position-relative me-2 me-lg-0\">\n\t\t\t\t\t\t\t\t\t\t<img decoding=\"async\" src=\"https:\/\/www.myallmeeting.com\/wp-content\/uploads\/2024\/07\/5404-38-932x645.jpg\" alt=\"convention\namphith\u00e9\u00e2tre \" width=\"932\" height=\"562\" loading=\"lazy\" class=\"w-100\" \/>\n\t\t\t\t\t\t\t\t\t\t<div class=\"position-absolute text-white z-1 text-center t-0 l-0 w-100 p-4 pt-lg-8 pe-lg-20\">\n\t\t\t\t\t\t\t\t\t\t\t\t<div class=\"fw-medium fs-14 fs-xl-18 ls-20 lh-xs text-uppercase\">Bereiten Sie<\/div>\n\t\t\t\t\t\t\t\t\t\t\t\t\t\t\t\t\t\t<div class=\"unna fs-italic fs-32 fs-lg-46 fs-xl-60 ls-20 lh-1\">Ihren Kongress bestm\u00f6glich vor <\/div>\n\t\t\t\t\t\t\t\t\t\t\t<\/div>\n\t\t\t\t<\/div>\n\t\t\t<\/div>\n\t\t\t<div class=\"col-lg-4\">\n\t\t\t\t<div class=\"tic__content position-relative bg-white pt-2 pb-0 px-2 py-lg-7 py-xl-9 px-lg-5 px-xl-10 pt-lg-9\">\n\t\t\t\t\t\t\t\t\t\t<div class=\"tic__surtitre position-lg-absolute t-0 l-0 mb-2 mx-lg-3 mt-lg-2 text-primary fw-semibold text-uppercase fs-10 fs-lg-12 fs-xl-18 lh-xs\">Definieren Sie Ihren Bedarf <\/div>\n\t\t\t\t\t\t\t\t\t\t\t\t\t\t\t<div class=\"tic__content__titre unna fs-32 fs-xl-60 text-primary lh-xs mb-2 mb-lg-3 mb-xl-5\">Sie suchen einen Veranstaltungsort f\u00fcr Ihren Kongress? <\/div>\n\t\t\t\t\t\t\t\t\t\t\t\t\t\t\t<div class=\"fs-lg-13 fs-xl-18 mb-4 mb-xl-7 lh-sm\"><h3 style=\"text-align: left;\"><span data-contrast=\"none\" xml:lang=\"DE-DE\" lang=\"DE-DE\" class=\"TextRun SCXW146130593 BCX0\"><span class=\"NormalTextRun SCXW146130593 BCX0\">Ein perfekt an Ihre Bed\u00fcrfnisse angepasster Veranstaltungsort<\/span><\/span><span class=\"EOP SCXW146130593 BCX0\" data-ccp-props=\"{&quot;134233118&quot;:true,&quot;201341983&quot;:0,&quot;335559739&quot;:160,&quot;335559740&quot;:240}\">\u00a0<\/span><\/h3>\n<p style=\"text-align: left;\"><span data-contrast=\"none\" xml:lang=\"DE-DE\" lang=\"DE-DE\" class=\"TextRun SCXW184505596 BCX0\"><span class=\"NormalTextRun SCXW184505596 BCX0\">Unsere Auswahl an Veranstaltungsorten wird Ihren Anforderungen an Unterbringung und Tagungsr\u00e4ume immer gerecht, egal ob Sie 80 oder 600 Teilnehmer haben.<\/span><\/span><span class=\"LineBreakBlob BlobObject DragDrop SCXW184505596 BCX0\"><span class=\"SCXW184505596 BCX0\">\u00a0<\/span><br class=\"SCXW184505596 BCX0\" \/><\/span><span data-contrast=\"none\" xml:lang=\"DE-DE\" lang=\"DE-DE\" class=\"TextRun SCXW184505596 BCX0\"><span class=\"NormalTextRun SCXW184505596 BCX0\">Diese Hotels verf\u00fcgen \u00fcber gro\u00dfe Veranstaltungsr\u00e4ume, Amphitheater und Break-out-R\u00e4ume, die Ihnen die n\u00f6tige Flexibilit\u00e4t bei der Organisation Ihrer Veranstaltung bieten.<\/span><\/span><span class=\"LineBreakBlob BlobObject DragDrop SCXW184505596 BCX0\"><span class=\"SCXW184505596 BCX0\">\u00a0<\/span><br class=\"SCXW184505596 BCX0\" \/><\/span><span data-contrast=\"none\" xml:lang=\"DE-DE\" lang=\"DE-DE\" class=\"TextRun SCXW184505596 BCX0\"><span class=\"NormalTextRun SCXW184505596 BCX0\">Die gro\u00dfartige Auswahl an Hotels, die von den g\u00fcnstigsten bis zu den luxuri\u00f6sesten reicht, erm\u00f6glicht es uns, f\u00fcr jedes Budget die perfekte L\u00f6sung anzubieten.<\/span><\/span><span class=\"EOP SCXW184505596 BCX0\" data-ccp-props=\"{&quot;201341983&quot;:0,&quot;335559739&quot;:0,&quot;335559740&quot;:240}\">\u00a0<\/span><\/p>\n<\/div>\n\t\t\t\t\t\t\t\t\t\t\t\t\t\t<\/div>\n\t\t\t<\/div>\n\t\t<\/div>\n\t<\/div>\n\t<div class=\"tic__blank bg-white pt-8 pt-lg-0\">\t\t\n\t\t<div class=\"container-fluid\" style=\"--bs-gutter-x: 0\">\n\t\t\t<div class=\"row\" style=\"--bs-gutter-x: 0\">\n\t\t\t\t<div class=\"col-lg-6\">\n\t\t\t\t\t<div class=\"tic__bottom position-relative bg-primary text-secondary pt-4 pb-5\">\n\t\t\t\t\t\t<div class=\"d-flex gap-1 gap-md-4\">\n\t\t\t\t\t\t\t<div class=\"tic__bottom__imgs d-flex flex-shrink-0 align-items-center\">\n\t\t\t\t\t\t\t\t\t\t\t\t\t\t\t\t<img decoding=\"async\" src=\"https:\/\/www.myallmeeting.com\/wp-content\/uploads\/2024\/07\/2.png\" class=\"tic__bottom__img tic__bottom__img--1 of-cover rounded-3 opacity-50\" alt=\"\" width=\"192\" height=\"346\" loading=\"lazy\" \/>\n\t\t\t\t\t\t\t\t\t\t\t\t\t\t\t\t\t\t\t\t\t\t\t\t<img decoding=\"async\" src=\"https:\/\/www.myallmeeting.com\/wp-content\/uploads\/2024\/07\/1.png\" class=\"tic__bottom__img tic__bottom__img--2 of-cover rounded-3 z-1\" alt=\"Salle accueuillant une convention\" width=\"192\" height=\"346\" loading=\"lazy\" \/>\n\t\t\t\t\t\t\t\t\t\t\t\t\t\t\t<\/div>\n\t\t\t\t\t\t\t<div class=\"tic__bottom__quote text-secondary lh-xs\">\n\t\t\t\t\t\t\t\t\t\t\t\t\t\t\t\t\t\t\t\t\t\t\t\t\t\t\t\t\t\t\t<\/div>\n\t\t\t\t\t\t<\/div>\n\t\t\t\t\t\t\t\t\t\t\t<\/div>\n\t\t\t\t<\/div>\n\t\t\t<\/div>\n\t\t<\/div>\n\t<\/div>\n<\/div>\n<!-- END OF : Composant : block-periscope-theme-section-composant-30-texte-image-citation.php -->\n\n\n<!-- START OF : Composant : block-periscope-theme-section-composant-31-bloc-image-cta.php -->\n\t<div class=\"icta position-relative fs-wysiwyg icta--reverse\" data-component=\"31-bloc-image-cta\" data-reverse=\"oui\">\n\t\t<div class=\"container-fluid\">\n\t\t\t<div class=\"row\">\n\t\t\t\t<div class=\"col-lg-5 offset-lg-1 d-lg-flex\"> \n\t\t\t\t\t<div class=\"icta__content position-relative bg-white pt-2 pb-2 px-2 pb-lg-0 pt-lg-7 pt-xl-9 px-lg-7 px-xl-10 mt-lg-9 z-1\">\n\t\t\t\t\t\t\t\t\t\t\t\t\t\t\t\t\t\t<div class=\"unna fs-32 fs-lg-39 fs-xl-60 text-primary lh-xs mb-2 mb-xl-5\">Suchen Sie Unterst\u00fctzung f\u00fcr Ihre Veranstaltung? <\/div>\n\t\t\t\t\t\t\t\t\t\t\t\t\t\t\t\t\t\t\t<div class=\"fs-lg-15 fs-xl-18 lh-sm \"><h3 style=\"text-align: left;\"><span data-contrast=\"none\" xml:lang=\"DE-DE\" lang=\"DE-DE\" class=\"TextRun SCXW9196353 BCX0\"><span class=\"NormalTextRun SCXW9196353 BCX0\">Teams, die sich auf Ihren Erfolg konzentrieren<\/span><\/span><span class=\"EOP SCXW9196353 BCX0\" data-ccp-props=\"{&quot;134233118&quot;:true,&quot;201341983&quot;:0,&quot;335559739&quot;:160,&quot;335559740&quot;:240}\">\u00a0<\/span><\/h3>\n<p><span data-contrast=\"none\" xml:lang=\"DE-DE\" lang=\"DE-DE\" class=\"TextRun SCXW252928196 BCX0\"><span class=\"NormalTextRun SCXW252928196 BCX0\">Unsere Expertenteams f\u00fcr die Organisation von Veranstaltungen beraten Sie hinsichtlich der Veranstaltungsr\u00e4ume und schlagen Ihnen das perfekte, auf Ihre Veranstaltung zugeschnittene Catering vor.<\/span><\/span><span class=\"LineBreakBlob BlobObject DragDrop SCXW252928196 BCX0\"><span class=\"SCXW252928196 BCX0\">\u00a0<\/span><br class=\"SCXW252928196 BCX0\" \/><\/span><span data-contrast=\"none\" xml:lang=\"DE-DE\" lang=\"DE-DE\" class=\"TextRun SCXW252928196 BCX0\"><span class=\"NormalTextRun SCXW252928196 BCX0\">Mit ihrer langj\u00e4hrigen Erfahrung im Bereich Gro\u00dfveranstaltungen begleiten sie Sie vor, w\u00e4hrend und nach Ihrem Kongress, damit dieser ein voller Erfolg wird!<\/span><\/span><span class=\"EOP SCXW252928196 BCX0\" data-ccp-props=\"{&quot;201341983&quot;:0,&quot;335559739&quot;:0,&quot;335559740&quot;:240}\">\u00a0<\/span><\/p>\n<\/div>\n\t\t\t\t\t\t\t\t\t\t\t\t\t\t\t\t\t<\/div>\n\t\t\t\t<\/div>\n\t\t\t\t\t\t\t\t<div class=\"col-lg-5 order-first order-lg-last\">\n\t\t\t\t\t<div class=\"icta__top__img h-100 position-relative me-2 me-lg-0\">\n\t\t\t\t\t\t<img decoding=\"async\" src=\"https:\/\/www.myallmeeting.com\/wp-content\/uploads\/2024\/07\/Le-Grand-Hotel-Cabourg-MGallery-4-932x645.jpg\" alt=\"salle de convention\" width=\"932\" height=\"562\" loading=\"lazy\" \/>\n\t\t\t\t\t\t<div class=\"position-absolute text-white z-1 text-center t-0 l-0 w-100 pt-4 pt-lg-8\">\n\t\t\t\t\t\t\t\t\t\t\t\t\t\t\t\t\t\t<\/div>\n\t\t\t\t\t<\/div>\n\t\t\t\t<\/div>\n\t\t\t\t\t\t\t<\/div>\n\t\t<\/div>\n\t<\/div>\n<!-- END OF : Composant : block-periscope-theme-section-composant-31-bloc-image-cta.php -->\n\n\n<!-- START OF : Composant : block-periscope-theme-section-composant-31-bloc-image-cta.php -->\n\t<div class=\"icta position-relative fs-wysiwyg\" data-component=\"31-bloc-image-cta\" data-reverse=\"non\">\n\t\t<div class=\"container-fluid\">\n\t\t\t<div class=\"row\">\n\t\t\t\t\t\t\t\t<div class=\"col-lg-6 offset-lg-1\"> \n\t\t\t\t\t<div class=\"icta__top__img h-100 position-relative me-2 me-lg-0\">\n\t\t\t\t\t\t<img decoding=\"async\" src=\"https:\/\/www.myallmeeting.com\/wp-content\/uploads\/2024\/07\/3205-35-932x645.jpg\" alt=\"d\u00eener de convention\" width=\"932\" height=\"562\" loading=\"lazy\" \/>\n\t\t\t\t\t\t<div class=\"position-absolute text-white z-1 text-center t-0 l-0 w-100 pt-4 pt-lg-8\">\n\t\t\t\t\t\t\t\t\t\t\t\t\t\t\t\t\t\t<\/div>\n\t\t\t\t\t<\/div>\n\t\t\t\t<\/div>\n\t\t\t\t\t\t\t\t<div class=\"col-lg-4 d-lg-flex\">\n\t\t\t\t\t<div class=\"icta__content position-relative bg-white pt-2 pb-2 px-2 pb-lg-0 pt-lg-7 pt-xl-9 px-lg-7 px-xl-10 mt-lg-9\">\n\t\t\t\t\t\t\t\t\t\t\t\t\t\t\t\t\t\t<div class=\"unna fs-32 fs-lg-39 fs-xl-60 text-primary lh-xs mb-2 mb-xl-5\">Suchen Sie nach vernetzten R\u00e4umen? <\/div>\n\t\t\t\t\t\t\t\t\t\t\t\t\t\t\t\t\t\t<div class=\"fs-lg-15 fs-xl-18 lh-sm \"><h3 style=\"text-align: left;\"><span data-contrast=\"none\" xml:lang=\"DE-DE\" lang=\"DE-DE\" class=\"TextRun SCXW27261076 BCX0\"><span class=\"NormalTextRun SCXW27261076 BCX0\">Ausgezeichnete Technik<\/span><\/span><span class=\"EOP SCXW27261076 BCX0\" data-ccp-props=\"{&quot;134233118&quot;:true,&quot;201341983&quot;:0,&quot;335559739&quot;:160,&quot;335559740&quot;:240}\">\u00a0<\/span><\/h3>\n<p><span data-contrast=\"none\">Unsere &#8220;Convention&#8221;-Hotels mit ihrer Ausstattung und Einrichtung erf\u00fcllen alle Ihre technischen Anforderungen.<\/span><span><br \/>\n<\/span><span data-contrast=\"none\">Unsere Amphitheater sind alle mit einem technischen Kontrollraum und einem hochmodernen Soundsystem ausgestattet, damit Ihr Kongress zu einem bedeutenden Ereignis f\u00fcr Ihr Unternehmen wird.<\/span><span data-ccp-props=\"{&quot;134233118&quot;:true,&quot;201341983&quot;:0,&quot;335559739&quot;:160,&quot;335559740&quot;:240}\">\u00a0<\/span><\/p>\n<p><b><span data-contrast=\"none\">Entdecken Sie unsere Auswahl an Veranstaltungsorten f\u00fcr Ihre zuk\u00fcnftigen Kongresse mit My ALL Meeting!<\/span><\/b><span data-ccp-props=\"{&quot;134233118&quot;:true,&quot;201341983&quot;:0,&quot;335559739&quot;:160,&quot;335559740&quot;:240}\">\u00a0<\/span><\/p>\n<p>&nbsp;<\/p>\n<p><em>(Bilder: <a href=\"https:\/\/myallmeeting.com\/de\/hotel\/1585-hotel-mercure-toulouse-centre-compans\/\" target=\"_blank\" rel=\"noopener\">Mercure Toulouse Compans Caffarelli<\/a>, <a href=\"https:\/\/myallmeeting.com\/de\/hotel\/7229-pullman-paris-tour-eiffel\/\" target=\"_blank\" rel=\"noopener\">Pullman Paris Tour Eiffel<\/a>, <a href=\"https:\/\/myallmeeting.com\/de\/hotel\/0380-novotel-paris-est\/\" target=\"_blank\" rel=\"noopener\">Novotel Paris Est<\/a>, <a href=\"https:\/\/myallmeeting.com\/de\/hotel\/1282-gh-cabourg-mgallery\/\" target=\"_blank\" rel=\"noopener\">Le Grand H\u00f4tel Cabourg MGallery<\/a>)<\/em><\/p>\n<\/div>\n\t\t\t\t\t\t\t\t\t\t\t\t\t\t\t\t\t<\/div>\n\t\t\t\t<\/div>\n\t\t\t<\/div>\n\t\t<\/div>\n\t<\/div>\n<!-- END OF : Composant : block-periscope-theme-section-composant-31-bloc-image-cta.php -->\n\n\n<!-- START OF : Composant : block-periscope-theme-section-composant-05-moteur.php -->\n\n\n<input type=\"hidden\" id=\"search-engine.search_url\" value=\"https:\/\/www.myallmeeting.com\/de\/ihr-projekt\/#search-engine\" \/>\n<input type=\"hidden\" id=\"search-engine.anchor\" value=\"search-engine\" \/>\n<input type=\"hidden\" id=\"search-engine.gmaps_token\" value=\"AIzaSyDB40FZ7x-OURCjwxt35ll3WogU24K_hyE\" \/>\n<input type=\"hidden\" id=\"search-engine.language_code\" value=\"de,en\" \/>\n<input type=\"hidden\" id=\"search-engine.language_code_2\" value=\"de\" \/>\n<input type=\"hidden\" id=\"search-engine.filter_ids\" value=\"B0M9,B2Q7,B2L8,B2C8,B385,B4A1,B2R0,B2J3,B4C3,B2Q4,B2C6,B4D0,B2C7,B2U6,B5V9,B3F9,B1R3,B4T0,B636,B7D0,B711,B546,B7M3,B2S9,B852,B4T2,B5E7,B895,B1Y6,B1Z1,B825,B7S9,B2M0,B2R8,B2R9,B816,B5V4,B8E1,B7T4,B8D8,B8T4,B660,B991,B6A5,B7Q1,B7H3,B5L3,B5K2,B773,B8H6,B9F3,B940,B6T3,B772,B9S9,B8Z2,B6E2,B6E3,B7T5,B737,B8C5,B815,B8Y9,C096,B9R3,B4S4,B145,B144,B9Q7,B9D3,B919,B875,B827,B542,B364,B6A9,B147,B9U3,B2T4,B8Q6,C025,C1N1,B941,B9T8,C284,C1E1,C0V5,C033,B9U8,2192,9703,B666,B6F6,B637,B3X8,B4B1,B0N4,B138,B142,B143,B146,B480,B4U5,B4Y6,B537,B538,B539,B540,B541,7431,8565,5425,B6V6,B692,B635,B9Q4,B870,B6J0,B814,B9E9,B857,B9E8,C1Q4,C0W3,C177,1975,0450,0449,0456,A598,7325,1103,1546,1227,7014,A011,1968,9244,1230,2948,0652,1055,0341,6238,1098,0802,9735,1099,7951,0873,7236,1810,1187,5712,0869,1284,1190,1622,1951,7386,7363,1623,7286,1508,1281,7385,A9P7,B0C7,B0C9,B4G0,B1H9,A5D1,B4I2,B4I4,8894,8954,8996,9033,9057,9076,9131,9227,9298,9299,9300,9301,9347,9389,9391,9547,9548,9553,9595,9617,9619,9627,9663,9834,A073,A6Q4,A7X1,A8M4,7341,7830,7935,8017,8018,8030,8089,8159,8301,8308,8320,8321,8325,8327,8329,8331,8334,8335,8336,8342,8343,8344,8350,8353,8392,8468,8516,8523,5413,5396,5555,5558,5560,5562,5563,5932,6141,6351,6443,6515,6617,6631,6734,7060,3404,3405,3408,3417,3419,5141,3458,5282,5309,3667,5347,5358,5366,5374,5379,3383,3384,3385,3390,3391,3393,C0F8,C0I0,B8W6,1540,2960,2967,5364,6599,7942,9753,3280,3289,3303,3306,3307,A219,3374,3375,0527,3376,3347,3377,3378,2783,2906,2922,2924,2940,2996,3127,3128,3167,3172,3210,3269,1414,0771,2189,1743,0959,0629,3724,1987,2004,2091,2109,2117,2126,2129,7427,6546,8189,A0D3,A5D5,A5I1,7392,A8Q1,A4C2,A312,B1F0,A5T2,B2W9,9172,B2W8,0711,0663,8612,A038,9375,9736,8613,A086,1169,1202,1282,1742,1357,8232,A1B9,8987,8988,1639,1399,8582,8474,0728,3740,9887,2944,2748,0397,3450,6550,8717,8951,0408,9907,0349,5167,9012,0399,0434,8957,1986,2738,9084,0442,0400,0445,B1E1,7019,1560,5681,1292,0446,9920,1430,1212,5546,A1L2,A593,0348,2095,1217,2945,8011,0453,0644,1537,0350,0668,9922,9593,5921,7143,A9E9,A0G3,B4I1,A7Z0,A094,6813,A1F1,B971,1113,0530,0371,3133,0542,0553,5275,0568,B8S1,C0F7,0747,0387,3546,1075,1571,0382,0398,0432,1979,0390,0589,1735,0392,1168,7383,1628,1834,4987,3013,0587,0906,1549,0380,0443,0669,0428,1143,0565,1294,0935,0412,6306,0785,0419,1609,0430,1300,1596,7229,0389,1177,0985,5418,7326,5650,0423,0427,0418,0383,1302,0385,0393,0394,2182,0736,0994,0964,0395,0431,0444,0965,1624,0384,1175,0413,0440,0405,1536,0436,0403,0438,2190,2217,8816,0577,0903,6188,0581,1269,5955,1273,1037,1245,0363,0549,1298,1788,6752,1160,0374,0375,1985,3225,1982,1122,6357,2773,1814,8817,A072,1131,2175,1249,1572,5954,0370,8244,1585,0369,2904,9800,3004,2057,3448,1625,1263,1132,0345,3043,1233,1544,1148,9319\" \/>\n<input type=\"hidden\" id=\"search-engine.display_mode\" value=\"pre-filtered\" \/>\n\n<input type=\"hidden\" id=\"search-engine.aid\" value=\"\" \/>\n<input type=\"hidden\" id=\"search-engine.address\" value=\"\" \/>\n<input type=\"hidden\" id=\"search-engine.distance\" value=\"\" \/>\n<input type=\"hidden\" id=\"search-engine.nb_persons\" value=\"\" \/>\n<input type=\"hidden\" id=\"search-engine.nb_meeting\" value=\"\" \/>\n<input type=\"hidden\" id=\"search-engine.nb_rooms\" value=\"\" \/>\n<input type=\"hidden\" id=\"search-engine.date\" value=\"\" \/>\n<input type=\"hidden\" id=\"search-engine.duration\" value=\"\" \/>\n\n<div id=\"search\" class=\"eventsearch\" data-component=\"05-moteur-recherche-event\">\n\t<div class=\"container\">\n\t\t<div class=\"row\">\n\t\t\t<div class=\"px-0 ms-auto me-auto\" style=\"max-width:1546px\">\n\t\t\t\t<div class=\"bg-primary mb-2 rounded-5 py-2 px-3 pt-lg-3 pb-lg-2 px-lg-4\">\n\t\t\t\t\t<div id=\"search-engine\" class =\"pre-filtered\"><\/div>\n\t\t\t\t<\/div>\n\t\t\t<\/div>\n\t\t<\/div>\n\t<\/div>\n<\/div>\n<!--<div>PHP processing Time: 0.096701145172119<\/div>!-->\n<!-- END OF : Composant : block-periscope-theme-section-composant-05-moteur.php -->\n\n\n<!-- START OF : Composant : block-periscope-theme-section-composant-14-carte-resultats.php -->\n<input type=\"hidden\" id=\"map.data-map-key\" value=\"AIzaSyDB40FZ7x-OURCjwxt35ll3WogU24K_hyE\">\n<input type=\"hidden\" id=\"map.data-map-language\" value=\"de,en\">\n<div id=\"search-map-results\" data-load-mode=\"synchronous\"><\/div>\n<div class=\"modal fade\" id=\"hotel-popin\">\n\t<div class=\"modal-dialog\">\n\t\t<div class=\"modal-inner\">\n\t\t\t<div class=\"modal-header\">\n\t\t\t\t<button type=\"button\" class=\"close\" data-bs-dismiss=\"modal\">\n\t\t\t\t\t<svg width=\"16\" height=\"16\" aria-hidden=\"true\">\n\t\t\t\t\t\t<use xlink:href=\"https:\/\/www.myallmeeting.com\/wp-content\/themes\/accor\/assets\/images\/sprite.svg#btn-close-white\"><\/use>\n\t\t\t\t\t<\/svg>\n\t\t\t\t\t<span>Fermer<\/span>\n\t\t\t\t<\/button>\n\t\t\t<\/div>\n\t\t\t<div class=\"modal-body\"><\/div>\n\t\t<\/div>\n\t<\/div>\n<\/div>\n<!-- END OF : Composant : block-periscope-theme-section-composant-14-carte-resultats.php -->\n","protected":false},"excerpt":{"rendered":"<p>Alle Informationen zur Organisation von Kongressen mit Accor Hotels ansehen <\/p>\n","protected":false},"author":1,"featured_media":16021799,"parent":0,"menu_order":0,"comment_status":"closed","ping_status":"closed","template":"","meta":{"_acf_changed":true,"footnotes":""},"class_list":["post-16193743","page","type-page","status-publish","has-post-thumbnail","hentry"],"acf":[],"yoast_head":"<title>Organisez votre convention d&#039;entreprise avec les h\u00f4tels Accor<\/title>\n<meta name=\"description\" content=\"D\u00e9couvrez comment les h\u00f4tels Accor peuvent accueillir votre convention, offrant des salles pl\u00e9ni\u00e8res, amphith\u00e9\u00e2tres et espaces modulaires, soutenus par une technologie de pointe et un service expert.\" \/>\n<meta name=\"robots\" content=\"index, follow, max-snippet:-1, max-image-preview:large, max-video-preview:-1\" \/>\n<link rel=\"canonical\" href=\"https:\/\/www.myallmeeting.com\/de\/wp-json\/wp\/v2\/pages\/16193743\" \/>\n<meta property=\"og:locale\" content=\"fr_FR\" \/>\n<meta property=\"og:type\" content=\"article\" \/>\n<meta property=\"og:title\" content=\"Organisez votre convention d&#039;entreprise avec les h\u00f4tels Accor\" \/>\n<meta property=\"og:description\" content=\"D\u00e9couvrez comment les h\u00f4tels Accor peuvent accueillir votre convention, offrant des salles pl\u00e9ni\u00e8res, amphith\u00e9\u00e2tres et espaces modulaires, soutenus par une technologie de pointe et un service expert.\" \/>\n<meta property=\"og:url\" content=\"https:\/\/www.myallmeeting.com\/de\/tagungen\/\" \/>\n<meta property=\"og:site_name\" content=\"Accor MyAllMeeting.com\" \/>\n<meta property=\"article:modified_time\" content=\"2024-07-18T17:31:13+00:00\" \/>\n<meta property=\"og:image\" content=\"http:\/\/myallmeeting.com\/wp-content\/uploads\/2024\/07\/Convention.png\" \/>\n\t<meta property=\"og:image:width\" content=\"1920\" \/>\n\t<meta property=\"og:image:height\" content=\"570\" \/>\n\t<meta property=\"og:image:type\" content=\"image\/png\" \/>\n<meta name=\"twitter:card\" content=\"summary_large_image\" \/>\n<meta name=\"twitter:label1\" content=\"Dur\u00e9e de lecture estim\u00e9e\" \/>\n\t<meta name=\"twitter:data1\" content=\"3 minutes\" \/>\n<script type=\"application\/ld+json\" class=\"yoast-schema-graph\">{\"@context\":\"https:\/\/schema.org\",\"@graph\":[{\"@type\":\"WebPage\",\"@id\":\"https:\/\/www.myallmeeting.com\/de\/tagungen\/\",\"url\":\"https:\/\/www.myallmeeting.com\/de\/tagungen\/\",\"name\":\"Organisez votre convention d'entreprise avec les h\u00f4tels Accor\",\"isPartOf\":{\"@id\":\"https:\/\/www.myallmeeting.com\/fr\/#website\"},\"primaryImageOfPage\":{\"@id\":\"https:\/\/www.myallmeeting.com\/de\/tagungen\/#primaryimage\"},\"image\":{\"@id\":\"https:\/\/www.myallmeeting.com\/de\/tagungen\/#primaryimage\"},\"thumbnailUrl\":\"https:\/\/www.myallmeeting.com\/wp-content\/uploads\/2024\/07\/Convention.png\",\"datePublished\":\"2016-02-27T15:52:13+00:00\",\"dateModified\":\"2024-07-18T17:31:13+00:00\",\"description\":\"D\u00e9couvrez comment les h\u00f4tels Accor peuvent accueillir votre convention, offrant des salles pl\u00e9ni\u00e8res, amphith\u00e9\u00e2tres et espaces modulaires, soutenus par une technologie de pointe et un service expert.\",\"breadcrumb\":{\"@id\":\"https:\/\/www.myallmeeting.com\/de\/tagungen\/#breadcrumb\"},\"inLanguage\":\"fr-FR\",\"potentialAction\":[{\"@type\":\"ReadAction\",\"target\":[\"https:\/\/www.myallmeeting.com\/de\/tagungen\/\"]}]},{\"@type\":\"ImageObject\",\"inLanguage\":\"fr-FR\",\"@id\":\"https:\/\/www.myallmeeting.com\/de\/tagungen\/#primaryimage\",\"url\":\"https:\/\/www.myallmeeting.com\/wp-content\/uploads\/2024\/07\/Convention.png\",\"contentUrl\":\"https:\/\/www.myallmeeting.com\/wp-content\/uploads\/2024\/07\/Convention.png\",\"width\":1920,\"height\":570,\"caption\":\"salle de convention\"},{\"@type\":\"BreadcrumbList\",\"@id\":\"https:\/\/www.myallmeeting.com\/de\/tagungen\/#breadcrumb\",\"itemListElement\":[{\"@type\":\"ListItem\",\"position\":1,\"name\":\"Accueil\",\"item\":\"https:\/\/myallmeeting.com\/fr\/\"},{\"@type\":\"ListItem\",\"position\":2,\"name\":\"Tagungen\u00a0\"}]},{\"@type\":\"WebSite\",\"@id\":\"https:\/\/www.myallmeeting.com\/fr\/#website\",\"url\":\"https:\/\/www.myallmeeting.com\/fr\/\",\"name\":\"Accor MyAllMeeting.com\",\"description\":\"Les Meilleurs lieux pour vos Ev\u00e9nements Professionnels\",\"publisher\":{\"@id\":\"https:\/\/www.myallmeeting.com\/fr\/#organization\"},\"potentialAction\":[{\"@type\":\"SearchAction\",\"target\":{\"@type\":\"EntryPoint\",\"urlTemplate\":\"https:\/\/www.myallmeeting.com\/fr\/?s={search_term_string}\"},\"query-input\":{\"@type\":\"PropertyValueSpecification\",\"valueRequired\":true,\"valueName\":\"search_term_string\"}}],\"inLanguage\":\"fr-FR\"},{\"@type\":\"Organization\",\"@id\":\"https:\/\/www.myallmeeting.com\/fr\/#organization\",\"name\":\"ACCOR\",\"url\":\"https:\/\/www.myallmeeting.com\/fr\/\",\"logo\":{\"@type\":\"ImageObject\",\"inLanguage\":\"fr-FR\",\"@id\":\"https:\/\/www.myallmeeting.com\/fr\/#\/schema\/logo\/image\/\",\"url\":\"\",\"contentUrl\":\"\",\"caption\":\"ACCOR\"},\"image\":{\"@id\":\"https:\/\/www.myallmeeting.com\/fr\/#\/schema\/logo\/image\/\"}}]}<\/script>","yoast_head_json":{"title":"Organisez votre convention d'entreprise avec les h\u00f4tels Accor","description":"D\u00e9couvrez comment les h\u00f4tels Accor peuvent accueillir votre convention, offrant des salles pl\u00e9ni\u00e8res, amphith\u00e9\u00e2tres et espaces modulaires, soutenus par une technologie de pointe et un service expert.","robots":{"index":"index","follow":"follow","max-snippet":"max-snippet:-1","max-image-preview":"max-image-preview:large","max-video-preview":"max-video-preview:-1"},"canonical":"https:\/\/www.myallmeeting.com\/de\/wp-json\/wp\/v2\/pages\/16193743","og_locale":"fr_FR","og_type":"article","og_title":"Organisez votre convention d'entreprise avec les h\u00f4tels Accor","og_description":"D\u00e9couvrez comment les h\u00f4tels Accor peuvent accueillir votre convention, offrant des salles pl\u00e9ni\u00e8res, amphith\u00e9\u00e2tres et espaces modulaires, soutenus par une technologie de pointe et un service expert.","og_url":"https:\/\/www.myallmeeting.com\/de\/tagungen\/","og_site_name":"Accor MyAllMeeting.com","article_modified_time":"2024-07-18T17:31:13+00:00","og_image":[{"width":1920,"height":570,"url":"http:\/\/myallmeeting.com\/wp-content\/uploads\/2024\/07\/Convention.png","type":"image\/png"}],"twitter_card":"summary_large_image","twitter_misc":{"Dur\u00e9e de lecture estim\u00e9e":"3 minutes"},"schema":{"@context":"https:\/\/schema.org","@graph":[{"@type":"WebPage","@id":"https:\/\/www.myallmeeting.com\/de\/tagungen\/","url":"https:\/\/www.myallmeeting.com\/de\/tagungen\/","name":"Organisez votre convention d'entreprise avec les h\u00f4tels Accor","isPartOf":{"@id":"https:\/\/www.myallmeeting.com\/fr\/#website"},"primaryImageOfPage":{"@id":"https:\/\/www.myallmeeting.com\/de\/tagungen\/#primaryimage"},"image":{"@id":"https:\/\/www.myallmeeting.com\/de\/tagungen\/#primaryimage"},"thumbnailUrl":"https:\/\/www.myallmeeting.com\/wp-content\/uploads\/2024\/07\/Convention.png","datePublished":"2016-02-27T15:52:13+00:00","dateModified":"2024-07-18T17:31:13+00:00","description":"D\u00e9couvrez comment les h\u00f4tels Accor peuvent accueillir votre convention, offrant des salles pl\u00e9ni\u00e8res, amphith\u00e9\u00e2tres et espaces modulaires, soutenus par une technologie de pointe et un service expert.","breadcrumb":{"@id":"https:\/\/www.myallmeeting.com\/de\/tagungen\/#breadcrumb"},"inLanguage":"fr-FR","potentialAction":[{"@type":"ReadAction","target":["https:\/\/www.myallmeeting.com\/de\/tagungen\/"]}]},{"@type":"ImageObject","inLanguage":"fr-FR","@id":"https:\/\/www.myallmeeting.com\/de\/tagungen\/#primaryimage","url":"https:\/\/www.myallmeeting.com\/wp-content\/uploads\/2024\/07\/Convention.png","contentUrl":"https:\/\/www.myallmeeting.com\/wp-content\/uploads\/2024\/07\/Convention.png","width":1920,"height":570,"caption":"salle de convention"},{"@type":"BreadcrumbList","@id":"https:\/\/www.myallmeeting.com\/de\/tagungen\/#breadcrumb","itemListElement":[{"@type":"ListItem","position":1,"name":"Accueil","item":"https:\/\/myallmeeting.com\/fr\/"},{"@type":"ListItem","position":2,"name":"Tagungen\u00a0"}]},{"@type":"WebSite","@id":"https:\/\/www.myallmeeting.com\/fr\/#website","url":"https:\/\/www.myallmeeting.com\/fr\/","name":"Accor MyAllMeeting.com","description":"Les Meilleurs lieux pour vos Ev\u00e9nements Professionnels","publisher":{"@id":"https:\/\/www.myallmeeting.com\/fr\/#organization"},"potentialAction":[{"@type":"SearchAction","target":{"@type":"EntryPoint","urlTemplate":"https:\/\/www.myallmeeting.com\/fr\/?s={search_term_string}"},"query-input":{"@type":"PropertyValueSpecification","valueRequired":true,"valueName":"search_term_string"}}],"inLanguage":"fr-FR"},{"@type":"Organization","@id":"https:\/\/www.myallmeeting.com\/fr\/#organization","name":"ACCOR","url":"https:\/\/www.myallmeeting.com\/fr\/","logo":{"@type":"ImageObject","inLanguage":"fr-FR","@id":"https:\/\/www.myallmeeting.com\/fr\/#\/schema\/logo\/image\/","url":"","contentUrl":"","caption":"ACCOR"},"image":{"@id":"https:\/\/www.myallmeeting.com\/fr\/#\/schema\/logo\/image\/"}}]}},"_links":{"self":[{"href":"https:\/\/www.myallmeeting.com\/fr\/wp-json\/wp\/v2\/pages\/16193743","targetHints":{"allow":["GET"]}}],"collection":[{"href":"https:\/\/www.myallmeeting.com\/fr\/wp-json\/wp\/v2\/pages"}],"about":[{"href":"https:\/\/www.myallmeeting.com\/fr\/wp-json\/wp\/v2\/types\/page"}],"author":[{"embeddable":true,"href":"https:\/\/www.myallmeeting.com\/fr\/wp-json\/wp\/v2\/users\/1"}],"replies":[{"embeddable":true,"href":"https:\/\/www.myallmeeting.com\/fr\/wp-json\/wp\/v2\/comments?post=16193743"}],"version-history":[{"count":0,"href":"https:\/\/www.myallmeeting.com\/fr\/wp-json\/wp\/v2\/pages\/16193743\/revisions"}],"wp:featuredmedia":[{"embeddable":true,"href":"https:\/\/www.myallmeeting.com\/fr\/wp-json\/wp\/v2\/media\/16021799"}],"wp:attachment":[{"href":"https:\/\/www.myallmeeting.com\/fr\/wp-json\/wp\/v2\/media?parent=16193743"}],"curies":[{"name":"wp","href":"https:\/\/api.w.org\/{rel}","templated":true}]}}