{"id":16148913,"date":"2021-02-19T11:10:58","date_gmt":"2021-02-19T10:10:58","guid":{"rendered":"https:\/\/myallmeeting.com\/all-connect-pour-vos-reunions-hybrides\/"},"modified":"2024-07-18T19:31:31","modified_gmt":"2024-07-18T17:31:31","slug":"ihre-hybrid-meetings-mit-accor","status":"publish","type":"page","link":"https:\/\/www.myallmeeting.com\/de\/ihre-hybrid-meetings-mit-accor\/","title":{"rendered":"Ihre Hybrid-Meetings mit Accor\u00a0"},"content":{"rendered":"<!-- START OF : Composant : block-periscope-theme-section-composant-30-texte-image-citation.php -->\n<div class=\"tic position-relative fs-wysiwyg pt-9 mb-5 mb-lg-22\" data-component=\"30-texte-image-citation\">\n\t<div class=\"container-fluid\" style=\"--bs-gutter-x: 0\">\n\t\t<div class=\"row\" style=\"--bs-gutter-x: 0\">\n\t\t\t<div class=\"col-lg-6 offset-lg-1\"> \n\t\t\t\t<div class=\"tic__top__img position-relative me-2 me-lg-0\">\n\t\t\t\t\t\t\t\t\t\t<img decoding=\"async\" src=\"https:\/\/www.myallmeeting.com\/wp-content\/uploads\/2024\/06\/4842-09-932x645.jpg\" alt=\"salle de r\u00e9union connect\u00e9e\" width=\"932\" height=\"562\" loading=\"lazy\" class=\"w-100\" \/>\n\t\t\t\t\t\t\t\t\t\t<div class=\"position-absolute text-white z-1 text-center t-0 l-0 w-100 p-4 pt-lg-8 pe-lg-20\">\n\t\t\t\t\t\t\t\t\t\t\t\t\t\t\t\t\t<\/div>\n\t\t\t\t<\/div>\n\t\t\t<\/div>\n\t\t\t<div class=\"col-lg-4\">\n\t\t\t\t<div class=\"tic__content position-relative bg-white pt-2 pb-0 px-2 py-lg-7 py-xl-9 px-lg-5 px-xl-10 pt-lg-9\">\n\t\t\t\t\t\t\t\t\t\t\t\t\t\t\t<div class=\"tic__content__titre unna fs-32 fs-xl-60 text-primary lh-xs mb-2 mb-lg-3 mb-xl-5\">Organisieren Sie hybride Meetings<\/div>\n\t\t\t\t\t\t\t\t\t\t\t\t\t\t\t<div class=\"fs-lg-13 fs-xl-18 mb-4 mb-xl-7 lh-sm\"><h3 style=\"text-align: left;\"><span data-contrast=\"none\" xml:lang=\"DE-DE\" lang=\"DE-DE\" class=\"TextRun Highlight SCXW39583603 BCX0\"><span class=\"NormalTextRun SCXW39583603 BCX0\" data-ccp-parastyle=\"LO-normal\">Ihre Mitarbeiter k\u00f6nnen bei Ihrem Meeting nicht physisch anwesend sein? Entdecken Sie das hybride <\/span><span class=\"NormalTextRun SCXW39583603 BCX0\" data-ccp-parastyle=\"LO-normal\">Meeting<\/span><span class=\"NormalTextRun SCXW39583603 BCX0\" data-ccp-parastyle=\"LO-normal\">system All Connect von Accor.<\/span><\/span><span class=\"EOP SCXW39583603 BCX0\" data-ccp-props=\"{&quot;134245417&quot;:true,&quot;201341983&quot;:0,&quot;335551550&quot;:1,&quot;335551620&quot;:1,&quot;335559738&quot;:0,&quot;335559739&quot;:160,&quot;335559740&quot;:259}\">\u00a0<\/span><\/h3>\n<\/div>\n\t\t\t\t\t\t\t\t\t\t\t\t\t\t<\/div>\n\t\t\t<\/div>\n\t\t<\/div>\n\t<\/div>\n\t<div class=\"tic__blank bg-white pt-8 pt-lg-0\">\t\t\n\t\t<div class=\"container-fluid\" style=\"--bs-gutter-x: 0\">\n\t\t\t<div class=\"row\" style=\"--bs-gutter-x: 0\">\n\t\t\t\t<div class=\"col-lg-6\">\n\t\t\t\t\t<div class=\"tic__bottom position-relative bg-primary text-secondary pt-4 pb-5\">\n\t\t\t\t\t\t<div class=\"d-flex gap-1 gap-md-4\">\n\t\t\t\t\t\t\t<div class=\"tic__bottom__imgs d-flex flex-shrink-0 align-items-center\">\n\t\t\t\t\t\t\t\t\t\t\t\t\t\t\t\t<img decoding=\"async\" src=\"https:\/\/www.myallmeeting.com\/wp-content\/uploads\/2024\/07\/reunion-hybride-temoignage-2-1.png\" class=\"tic__bottom__img tic__bottom__img--1 of-cover rounded-3 opacity-50\" alt=\"\" width=\"192\" height=\"346\" loading=\"lazy\" \/>\n\t\t\t\t\t\t\t\t\t\t\t\t\t\t\t\t\t\t\t\t\t\t\t\t<img decoding=\"async\" src=\"https:\/\/www.myallmeeting.com\/wp-content\/uploads\/2024\/07\/reunion-hybride-temoignage-1-1.png\" class=\"tic__bottom__img tic__bottom__img--2 of-cover rounded-3 z-1\" alt=\"\" width=\"192\" height=\"346\" loading=\"lazy\" \/>\n\t\t\t\t\t\t\t\t\t\t\t\t\t\t\t<\/div>\n\t\t\t\t\t\t\t<div class=\"tic__bottom__quote text-secondary lh-xs\">\n\t\t\t\t\t\t\t\t\t\t\t\t\t\t\t\t\t\t\t\t\t\t\t\t\t\t\t\t\t\t\t<\/div>\n\t\t\t\t\t\t<\/div>\n\t\t\t\t\t\t\t\t\t\t\t<\/div>\n\t\t\t\t<\/div>\n\t\t\t<\/div>\n\t\t<\/div>\n\t<\/div>\n<\/div>\n<!-- END OF : Composant : block-periscope-theme-section-composant-30-texte-image-citation.php -->\n\n\n<!-- START OF : Composant : block-periscope-theme-section-composant-31-bloc-image-cta.php -->\n\t<div class=\"icta position-relative fs-wysiwyg icta--reverse\" data-component=\"31-bloc-image-cta\" data-reverse=\"oui\">\n\t\t<div class=\"container-fluid\">\n\t\t\t<div class=\"row\">\n\t\t\t\t<div class=\"col-lg-5 offset-lg-1 d-lg-flex\"> \n\t\t\t\t\t<div class=\"icta__content position-relative bg-white pt-2 pb-2 px-2 pb-lg-0 pt-lg-7 pt-xl-9 px-lg-7 px-xl-10 mt-lg-9 z-1\">\n\t\t\t\t\t\t\t\t\t\t\t\t\t\t\t\t\t\t<div class=\"unna fs-32 fs-lg-39 fs-xl-60 text-primary lh-xs mb-2 mb-xl-5\">Was ist ein Hybrid-Meeting? <\/div>\n\t\t\t\t\t\t\t\t\t\t\t\t\t\t\t\t\t\t\t<div class=\"fs-lg-15 fs-xl-18 lh-sm \"><p><span data-contrast=\"none\">Um den Erwartungen unserer Kunden gerecht zu werden, <\/span><b><span data-contrast=\"none\">bietet Accor eine L\u00f6sung an, die ein bereicherndes hybrides Meeting-Erlebnis erm\u00f6glicht.<\/span><\/b><span data-ccp-props=\"{&quot;134245417&quot;:true,&quot;134245418&quot;:true,&quot;134245529&quot;:true,&quot;201341983&quot;:0,&quot;335551550&quot;:6,&quot;335551620&quot;:6,&quot;335557856&quot;:16119028,&quot;335559738&quot;:165,&quot;335559739&quot;:165,&quot;335559740&quot;:240}\">\u00a0<\/span><\/p>\n<p><span data-contrast=\"none\">Unser Ziel? <\/span><b><span data-contrast=\"none\">Von den Organisatoren von Meetings als DER beste Hybrid-Meeting-Service anerkannt zu werden.<\/span><\/b><span data-ccp-props=\"{&quot;134245417&quot;:true,&quot;201341983&quot;:0,&quot;335551550&quot;:6,&quot;335551620&quot;:6,&quot;335557856&quot;:16119028,&quot;335559738&quot;:165,&quot;335559739&quot;:165,&quot;335559740&quot;:240}\">\u00a0<\/span><\/p>\n<p><span data-contrast=\"none\">Ein Hybrid-Meeting ist ein Meeting-Format, das in einem speziell ausgestatteten Raum stattfindet und es Ihnen erm\u00f6glicht, einen <\/span><b><span data-contrast=\"none\">qualitativ hochwertigen Austausch in absoluter Sicherheit zu organisieren<\/span><\/b><span data-contrast=\"none\"> und die Verbindung zu Ihren Kollegen und\/oder Kunden vor Ort an einem oder mehreren anderen Standorten oder in einem oder mehreren anderen Accor Hotels aufrechtzuerhalten.<\/span><span data-ccp-props=\"{&quot;134245417&quot;:true,&quot;201341983&quot;:0,&quot;335551550&quot;:6,&quot;335551620&quot;:6,&quot;335557856&quot;:16119028,&quot;335559738&quot;:165,&quot;335559739&quot;:165,&quot;335559740&quot;:240}\">\u00a0<\/span><\/p>\n<\/div>\n\t\t\t\t\t\t\t\t\t\t\t\t\t\t\t\t\t<\/div>\n\t\t\t\t<\/div>\n\t\t\t\t\t\t\t\t<div class=\"col-lg-5 order-first order-lg-last\">\n\t\t\t\t\t<div class=\"icta__top__img h-100 position-relative me-2 me-lg-0\">\n\t\t\t\t\t\t<img decoding=\"async\" src=\"https:\/\/www.myallmeeting.com\/wp-content\/uploads\/2024\/06\/4692-57-932x645.jpg\" alt=\"r\u00e9unions connect\u00e9es\" width=\"932\" height=\"562\" loading=\"lazy\" \/>\n\t\t\t\t\t\t<div class=\"position-absolute text-white z-1 text-center t-0 l-0 w-100 pt-4 pt-lg-8\">\n\t\t\t\t\t\t\t\t\t\t\t\t\t\t\t\t\t\t<\/div>\n\t\t\t\t\t<\/div>\n\t\t\t\t<\/div>\n\t\t\t\t\t\t\t<\/div>\n\t\t<\/div>\n\t<\/div>\n<!-- END OF : Composant : block-periscope-theme-section-composant-31-bloc-image-cta.php -->\n\n\n<!-- START OF : Composant : block-periscope-theme-section-composant-31-bloc-image-cta.php -->\n\t<div class=\"icta position-relative fs-wysiwyg\" data-component=\"31-bloc-image-cta\" data-reverse=\"non\">\n\t\t<div class=\"container-fluid\">\n\t\t\t<div class=\"row\">\n\t\t\t\t\t\t\t\t<div class=\"col-lg-6 offset-lg-1\"> \n\t\t\t\t\t<div class=\"icta__top__img h-100 position-relative me-2 me-lg-0\">\n\t\t\t\t\t\t<img decoding=\"async\" src=\"https:\/\/www.myallmeeting.com\/wp-content\/uploads\/2024\/07\/iStock-1532619578-932x645.jpg\" alt=\"r\u00e9union hybride\" width=\"932\" height=\"562\" loading=\"lazy\" \/>\n\t\t\t\t\t\t<div class=\"position-absolute text-white z-1 text-center t-0 l-0 w-100 pt-4 pt-lg-8\">\n\t\t\t\t\t\t\t\t\t\t\t\t\t\t\t\t\t\t<\/div>\n\t\t\t\t\t<\/div>\n\t\t\t\t<\/div>\n\t\t\t\t\t\t\t\t<div class=\"col-lg-4 d-lg-flex\">\n\t\t\t\t\t<div class=\"icta__content position-relative bg-white pt-2 pb-2 px-2 pb-lg-0 pt-lg-7 pt-xl-9 px-lg-7 px-xl-10 mt-lg-9\">\n\t\t\t\t\t\t\t\t\t\t\t\t\t\t\t\t\t\t<div class=\"unna fs-32 fs-lg-39 fs-xl-60 text-primary lh-xs mb-2 mb-xl-5\">Warum sollten Sie sich f\u00fcr Accor entscheiden? <\/div>\n\t\t\t\t\t\t\t\t\t\t\t\t\t\t\t\t\t\t<div class=\"fs-lg-15 fs-xl-18 lh-sm \"><p><span data-contrast=\"none\">\u2666<\/span> <span data-contrast=\"none\">Eine <\/span><b><span data-contrast=\"none\">einfache M\u00f6glichkeit, nach freien Pl\u00e4tzen zu suchen<\/span><\/b><span data-contrast=\"none\">, mit der M\u00f6glichkeit, hybride Besprechungen abzuhalten und eine Reservierungsanfrage zu senden.\u00a0<\/span><span data-ccp-props=\"{&quot;134245417&quot;:true,&quot;134245418&quot;:true,&quot;134245529&quot;:true,&quot;201341983&quot;:0,&quot;335551550&quot;:6,&quot;335551620&quot;:6,&quot;335557856&quot;:16119028,&quot;335559738&quot;:165,&quot;335559739&quot;:165,&quot;335559740&quot;:240}\">\u00a0<\/span><\/p>\n<p><span data-contrast=\"none\">\u00a0<\/span><span data-ccp-props=\"{&quot;134245417&quot;:true,&quot;201341983&quot;:0,&quot;335551550&quot;:6,&quot;335551620&quot;:6,&quot;335557856&quot;:16119028,&quot;335559738&quot;:165,&quot;335559739&quot;:165,&quot;335559740&quot;:240}\">\u00a0<\/span><\/p>\n<p><span data-contrast=\"none\">\u2666 <\/span><span data-contrast=\"none\">Eine Reihe von Ger\u00e4ten, die den Bed\u00fcrfnissen der Kunden entsprechen, von der Software bis zur Hardware.<\/span><span data-ccp-props=\"{&quot;134245417&quot;:true,&quot;201341983&quot;:0,&quot;335551550&quot;:6,&quot;335551620&quot;:6,&quot;335557856&quot;:16119028,&quot;335559738&quot;:165,&quot;335559739&quot;:165,&quot;335559740&quot;:240}\">\u00a0<\/span><\/p>\n<p><span data-contrast=\"none\">\u202f<\/span><span data-ccp-props=\"{&quot;134245417&quot;:true,&quot;134245418&quot;:false,&quot;134245529&quot;:false,&quot;201341983&quot;:0,&quot;335551550&quot;:1,&quot;335551620&quot;:1,&quot;335557856&quot;:16119028,&quot;335559685&quot;:0,&quot;335559737&quot;:0,&quot;335559738&quot;:0,&quot;335559739&quot;:165,&quot;335559740&quot;:240,&quot;335559991&quot;:0}\">\u00a0<\/span><\/p>\n<p><span data-contrast=\"none\">\u2666<\/span><span data-contrast=\"none\">\u202f <\/span><span data-contrast=\"none\">Das bereits vorhandene und anerkannte <\/span><b><span data-contrast=\"none\">Know-how der Teams von Accor und MyALLMeeting.com bei der Organisation und Betreuung von Fachveranstaltungen<\/span><\/b><span data-contrast=\"none\"> unter Einhaltung der ALLSAFE-Gesundheitsma\u00dfnahmen.<\/span><span data-ccp-props=\"{&quot;134245417&quot;:true,&quot;134245418&quot;:true,&quot;134245529&quot;:true,&quot;201341983&quot;:0,&quot;335551550&quot;:6,&quot;335551620&quot;:6,&quot;335557856&quot;:16119028,&quot;335559738&quot;:165,&quot;335559739&quot;:165,&quot;335559740&quot;:240}\">\u00a0<\/span><\/p>\n<\/div>\n\t\t\t\t\t\t\t\t\t\t\t\t\t\t\t\t\t<\/div>\n\t\t\t\t<\/div>\n\t\t\t<\/div>\n\t\t<\/div>\n\t<\/div>\n<!-- END OF : Composant : block-periscope-theme-section-composant-31-bloc-image-cta.php -->\n","protected":false},"excerpt":{"rendered":"<p>Perfekt vernetzte Meetings, die zu mehr Interaktion anregen<\/p>\n","protected":false},"author":2,"featured_media":0,"parent":0,"menu_order":0,"comment_status":"closed","ping_status":"closed","template":"","meta":{"_acf_changed":false,"footnotes":""},"class_list":["post-16148913","page","type-page","status-publish","hentry"],"acf":[],"yoast_head":"<title>All Connect : r\u00e9inventez vos r\u00e9unions avec le format hybride<\/title>\n<meta name=\"description\" content=\"ALL CONNECT by ACCOR pour organiser et r\u00e9ussir votre prochaine r\u00e9union hybride avec une gamme d\u2019\u00e9quipements digitaux derni\u00e8re g\u00e9n\u00e9ration !\" \/>\n<meta name=\"robots\" content=\"index, follow, max-snippet:-1, max-image-preview:large, max-video-preview:-1\" \/>\n<link rel=\"canonical\" href=\"https:\/\/www.myallmeeting.com\/de\/wp-json\/wp\/v2\/pages\/16148913\" \/>\n<meta property=\"og:locale\" content=\"de_DE\" \/>\n<meta property=\"og:type\" content=\"article\" \/>\n<meta property=\"og:title\" content=\"All Connect : r\u00e9inventez vos r\u00e9unions avec le format hybride\" \/>\n<meta property=\"og:description\" content=\"ALL CONNECT by ACCOR pour organiser et r\u00e9ussir votre prochaine r\u00e9union hybride avec une gamme d\u2019\u00e9quipements digitaux derni\u00e8re g\u00e9n\u00e9ration !\" \/>\n<meta property=\"og:url\" content=\"https:\/\/www.myallmeeting.com\/de\/ihre-hybrid-meetings-mit-accor\/\" \/>\n<meta property=\"og:site_name\" content=\"Accor MyAllMeeting.com\" \/>\n<meta property=\"article:modified_time\" content=\"2024-07-18T17:31:31+00:00\" \/>\n<meta name=\"twitter:card\" content=\"summary_large_image\" \/>\n<meta name=\"twitter:label1\" content=\"Est. reading time\" \/>\n\t<meta name=\"twitter:data1\" content=\"2 minutes\" \/>\n<script type=\"application\/ld+json\" class=\"yoast-schema-graph\">{\"@context\":\"https:\/\/schema.org\",\"@graph\":[{\"@type\":\"WebPage\",\"@id\":\"https:\/\/www.myallmeeting.com\/de\/ihre-hybrid-meetings-mit-accor\/\",\"url\":\"https:\/\/www.myallmeeting.com\/de\/ihre-hybrid-meetings-mit-accor\/\",\"name\":\"All Connect : r\u00e9inventez vos r\u00e9unions avec le format hybride\",\"isPartOf\":{\"@id\":\"https:\/\/www.myallmeeting.com\/de\/#website\"},\"datePublished\":\"2021-02-19T10:10:58+00:00\",\"dateModified\":\"2024-07-18T17:31:31+00:00\",\"description\":\"ALL CONNECT by ACCOR pour organiser et r\u00e9ussir votre prochaine r\u00e9union hybride avec une gamme d\u2019\u00e9quipements digitaux derni\u00e8re g\u00e9n\u00e9ration !\",\"breadcrumb\":{\"@id\":\"https:\/\/www.myallmeeting.com\/de\/ihre-hybrid-meetings-mit-accor\/#breadcrumb\"},\"inLanguage\":\"de-DE\",\"potentialAction\":[{\"@type\":\"ReadAction\",\"target\":[\"https:\/\/www.myallmeeting.com\/de\/ihre-hybrid-meetings-mit-accor\/\"]}]},{\"@type\":\"BreadcrumbList\",\"@id\":\"https:\/\/www.myallmeeting.com\/de\/ihre-hybrid-meetings-mit-accor\/#breadcrumb\",\"itemListElement\":[{\"@type\":\"ListItem\",\"position\":1,\"name\":\"Homepage\",\"item\":\"https:\/\/myallmeeting.com\/de\/\"},{\"@type\":\"ListItem\",\"position\":2,\"name\":\"Ihre Hybrid-Meetings mit Accor\u00a0\"}]},{\"@type\":\"WebSite\",\"@id\":\"https:\/\/www.myallmeeting.com\/de\/#website\",\"url\":\"https:\/\/www.myallmeeting.com\/de\/\",\"name\":\"Accor MyAllMeeting.com\",\"description\":\"Les Meilleurs lieux pour vos Ev\u00e9nements Professionnels\",\"publisher\":{\"@id\":\"https:\/\/www.myallmeeting.com\/de\/#organization\"},\"potentialAction\":[{\"@type\":\"SearchAction\",\"target\":{\"@type\":\"EntryPoint\",\"urlTemplate\":\"https:\/\/www.myallmeeting.com\/de\/?s={search_term_string}\"},\"query-input\":{\"@type\":\"PropertyValueSpecification\",\"valueRequired\":true,\"valueName\":\"search_term_string\"}}],\"inLanguage\":\"de-DE\"},{\"@type\":\"Organization\",\"@id\":\"https:\/\/www.myallmeeting.com\/de\/#organization\",\"name\":\"ACCOR\",\"url\":\"https:\/\/www.myallmeeting.com\/de\/\",\"logo\":{\"@type\":\"ImageObject\",\"inLanguage\":\"de-DE\",\"@id\":\"https:\/\/www.myallmeeting.com\/de\/#\/schema\/logo\/image\/\",\"url\":\"\",\"contentUrl\":\"\",\"caption\":\"ACCOR\"},\"image\":{\"@id\":\"https:\/\/www.myallmeeting.com\/de\/#\/schema\/logo\/image\/\"}}]}<\/script>","yoast_head_json":{"title":"All Connect : r\u00e9inventez vos r\u00e9unions avec le format hybride","description":"ALL CONNECT by ACCOR pour organiser et r\u00e9ussir votre prochaine r\u00e9union hybride avec une gamme d\u2019\u00e9quipements digitaux derni\u00e8re g\u00e9n\u00e9ration !","robots":{"index":"index","follow":"follow","max-snippet":"max-snippet:-1","max-image-preview":"max-image-preview:large","max-video-preview":"max-video-preview:-1"},"canonical":"https:\/\/www.myallmeeting.com\/de\/wp-json\/wp\/v2\/pages\/16148913","og_locale":"de_DE","og_type":"article","og_title":"All Connect : r\u00e9inventez vos r\u00e9unions avec le format hybride","og_description":"ALL CONNECT by ACCOR pour organiser et r\u00e9ussir votre prochaine r\u00e9union hybride avec une gamme d\u2019\u00e9quipements digitaux derni\u00e8re g\u00e9n\u00e9ration !","og_url":"https:\/\/www.myallmeeting.com\/de\/ihre-hybrid-meetings-mit-accor\/","og_site_name":"Accor MyAllMeeting.com","article_modified_time":"2024-07-18T17:31:31+00:00","twitter_card":"summary_large_image","twitter_misc":{"Est. reading time":"2 minutes"},"schema":{"@context":"https:\/\/schema.org","@graph":[{"@type":"WebPage","@id":"https:\/\/www.myallmeeting.com\/de\/ihre-hybrid-meetings-mit-accor\/","url":"https:\/\/www.myallmeeting.com\/de\/ihre-hybrid-meetings-mit-accor\/","name":"All Connect : r\u00e9inventez vos r\u00e9unions avec le format hybride","isPartOf":{"@id":"https:\/\/www.myallmeeting.com\/de\/#website"},"datePublished":"2021-02-19T10:10:58+00:00","dateModified":"2024-07-18T17:31:31+00:00","description":"ALL CONNECT by ACCOR pour organiser et r\u00e9ussir votre prochaine r\u00e9union hybride avec une gamme d\u2019\u00e9quipements digitaux derni\u00e8re g\u00e9n\u00e9ration !","breadcrumb":{"@id":"https:\/\/www.myallmeeting.com\/de\/ihre-hybrid-meetings-mit-accor\/#breadcrumb"},"inLanguage":"de-DE","potentialAction":[{"@type":"ReadAction","target":["https:\/\/www.myallmeeting.com\/de\/ihre-hybrid-meetings-mit-accor\/"]}]},{"@type":"BreadcrumbList","@id":"https:\/\/www.myallmeeting.com\/de\/ihre-hybrid-meetings-mit-accor\/#breadcrumb","itemListElement":[{"@type":"ListItem","position":1,"name":"Homepage","item":"https:\/\/myallmeeting.com\/de\/"},{"@type":"ListItem","position":2,"name":"Ihre Hybrid-Meetings mit Accor\u00a0"}]},{"@type":"WebSite","@id":"https:\/\/www.myallmeeting.com\/de\/#website","url":"https:\/\/www.myallmeeting.com\/de\/","name":"Accor MyAllMeeting.com","description":"Les Meilleurs lieux pour vos Ev\u00e9nements Professionnels","publisher":{"@id":"https:\/\/www.myallmeeting.com\/de\/#organization"},"potentialAction":[{"@type":"SearchAction","target":{"@type":"EntryPoint","urlTemplate":"https:\/\/www.myallmeeting.com\/de\/?s={search_term_string}"},"query-input":{"@type":"PropertyValueSpecification","valueRequired":true,"valueName":"search_term_string"}}],"inLanguage":"de-DE"},{"@type":"Organization","@id":"https:\/\/www.myallmeeting.com\/de\/#organization","name":"ACCOR","url":"https:\/\/www.myallmeeting.com\/de\/","logo":{"@type":"ImageObject","inLanguage":"de-DE","@id":"https:\/\/www.myallmeeting.com\/de\/#\/schema\/logo\/image\/","url":"","contentUrl":"","caption":"ACCOR"},"image":{"@id":"https:\/\/www.myallmeeting.com\/de\/#\/schema\/logo\/image\/"}}]}},"_links":{"self":[{"href":"https:\/\/www.myallmeeting.com\/de\/wp-json\/wp\/v2\/pages\/16148913","targetHints":{"allow":["GET"]}}],"collection":[{"href":"https:\/\/www.myallmeeting.com\/de\/wp-json\/wp\/v2\/pages"}],"about":[{"href":"https:\/\/www.myallmeeting.com\/de\/wp-json\/wp\/v2\/types\/page"}],"author":[{"embeddable":true,"href":"https:\/\/www.myallmeeting.com\/de\/wp-json\/wp\/v2\/users\/2"}],"replies":[{"embeddable":true,"href":"https:\/\/www.myallmeeting.com\/de\/wp-json\/wp\/v2\/comments?post=16148913"}],"version-history":[{"count":0,"href":"https:\/\/www.myallmeeting.com\/de\/wp-json\/wp\/v2\/pages\/16148913\/revisions"}],"wp:attachment":[{"href":"https:\/\/www.myallmeeting.com\/de\/wp-json\/wp\/v2\/media?parent=16148913"}],"curies":[{"name":"wp","href":"https:\/\/api.w.org\/{rel}","templated":true}]}}